{"id":14093,"date":"2026-03-05T05:30:00","date_gmt":"2026-03-05T03:30:00","guid":{"rendered":"https:\/\/vinilozona.lt\/?post_type=product&#038;p=14093"},"modified":"2026-03-05T12:09:06","modified_gmt":"2026-03-05T10:09:06","slug":"%d0%bf-%d0%b8-%d1%87%d0%b0%d0%b9%d0%ba%d0%be%d0%b2%d1%81%d0%ba%d0%b8%d0%b9-%d0%b2%d1%80%d0%b5%d0%bc%d0%b5%d0%bd%d0%b0-%d0%b3%d0%be%d0%b4%d0%b0","status":"publish","type":"product","link":"https:\/\/vinilozona.lt\/en\/parduotuve\/jazz\/%d0%bf-%d0%b8-%d1%87%d0%b0%d0%b9%d0%ba%d0%be%d0%b2%d1%81%d0%ba%d0%b8%d0%b9-%d0%b2%d1%80%d0%b5%d0%bc%d0%b5%d0%bd%d0%b0-%d0%b3%d0%be%d0%b4%d0%b0\/","title":{"rendered":"Leonid Chizhik \u2013 Reminiscences  2lp"},"content":{"rendered":"<p>\u041f\u0440\u043e\u043b\u043e\u0433\t9:30<br \/>\n\u041c\u043e\u043d\u043e\u043b\u043e\u0433\t4:35<br \/>\n\u042d\u043f\u0438\u043b\u043e\u0433\t5:30<br \/>\n\u041a\u043e\u043c\u043f\u043e\u0437\u0438\u0446\u0438\u044f \u041d\u0430 \u0422\u0435\u043c\u0443 \u0413. \u0423\u043e\u0440\u0440\u0435\u043d\u0430 &#8222;\u0421\u0435\u043d\u0442\u044f\u0431\u0440\u044c \u0412 \u0414\u043e\u0436\u0434\u0435&#8221;\t12:30<br \/>\n\u041a\u043e\u043c\u043f\u043e\u0437\u0438\u0446\u0438\u044f \u041d\u0430 \u0422\u0435\u043c\u0443 \u0424. \u0423\u043e\u043b\u043b\u0435\u0440\u0430 &#8222;\u0420\u0430\u0437\u0432\u0435 \u042f \u041f\u043b\u043e\u0445\u043e \u0421\u0435\u0431\u044f \u0412\u0435\u0434\u0443?&#8221;\t9:03<br \/>\n\u041f\u0440\u0438\u0447\u0430\u0441\u0442\u043d\u043e\u0441\u0442\u044c\t6:50<br \/>\n\u0420\u0435\u043c\u0438\u043d\u0438\u0441\u0446\u0435\u043d\u0446\u0438\u0438\t13:35<br \/>\n\u041f\u043e\u0441\u0432\u044f\u0449\u0435\u043d\u0438\u0435\t15:05<br \/>\n\u041a\u043e\u043c\u043f\u043e\u0437\u0438\u0446\u0438\u044f \u041d\u0430 \u0422\u0435\u043c\u0443 \u0414. \u042d\u043b\u043b\u0438\u043d\u0433\u0442\u043e\u043d\u0430 &#8222;\u0417\u043e\u0432 \u041a\u0440\u0435\u043e\u043b\u043a\u0438&#8221;\t6:20<\/p>","protected":false},"excerpt":{"rendered":"<p>\u041c\u0435\u043b\u043e\u0434\u0438\u044f \u2013 \u0421 60\u201416155-8<br \/>\nFormat:<br \/>\n2 x Vinyl, LP, Album, Export edition<br \/>\nCountry:  USSR<br \/>\nReleased:  1981<br \/>\nGenre:  Jazz<br \/>\nStyle:<br \/>\nPost Bop<\/p>","protected":false},"featured_media":30612,"template":"","meta":[],"product_cat":[20,21],"product_tag":[44],"yoast_head":"<!-- This site is optimized with the Yoast SEO plugin v23.5 - https:\/\/yoast.com\/wordpress\/plugins\/seo\/ -->\n<title>Leonid Chizhik \u2013 Reminiscences 2lp Vinilin\u0117 Plok\u0161tel\u0117 | Vinilozona.lt<\/title>\n<meta name=\"robots\" content=\"index, follow, max-snippet:-1, max-image-preview:large, max-video-preview:-1\" \/>\n<link rel=\"canonical\" href=\"https:\/\/vinilozona.lt\/en\/parduotuve\/jazz\/\u043f-\u0438-\u0447\u0430\u0439\u043a\u043e\u0432\u0441\u043a\u0438\u0439-\u0432\u0440\u0435\u043c\u0435\u043d\u0430-\u0433\u043e\u0434\u0430\/\" \/>\n<meta property=\"og:locale\" content=\"en_GB\" \/>\n<meta property=\"og:type\" content=\"article\" \/>\n<meta property=\"og:title\" content=\"Leonid Chizhik \u2013 Reminiscences 2lp Vinilin\u0117 Plok\u0161tel\u0117 | Vinilozona.lt\" \/>\n<meta property=\"og:description\" content=\"\u041c\u0435\u043b\u043e\u0434\u0438\u044f \u2013 \u0421 60\u201416155-8 Format: 2 x Vinyl, LP, Album, Export edition Country: USSR Released: 1981 Genre: Jazz Style: Post Bop\" \/>\n<meta property=\"og:url\" content=\"https:\/\/vinilozona.lt\/en\/parduotuve\/jazz\/\u043f-\u0438-\u0447\u0430\u0439\u043a\u043e\u0432\u0441\u043a\u0438\u0439-\u0432\u0440\u0435\u043c\u0435\u043d\u0430-\u0433\u043e\u0434\u0430\/\" \/>\n<meta property=\"og:site_name\" content=\"Vinilo Zona\" \/>\n<meta property=\"article:modified_time\" content=\"2026-03-05T10:09:06+00:00\" \/>\n<meta property=\"og:image\" content=\"https:\/\/vinilozona.lt\/wp-content\/uploads\/2021\/02\/R-3985641-1492411039-6678.jpg\" \/>\n\t<meta property=\"og:image:width\" content=\"600\" \/>\n\t<meta property=\"og:image:height\" content=\"594\" \/>\n\t<meta property=\"og:image:type\" content=\"image\/jpeg\" \/>\n<meta name=\"twitter:card\" content=\"summary_large_image\" \/>\n<meta name=\"twitter:label1\" content=\"Estimated reading time\" \/>\n\t<meta name=\"twitter:data1\" content=\"1 minute\" \/>\n<script type=\"application\/ld+json\" class=\"yoast-schema-graph\">{\"@context\":\"https:\/\/schema.org\",\"@graph\":[{\"@type\":\"WebPage\",\"@id\":\"https:\/\/vinilozona.lt\/parduotuve\/jazz\/%d0%bf-%d0%b8-%d1%87%d0%b0%d0%b9%d0%ba%d0%be%d0%b2%d1%81%d0%ba%d0%b8%d0%b9-%d0%b2%d1%80%d0%b5%d0%bc%d0%b5%d0%bd%d0%b0-%d0%b3%d0%be%d0%b4%d0%b0\/\",\"url\":\"https:\/\/vinilozona.lt\/parduotuve\/jazz\/%d0%bf-%d0%b8-%d1%87%d0%b0%d0%b9%d0%ba%d0%be%d0%b2%d1%81%d0%ba%d0%b8%d0%b9-%d0%b2%d1%80%d0%b5%d0%bc%d0%b5%d0%bd%d0%b0-%d0%b3%d0%be%d0%b4%d0%b0\/\",\"name\":\"Leonid Chizhik \u2013 Reminiscences 2lp Vinilin\u0117 Plok\u0161tel\u0117 | Vinilozona.lt\",\"isPartOf\":{\"@id\":\"https:\/\/vinilozona.lt\/#website\"},\"primaryImageOfPage\":{\"@id\":\"https:\/\/vinilozona.lt\/parduotuve\/jazz\/%d0%bf-%d0%b8-%d1%87%d0%b0%d0%b9%d0%ba%d0%be%d0%b2%d1%81%d0%ba%d0%b8%d0%b9-%d0%b2%d1%80%d0%b5%d0%bc%d0%b5%d0%bd%d0%b0-%d0%b3%d0%be%d0%b4%d0%b0\/#primaryimage\"},\"image\":{\"@id\":\"https:\/\/vinilozona.lt\/parduotuve\/jazz\/%d0%bf-%d0%b8-%d1%87%d0%b0%d0%b9%d0%ba%d0%be%d0%b2%d1%81%d0%ba%d0%b8%d0%b9-%d0%b2%d1%80%d0%b5%d0%bc%d0%b5%d0%bd%d0%b0-%d0%b3%d0%be%d0%b4%d0%b0\/#primaryimage\"},\"thumbnailUrl\":\"https:\/\/vinilozona.lt\/wp-content\/uploads\/2021\/02\/R-3985641-1492411039-6678.jpg\",\"datePublished\":\"2026-03-05T03:30:00+00:00\",\"dateModified\":\"2026-03-05T10:09:06+00:00\",\"breadcrumb\":{\"@id\":\"https:\/\/vinilozona.lt\/parduotuve\/jazz\/%d0%bf-%d0%b8-%d1%87%d0%b0%d0%b9%d0%ba%d0%be%d0%b2%d1%81%d0%ba%d0%b8%d0%b9-%d0%b2%d1%80%d0%b5%d0%bc%d0%b5%d0%bd%d0%b0-%d0%b3%d0%be%d0%b4%d0%b0\/#breadcrumb\"},\"inLanguage\":\"en-GB\",\"potentialAction\":[{\"@type\":\"ReadAction\",\"target\":[\"https:\/\/vinilozona.lt\/parduotuve\/jazz\/%d0%bf-%d0%b8-%d1%87%d0%b0%d0%b9%d0%ba%d0%be%d0%b2%d1%81%d0%ba%d0%b8%d0%b9-%d0%b2%d1%80%d0%b5%d0%bc%d0%b5%d0%bd%d0%b0-%d0%b3%d0%be%d0%b4%d0%b0\/\"]}]},{\"@type\":\"ImageObject\",\"inLanguage\":\"en-GB\",\"@id\":\"https:\/\/vinilozona.lt\/parduotuve\/jazz\/%d0%bf-%d0%b8-%d1%87%d0%b0%d0%b9%d0%ba%d0%be%d0%b2%d1%81%d0%ba%d0%b8%d0%b9-%d0%b2%d1%80%d0%b5%d0%bc%d0%b5%d0%bd%d0%b0-%d0%b3%d0%be%d0%b4%d0%b0\/#primaryimage\",\"url\":\"https:\/\/vinilozona.lt\/wp-content\/uploads\/2021\/02\/R-3985641-1492411039-6678.jpg\",\"contentUrl\":\"https:\/\/vinilozona.lt\/wp-content\/uploads\/2021\/02\/R-3985641-1492411039-6678.jpg\",\"width\":600,\"height\":594},{\"@type\":\"BreadcrumbList\",\"@id\":\"https:\/\/vinilozona.lt\/parduotuve\/jazz\/%d0%bf-%d0%b8-%d1%87%d0%b0%d0%b9%d0%ba%d0%be%d0%b2%d1%81%d0%ba%d0%b8%d0%b9-%d0%b2%d1%80%d0%b5%d0%bc%d0%b5%d0%bd%d0%b0-%d0%b3%d0%be%d0%b4%d0%b0\/#breadcrumb\",\"itemListElement\":[{\"@type\":\"ListItem\",\"position\":1,\"name\":\"Home\",\"item\":\"https:\/\/vinilozona.lt\/\"},{\"@type\":\"ListItem\",\"position\":2,\"name\":\"Parduotuv\u0117\",\"item\":\"https:\/\/vinilozona.lt\/parduotuve\/\"},{\"@type\":\"ListItem\",\"position\":3,\"name\":\"Leonid Chizhik \u2013 Reminiscences 2lp\"}]},{\"@type\":\"WebSite\",\"@id\":\"https:\/\/vinilozona.lt\/#website\",\"url\":\"https:\/\/vinilozona.lt\/\",\"name\":\"Vinilo Zona\",\"description\":\"Nup\u016bsk dulkes ir klausyk LP\",\"potentialAction\":[{\"@type\":\"SearchAction\",\"target\":{\"@type\":\"EntryPoint\",\"urlTemplate\":\"https:\/\/vinilozona.lt\/?s={search_term_string}\"},\"query-input\":{\"@type\":\"PropertyValueSpecification\",\"valueRequired\":true,\"valueName\":\"search_term_string\"}}],\"inLanguage\":\"en-GB\"}]}<\/script>\n<!-- \/ Yoast SEO plugin. -->","yoast_head_json":{"title":"Leonid Chizhik \u2013 Reminiscences 2lp Vinilin\u0117 Plok\u0161tel\u0117 | Vinilozona.lt","robots":{"index":"index","follow":"follow","max-snippet":"max-snippet:-1","max-image-preview":"max-image-preview:large","max-video-preview":"max-video-preview:-1"},"canonical":"https:\/\/vinilozona.lt\/en\/parduotuve\/jazz\/\u043f-\u0438-\u0447\u0430\u0439\u043a\u043e\u0432\u0441\u043a\u0438\u0439-\u0432\u0440\u0435\u043c\u0435\u043d\u0430-\u0433\u043e\u0434\u0430\/","og_locale":"en_GB","og_type":"article","og_title":"Leonid Chizhik \u2013 Reminiscences 2lp Vinilin\u0117 Plok\u0161tel\u0117 | Vinilozona.lt","og_description":"\u041c\u0435\u043b\u043e\u0434\u0438\u044f \u2013 \u0421 60\u201416155-8 Format: 2 x Vinyl, LP, Album, Export edition Country: USSR Released: 1981 Genre: Jazz Style: Post Bop","og_url":"https:\/\/vinilozona.lt\/en\/parduotuve\/jazz\/\u043f-\u0438-\u0447\u0430\u0439\u043a\u043e\u0432\u0441\u043a\u0438\u0439-\u0432\u0440\u0435\u043c\u0435\u043d\u0430-\u0433\u043e\u0434\u0430\/","og_site_name":"Vinilo Zona","article_modified_time":"2026-03-05T10:09:06+00:00","og_image":[{"width":600,"height":594,"url":"https:\/\/vinilozona.lt\/wp-content\/uploads\/2021\/02\/R-3985641-1492411039-6678.jpg","type":"image\/jpeg"}],"twitter_card":"summary_large_image","twitter_misc":{"Estimated reading time":"1 minute"},"schema":{"@context":"https:\/\/schema.org","@graph":[{"@type":"WebPage","@id":"https:\/\/vinilozona.lt\/parduotuve\/jazz\/%d0%bf-%d0%b8-%d1%87%d0%b0%d0%b9%d0%ba%d0%be%d0%b2%d1%81%d0%ba%d0%b8%d0%b9-%d0%b2%d1%80%d0%b5%d0%bc%d0%b5%d0%bd%d0%b0-%d0%b3%d0%be%d0%b4%d0%b0\/","url":"https:\/\/vinilozona.lt\/parduotuve\/jazz\/%d0%bf-%d0%b8-%d1%87%d0%b0%d0%b9%d0%ba%d0%be%d0%b2%d1%81%d0%ba%d0%b8%d0%b9-%d0%b2%d1%80%d0%b5%d0%bc%d0%b5%d0%bd%d0%b0-%d0%b3%d0%be%d0%b4%d0%b0\/","name":"Leonid Chizhik \u2013 Reminiscences 2lp Vinilin\u0117 Plok\u0161tel\u0117 | Vinilozona.lt","isPartOf":{"@id":"https:\/\/vinilozona.lt\/#website"},"primaryImageOfPage":{"@id":"https:\/\/vinilozona.lt\/parduotuve\/jazz\/%d0%bf-%d0%b8-%d1%87%d0%b0%d0%b9%d0%ba%d0%be%d0%b2%d1%81%d0%ba%d0%b8%d0%b9-%d0%b2%d1%80%d0%b5%d0%bc%d0%b5%d0%bd%d0%b0-%d0%b3%d0%be%d0%b4%d0%b0\/#primaryimage"},"image":{"@id":"https:\/\/vinilozona.lt\/parduotuve\/jazz\/%d0%bf-%d0%b8-%d1%87%d0%b0%d0%b9%d0%ba%d0%be%d0%b2%d1%81%d0%ba%d0%b8%d0%b9-%d0%b2%d1%80%d0%b5%d0%bc%d0%b5%d0%bd%d0%b0-%d0%b3%d0%be%d0%b4%d0%b0\/#primaryimage"},"thumbnailUrl":"https:\/\/vinilozona.lt\/wp-content\/uploads\/2021\/02\/R-3985641-1492411039-6678.jpg","datePublished":"2026-03-05T03:30:00+00:00","dateModified":"2026-03-05T10:09:06+00:00","breadcrumb":{"@id":"https:\/\/vinilozona.lt\/parduotuve\/jazz\/%d0%bf-%d0%b8-%d1%87%d0%b0%d0%b9%d0%ba%d0%be%d0%b2%d1%81%d0%ba%d0%b8%d0%b9-%d0%b2%d1%80%d0%b5%d0%bc%d0%b5%d0%bd%d0%b0-%d0%b3%d0%be%d0%b4%d0%b0\/#breadcrumb"},"inLanguage":"en-GB","potentialAction":[{"@type":"ReadAction","target":["https:\/\/vinilozona.lt\/parduotuve\/jazz\/%d0%bf-%d0%b8-%d1%87%d0%b0%d0%b9%d0%ba%d0%be%d0%b2%d1%81%d0%ba%d0%b8%d0%b9-%d0%b2%d1%80%d0%b5%d0%bc%d0%b5%d0%bd%d0%b0-%d0%b3%d0%be%d0%b4%d0%b0\/"]}]},{"@type":"ImageObject","inLanguage":"en-GB","@id":"https:\/\/vinilozona.lt\/parduotuve\/jazz\/%d0%bf-%d0%b8-%d1%87%d0%b0%d0%b9%d0%ba%d0%be%d0%b2%d1%81%d0%ba%d0%b8%d0%b9-%d0%b2%d1%80%d0%b5%d0%bc%d0%b5%d0%bd%d0%b0-%d0%b3%d0%be%d0%b4%d0%b0\/#primaryimage","url":"https:\/\/vinilozona.lt\/wp-content\/uploads\/2021\/02\/R-3985641-1492411039-6678.jpg","contentUrl":"https:\/\/vinilozona.lt\/wp-content\/uploads\/2021\/02\/R-3985641-1492411039-6678.jpg","width":600,"height":594},{"@type":"BreadcrumbList","@id":"https:\/\/vinilozona.lt\/parduotuve\/jazz\/%d0%bf-%d0%b8-%d1%87%d0%b0%d0%b9%d0%ba%d0%be%d0%b2%d1%81%d0%ba%d0%b8%d0%b9-%d0%b2%d1%80%d0%b5%d0%bc%d0%b5%d0%bd%d0%b0-%d0%b3%d0%be%d0%b4%d0%b0\/#breadcrumb","itemListElement":[{"@type":"ListItem","position":1,"name":"Home","item":"https:\/\/vinilozona.lt\/"},{"@type":"ListItem","position":2,"name":"Parduotuv\u0117","item":"https:\/\/vinilozona.lt\/parduotuve\/"},{"@type":"ListItem","position":3,"name":"Leonid Chizhik \u2013 Reminiscences 2lp"}]},{"@type":"WebSite","@id":"https:\/\/vinilozona.lt\/#website","url":"https:\/\/vinilozona.lt\/","name":"Vinilo Zona","description":"Nup\u016bsk dulkes ir klausyk LP","potentialAction":[{"@type":"SearchAction","target":{"@type":"EntryPoint","urlTemplate":"https:\/\/vinilozona.lt\/?s={search_term_string}"},"query-input":{"@type":"PropertyValueSpecification","valueRequired":true,"valueName":"search_term_string"}}],"inLanguage":"en-GB"}]}},"_links":{"self":[{"href":"https:\/\/vinilozona.lt\/en\/wp-json\/wp\/v2\/product\/14093"}],"collection":[{"href":"https:\/\/vinilozona.lt\/en\/wp-json\/wp\/v2\/product"}],"about":[{"href":"https:\/\/vinilozona.lt\/en\/wp-json\/wp\/v2\/types\/product"}],"wp:featuredmedia":[{"embeddable":true,"href":"https:\/\/vinilozona.lt\/en\/wp-json\/wp\/v2\/media\/30612"}],"wp:attachment":[{"href":"https:\/\/vinilozona.lt\/en\/wp-json\/wp\/v2\/media?parent=14093"}],"wp:term":[{"taxonomy":"product_cat","embeddable":true,"href":"https:\/\/vinilozona.lt\/en\/wp-json\/wp\/v2\/product_cat?post=14093"},{"taxonomy":"product_tag","embeddable":true,"href":"https:\/\/vinilozona.lt\/en\/wp-json\/wp\/v2\/product_tag?post=14093"}],"curies":[{"name":"wp","href":"https:\/\/api.w.org\/{rel}","templated":true}]}}