{"id":14049,"date":"2025-08-04T05:04:48","date_gmt":"2025-08-04T02:04:48","guid":{"rendered":"https:\/\/vinilozona.lt\/?post_type=product&#038;p=14049"},"modified":"2026-02-20T08:57:20","modified_gmt":"2026-02-20T06:57:20","slug":"ozzy-osbourne-speak-of-the-devil","status":"publish","type":"product","link":"https:\/\/vinilozona.lt\/en\/parduotuve\/rock-pop\/ozzy-osbourne-speak-of-the-devil\/","title":{"rendered":"Ozzy Osbourne \u2013 Speak Of The Devil 2LP"},"content":{"rendered":"<p>A1\t\tSymptom Of The Universe\t5:19<br \/>\nA2\t\tSnowblind\t4:40<br \/>\nA3\t\tBlack Sabbath\t6:41<br \/>\nB1\t\tFairies Wear Boots\t6:16<br \/>\nB2\t\tWar Pigs\t8:15<br \/>\nB3\t\tThe Wizard\t5:08<br \/>\nC1\t\tN.I.B.\t5:59<br \/>\nC2\t\tSweet Leaf\t5:44<br \/>\nC3\t\tNever Say Die\t4:24<br \/>\nD1\t\tSabbath Bloody Sabbath\t5:34<br \/>\nD2\t\tIron Man \/ Children Of The Grave\t9:11<br \/>\nD3\t\tParanoid\t3:08<\/p>","protected":false},"excerpt":{"rendered":"<p>Jet Records \u2013 KZ2 38350<br \/>\nFormat:<br \/>\n2 x Vinyl, LP, Album, Gatefold<br \/>\nCountry: USA<br \/>\nReleased: Nov 1982<br \/>\nYRA VIDINIAI VOKAI<\/p>","protected":false},"featured_media":14050,"template":"","meta":[],"product_cat":[15],"product_tag":[44],"yoast_head":"<!-- This site is optimized with the Yoast SEO plugin v23.5 - https:\/\/yoast.com\/wordpress\/plugins\/seo\/ -->\n<title>Ozzy Osbourne \u2013 Speak Of The Devil 2LP Vinilin\u0117 Plok\u0161tel\u0117 | Vinilozona.lt<\/title>\n<meta name=\"robots\" content=\"index, follow, max-snippet:-1, max-image-preview:large, max-video-preview:-1\" \/>\n<link rel=\"canonical\" href=\"https:\/\/vinilozona.lt\/en\/parduotuve\/rock-pop\/ozzy-osbourne-speak-of-the-devil\/\" \/>\n<meta property=\"og:locale\" content=\"en_GB\" \/>\n<meta property=\"og:type\" content=\"article\" \/>\n<meta property=\"og:title\" content=\"Ozzy Osbourne \u2013 Speak Of The Devil 2LP Vinilin\u0117 Plok\u0161tel\u0117 | Vinilozona.lt\" \/>\n<meta property=\"og:description\" content=\"Jet Records \u2013 KZ2 38350 Format: 2 x Vinyl, LP, Album, Gatefold Country: USA Released: Nov 1982 YRA VIDINIAI VOKAI\" \/>\n<meta property=\"og:url\" content=\"https:\/\/vinilozona.lt\/en\/parduotuve\/rock-pop\/ozzy-osbourne-speak-of-the-devil\/\" \/>\n<meta property=\"og:site_name\" content=\"Vinilo Zona\" \/>\n<meta property=\"article:modified_time\" content=\"2026-02-20T06:57:20+00:00\" \/>\n<meta property=\"og:image\" content=\"https:\/\/vinilozona.lt\/wp-content\/uploads\/2021\/02\/R-1576278-1258662956.jpeg.jpg\" \/>\n\t<meta property=\"og:image:width\" content=\"535\" \/>\n\t<meta property=\"og:image:height\" content=\"531\" \/>\n\t<meta property=\"og:image:type\" content=\"image\/jpeg\" \/>\n<meta name=\"twitter:card\" content=\"summary_large_image\" \/>\n<meta name=\"twitter:label1\" content=\"Estimated reading time\" \/>\n\t<meta name=\"twitter:data1\" content=\"1 minute\" \/>\n<script type=\"application\/ld+json\" class=\"yoast-schema-graph\">{\"@context\":\"https:\/\/schema.org\",\"@graph\":[{\"@type\":\"WebPage\",\"@id\":\"https:\/\/vinilozona.lt\/parduotuve\/rock-pop\/ozzy-osbourne-speak-of-the-devil\/\",\"url\":\"https:\/\/vinilozona.lt\/parduotuve\/rock-pop\/ozzy-osbourne-speak-of-the-devil\/\",\"name\":\"Ozzy Osbourne \u2013 Speak Of The Devil 2LP Vinilin\u0117 Plok\u0161tel\u0117 | Vinilozona.lt\",\"isPartOf\":{\"@id\":\"https:\/\/vinilozona.lt\/#website\"},\"primaryImageOfPage\":{\"@id\":\"https:\/\/vinilozona.lt\/parduotuve\/rock-pop\/ozzy-osbourne-speak-of-the-devil\/#primaryimage\"},\"image\":{\"@id\":\"https:\/\/vinilozona.lt\/parduotuve\/rock-pop\/ozzy-osbourne-speak-of-the-devil\/#primaryimage\"},\"thumbnailUrl\":\"https:\/\/vinilozona.lt\/wp-content\/uploads\/2021\/02\/R-1576278-1258662956.jpeg.jpg\",\"datePublished\":\"2025-08-04T02:04:48+00:00\",\"dateModified\":\"2026-02-20T06:57:20+00:00\",\"breadcrumb\":{\"@id\":\"https:\/\/vinilozona.lt\/parduotuve\/rock-pop\/ozzy-osbourne-speak-of-the-devil\/#breadcrumb\"},\"inLanguage\":\"en-GB\",\"potentialAction\":[{\"@type\":\"ReadAction\",\"target\":[\"https:\/\/vinilozona.lt\/parduotuve\/rock-pop\/ozzy-osbourne-speak-of-the-devil\/\"]}]},{\"@type\":\"ImageObject\",\"inLanguage\":\"en-GB\",\"@id\":\"https:\/\/vinilozona.lt\/parduotuve\/rock-pop\/ozzy-osbourne-speak-of-the-devil\/#primaryimage\",\"url\":\"https:\/\/vinilozona.lt\/wp-content\/uploads\/2021\/02\/R-1576278-1258662956.jpeg.jpg\",\"contentUrl\":\"https:\/\/vinilozona.lt\/wp-content\/uploads\/2021\/02\/R-1576278-1258662956.jpeg.jpg\",\"width\":535,\"height\":531},{\"@type\":\"BreadcrumbList\",\"@id\":\"https:\/\/vinilozona.lt\/parduotuve\/rock-pop\/ozzy-osbourne-speak-of-the-devil\/#breadcrumb\",\"itemListElement\":[{\"@type\":\"ListItem\",\"position\":1,\"name\":\"Home\",\"item\":\"https:\/\/vinilozona.lt\/\"},{\"@type\":\"ListItem\",\"position\":2,\"name\":\"Parduotuv\u0117\",\"item\":\"https:\/\/vinilozona.lt\/parduotuve\/\"},{\"@type\":\"ListItem\",\"position\":3,\"name\":\"Ozzy Osbourne \u2013 Speak Of The Devil 2LP\"}]},{\"@type\":\"WebSite\",\"@id\":\"https:\/\/vinilozona.lt\/#website\",\"url\":\"https:\/\/vinilozona.lt\/\",\"name\":\"Vinilo Zona\",\"description\":\"Nup\u016bsk dulkes ir klausyk LP\",\"potentialAction\":[{\"@type\":\"SearchAction\",\"target\":{\"@type\":\"EntryPoint\",\"urlTemplate\":\"https:\/\/vinilozona.lt\/?s={search_term_string}\"},\"query-input\":{\"@type\":\"PropertyValueSpecification\",\"valueRequired\":true,\"valueName\":\"search_term_string\"}}],\"inLanguage\":\"en-GB\"}]}<\/script>\n<!-- \/ Yoast SEO plugin. -->","yoast_head_json":{"title":"Ozzy Osbourne \u2013 Speak Of The Devil 2LP Vinilin\u0117 Plok\u0161tel\u0117 | Vinilozona.lt","robots":{"index":"index","follow":"follow","max-snippet":"max-snippet:-1","max-image-preview":"max-image-preview:large","max-video-preview":"max-video-preview:-1"},"canonical":"https:\/\/vinilozona.lt\/en\/parduotuve\/rock-pop\/ozzy-osbourne-speak-of-the-devil\/","og_locale":"en_GB","og_type":"article","og_title":"Ozzy Osbourne \u2013 Speak Of The Devil 2LP Vinilin\u0117 Plok\u0161tel\u0117 | Vinilozona.lt","og_description":"Jet Records \u2013 KZ2 38350 Format: 2 x Vinyl, LP, Album, Gatefold Country: USA Released: Nov 1982 YRA VIDINIAI VOKAI","og_url":"https:\/\/vinilozona.lt\/en\/parduotuve\/rock-pop\/ozzy-osbourne-speak-of-the-devil\/","og_site_name":"Vinilo Zona","article_modified_time":"2026-02-20T06:57:20+00:00","og_image":[{"width":535,"height":531,"url":"https:\/\/vinilozona.lt\/wp-content\/uploads\/2021\/02\/R-1576278-1258662956.jpeg.jpg","type":"image\/jpeg"}],"twitter_card":"summary_large_image","twitter_misc":{"Estimated reading time":"1 minute"},"schema":{"@context":"https:\/\/schema.org","@graph":[{"@type":"WebPage","@id":"https:\/\/vinilozona.lt\/parduotuve\/rock-pop\/ozzy-osbourne-speak-of-the-devil\/","url":"https:\/\/vinilozona.lt\/parduotuve\/rock-pop\/ozzy-osbourne-speak-of-the-devil\/","name":"Ozzy Osbourne \u2013 Speak Of The Devil 2LP Vinilin\u0117 Plok\u0161tel\u0117 | Vinilozona.lt","isPartOf":{"@id":"https:\/\/vinilozona.lt\/#website"},"primaryImageOfPage":{"@id":"https:\/\/vinilozona.lt\/parduotuve\/rock-pop\/ozzy-osbourne-speak-of-the-devil\/#primaryimage"},"image":{"@id":"https:\/\/vinilozona.lt\/parduotuve\/rock-pop\/ozzy-osbourne-speak-of-the-devil\/#primaryimage"},"thumbnailUrl":"https:\/\/vinilozona.lt\/wp-content\/uploads\/2021\/02\/R-1576278-1258662956.jpeg.jpg","datePublished":"2025-08-04T02:04:48+00:00","dateModified":"2026-02-20T06:57:20+00:00","breadcrumb":{"@id":"https:\/\/vinilozona.lt\/parduotuve\/rock-pop\/ozzy-osbourne-speak-of-the-devil\/#breadcrumb"},"inLanguage":"en-GB","potentialAction":[{"@type":"ReadAction","target":["https:\/\/vinilozona.lt\/parduotuve\/rock-pop\/ozzy-osbourne-speak-of-the-devil\/"]}]},{"@type":"ImageObject","inLanguage":"en-GB","@id":"https:\/\/vinilozona.lt\/parduotuve\/rock-pop\/ozzy-osbourne-speak-of-the-devil\/#primaryimage","url":"https:\/\/vinilozona.lt\/wp-content\/uploads\/2021\/02\/R-1576278-1258662956.jpeg.jpg","contentUrl":"https:\/\/vinilozona.lt\/wp-content\/uploads\/2021\/02\/R-1576278-1258662956.jpeg.jpg","width":535,"height":531},{"@type":"BreadcrumbList","@id":"https:\/\/vinilozona.lt\/parduotuve\/rock-pop\/ozzy-osbourne-speak-of-the-devil\/#breadcrumb","itemListElement":[{"@type":"ListItem","position":1,"name":"Home","item":"https:\/\/vinilozona.lt\/"},{"@type":"ListItem","position":2,"name":"Parduotuv\u0117","item":"https:\/\/vinilozona.lt\/parduotuve\/"},{"@type":"ListItem","position":3,"name":"Ozzy Osbourne \u2013 Speak Of The Devil 2LP"}]},{"@type":"WebSite","@id":"https:\/\/vinilozona.lt\/#website","url":"https:\/\/vinilozona.lt\/","name":"Vinilo Zona","description":"Nup\u016bsk dulkes ir klausyk LP","potentialAction":[{"@type":"SearchAction","target":{"@type":"EntryPoint","urlTemplate":"https:\/\/vinilozona.lt\/?s={search_term_string}"},"query-input":{"@type":"PropertyValueSpecification","valueRequired":true,"valueName":"search_term_string"}}],"inLanguage":"en-GB"}]}},"_links":{"self":[{"href":"https:\/\/vinilozona.lt\/en\/wp-json\/wp\/v2\/product\/14049"}],"collection":[{"href":"https:\/\/vinilozona.lt\/en\/wp-json\/wp\/v2\/product"}],"about":[{"href":"https:\/\/vinilozona.lt\/en\/wp-json\/wp\/v2\/types\/product"}],"wp:featuredmedia":[{"embeddable":true,"href":"https:\/\/vinilozona.lt\/en\/wp-json\/wp\/v2\/media\/14050"}],"wp:attachment":[{"href":"https:\/\/vinilozona.lt\/en\/wp-json\/wp\/v2\/media?parent=14049"}],"wp:term":[{"taxonomy":"product_cat","embeddable":true,"href":"https:\/\/vinilozona.lt\/en\/wp-json\/wp\/v2\/product_cat?post=14049"},{"taxonomy":"product_tag","embeddable":true,"href":"https:\/\/vinilozona.lt\/en\/wp-json\/wp\/v2\/product_tag?post=14049"}],"curies":[{"name":"wp","href":"https:\/\/api.w.org\/{rel}","templated":true}]}}