{"id":14036,"date":"2024-03-18T05:03:07","date_gmt":"2024-03-18T03:03:07","guid":{"rendered":"https:\/\/vinilozona.lt\/?post_type=product&#038;p=14036"},"modified":"2024-03-17T07:59:38","modified_gmt":"2024-03-17T05:59:38","slug":"hollies-the-history-of-the-hollies-24-genuine-top-thirty-hits","status":"publish","type":"product","link":"https:\/\/vinilozona.lt\/en\/parduotuve\/rock-pop\/hollies-the-history-of-the-hollies-24-genuine-top-thirty-hits\/","title":{"rendered":"Hollies \u2013 The History Of The Hollies &#8211; 24 Genuine Top Thirty Hits 2LP"},"content":{"rendered":"<p>A1\t\t(Ain&#8217;t That) Just Like Me<br \/>\nA2\t\tSearchin&#8217;<br \/>\nA3\t\tStay<br \/>\nA4\t\tJust One Look<br \/>\nA5\t\tHere I Go Again<br \/>\nA6\t\tWe&#8217;re Through<br \/>\nB1\t\tYes I Will<br \/>\nB2\t\tI&#8217;m Alive<br \/>\nB3\t\tLook Through Any Window<br \/>\nB4\t\tIf I Needed Someone<br \/>\nB5\t\tI Can&#8217;t Let Go<br \/>\nB6\t\tBus Stop<br \/>\nC1\t\tStop Stop Stop<br \/>\nC2\t\tOn A Carousel<br \/>\nC3\t\tCarrie Anne<br \/>\nC4\t\tKing Midas In Reverse<br \/>\nC5\t\tJennifer Eccles<br \/>\nC6\t\tListen To Me<br \/>\nD1\t\tSorry Suzanne<br \/>\nD2\t\tHe Ain&#8217;t Heavy, He&#8217;s My Brother<br \/>\nD3\t\tI Can&#8217;t Tell The Bottom From The Top<br \/>\nD4\t\tGasoline Alley Bred<br \/>\nD5\t\tHey Willy<br \/>\nD6\t\tLong Cool Woman (In A Black Dress)<\/p>","protected":false},"excerpt":{"rendered":"<p>EMI \u2013 5C 180-52 301 2, EMI \u2013 5C 180-52301, EMI \u2013 5C 180-52302<br \/>\nFormat:<br \/>\n2 x Vinyl, LP, Compilation, Gatefold<br \/>\nCountry:\tNetherlands<br \/>\nReleased:\t1975<\/p>","protected":false},"featured_media":14038,"template":"","meta":[],"product_cat":[15],"product_tag":[44],"yoast_head":"<!-- This site is optimized with the Yoast SEO plugin v23.5 - https:\/\/yoast.com\/wordpress\/plugins\/seo\/ -->\n<title>Hollies \u2013 The History Of The Hollies - 24 Genuine Top Thirty Hits 2LP Vinilin\u0117 Plok\u0161tel\u0117 | Vinilozona.lt<\/title>\n<meta name=\"robots\" content=\"index, follow, max-snippet:-1, max-image-preview:large, max-video-preview:-1\" \/>\n<link rel=\"canonical\" href=\"https:\/\/vinilozona.lt\/en\/parduotuve\/rock-pop\/hollies-the-history-of-the-hollies-24-genuine-top-thirty-hits\/\" \/>\n<meta property=\"og:locale\" content=\"en_GB\" \/>\n<meta property=\"og:type\" content=\"article\" \/>\n<meta property=\"og:title\" content=\"Hollies \u2013 The History Of The Hollies - 24 Genuine Top Thirty Hits 2LP Vinilin\u0117 Plok\u0161tel\u0117 | Vinilozona.lt\" \/>\n<meta property=\"og:description\" content=\"EMI \u2013 5C 180-52 301 2, EMI \u2013 5C 180-52301, EMI \u2013 5C 180-52302 Format:  2 x Vinyl, LP, Compilation, Gatefold Country: Netherlands Released: 1975\" \/>\n<meta property=\"og:url\" content=\"https:\/\/vinilozona.lt\/en\/parduotuve\/rock-pop\/hollies-the-history-of-the-hollies-24-genuine-top-thirty-hits\/\" \/>\n<meta property=\"og:site_name\" content=\"Vinilo Zona\" \/>\n<meta property=\"article:modified_time\" content=\"2024-03-17T05:59:38+00:00\" \/>\n<meta property=\"og:image\" content=\"https:\/\/vinilozona.lt\/wp-content\/uploads\/2021\/02\/R-2217707-1483804775-6036.jpeg.jpg\" \/>\n\t<meta property=\"og:image:width\" content=\"600\" \/>\n\t<meta property=\"og:image:height\" content=\"600\" \/>\n\t<meta property=\"og:image:type\" content=\"image\/jpeg\" \/>\n<meta name=\"twitter:card\" content=\"summary_large_image\" \/>\n<meta name=\"twitter:label1\" content=\"Estimated reading time\" \/>\n\t<meta name=\"twitter:data1\" content=\"1 minute\" \/>\n<script type=\"application\/ld+json\" class=\"yoast-schema-graph\">{\"@context\":\"https:\/\/schema.org\",\"@graph\":[{\"@type\":\"WebPage\",\"@id\":\"https:\/\/vinilozona.lt\/parduotuve\/rock-pop\/hollies-the-history-of-the-hollies-24-genuine-top-thirty-hits\/\",\"url\":\"https:\/\/vinilozona.lt\/parduotuve\/rock-pop\/hollies-the-history-of-the-hollies-24-genuine-top-thirty-hits\/\",\"name\":\"Hollies \u2013 The History Of The Hollies - 24 Genuine Top Thirty Hits 2LP Vinilin\u0117 Plok\u0161tel\u0117 | Vinilozona.lt\",\"isPartOf\":{\"@id\":\"https:\/\/vinilozona.lt\/#website\"},\"primaryImageOfPage\":{\"@id\":\"https:\/\/vinilozona.lt\/parduotuve\/rock-pop\/hollies-the-history-of-the-hollies-24-genuine-top-thirty-hits\/#primaryimage\"},\"image\":{\"@id\":\"https:\/\/vinilozona.lt\/parduotuve\/rock-pop\/hollies-the-history-of-the-hollies-24-genuine-top-thirty-hits\/#primaryimage\"},\"thumbnailUrl\":\"https:\/\/vinilozona.lt\/wp-content\/uploads\/2021\/02\/R-2217707-1483804775-6036.jpeg.jpg\",\"datePublished\":\"2024-03-18T03:03:07+00:00\",\"dateModified\":\"2024-03-17T05:59:38+00:00\",\"breadcrumb\":{\"@id\":\"https:\/\/vinilozona.lt\/parduotuve\/rock-pop\/hollies-the-history-of-the-hollies-24-genuine-top-thirty-hits\/#breadcrumb\"},\"inLanguage\":\"en-GB\",\"potentialAction\":[{\"@type\":\"ReadAction\",\"target\":[\"https:\/\/vinilozona.lt\/parduotuve\/rock-pop\/hollies-the-history-of-the-hollies-24-genuine-top-thirty-hits\/\"]}]},{\"@type\":\"ImageObject\",\"inLanguage\":\"en-GB\",\"@id\":\"https:\/\/vinilozona.lt\/parduotuve\/rock-pop\/hollies-the-history-of-the-hollies-24-genuine-top-thirty-hits\/#primaryimage\",\"url\":\"https:\/\/vinilozona.lt\/wp-content\/uploads\/2021\/02\/R-2217707-1483804775-6036.jpeg.jpg\",\"contentUrl\":\"https:\/\/vinilozona.lt\/wp-content\/uploads\/2021\/02\/R-2217707-1483804775-6036.jpeg.jpg\",\"width\":600,\"height\":600},{\"@type\":\"BreadcrumbList\",\"@id\":\"https:\/\/vinilozona.lt\/parduotuve\/rock-pop\/hollies-the-history-of-the-hollies-24-genuine-top-thirty-hits\/#breadcrumb\",\"itemListElement\":[{\"@type\":\"ListItem\",\"position\":1,\"name\":\"Home\",\"item\":\"https:\/\/vinilozona.lt\/\"},{\"@type\":\"ListItem\",\"position\":2,\"name\":\"Parduotuv\u0117\",\"item\":\"https:\/\/vinilozona.lt\/parduotuve\/\"},{\"@type\":\"ListItem\",\"position\":3,\"name\":\"Hollies \u2013 The History Of The Hollies &#8211; 24 Genuine Top Thirty Hits 2LP\"}]},{\"@type\":\"WebSite\",\"@id\":\"https:\/\/vinilozona.lt\/#website\",\"url\":\"https:\/\/vinilozona.lt\/\",\"name\":\"Vinilo Zona\",\"description\":\"Nup\u016bsk dulkes ir klausyk LP\",\"potentialAction\":[{\"@type\":\"SearchAction\",\"target\":{\"@type\":\"EntryPoint\",\"urlTemplate\":\"https:\/\/vinilozona.lt\/?s={search_term_string}\"},\"query-input\":{\"@type\":\"PropertyValueSpecification\",\"valueRequired\":true,\"valueName\":\"search_term_string\"}}],\"inLanguage\":\"en-GB\"}]}<\/script>\n<!-- \/ Yoast SEO plugin. -->","yoast_head_json":{"title":"Hollies \u2013 The History Of The Hollies - 24 Genuine Top Thirty Hits 2LP Vinilin\u0117 Plok\u0161tel\u0117 | Vinilozona.lt","robots":{"index":"index","follow":"follow","max-snippet":"max-snippet:-1","max-image-preview":"max-image-preview:large","max-video-preview":"max-video-preview:-1"},"canonical":"https:\/\/vinilozona.lt\/en\/parduotuve\/rock-pop\/hollies-the-history-of-the-hollies-24-genuine-top-thirty-hits\/","og_locale":"en_GB","og_type":"article","og_title":"Hollies \u2013 The History Of The Hollies - 24 Genuine Top Thirty Hits 2LP Vinilin\u0117 Plok\u0161tel\u0117 | Vinilozona.lt","og_description":"EMI \u2013 5C 180-52 301 2, EMI \u2013 5C 180-52301, EMI \u2013 5C 180-52302 Format:  2 x Vinyl, LP, Compilation, Gatefold Country: Netherlands Released: 1975","og_url":"https:\/\/vinilozona.lt\/en\/parduotuve\/rock-pop\/hollies-the-history-of-the-hollies-24-genuine-top-thirty-hits\/","og_site_name":"Vinilo Zona","article_modified_time":"2024-03-17T05:59:38+00:00","og_image":[{"width":600,"height":600,"url":"https:\/\/vinilozona.lt\/wp-content\/uploads\/2021\/02\/R-2217707-1483804775-6036.jpeg.jpg","type":"image\/jpeg"}],"twitter_card":"summary_large_image","twitter_misc":{"Estimated reading time":"1 minute"},"schema":{"@context":"https:\/\/schema.org","@graph":[{"@type":"WebPage","@id":"https:\/\/vinilozona.lt\/parduotuve\/rock-pop\/hollies-the-history-of-the-hollies-24-genuine-top-thirty-hits\/","url":"https:\/\/vinilozona.lt\/parduotuve\/rock-pop\/hollies-the-history-of-the-hollies-24-genuine-top-thirty-hits\/","name":"Hollies \u2013 The History Of The Hollies - 24 Genuine Top Thirty Hits 2LP Vinilin\u0117 Plok\u0161tel\u0117 | Vinilozona.lt","isPartOf":{"@id":"https:\/\/vinilozona.lt\/#website"},"primaryImageOfPage":{"@id":"https:\/\/vinilozona.lt\/parduotuve\/rock-pop\/hollies-the-history-of-the-hollies-24-genuine-top-thirty-hits\/#primaryimage"},"image":{"@id":"https:\/\/vinilozona.lt\/parduotuve\/rock-pop\/hollies-the-history-of-the-hollies-24-genuine-top-thirty-hits\/#primaryimage"},"thumbnailUrl":"https:\/\/vinilozona.lt\/wp-content\/uploads\/2021\/02\/R-2217707-1483804775-6036.jpeg.jpg","datePublished":"2024-03-18T03:03:07+00:00","dateModified":"2024-03-17T05:59:38+00:00","breadcrumb":{"@id":"https:\/\/vinilozona.lt\/parduotuve\/rock-pop\/hollies-the-history-of-the-hollies-24-genuine-top-thirty-hits\/#breadcrumb"},"inLanguage":"en-GB","potentialAction":[{"@type":"ReadAction","target":["https:\/\/vinilozona.lt\/parduotuve\/rock-pop\/hollies-the-history-of-the-hollies-24-genuine-top-thirty-hits\/"]}]},{"@type":"ImageObject","inLanguage":"en-GB","@id":"https:\/\/vinilozona.lt\/parduotuve\/rock-pop\/hollies-the-history-of-the-hollies-24-genuine-top-thirty-hits\/#primaryimage","url":"https:\/\/vinilozona.lt\/wp-content\/uploads\/2021\/02\/R-2217707-1483804775-6036.jpeg.jpg","contentUrl":"https:\/\/vinilozona.lt\/wp-content\/uploads\/2021\/02\/R-2217707-1483804775-6036.jpeg.jpg","width":600,"height":600},{"@type":"BreadcrumbList","@id":"https:\/\/vinilozona.lt\/parduotuve\/rock-pop\/hollies-the-history-of-the-hollies-24-genuine-top-thirty-hits\/#breadcrumb","itemListElement":[{"@type":"ListItem","position":1,"name":"Home","item":"https:\/\/vinilozona.lt\/"},{"@type":"ListItem","position":2,"name":"Parduotuv\u0117","item":"https:\/\/vinilozona.lt\/parduotuve\/"},{"@type":"ListItem","position":3,"name":"Hollies \u2013 The History Of The Hollies &#8211; 24 Genuine Top Thirty Hits 2LP"}]},{"@type":"WebSite","@id":"https:\/\/vinilozona.lt\/#website","url":"https:\/\/vinilozona.lt\/","name":"Vinilo Zona","description":"Nup\u016bsk dulkes ir klausyk LP","potentialAction":[{"@type":"SearchAction","target":{"@type":"EntryPoint","urlTemplate":"https:\/\/vinilozona.lt\/?s={search_term_string}"},"query-input":{"@type":"PropertyValueSpecification","valueRequired":true,"valueName":"search_term_string"}}],"inLanguage":"en-GB"}]}},"_links":{"self":[{"href":"https:\/\/vinilozona.lt\/en\/wp-json\/wp\/v2\/product\/14036"}],"collection":[{"href":"https:\/\/vinilozona.lt\/en\/wp-json\/wp\/v2\/product"}],"about":[{"href":"https:\/\/vinilozona.lt\/en\/wp-json\/wp\/v2\/types\/product"}],"wp:featuredmedia":[{"embeddable":true,"href":"https:\/\/vinilozona.lt\/en\/wp-json\/wp\/v2\/media\/14038"}],"wp:attachment":[{"href":"https:\/\/vinilozona.lt\/en\/wp-json\/wp\/v2\/media?parent=14036"}],"wp:term":[{"taxonomy":"product_cat","embeddable":true,"href":"https:\/\/vinilozona.lt\/en\/wp-json\/wp\/v2\/product_cat?post=14036"},{"taxonomy":"product_tag","embeddable":true,"href":"https:\/\/vinilozona.lt\/en\/wp-json\/wp\/v2\/product_tag?post=14036"}],"curies":[{"name":"wp","href":"https:\/\/api.w.org\/{rel}","templated":true}]}}