{"id":14031,"date":"2024-06-21T05:04:23","date_gmt":"2024-06-21T02:04:23","guid":{"rendered":"https:\/\/vinilozona.lt\/?post_type=product&#038;p=14031"},"modified":"2024-06-18T07:04:37","modified_gmt":"2024-06-18T04:04:37","slug":"nilsson-nilsson-schmilsson","status":"publish","type":"product","link":"https:\/\/vinilozona.lt\/en\/parduotuve\/rock-pop\/nilsson-nilsson-schmilsson\/","title":{"rendered":"10 CC \u2013 The Collection  2 Lp"},"content":{"rendered":"<p>The &#8222;Sheet Music&#8221; Album<br \/>\nA1\t\tThe Wall Street Shuffle<br \/>\nA2\t\tThe Worst Band In The World<br \/>\nA3\t\tHotel<br \/>\nA4\t\tOld Wild Men<br \/>\nA1\t\tClockwork Creep<br \/>\nB1\t\tSilly Love<br \/>\nB2\t\tSomewhere In Hollywood<br \/>\nB3\t\tBaron Samedi<br \/>\nB4\t\tThe Sacro-Iliac<br \/>\nB5\t\tOh Effendi<br \/>\nThe &#8222;10CC&#8221; Album<br \/>\nC1\t\tJohnny Don&#8217;t Do It<br \/>\nC2\t\tSand In My Face<br \/>\nC3\t\tDonna<br \/>\nC4\t\tThe Dean And I<br \/>\nC5\t\tHeadline Hustler<br \/>\nD1\t\tSpeed Kills<br \/>\nD2\t\tRubber Bullets<br \/>\nD3\t\tThe Hospital Song<br \/>\nD4\t\tShips Don&#8217;t Disappear In The Night (Do They?)<br \/>\nD5\t\tFresh Air For My Mama<\/p>","protected":false},"excerpt":{"rendered":"<p>Helidon \u2013 7.651507, Bad-Ming-Ton Music \u2013 7.651507<br \/>\nFormat:<br \/>\n2 x Vinyl, LP, Compilation<br \/>\nCountry:\tYugoslavia<br \/>\nReleased:\t1989<\/p>","protected":false},"featured_media":25134,"template":"","meta":[],"product_cat":[15],"product_tag":[44],"yoast_head":"<!-- This site is optimized with the Yoast SEO plugin v23.5 - https:\/\/yoast.com\/wordpress\/plugins\/seo\/ -->\n<title>10 CC \u2013 The Collection 2 Lp Vinilin\u0117 Plok\u0161tel\u0117 | Vinilozona.lt<\/title>\n<meta name=\"robots\" content=\"index, follow, max-snippet:-1, max-image-preview:large, max-video-preview:-1\" \/>\n<link rel=\"canonical\" href=\"https:\/\/vinilozona.lt\/en\/parduotuve\/rock-pop\/nilsson-nilsson-schmilsson\/\" \/>\n<meta property=\"og:locale\" content=\"en_GB\" \/>\n<meta property=\"og:type\" content=\"article\" \/>\n<meta property=\"og:title\" content=\"10 CC \u2013 The Collection 2 Lp Vinilin\u0117 Plok\u0161tel\u0117 | Vinilozona.lt\" \/>\n<meta property=\"og:description\" content=\"Helidon \u2013 7.651507, Bad-Ming-Ton Music \u2013 7.651507 Format:  2 x Vinyl, LP, Compilation Country: Yugoslavia Released: 1989\" \/>\n<meta property=\"og:url\" content=\"https:\/\/vinilozona.lt\/en\/parduotuve\/rock-pop\/nilsson-nilsson-schmilsson\/\" \/>\n<meta property=\"og:site_name\" content=\"Vinilo Zona\" \/>\n<meta property=\"article:modified_time\" content=\"2024-06-18T04:04:37+00:00\" \/>\n<meta property=\"og:image\" content=\"https:\/\/vinilozona.lt\/wp-content\/uploads\/2024\/06\/R-2946784-1308582508.jpg\" \/>\n\t<meta property=\"og:image:width\" content=\"600\" \/>\n\t<meta property=\"og:image:height\" content=\"576\" \/>\n\t<meta property=\"og:image:type\" content=\"image\/jpeg\" \/>\n<meta name=\"twitter:card\" content=\"summary_large_image\" \/>\n<script type=\"application\/ld+json\" class=\"yoast-schema-graph\">{\"@context\":\"https:\/\/schema.org\",\"@graph\":[{\"@type\":\"WebPage\",\"@id\":\"https:\/\/vinilozona.lt\/parduotuve\/rock-pop\/nilsson-nilsson-schmilsson\/\",\"url\":\"https:\/\/vinilozona.lt\/parduotuve\/rock-pop\/nilsson-nilsson-schmilsson\/\",\"name\":\"10 CC \u2013 The Collection 2 Lp Vinilin\u0117 Plok\u0161tel\u0117 | Vinilozona.lt\",\"isPartOf\":{\"@id\":\"https:\/\/vinilozona.lt\/#website\"},\"primaryImageOfPage\":{\"@id\":\"https:\/\/vinilozona.lt\/parduotuve\/rock-pop\/nilsson-nilsson-schmilsson\/#primaryimage\"},\"image\":{\"@id\":\"https:\/\/vinilozona.lt\/parduotuve\/rock-pop\/nilsson-nilsson-schmilsson\/#primaryimage\"},\"thumbnailUrl\":\"https:\/\/vinilozona.lt\/wp-content\/uploads\/2024\/06\/R-2946784-1308582508.jpg\",\"datePublished\":\"2024-06-21T02:04:23+00:00\",\"dateModified\":\"2024-06-18T04:04:37+00:00\",\"breadcrumb\":{\"@id\":\"https:\/\/vinilozona.lt\/parduotuve\/rock-pop\/nilsson-nilsson-schmilsson\/#breadcrumb\"},\"inLanguage\":\"en-GB\",\"potentialAction\":[{\"@type\":\"ReadAction\",\"target\":[\"https:\/\/vinilozona.lt\/parduotuve\/rock-pop\/nilsson-nilsson-schmilsson\/\"]}]},{\"@type\":\"ImageObject\",\"inLanguage\":\"en-GB\",\"@id\":\"https:\/\/vinilozona.lt\/parduotuve\/rock-pop\/nilsson-nilsson-schmilsson\/#primaryimage\",\"url\":\"https:\/\/vinilozona.lt\/wp-content\/uploads\/2024\/06\/R-2946784-1308582508.jpg\",\"contentUrl\":\"https:\/\/vinilozona.lt\/wp-content\/uploads\/2024\/06\/R-2946784-1308582508.jpg\",\"width\":600,\"height\":576},{\"@type\":\"BreadcrumbList\",\"@id\":\"https:\/\/vinilozona.lt\/parduotuve\/rock-pop\/nilsson-nilsson-schmilsson\/#breadcrumb\",\"itemListElement\":[{\"@type\":\"ListItem\",\"position\":1,\"name\":\"Home\",\"item\":\"https:\/\/vinilozona.lt\/\"},{\"@type\":\"ListItem\",\"position\":2,\"name\":\"Parduotuv\u0117\",\"item\":\"https:\/\/vinilozona.lt\/parduotuve\/\"},{\"@type\":\"ListItem\",\"position\":3,\"name\":\"10 CC \u2013 The Collection 2 Lp\"}]},{\"@type\":\"WebSite\",\"@id\":\"https:\/\/vinilozona.lt\/#website\",\"url\":\"https:\/\/vinilozona.lt\/\",\"name\":\"Vinilo Zona\",\"description\":\"Nup\u016bsk dulkes ir klausyk LP\",\"potentialAction\":[{\"@type\":\"SearchAction\",\"target\":{\"@type\":\"EntryPoint\",\"urlTemplate\":\"https:\/\/vinilozona.lt\/?s={search_term_string}\"},\"query-input\":{\"@type\":\"PropertyValueSpecification\",\"valueRequired\":true,\"valueName\":\"search_term_string\"}}],\"inLanguage\":\"en-GB\"}]}<\/script>\n<!-- \/ Yoast SEO plugin. -->","yoast_head_json":{"title":"10 CC \u2013 The Collection 2 Lp Vinilin\u0117 Plok\u0161tel\u0117 | Vinilozona.lt","robots":{"index":"index","follow":"follow","max-snippet":"max-snippet:-1","max-image-preview":"max-image-preview:large","max-video-preview":"max-video-preview:-1"},"canonical":"https:\/\/vinilozona.lt\/en\/parduotuve\/rock-pop\/nilsson-nilsson-schmilsson\/","og_locale":"en_GB","og_type":"article","og_title":"10 CC \u2013 The Collection 2 Lp Vinilin\u0117 Plok\u0161tel\u0117 | Vinilozona.lt","og_description":"Helidon \u2013 7.651507, Bad-Ming-Ton Music \u2013 7.651507 Format:  2 x Vinyl, LP, Compilation Country: Yugoslavia Released: 1989","og_url":"https:\/\/vinilozona.lt\/en\/parduotuve\/rock-pop\/nilsson-nilsson-schmilsson\/","og_site_name":"Vinilo Zona","article_modified_time":"2024-06-18T04:04:37+00:00","og_image":[{"width":600,"height":576,"url":"https:\/\/vinilozona.lt\/wp-content\/uploads\/2024\/06\/R-2946784-1308582508.jpg","type":"image\/jpeg"}],"twitter_card":"summary_large_image","schema":{"@context":"https:\/\/schema.org","@graph":[{"@type":"WebPage","@id":"https:\/\/vinilozona.lt\/parduotuve\/rock-pop\/nilsson-nilsson-schmilsson\/","url":"https:\/\/vinilozona.lt\/parduotuve\/rock-pop\/nilsson-nilsson-schmilsson\/","name":"10 CC \u2013 The Collection 2 Lp Vinilin\u0117 Plok\u0161tel\u0117 | Vinilozona.lt","isPartOf":{"@id":"https:\/\/vinilozona.lt\/#website"},"primaryImageOfPage":{"@id":"https:\/\/vinilozona.lt\/parduotuve\/rock-pop\/nilsson-nilsson-schmilsson\/#primaryimage"},"image":{"@id":"https:\/\/vinilozona.lt\/parduotuve\/rock-pop\/nilsson-nilsson-schmilsson\/#primaryimage"},"thumbnailUrl":"https:\/\/vinilozona.lt\/wp-content\/uploads\/2024\/06\/R-2946784-1308582508.jpg","datePublished":"2024-06-21T02:04:23+00:00","dateModified":"2024-06-18T04:04:37+00:00","breadcrumb":{"@id":"https:\/\/vinilozona.lt\/parduotuve\/rock-pop\/nilsson-nilsson-schmilsson\/#breadcrumb"},"inLanguage":"en-GB","potentialAction":[{"@type":"ReadAction","target":["https:\/\/vinilozona.lt\/parduotuve\/rock-pop\/nilsson-nilsson-schmilsson\/"]}]},{"@type":"ImageObject","inLanguage":"en-GB","@id":"https:\/\/vinilozona.lt\/parduotuve\/rock-pop\/nilsson-nilsson-schmilsson\/#primaryimage","url":"https:\/\/vinilozona.lt\/wp-content\/uploads\/2024\/06\/R-2946784-1308582508.jpg","contentUrl":"https:\/\/vinilozona.lt\/wp-content\/uploads\/2024\/06\/R-2946784-1308582508.jpg","width":600,"height":576},{"@type":"BreadcrumbList","@id":"https:\/\/vinilozona.lt\/parduotuve\/rock-pop\/nilsson-nilsson-schmilsson\/#breadcrumb","itemListElement":[{"@type":"ListItem","position":1,"name":"Home","item":"https:\/\/vinilozona.lt\/"},{"@type":"ListItem","position":2,"name":"Parduotuv\u0117","item":"https:\/\/vinilozona.lt\/parduotuve\/"},{"@type":"ListItem","position":3,"name":"10 CC \u2013 The Collection 2 Lp"}]},{"@type":"WebSite","@id":"https:\/\/vinilozona.lt\/#website","url":"https:\/\/vinilozona.lt\/","name":"Vinilo Zona","description":"Nup\u016bsk dulkes ir klausyk LP","potentialAction":[{"@type":"SearchAction","target":{"@type":"EntryPoint","urlTemplate":"https:\/\/vinilozona.lt\/?s={search_term_string}"},"query-input":{"@type":"PropertyValueSpecification","valueRequired":true,"valueName":"search_term_string"}}],"inLanguage":"en-GB"}]}},"_links":{"self":[{"href":"https:\/\/vinilozona.lt\/en\/wp-json\/wp\/v2\/product\/14031"}],"collection":[{"href":"https:\/\/vinilozona.lt\/en\/wp-json\/wp\/v2\/product"}],"about":[{"href":"https:\/\/vinilozona.lt\/en\/wp-json\/wp\/v2\/types\/product"}],"wp:featuredmedia":[{"embeddable":true,"href":"https:\/\/vinilozona.lt\/en\/wp-json\/wp\/v2\/media\/25134"}],"wp:attachment":[{"href":"https:\/\/vinilozona.lt\/en\/wp-json\/wp\/v2\/media?parent=14031"}],"wp:term":[{"taxonomy":"product_cat","embeddable":true,"href":"https:\/\/vinilozona.lt\/en\/wp-json\/wp\/v2\/product_cat?post=14031"},{"taxonomy":"product_tag","embeddable":true,"href":"https:\/\/vinilozona.lt\/en\/wp-json\/wp\/v2\/product_tag?post=14031"}],"curies":[{"name":"wp","href":"https:\/\/api.w.org\/{rel}","templated":true}]}}