{"id":14000,"date":"2023-03-12T17:00:16","date_gmt":"2023-03-12T15:00:16","guid":{"rendered":"https:\/\/vinilozona.lt\/?post_type=product&#038;p=14000"},"modified":"2025-01-04T11:50:49","modified_gmt":"2025-01-04T09:50:49","slug":"axel-rudi-pell-%e2%80%8e-knights-call","status":"publish","type":"product","link":"https:\/\/vinilozona.lt\/en\/parduotuve\/lietuviska\/axel-rudi-pell-%e2%80%8e-knights-call\/","title":{"rendered":"Various \u2013 Baras (Contemporary Lithuanian Composers Scores To Art\u016bras Barysas Short Films 1972-1982)"},"content":{"rendered":"<p>A1\tHaruspic*\u2013\tTas Saldus \u017dodis\t1:05<br \/>\nA2\tWejdas\u2013\tDu \u017dmon\u0117s Mi\u0161ke\t7:02<br \/>\nA3\tMcKaras\u2013\tEs\u0117\t5:16<br \/>\nA4\tGintas K\u2013\tGeriau U\u017e Roj\u0173\t2:57<br \/>\nA5\tHaruspic*\u2013\tIntelektuali Popiet\u0117\t2:36<br \/>\nB1\tGirn\u0173 Giesm\u0117s\u2013\tTie, Kurie Ne\u017einote\t4:40<br \/>\nB2\tBanachtarski\u2013\tDu Kart Du\t4:10<br \/>\nB3\tGintas K\u2013\tAnekdotas Apie Metr\u0105\t2:29<br \/>\nB4\tEntropija\u2013\tPrasm\u0117\t3:49<br \/>\nC1\tOorchach\u2013\tSakyti Tik Ties\u0105\t5:13<br \/>\nC2\tArt\u016bras Bum\u0161teinas*\u2013\tRoma, Renata, Rimas\t3:56<br \/>\nC3\tAntanas Dombrovskij\u2013\tAkivaizdu, Bet Ne\u012ftik\u0117tina\t6:25<br \/>\nC4\tavidja \/ DeVita\u2013\tSniegas\t2:58<br \/>\nD1\t\u0160ar\u016bnas Nakas\u2013\tMes\t8:33<br \/>\nD2\t\u0160ar\u016bnas Nakas\u2013\tTaina\t6:25<\/p>","protected":false},"excerpt":{"rendered":"<p>Zona Records \u2013 ZNLP 098<br \/>\nFormat:<br \/>\n2 x Vinyl, LP, Compilation, Limited Edition<br \/>\nCountry:\tLithuania<br \/>\nReleased:\tApr 27, 2022<\/p>","protected":false},"featured_media":21754,"template":"","meta":[],"product_cat":[19,23],"product_tag":[44],"yoast_head":"<!-- This site is optimized with the Yoast SEO plugin v23.5 - https:\/\/yoast.com\/wordpress\/plugins\/seo\/ -->\n<title>Various \u2013 Baras (Contemporary Lithuanian Composers Scores To Art\u016bras Barysas Short Films 1972-1982) Vinilin\u0117 Plok\u0161tel\u0117 | Vinilozona.lt<\/title>\n<meta name=\"robots\" content=\"index, follow, max-snippet:-1, max-image-preview:large, max-video-preview:-1\" \/>\n<link rel=\"canonical\" href=\"https:\/\/vinilozona.lt\/en\/parduotuve\/lietuviska\/axel-rudi-pell-\u200e-knights-call\/\" \/>\n<meta property=\"og:locale\" content=\"en_GB\" \/>\n<meta property=\"og:type\" content=\"article\" \/>\n<meta property=\"og:title\" content=\"Various \u2013 Baras (Contemporary Lithuanian Composers Scores To Art\u016bras Barysas Short Films 1972-1982) Vinilin\u0117 Plok\u0161tel\u0117 | Vinilozona.lt\" \/>\n<meta property=\"og:description\" content=\"Zona Records \u2013 ZNLP 098 Format:  2 x Vinyl, LP, Compilation, Limited Edition Country: Lithuania Released: Apr 27, 2022\" \/>\n<meta property=\"og:url\" content=\"https:\/\/vinilozona.lt\/en\/parduotuve\/lietuviska\/axel-rudi-pell-\u200e-knights-call\/\" \/>\n<meta property=\"og:site_name\" content=\"Vinilo Zona\" \/>\n<meta property=\"article:modified_time\" content=\"2025-01-04T09:50:49+00:00\" \/>\n<meta property=\"og:image\" content=\"https:\/\/vinilozona.lt\/wp-content\/uploads\/2023\/02\/R-23107229-1651661697-7030.jpg\" \/>\n\t<meta property=\"og:image:width\" content=\"578\" \/>\n\t<meta property=\"og:image:height\" content=\"600\" \/>\n\t<meta property=\"og:image:type\" content=\"image\/jpeg\" \/>\n<meta name=\"twitter:card\" content=\"summary_large_image\" \/>\n<script type=\"application\/ld+json\" class=\"yoast-schema-graph\">{\"@context\":\"https:\/\/schema.org\",\"@graph\":[{\"@type\":\"WebPage\",\"@id\":\"https:\/\/vinilozona.lt\/parduotuve\/lietuviska\/axel-rudi-pell-%e2%80%8e-knights-call\/\",\"url\":\"https:\/\/vinilozona.lt\/parduotuve\/lietuviska\/axel-rudi-pell-%e2%80%8e-knights-call\/\",\"name\":\"Various \u2013 Baras (Contemporary Lithuanian Composers Scores To Art\u016bras Barysas Short Films 1972-1982) Vinilin\u0117 Plok\u0161tel\u0117 | Vinilozona.lt\",\"isPartOf\":{\"@id\":\"https:\/\/vinilozona.lt\/#website\"},\"primaryImageOfPage\":{\"@id\":\"https:\/\/vinilozona.lt\/parduotuve\/lietuviska\/axel-rudi-pell-%e2%80%8e-knights-call\/#primaryimage\"},\"image\":{\"@id\":\"https:\/\/vinilozona.lt\/parduotuve\/lietuviska\/axel-rudi-pell-%e2%80%8e-knights-call\/#primaryimage\"},\"thumbnailUrl\":\"https:\/\/vinilozona.lt\/wp-content\/uploads\/2023\/02\/R-23107229-1651661697-7030.jpg\",\"datePublished\":\"2023-03-12T15:00:16+00:00\",\"dateModified\":\"2025-01-04T09:50:49+00:00\",\"breadcrumb\":{\"@id\":\"https:\/\/vinilozona.lt\/parduotuve\/lietuviska\/axel-rudi-pell-%e2%80%8e-knights-call\/#breadcrumb\"},\"inLanguage\":\"en-GB\",\"potentialAction\":[{\"@type\":\"ReadAction\",\"target\":[\"https:\/\/vinilozona.lt\/parduotuve\/lietuviska\/axel-rudi-pell-%e2%80%8e-knights-call\/\"]}]},{\"@type\":\"ImageObject\",\"inLanguage\":\"en-GB\",\"@id\":\"https:\/\/vinilozona.lt\/parduotuve\/lietuviska\/axel-rudi-pell-%e2%80%8e-knights-call\/#primaryimage\",\"url\":\"https:\/\/vinilozona.lt\/wp-content\/uploads\/2023\/02\/R-23107229-1651661697-7030.jpg\",\"contentUrl\":\"https:\/\/vinilozona.lt\/wp-content\/uploads\/2023\/02\/R-23107229-1651661697-7030.jpg\",\"width\":578,\"height\":600},{\"@type\":\"BreadcrumbList\",\"@id\":\"https:\/\/vinilozona.lt\/parduotuve\/lietuviska\/axel-rudi-pell-%e2%80%8e-knights-call\/#breadcrumb\",\"itemListElement\":[{\"@type\":\"ListItem\",\"position\":1,\"name\":\"Home\",\"item\":\"https:\/\/vinilozona.lt\/\"},{\"@type\":\"ListItem\",\"position\":2,\"name\":\"Parduotuv\u0117\",\"item\":\"https:\/\/vinilozona.lt\/parduotuve\/\"},{\"@type\":\"ListItem\",\"position\":3,\"name\":\"Various \u2013 Baras (Contemporary Lithuanian Composers Scores To Art\u016bras Barysas Short Films 1972-1982)\"}]},{\"@type\":\"WebSite\",\"@id\":\"https:\/\/vinilozona.lt\/#website\",\"url\":\"https:\/\/vinilozona.lt\/\",\"name\":\"Vinilo Zona\",\"description\":\"Nup\u016bsk dulkes ir klausyk LP\",\"potentialAction\":[{\"@type\":\"SearchAction\",\"target\":{\"@type\":\"EntryPoint\",\"urlTemplate\":\"https:\/\/vinilozona.lt\/?s={search_term_string}\"},\"query-input\":{\"@type\":\"PropertyValueSpecification\",\"valueRequired\":true,\"valueName\":\"search_term_string\"}}],\"inLanguage\":\"en-GB\"}]}<\/script>\n<!-- \/ Yoast SEO plugin. -->","yoast_head_json":{"title":"Various \u2013 Baras (Contemporary Lithuanian Composers Scores To Art\u016bras Barysas Short Films 1972-1982) Vinilin\u0117 Plok\u0161tel\u0117 | Vinilozona.lt","robots":{"index":"index","follow":"follow","max-snippet":"max-snippet:-1","max-image-preview":"max-image-preview:large","max-video-preview":"max-video-preview:-1"},"canonical":"https:\/\/vinilozona.lt\/en\/parduotuve\/lietuviska\/axel-rudi-pell-\u200e-knights-call\/","og_locale":"en_GB","og_type":"article","og_title":"Various \u2013 Baras (Contemporary Lithuanian Composers Scores To Art\u016bras Barysas Short Films 1972-1982) Vinilin\u0117 Plok\u0161tel\u0117 | Vinilozona.lt","og_description":"Zona Records \u2013 ZNLP 098 Format:  2 x Vinyl, LP, Compilation, Limited Edition Country: Lithuania Released: Apr 27, 2022","og_url":"https:\/\/vinilozona.lt\/en\/parduotuve\/lietuviska\/axel-rudi-pell-\u200e-knights-call\/","og_site_name":"Vinilo Zona","article_modified_time":"2025-01-04T09:50:49+00:00","og_image":[{"width":578,"height":600,"url":"https:\/\/vinilozona.lt\/wp-content\/uploads\/2023\/02\/R-23107229-1651661697-7030.jpg","type":"image\/jpeg"}],"twitter_card":"summary_large_image","schema":{"@context":"https:\/\/schema.org","@graph":[{"@type":"WebPage","@id":"https:\/\/vinilozona.lt\/parduotuve\/lietuviska\/axel-rudi-pell-%e2%80%8e-knights-call\/","url":"https:\/\/vinilozona.lt\/parduotuve\/lietuviska\/axel-rudi-pell-%e2%80%8e-knights-call\/","name":"Various \u2013 Baras (Contemporary Lithuanian Composers Scores To Art\u016bras Barysas Short Films 1972-1982) Vinilin\u0117 Plok\u0161tel\u0117 | Vinilozona.lt","isPartOf":{"@id":"https:\/\/vinilozona.lt\/#website"},"primaryImageOfPage":{"@id":"https:\/\/vinilozona.lt\/parduotuve\/lietuviska\/axel-rudi-pell-%e2%80%8e-knights-call\/#primaryimage"},"image":{"@id":"https:\/\/vinilozona.lt\/parduotuve\/lietuviska\/axel-rudi-pell-%e2%80%8e-knights-call\/#primaryimage"},"thumbnailUrl":"https:\/\/vinilozona.lt\/wp-content\/uploads\/2023\/02\/R-23107229-1651661697-7030.jpg","datePublished":"2023-03-12T15:00:16+00:00","dateModified":"2025-01-04T09:50:49+00:00","breadcrumb":{"@id":"https:\/\/vinilozona.lt\/parduotuve\/lietuviska\/axel-rudi-pell-%e2%80%8e-knights-call\/#breadcrumb"},"inLanguage":"en-GB","potentialAction":[{"@type":"ReadAction","target":["https:\/\/vinilozona.lt\/parduotuve\/lietuviska\/axel-rudi-pell-%e2%80%8e-knights-call\/"]}]},{"@type":"ImageObject","inLanguage":"en-GB","@id":"https:\/\/vinilozona.lt\/parduotuve\/lietuviska\/axel-rudi-pell-%e2%80%8e-knights-call\/#primaryimage","url":"https:\/\/vinilozona.lt\/wp-content\/uploads\/2023\/02\/R-23107229-1651661697-7030.jpg","contentUrl":"https:\/\/vinilozona.lt\/wp-content\/uploads\/2023\/02\/R-23107229-1651661697-7030.jpg","width":578,"height":600},{"@type":"BreadcrumbList","@id":"https:\/\/vinilozona.lt\/parduotuve\/lietuviska\/axel-rudi-pell-%e2%80%8e-knights-call\/#breadcrumb","itemListElement":[{"@type":"ListItem","position":1,"name":"Home","item":"https:\/\/vinilozona.lt\/"},{"@type":"ListItem","position":2,"name":"Parduotuv\u0117","item":"https:\/\/vinilozona.lt\/parduotuve\/"},{"@type":"ListItem","position":3,"name":"Various \u2013 Baras (Contemporary Lithuanian Composers Scores To Art\u016bras Barysas Short Films 1972-1982)"}]},{"@type":"WebSite","@id":"https:\/\/vinilozona.lt\/#website","url":"https:\/\/vinilozona.lt\/","name":"Vinilo Zona","description":"Nup\u016bsk dulkes ir klausyk LP","potentialAction":[{"@type":"SearchAction","target":{"@type":"EntryPoint","urlTemplate":"https:\/\/vinilozona.lt\/?s={search_term_string}"},"query-input":{"@type":"PropertyValueSpecification","valueRequired":true,"valueName":"search_term_string"}}],"inLanguage":"en-GB"}]}},"_links":{"self":[{"href":"https:\/\/vinilozona.lt\/en\/wp-json\/wp\/v2\/product\/14000"}],"collection":[{"href":"https:\/\/vinilozona.lt\/en\/wp-json\/wp\/v2\/product"}],"about":[{"href":"https:\/\/vinilozona.lt\/en\/wp-json\/wp\/v2\/types\/product"}],"wp:featuredmedia":[{"embeddable":true,"href":"https:\/\/vinilozona.lt\/en\/wp-json\/wp\/v2\/media\/21754"}],"wp:attachment":[{"href":"https:\/\/vinilozona.lt\/en\/wp-json\/wp\/v2\/media?parent=14000"}],"wp:term":[{"taxonomy":"product_cat","embeddable":true,"href":"https:\/\/vinilozona.lt\/en\/wp-json\/wp\/v2\/product_cat?post=14000"},{"taxonomy":"product_tag","embeddable":true,"href":"https:\/\/vinilozona.lt\/en\/wp-json\/wp\/v2\/product_tag?post=14000"}],"curies":[{"name":"wp","href":"https:\/\/api.w.org\/{rel}","templated":true}]}}