{"id":1398,"date":"2026-02-15T05:07:44","date_gmt":"2026-02-15T03:07:44","guid":{"rendered":"https:\/\/vinylhome.lt\/?post_type=product&#038;p=1398"},"modified":"2026-03-24T19:28:39","modified_gmt":"2026-03-24T17:28:39","slug":"dainos-teatras-%e2%80%8e-dainos-teatras-cd","status":"publish","type":"product","link":"https:\/\/vinilozona.lt\/en\/parduotuve\/cd\/lietuviski-cd\/dainos-teatras-%e2%80%8e-dainos-teatras-cd\/","title":{"rendered":"Vytautas Kernagis \u200e\u2013 Dainos Teatras CD"},"content":{"rendered":"<p>1\t\tGera \u017dinoti I\u0161 Anksto  3:59<br \/>\n2\t\tTaip Yra Ne Tau Vienam  4:06<br \/>\n3\t\tI\u0161junk Televizori\u0173  4:28<br \/>\n4\t\tAr Tu Lauki  4:24<br \/>\n5\t\tA\u0161 Esu Labai Gerai  4:43<br \/>\n6\t\tJau Vasaris Baigiasi  6:01<br \/>\n7\t\tI\u0161tirp\u0119s Sniegas  4:05<br \/>\n8\t\t\u017demutini\u0173 Pili\u0173 \u0160vent\u0117 (Kansaras)  5:22<br \/>\n9\t\t\u0160irdele Mano  5:09<br \/>\n10\t\t\u017diemos Vakaras  5:18<br \/>\n11\t\tPrisiminus Karusel\u0119  4:22<br \/>\n12\t\tLigonin\u0117  5:13<br \/>\n13\t\tRugs\u0117jis  5:39<br \/>\n14\t\tSaulei Tekant  4:12<br \/>\n15\t\tBaltas Pauk\u0161tis  5:14<br \/>\n16\t\tMano Ab\u0117c\u0117l\u0117 Ir Eik Savo Keliu  1:32<\/p>","protected":false},"excerpt":{"rendered":"<p>Not On Label (Vytautas Kernagis Self-released) \u2013 VK CD 003<br \/>\nFormat:<br \/>\nCD, Compilation<br \/>\nCountry:\tLithuania<br \/>\nReleased:\t2006<\/p>","protected":false},"featured_media":1399,"template":"","meta":[],"product_cat":[24,947,56],"product_tag":[772],"yoast_head":"<!-- This site is optimized with the Yoast SEO plugin v23.5 - https:\/\/yoast.com\/wordpress\/plugins\/seo\/ -->\n<title>Vytautas Kernagis \u200e\u2013 Dainos Teatras CD Vinilin\u0117 Plok\u0161tel\u0117 | Vinilozona.lt<\/title>\n<meta name=\"robots\" content=\"index, follow, max-snippet:-1, max-image-preview:large, max-video-preview:-1\" \/>\n<link rel=\"canonical\" href=\"https:\/\/vinilozona.lt\/en\/parduotuve\/cd\/lietuviski-cd\/dainos-teatras-\u200e-dainos-teatras-cd\/\" \/>\n<meta property=\"og:locale\" content=\"en_GB\" \/>\n<meta property=\"og:type\" content=\"article\" \/>\n<meta property=\"og:title\" content=\"Vytautas Kernagis \u200e\u2013 Dainos Teatras CD Vinilin\u0117 Plok\u0161tel\u0117 | Vinilozona.lt\" \/>\n<meta property=\"og:description\" content=\"Not On Label (Vytautas Kernagis Self-released) \u2013 VK CD 003 Format:  CD, Compilation Country: Lithuania Released: 2006\" \/>\n<meta property=\"og:url\" content=\"https:\/\/vinilozona.lt\/en\/parduotuve\/cd\/lietuviski-cd\/dainos-teatras-\u200e-dainos-teatras-cd\/\" \/>\n<meta property=\"og:site_name\" content=\"Vinilo Zona\" \/>\n<meta property=\"article:modified_time\" content=\"2026-03-24T17:28:39+00:00\" \/>\n<meta property=\"og:image\" content=\"https:\/\/vinilozona.lt\/wp-content\/uploads\/2019\/12\/dainos-teatras-dainos-teatras-cd-1.jpg\" \/>\n\t<meta property=\"og:image:width\" content=\"399\" \/>\n\t<meta property=\"og:image:height\" content=\"299\" \/>\n\t<meta property=\"og:image:type\" content=\"image\/jpeg\" \/>\n<meta name=\"twitter:card\" content=\"summary_large_image\" \/>\n<script type=\"application\/ld+json\" class=\"yoast-schema-graph\">{\"@context\":\"https:\/\/schema.org\",\"@graph\":[{\"@type\":\"WebPage\",\"@id\":\"https:\/\/vinilozona.lt\/parduotuve\/cd\/lietuviski-cd\/dainos-teatras-%e2%80%8e-dainos-teatras-cd\/\",\"url\":\"https:\/\/vinilozona.lt\/parduotuve\/cd\/lietuviski-cd\/dainos-teatras-%e2%80%8e-dainos-teatras-cd\/\",\"name\":\"Vytautas Kernagis \u200e\u2013 Dainos Teatras CD Vinilin\u0117 Plok\u0161tel\u0117 | Vinilozona.lt\",\"isPartOf\":{\"@id\":\"https:\/\/vinilozona.lt\/#website\"},\"primaryImageOfPage\":{\"@id\":\"https:\/\/vinilozona.lt\/parduotuve\/cd\/lietuviski-cd\/dainos-teatras-%e2%80%8e-dainos-teatras-cd\/#primaryimage\"},\"image\":{\"@id\":\"https:\/\/vinilozona.lt\/parduotuve\/cd\/lietuviski-cd\/dainos-teatras-%e2%80%8e-dainos-teatras-cd\/#primaryimage\"},\"thumbnailUrl\":\"https:\/\/vinilozona.lt\/wp-content\/uploads\/2019\/12\/dainos-teatras-dainos-teatras-cd-1.jpg\",\"datePublished\":\"2026-02-15T03:07:44+00:00\",\"dateModified\":\"2026-03-24T17:28:39+00:00\",\"breadcrumb\":{\"@id\":\"https:\/\/vinilozona.lt\/parduotuve\/cd\/lietuviski-cd\/dainos-teatras-%e2%80%8e-dainos-teatras-cd\/#breadcrumb\"},\"inLanguage\":\"en-GB\",\"potentialAction\":[{\"@type\":\"ReadAction\",\"target\":[\"https:\/\/vinilozona.lt\/parduotuve\/cd\/lietuviski-cd\/dainos-teatras-%e2%80%8e-dainos-teatras-cd\/\"]}]},{\"@type\":\"ImageObject\",\"inLanguage\":\"en-GB\",\"@id\":\"https:\/\/vinilozona.lt\/parduotuve\/cd\/lietuviski-cd\/dainos-teatras-%e2%80%8e-dainos-teatras-cd\/#primaryimage\",\"url\":\"https:\/\/vinilozona.lt\/wp-content\/uploads\/2019\/12\/dainos-teatras-dainos-teatras-cd-1.jpg\",\"contentUrl\":\"https:\/\/vinilozona.lt\/wp-content\/uploads\/2019\/12\/dainos-teatras-dainos-teatras-cd-1.jpg\",\"width\":399,\"height\":299},{\"@type\":\"BreadcrumbList\",\"@id\":\"https:\/\/vinilozona.lt\/parduotuve\/cd\/lietuviski-cd\/dainos-teatras-%e2%80%8e-dainos-teatras-cd\/#breadcrumb\",\"itemListElement\":[{\"@type\":\"ListItem\",\"position\":1,\"name\":\"Home\",\"item\":\"https:\/\/vinilozona.lt\/\"},{\"@type\":\"ListItem\",\"position\":2,\"name\":\"Parduotuv\u0117\",\"item\":\"https:\/\/vinilozona.lt\/parduotuve\/\"},{\"@type\":\"ListItem\",\"position\":3,\"name\":\"Vytautas Kernagis \u200e\u2013 Dainos Teatras CD\"}]},{\"@type\":\"WebSite\",\"@id\":\"https:\/\/vinilozona.lt\/#website\",\"url\":\"https:\/\/vinilozona.lt\/\",\"name\":\"Vinilo Zona\",\"description\":\"Nup\u016bsk dulkes ir klausyk LP\",\"potentialAction\":[{\"@type\":\"SearchAction\",\"target\":{\"@type\":\"EntryPoint\",\"urlTemplate\":\"https:\/\/vinilozona.lt\/?s={search_term_string}\"},\"query-input\":{\"@type\":\"PropertyValueSpecification\",\"valueRequired\":true,\"valueName\":\"search_term_string\"}}],\"inLanguage\":\"en-GB\"}]}<\/script>\n<!-- \/ Yoast SEO plugin. -->","yoast_head_json":{"title":"Vytautas Kernagis \u200e\u2013 Dainos Teatras CD Vinilin\u0117 Plok\u0161tel\u0117 | Vinilozona.lt","robots":{"index":"index","follow":"follow","max-snippet":"max-snippet:-1","max-image-preview":"max-image-preview:large","max-video-preview":"max-video-preview:-1"},"canonical":"https:\/\/vinilozona.lt\/en\/parduotuve\/cd\/lietuviski-cd\/dainos-teatras-\u200e-dainos-teatras-cd\/","og_locale":"en_GB","og_type":"article","og_title":"Vytautas Kernagis \u200e\u2013 Dainos Teatras CD Vinilin\u0117 Plok\u0161tel\u0117 | Vinilozona.lt","og_description":"Not On Label (Vytautas Kernagis Self-released) \u2013 VK CD 003 Format:  CD, Compilation Country: Lithuania Released: 2006","og_url":"https:\/\/vinilozona.lt\/en\/parduotuve\/cd\/lietuviski-cd\/dainos-teatras-\u200e-dainos-teatras-cd\/","og_site_name":"Vinilo Zona","article_modified_time":"2026-03-24T17:28:39+00:00","og_image":[{"width":399,"height":299,"url":"https:\/\/vinilozona.lt\/wp-content\/uploads\/2019\/12\/dainos-teatras-dainos-teatras-cd-1.jpg","type":"image\/jpeg"}],"twitter_card":"summary_large_image","schema":{"@context":"https:\/\/schema.org","@graph":[{"@type":"WebPage","@id":"https:\/\/vinilozona.lt\/parduotuve\/cd\/lietuviski-cd\/dainos-teatras-%e2%80%8e-dainos-teatras-cd\/","url":"https:\/\/vinilozona.lt\/parduotuve\/cd\/lietuviski-cd\/dainos-teatras-%e2%80%8e-dainos-teatras-cd\/","name":"Vytautas Kernagis \u200e\u2013 Dainos Teatras CD Vinilin\u0117 Plok\u0161tel\u0117 | Vinilozona.lt","isPartOf":{"@id":"https:\/\/vinilozona.lt\/#website"},"primaryImageOfPage":{"@id":"https:\/\/vinilozona.lt\/parduotuve\/cd\/lietuviski-cd\/dainos-teatras-%e2%80%8e-dainos-teatras-cd\/#primaryimage"},"image":{"@id":"https:\/\/vinilozona.lt\/parduotuve\/cd\/lietuviski-cd\/dainos-teatras-%e2%80%8e-dainos-teatras-cd\/#primaryimage"},"thumbnailUrl":"https:\/\/vinilozona.lt\/wp-content\/uploads\/2019\/12\/dainos-teatras-dainos-teatras-cd-1.jpg","datePublished":"2026-02-15T03:07:44+00:00","dateModified":"2026-03-24T17:28:39+00:00","breadcrumb":{"@id":"https:\/\/vinilozona.lt\/parduotuve\/cd\/lietuviski-cd\/dainos-teatras-%e2%80%8e-dainos-teatras-cd\/#breadcrumb"},"inLanguage":"en-GB","potentialAction":[{"@type":"ReadAction","target":["https:\/\/vinilozona.lt\/parduotuve\/cd\/lietuviski-cd\/dainos-teatras-%e2%80%8e-dainos-teatras-cd\/"]}]},{"@type":"ImageObject","inLanguage":"en-GB","@id":"https:\/\/vinilozona.lt\/parduotuve\/cd\/lietuviski-cd\/dainos-teatras-%e2%80%8e-dainos-teatras-cd\/#primaryimage","url":"https:\/\/vinilozona.lt\/wp-content\/uploads\/2019\/12\/dainos-teatras-dainos-teatras-cd-1.jpg","contentUrl":"https:\/\/vinilozona.lt\/wp-content\/uploads\/2019\/12\/dainos-teatras-dainos-teatras-cd-1.jpg","width":399,"height":299},{"@type":"BreadcrumbList","@id":"https:\/\/vinilozona.lt\/parduotuve\/cd\/lietuviski-cd\/dainos-teatras-%e2%80%8e-dainos-teatras-cd\/#breadcrumb","itemListElement":[{"@type":"ListItem","position":1,"name":"Home","item":"https:\/\/vinilozona.lt\/"},{"@type":"ListItem","position":2,"name":"Parduotuv\u0117","item":"https:\/\/vinilozona.lt\/parduotuve\/"},{"@type":"ListItem","position":3,"name":"Vytautas Kernagis \u200e\u2013 Dainos Teatras CD"}]},{"@type":"WebSite","@id":"https:\/\/vinilozona.lt\/#website","url":"https:\/\/vinilozona.lt\/","name":"Vinilo Zona","description":"Nup\u016bsk dulkes ir klausyk LP","potentialAction":[{"@type":"SearchAction","target":{"@type":"EntryPoint","urlTemplate":"https:\/\/vinilozona.lt\/?s={search_term_string}"},"query-input":{"@type":"PropertyValueSpecification","valueRequired":true,"valueName":"search_term_string"}}],"inLanguage":"en-GB"}]}},"_links":{"self":[{"href":"https:\/\/vinilozona.lt\/en\/wp-json\/wp\/v2\/product\/1398"}],"collection":[{"href":"https:\/\/vinilozona.lt\/en\/wp-json\/wp\/v2\/product"}],"about":[{"href":"https:\/\/vinilozona.lt\/en\/wp-json\/wp\/v2\/types\/product"}],"wp:featuredmedia":[{"embeddable":true,"href":"https:\/\/vinilozona.lt\/en\/wp-json\/wp\/v2\/media\/1399"}],"wp:attachment":[{"href":"https:\/\/vinilozona.lt\/en\/wp-json\/wp\/v2\/media?parent=1398"}],"wp:term":[{"taxonomy":"product_cat","embeddable":true,"href":"https:\/\/vinilozona.lt\/en\/wp-json\/wp\/v2\/product_cat?post=1398"},{"taxonomy":"product_tag","embeddable":true,"href":"https:\/\/vinilozona.lt\/en\/wp-json\/wp\/v2\/product_tag?post=1398"}],"curies":[{"name":"wp","href":"https:\/\/api.w.org\/{rel}","templated":true}]}}