{"id":13885,"date":"2025-05-22T05:04:03","date_gmt":"2025-05-22T02:04:03","guid":{"rendered":"https:\/\/vinilozona.lt\/?post_type=product&#038;p=13885"},"modified":"2025-05-22T06:48:25","modified_gmt":"2025-05-22T03:48:25","slug":"kim-lesley-%e2%80%8e-store-it-up-til-morning","status":"publish","type":"product","link":"https:\/\/vinilozona.lt\/en\/parduotuve\/jazz\/kim-lesley-%e2%80%8e-store-it-up-til-morning\/","title":{"rendered":"Kim Lesley \u200e\u2013 Store It Up &#8216;Til Morning"},"content":{"rendered":"<p>A1\t\t500 Miles High<br \/>\nA2\t\tI&#8217;m Wasting My Time<br \/>\nA3\t\tStore It Up &#8216;Til Morning<br \/>\nA4\t\tAs If I Cared<br \/>\nA5\t\tNatural Women<br \/>\nA6\t\tI Cried For You<br \/>\nB1\t\tMy Dearest Dear<br \/>\nB2\t\tSpring Can Really Hang You Up The Most<br \/>\nB3\t\tBetter Than<br \/>\nB4\t\tLove Is Here To Stay<br \/>\nB5\t\tFine &#038; Mellow<\/p>","protected":false},"excerpt":{"rendered":"<p>Zodiac Records Ltd.  \u2013 ZR 2016<br \/>\nFormat:<br \/>\nVinyl, LP<br \/>\nCountry: UK<br \/>\nGenre: Jazz, Pop<\/p>","protected":false},"featured_media":13886,"template":"","meta":[],"product_cat":[20],"product_tag":[55],"yoast_head":"<!-- This site is optimized with the Yoast SEO plugin v23.5 - https:\/\/yoast.com\/wordpress\/plugins\/seo\/ -->\n<title>Kim Lesley \u200e\u2013 Store It Up &#039;Til Morning Vinilin\u0117 Plok\u0161tel\u0117 | Vinilozona.lt<\/title>\n<meta name=\"robots\" content=\"index, follow, max-snippet:-1, max-image-preview:large, max-video-preview:-1\" \/>\n<link rel=\"canonical\" href=\"https:\/\/vinilozona.lt\/en\/parduotuve\/jazz\/kim-lesley-\u200e-store-it-up-til-morning\/\" \/>\n<meta property=\"og:locale\" content=\"en_GB\" \/>\n<meta property=\"og:type\" content=\"article\" \/>\n<meta property=\"og:title\" content=\"Kim Lesley \u200e\u2013 Store It Up &#039;Til Morning Vinilin\u0117 Plok\u0161tel\u0117 | Vinilozona.lt\" \/>\n<meta property=\"og:description\" content=\"Zodiac Records Ltd. \u2013 ZR 2016 Format: Vinyl, LP Country: UK Genre: Jazz, Pop\" \/>\n<meta property=\"og:url\" content=\"https:\/\/vinilozona.lt\/en\/parduotuve\/jazz\/kim-lesley-\u200e-store-it-up-til-morning\/\" \/>\n<meta property=\"og:site_name\" content=\"Vinilo Zona\" \/>\n<meta property=\"article:modified_time\" content=\"2025-05-22T03:48:25+00:00\" \/>\n<meta property=\"og:image\" content=\"https:\/\/vinilozona.lt\/wp-content\/uploads\/2021\/01\/R-10571708-1500127892-2188.mpo_.jpg\" \/>\n\t<meta property=\"og:image:width\" content=\"300\" \/>\n\t<meta property=\"og:image:height\" content=\"289\" \/>\n\t<meta property=\"og:image:type\" content=\"image\/jpeg\" \/>\n<meta name=\"twitter:card\" content=\"summary_large_image\" \/>\n<meta name=\"twitter:label1\" content=\"Estimated reading time\" \/>\n\t<meta name=\"twitter:data1\" content=\"1 minute\" \/>\n<script type=\"application\/ld+json\" class=\"yoast-schema-graph\">{\"@context\":\"https:\/\/schema.org\",\"@graph\":[{\"@type\":\"WebPage\",\"@id\":\"https:\/\/vinilozona.lt\/parduotuve\/jazz\/kim-lesley-%e2%80%8e-store-it-up-til-morning\/\",\"url\":\"https:\/\/vinilozona.lt\/parduotuve\/jazz\/kim-lesley-%e2%80%8e-store-it-up-til-morning\/\",\"name\":\"Kim Lesley \u200e\u2013 Store It Up 'Til Morning Vinilin\u0117 Plok\u0161tel\u0117 | Vinilozona.lt\",\"isPartOf\":{\"@id\":\"https:\/\/vinilozona.lt\/#website\"},\"primaryImageOfPage\":{\"@id\":\"https:\/\/vinilozona.lt\/parduotuve\/jazz\/kim-lesley-%e2%80%8e-store-it-up-til-morning\/#primaryimage\"},\"image\":{\"@id\":\"https:\/\/vinilozona.lt\/parduotuve\/jazz\/kim-lesley-%e2%80%8e-store-it-up-til-morning\/#primaryimage\"},\"thumbnailUrl\":\"https:\/\/vinilozona.lt\/wp-content\/uploads\/2021\/01\/R-10571708-1500127892-2188.mpo_.jpg\",\"datePublished\":\"2025-05-22T02:04:03+00:00\",\"dateModified\":\"2025-05-22T03:48:25+00:00\",\"breadcrumb\":{\"@id\":\"https:\/\/vinilozona.lt\/parduotuve\/jazz\/kim-lesley-%e2%80%8e-store-it-up-til-morning\/#breadcrumb\"},\"inLanguage\":\"en-GB\",\"potentialAction\":[{\"@type\":\"ReadAction\",\"target\":[\"https:\/\/vinilozona.lt\/parduotuve\/jazz\/kim-lesley-%e2%80%8e-store-it-up-til-morning\/\"]}]},{\"@type\":\"ImageObject\",\"inLanguage\":\"en-GB\",\"@id\":\"https:\/\/vinilozona.lt\/parduotuve\/jazz\/kim-lesley-%e2%80%8e-store-it-up-til-morning\/#primaryimage\",\"url\":\"https:\/\/vinilozona.lt\/wp-content\/uploads\/2021\/01\/R-10571708-1500127892-2188.mpo_.jpg\",\"contentUrl\":\"https:\/\/vinilozona.lt\/wp-content\/uploads\/2021\/01\/R-10571708-1500127892-2188.mpo_.jpg\",\"width\":300,\"height\":289},{\"@type\":\"BreadcrumbList\",\"@id\":\"https:\/\/vinilozona.lt\/parduotuve\/jazz\/kim-lesley-%e2%80%8e-store-it-up-til-morning\/#breadcrumb\",\"itemListElement\":[{\"@type\":\"ListItem\",\"position\":1,\"name\":\"Home\",\"item\":\"https:\/\/vinilozona.lt\/\"},{\"@type\":\"ListItem\",\"position\":2,\"name\":\"Parduotuv\u0117\",\"item\":\"https:\/\/vinilozona.lt\/parduotuve\/\"},{\"@type\":\"ListItem\",\"position\":3,\"name\":\"Kim Lesley \u200e\u2013 Store It Up &#8216;Til Morning\"}]},{\"@type\":\"WebSite\",\"@id\":\"https:\/\/vinilozona.lt\/#website\",\"url\":\"https:\/\/vinilozona.lt\/\",\"name\":\"Vinilo Zona\",\"description\":\"Nup\u016bsk dulkes ir klausyk LP\",\"potentialAction\":[{\"@type\":\"SearchAction\",\"target\":{\"@type\":\"EntryPoint\",\"urlTemplate\":\"https:\/\/vinilozona.lt\/?s={search_term_string}\"},\"query-input\":{\"@type\":\"PropertyValueSpecification\",\"valueRequired\":true,\"valueName\":\"search_term_string\"}}],\"inLanguage\":\"en-GB\"}]}<\/script>\n<!-- \/ Yoast SEO plugin. -->","yoast_head_json":{"title":"Kim Lesley \u200e\u2013 Store It Up 'Til Morning Vinilin\u0117 Plok\u0161tel\u0117 | Vinilozona.lt","robots":{"index":"index","follow":"follow","max-snippet":"max-snippet:-1","max-image-preview":"max-image-preview:large","max-video-preview":"max-video-preview:-1"},"canonical":"https:\/\/vinilozona.lt\/en\/parduotuve\/jazz\/kim-lesley-\u200e-store-it-up-til-morning\/","og_locale":"en_GB","og_type":"article","og_title":"Kim Lesley \u200e\u2013 Store It Up 'Til Morning Vinilin\u0117 Plok\u0161tel\u0117 | Vinilozona.lt","og_description":"Zodiac Records Ltd. \u2013 ZR 2016 Format: Vinyl, LP Country: UK Genre: Jazz, Pop","og_url":"https:\/\/vinilozona.lt\/en\/parduotuve\/jazz\/kim-lesley-\u200e-store-it-up-til-morning\/","og_site_name":"Vinilo Zona","article_modified_time":"2025-05-22T03:48:25+00:00","og_image":[{"width":300,"height":289,"url":"https:\/\/vinilozona.lt\/wp-content\/uploads\/2021\/01\/R-10571708-1500127892-2188.mpo_.jpg","type":"image\/jpeg"}],"twitter_card":"summary_large_image","twitter_misc":{"Estimated reading time":"1 minute"},"schema":{"@context":"https:\/\/schema.org","@graph":[{"@type":"WebPage","@id":"https:\/\/vinilozona.lt\/parduotuve\/jazz\/kim-lesley-%e2%80%8e-store-it-up-til-morning\/","url":"https:\/\/vinilozona.lt\/parduotuve\/jazz\/kim-lesley-%e2%80%8e-store-it-up-til-morning\/","name":"Kim Lesley \u200e\u2013 Store It Up 'Til Morning Vinilin\u0117 Plok\u0161tel\u0117 | Vinilozona.lt","isPartOf":{"@id":"https:\/\/vinilozona.lt\/#website"},"primaryImageOfPage":{"@id":"https:\/\/vinilozona.lt\/parduotuve\/jazz\/kim-lesley-%e2%80%8e-store-it-up-til-morning\/#primaryimage"},"image":{"@id":"https:\/\/vinilozona.lt\/parduotuve\/jazz\/kim-lesley-%e2%80%8e-store-it-up-til-morning\/#primaryimage"},"thumbnailUrl":"https:\/\/vinilozona.lt\/wp-content\/uploads\/2021\/01\/R-10571708-1500127892-2188.mpo_.jpg","datePublished":"2025-05-22T02:04:03+00:00","dateModified":"2025-05-22T03:48:25+00:00","breadcrumb":{"@id":"https:\/\/vinilozona.lt\/parduotuve\/jazz\/kim-lesley-%e2%80%8e-store-it-up-til-morning\/#breadcrumb"},"inLanguage":"en-GB","potentialAction":[{"@type":"ReadAction","target":["https:\/\/vinilozona.lt\/parduotuve\/jazz\/kim-lesley-%e2%80%8e-store-it-up-til-morning\/"]}]},{"@type":"ImageObject","inLanguage":"en-GB","@id":"https:\/\/vinilozona.lt\/parduotuve\/jazz\/kim-lesley-%e2%80%8e-store-it-up-til-morning\/#primaryimage","url":"https:\/\/vinilozona.lt\/wp-content\/uploads\/2021\/01\/R-10571708-1500127892-2188.mpo_.jpg","contentUrl":"https:\/\/vinilozona.lt\/wp-content\/uploads\/2021\/01\/R-10571708-1500127892-2188.mpo_.jpg","width":300,"height":289},{"@type":"BreadcrumbList","@id":"https:\/\/vinilozona.lt\/parduotuve\/jazz\/kim-lesley-%e2%80%8e-store-it-up-til-morning\/#breadcrumb","itemListElement":[{"@type":"ListItem","position":1,"name":"Home","item":"https:\/\/vinilozona.lt\/"},{"@type":"ListItem","position":2,"name":"Parduotuv\u0117","item":"https:\/\/vinilozona.lt\/parduotuve\/"},{"@type":"ListItem","position":3,"name":"Kim Lesley \u200e\u2013 Store It Up &#8216;Til Morning"}]},{"@type":"WebSite","@id":"https:\/\/vinilozona.lt\/#website","url":"https:\/\/vinilozona.lt\/","name":"Vinilo Zona","description":"Nup\u016bsk dulkes ir klausyk LP","potentialAction":[{"@type":"SearchAction","target":{"@type":"EntryPoint","urlTemplate":"https:\/\/vinilozona.lt\/?s={search_term_string}"},"query-input":{"@type":"PropertyValueSpecification","valueRequired":true,"valueName":"search_term_string"}}],"inLanguage":"en-GB"}]}},"_links":{"self":[{"href":"https:\/\/vinilozona.lt\/en\/wp-json\/wp\/v2\/product\/13885"}],"collection":[{"href":"https:\/\/vinilozona.lt\/en\/wp-json\/wp\/v2\/product"}],"about":[{"href":"https:\/\/vinilozona.lt\/en\/wp-json\/wp\/v2\/types\/product"}],"wp:featuredmedia":[{"embeddable":true,"href":"https:\/\/vinilozona.lt\/en\/wp-json\/wp\/v2\/media\/13886"}],"wp:attachment":[{"href":"https:\/\/vinilozona.lt\/en\/wp-json\/wp\/v2\/media?parent=13885"}],"wp:term":[{"taxonomy":"product_cat","embeddable":true,"href":"https:\/\/vinilozona.lt\/en\/wp-json\/wp\/v2\/product_cat?post=13885"},{"taxonomy":"product_tag","embeddable":true,"href":"https:\/\/vinilozona.lt\/en\/wp-json\/wp\/v2\/product_tag?post=13885"}],"curies":[{"name":"wp","href":"https:\/\/api.w.org\/{rel}","templated":true}]}}