{"id":13778,"date":"2025-10-17T05:01:47","date_gmt":"2025-10-17T02:01:47","guid":{"rendered":"https:\/\/vinilozona.lt\/?post_type=product&#038;p=13778"},"modified":"2026-04-04T23:08:34","modified_gmt":"2026-04-04T20:08:34","slug":"smokie-%e2%80%8e-the-other-side-of-the-road","status":"publish","type":"product","link":"https:\/\/vinilozona.lt\/en\/parduotuve\/rock-pop\/smokie-%e2%80%8e-the-other-side-of-the-road\/","title":{"rendered":"Smokie \u200e\u2013 The Other Side Of The Road"},"content":{"rendered":"<p>A1 \tThe Other Side Of The Road<br \/>\nA2 \tDo To Me<br \/>\nA3 \tBelinda<br \/>\nA4 \tBig Fat Momma<br \/>\nA5 \tDon&#8217;t Take Your Love Away This Time<br \/>\nA6 \tLondon Is Burning<br \/>\nB1 \tBabe It&#8217;s Up To You<br \/>\nB2 \tYou Don&#8217;t Care<br \/>\nB3 \tAll Alone<br \/>\nB4 \tI Can&#8217;t Stop Loving You<br \/>\nB5 \tToo Many Pennies In Hell<br \/>\nB6 \tSamantha Elizabeth<br \/>\nB7 \tSan Francisco Bay<\/p>","protected":false},"excerpt":{"rendered":"<p>RAK \u2013 7C 062-63337<br \/>\nFormat:<br \/>\nVinyl, LP, Album<br \/>\nCountry: Scandinavia<br \/>\nReleased: 1979<\/p>","protected":false},"featured_media":13779,"template":"","meta":[],"product_cat":[15],"product_tag":[44],"yoast_head":"<!-- This site is optimized with the Yoast SEO plugin v23.5 - https:\/\/yoast.com\/wordpress\/plugins\/seo\/ -->\n<title>Smokie \u200e\u2013 The Other Side Of The Road Vinilin\u0117 Plok\u0161tel\u0117 | Vinilozona.lt<\/title>\n<meta name=\"robots\" content=\"index, follow, max-snippet:-1, max-image-preview:large, max-video-preview:-1\" \/>\n<link rel=\"canonical\" href=\"https:\/\/vinilozona.lt\/en\/parduotuve\/rock-pop\/smokie-\u200e-the-other-side-of-the-road\/\" \/>\n<meta property=\"og:locale\" content=\"en_GB\" \/>\n<meta property=\"og:type\" content=\"article\" \/>\n<meta property=\"og:title\" content=\"Smokie \u200e\u2013 The Other Side Of The Road Vinilin\u0117 Plok\u0161tel\u0117 | Vinilozona.lt\" \/>\n<meta property=\"og:description\" content=\"RAK \u2013 7C 062-63337 Format: Vinyl, LP, Album Country: Scandinavia Released: 1979\" \/>\n<meta property=\"og:url\" content=\"https:\/\/vinilozona.lt\/en\/parduotuve\/rock-pop\/smokie-\u200e-the-other-side-of-the-road\/\" \/>\n<meta property=\"og:site_name\" content=\"Vinilo Zona\" \/>\n<meta property=\"article:modified_time\" content=\"2026-04-04T20:08:34+00:00\" \/>\n<meta property=\"og:image\" content=\"https:\/\/vinilozona.lt\/wp-content\/uploads\/2021\/01\/R-1983513-1535719701-1136.jpeg.jpg\" \/>\n\t<meta property=\"og:image:width\" content=\"600\" \/>\n\t<meta property=\"og:image:height\" content=\"606\" \/>\n\t<meta property=\"og:image:type\" content=\"image\/jpeg\" \/>\n<meta name=\"twitter:card\" content=\"summary_large_image\" \/>\n<meta name=\"twitter:label1\" content=\"Estimated reading time\" \/>\n\t<meta name=\"twitter:data1\" content=\"1 minute\" \/>\n<script type=\"application\/ld+json\" class=\"yoast-schema-graph\">{\"@context\":\"https:\/\/schema.org\",\"@graph\":[{\"@type\":\"WebPage\",\"@id\":\"https:\/\/vinilozona.lt\/parduotuve\/rock-pop\/smokie-%e2%80%8e-the-other-side-of-the-road\/\",\"url\":\"https:\/\/vinilozona.lt\/parduotuve\/rock-pop\/smokie-%e2%80%8e-the-other-side-of-the-road\/\",\"name\":\"Smokie \u200e\u2013 The Other Side Of The Road Vinilin\u0117 Plok\u0161tel\u0117 | Vinilozona.lt\",\"isPartOf\":{\"@id\":\"https:\/\/vinilozona.lt\/#website\"},\"primaryImageOfPage\":{\"@id\":\"https:\/\/vinilozona.lt\/parduotuve\/rock-pop\/smokie-%e2%80%8e-the-other-side-of-the-road\/#primaryimage\"},\"image\":{\"@id\":\"https:\/\/vinilozona.lt\/parduotuve\/rock-pop\/smokie-%e2%80%8e-the-other-side-of-the-road\/#primaryimage\"},\"thumbnailUrl\":\"https:\/\/vinilozona.lt\/wp-content\/uploads\/2021\/01\/R-1983513-1535719701-1136.jpeg.jpg\",\"datePublished\":\"2025-10-17T02:01:47+00:00\",\"dateModified\":\"2026-04-04T20:08:34+00:00\",\"breadcrumb\":{\"@id\":\"https:\/\/vinilozona.lt\/parduotuve\/rock-pop\/smokie-%e2%80%8e-the-other-side-of-the-road\/#breadcrumb\"},\"inLanguage\":\"en-GB\",\"potentialAction\":[{\"@type\":\"ReadAction\",\"target\":[\"https:\/\/vinilozona.lt\/parduotuve\/rock-pop\/smokie-%e2%80%8e-the-other-side-of-the-road\/\"]}]},{\"@type\":\"ImageObject\",\"inLanguage\":\"en-GB\",\"@id\":\"https:\/\/vinilozona.lt\/parduotuve\/rock-pop\/smokie-%e2%80%8e-the-other-side-of-the-road\/#primaryimage\",\"url\":\"https:\/\/vinilozona.lt\/wp-content\/uploads\/2021\/01\/R-1983513-1535719701-1136.jpeg.jpg\",\"contentUrl\":\"https:\/\/vinilozona.lt\/wp-content\/uploads\/2021\/01\/R-1983513-1535719701-1136.jpeg.jpg\",\"width\":600,\"height\":606},{\"@type\":\"BreadcrumbList\",\"@id\":\"https:\/\/vinilozona.lt\/parduotuve\/rock-pop\/smokie-%e2%80%8e-the-other-side-of-the-road\/#breadcrumb\",\"itemListElement\":[{\"@type\":\"ListItem\",\"position\":1,\"name\":\"Home\",\"item\":\"https:\/\/vinilozona.lt\/\"},{\"@type\":\"ListItem\",\"position\":2,\"name\":\"Parduotuv\u0117\",\"item\":\"https:\/\/vinilozona.lt\/parduotuve\/\"},{\"@type\":\"ListItem\",\"position\":3,\"name\":\"Smokie \u200e\u2013 The Other Side Of The Road\"}]},{\"@type\":\"WebSite\",\"@id\":\"https:\/\/vinilozona.lt\/#website\",\"url\":\"https:\/\/vinilozona.lt\/\",\"name\":\"Vinilo Zona\",\"description\":\"Nup\u016bsk dulkes ir klausyk LP\",\"potentialAction\":[{\"@type\":\"SearchAction\",\"target\":{\"@type\":\"EntryPoint\",\"urlTemplate\":\"https:\/\/vinilozona.lt\/?s={search_term_string}\"},\"query-input\":{\"@type\":\"PropertyValueSpecification\",\"valueRequired\":true,\"valueName\":\"search_term_string\"}}],\"inLanguage\":\"en-GB\"}]}<\/script>\n<!-- \/ Yoast SEO plugin. -->","yoast_head_json":{"title":"Smokie \u200e\u2013 The Other Side Of The Road Vinilin\u0117 Plok\u0161tel\u0117 | Vinilozona.lt","robots":{"index":"index","follow":"follow","max-snippet":"max-snippet:-1","max-image-preview":"max-image-preview:large","max-video-preview":"max-video-preview:-1"},"canonical":"https:\/\/vinilozona.lt\/en\/parduotuve\/rock-pop\/smokie-\u200e-the-other-side-of-the-road\/","og_locale":"en_GB","og_type":"article","og_title":"Smokie \u200e\u2013 The Other Side Of The Road Vinilin\u0117 Plok\u0161tel\u0117 | Vinilozona.lt","og_description":"RAK \u2013 7C 062-63337 Format: Vinyl, LP, Album Country: Scandinavia Released: 1979","og_url":"https:\/\/vinilozona.lt\/en\/parduotuve\/rock-pop\/smokie-\u200e-the-other-side-of-the-road\/","og_site_name":"Vinilo Zona","article_modified_time":"2026-04-04T20:08:34+00:00","og_image":[{"width":600,"height":606,"url":"https:\/\/vinilozona.lt\/wp-content\/uploads\/2021\/01\/R-1983513-1535719701-1136.jpeg.jpg","type":"image\/jpeg"}],"twitter_card":"summary_large_image","twitter_misc":{"Estimated reading time":"1 minute"},"schema":{"@context":"https:\/\/schema.org","@graph":[{"@type":"WebPage","@id":"https:\/\/vinilozona.lt\/parduotuve\/rock-pop\/smokie-%e2%80%8e-the-other-side-of-the-road\/","url":"https:\/\/vinilozona.lt\/parduotuve\/rock-pop\/smokie-%e2%80%8e-the-other-side-of-the-road\/","name":"Smokie \u200e\u2013 The Other Side Of The Road Vinilin\u0117 Plok\u0161tel\u0117 | Vinilozona.lt","isPartOf":{"@id":"https:\/\/vinilozona.lt\/#website"},"primaryImageOfPage":{"@id":"https:\/\/vinilozona.lt\/parduotuve\/rock-pop\/smokie-%e2%80%8e-the-other-side-of-the-road\/#primaryimage"},"image":{"@id":"https:\/\/vinilozona.lt\/parduotuve\/rock-pop\/smokie-%e2%80%8e-the-other-side-of-the-road\/#primaryimage"},"thumbnailUrl":"https:\/\/vinilozona.lt\/wp-content\/uploads\/2021\/01\/R-1983513-1535719701-1136.jpeg.jpg","datePublished":"2025-10-17T02:01:47+00:00","dateModified":"2026-04-04T20:08:34+00:00","breadcrumb":{"@id":"https:\/\/vinilozona.lt\/parduotuve\/rock-pop\/smokie-%e2%80%8e-the-other-side-of-the-road\/#breadcrumb"},"inLanguage":"en-GB","potentialAction":[{"@type":"ReadAction","target":["https:\/\/vinilozona.lt\/parduotuve\/rock-pop\/smokie-%e2%80%8e-the-other-side-of-the-road\/"]}]},{"@type":"ImageObject","inLanguage":"en-GB","@id":"https:\/\/vinilozona.lt\/parduotuve\/rock-pop\/smokie-%e2%80%8e-the-other-side-of-the-road\/#primaryimage","url":"https:\/\/vinilozona.lt\/wp-content\/uploads\/2021\/01\/R-1983513-1535719701-1136.jpeg.jpg","contentUrl":"https:\/\/vinilozona.lt\/wp-content\/uploads\/2021\/01\/R-1983513-1535719701-1136.jpeg.jpg","width":600,"height":606},{"@type":"BreadcrumbList","@id":"https:\/\/vinilozona.lt\/parduotuve\/rock-pop\/smokie-%e2%80%8e-the-other-side-of-the-road\/#breadcrumb","itemListElement":[{"@type":"ListItem","position":1,"name":"Home","item":"https:\/\/vinilozona.lt\/"},{"@type":"ListItem","position":2,"name":"Parduotuv\u0117","item":"https:\/\/vinilozona.lt\/parduotuve\/"},{"@type":"ListItem","position":3,"name":"Smokie \u200e\u2013 The Other Side Of The Road"}]},{"@type":"WebSite","@id":"https:\/\/vinilozona.lt\/#website","url":"https:\/\/vinilozona.lt\/","name":"Vinilo Zona","description":"Nup\u016bsk dulkes ir klausyk LP","potentialAction":[{"@type":"SearchAction","target":{"@type":"EntryPoint","urlTemplate":"https:\/\/vinilozona.lt\/?s={search_term_string}"},"query-input":{"@type":"PropertyValueSpecification","valueRequired":true,"valueName":"search_term_string"}}],"inLanguage":"en-GB"}]}},"_links":{"self":[{"href":"https:\/\/vinilozona.lt\/en\/wp-json\/wp\/v2\/product\/13778"}],"collection":[{"href":"https:\/\/vinilozona.lt\/en\/wp-json\/wp\/v2\/product"}],"about":[{"href":"https:\/\/vinilozona.lt\/en\/wp-json\/wp\/v2\/types\/product"}],"wp:featuredmedia":[{"embeddable":true,"href":"https:\/\/vinilozona.lt\/en\/wp-json\/wp\/v2\/media\/13779"}],"wp:attachment":[{"href":"https:\/\/vinilozona.lt\/en\/wp-json\/wp\/v2\/media?parent=13778"}],"wp:term":[{"taxonomy":"product_cat","embeddable":true,"href":"https:\/\/vinilozona.lt\/en\/wp-json\/wp\/v2\/product_cat?post=13778"},{"taxonomy":"product_tag","embeddable":true,"href":"https:\/\/vinilozona.lt\/en\/wp-json\/wp\/v2\/product_tag?post=13778"}],"curies":[{"name":"wp","href":"https:\/\/api.w.org\/{rel}","templated":true}]}}