{"id":13765,"date":"2025-03-04T05:05:27","date_gmt":"2025-03-04T03:05:27","guid":{"rendered":"https:\/\/vinilozona.lt\/?post_type=product&#038;p=13765"},"modified":"2025-03-03T06:48:42","modified_gmt":"2025-03-03T04:48:42","slug":"chris-de-burgh-%e2%80%8e-spanish-train-and-other-stories","status":"publish","type":"product","link":"https:\/\/vinilozona.lt\/en\/parduotuve\/rock-pop\/chris-de-burgh-%e2%80%8e-spanish-train-and-other-stories\/","title":{"rendered":"Chris de Burgh \u200e\u2013 Spanish Train And Other Stories"},"content":{"rendered":"<p>A1 \tSpanish Train<br \/>\nA2 \tLonely Sky<br \/>\nA3 \tThis Song For You<br \/>\nA4 \tPatricia The Stripper<br \/>\nA5 \tA Spaceman Came Travelling<\/p>\n<p>B1 \tI&#8217;m Going Home<br \/>\nB2 \tThe Painter<br \/>\nB3 \tOld Friend<br \/>\nB4 \tThe Tower<br \/>\nB5 \tJust Another Poor Boy<\/p>","protected":false},"excerpt":{"rendered":"<p> A&#038;M Records \u2013 393 143-1<br \/>\nSeries:<br \/>\nSpecial Price<br \/>\nFormat:<br \/>\nVinyl, LP, Album, Reissue<br \/>\nCountry:<br \/>\nGermany<br \/>\nReleased: 1985<\/p>","protected":false},"featured_media":27592,"template":"","meta":[],"product_cat":[15],"product_tag":[44],"yoast_head":"<!-- This site is optimized with the Yoast SEO plugin v23.5 - https:\/\/yoast.com\/wordpress\/plugins\/seo\/ -->\n<title>Chris de Burgh \u200e\u2013 Spanish Train And Other Stories Vinilin\u0117 Plok\u0161tel\u0117 | Vinilozona.lt<\/title>\n<meta name=\"robots\" content=\"index, follow, max-snippet:-1, max-image-preview:large, max-video-preview:-1\" \/>\n<link rel=\"canonical\" href=\"https:\/\/vinilozona.lt\/en\/parduotuve\/rock-pop\/chris-de-burgh-\u200e-spanish-train-and-other-stories\/\" \/>\n<meta property=\"og:locale\" content=\"en_GB\" \/>\n<meta property=\"og:type\" content=\"article\" \/>\n<meta property=\"og:title\" content=\"Chris de Burgh \u200e\u2013 Spanish Train And Other Stories Vinilin\u0117 Plok\u0161tel\u0117 | Vinilozona.lt\" \/>\n<meta property=\"og:description\" content=\"A&amp;M Records \u2013 393 143-1 Series: Special Price Format: Vinyl, LP, Album, Reissue Country: Germany Released: 1985\" \/>\n<meta property=\"og:url\" content=\"https:\/\/vinilozona.lt\/en\/parduotuve\/rock-pop\/chris-de-burgh-\u200e-spanish-train-and-other-stories\/\" \/>\n<meta property=\"og:site_name\" content=\"Vinilo Zona\" \/>\n<meta property=\"article:modified_time\" content=\"2025-03-03T04:48:42+00:00\" \/>\n<meta property=\"og:image\" content=\"https:\/\/vinilozona.lt\/wp-content\/uploads\/2021\/01\/R-1320656-1496765302-8020.jpg\" \/>\n\t<meta property=\"og:image:width\" content=\"599\" \/>\n\t<meta property=\"og:image:height\" content=\"592\" \/>\n\t<meta property=\"og:image:type\" content=\"image\/jpeg\" \/>\n<meta name=\"twitter:card\" content=\"summary_large_image\" \/>\n<meta name=\"twitter:label1\" content=\"Estimated reading time\" \/>\n\t<meta name=\"twitter:data1\" content=\"1 minute\" \/>\n<script type=\"application\/ld+json\" class=\"yoast-schema-graph\">{\"@context\":\"https:\/\/schema.org\",\"@graph\":[{\"@type\":\"WebPage\",\"@id\":\"https:\/\/vinilozona.lt\/parduotuve\/rock-pop\/chris-de-burgh-%e2%80%8e-spanish-train-and-other-stories\/\",\"url\":\"https:\/\/vinilozona.lt\/parduotuve\/rock-pop\/chris-de-burgh-%e2%80%8e-spanish-train-and-other-stories\/\",\"name\":\"Chris de Burgh \u200e\u2013 Spanish Train And Other Stories Vinilin\u0117 Plok\u0161tel\u0117 | Vinilozona.lt\",\"isPartOf\":{\"@id\":\"https:\/\/vinilozona.lt\/#website\"},\"primaryImageOfPage\":{\"@id\":\"https:\/\/vinilozona.lt\/parduotuve\/rock-pop\/chris-de-burgh-%e2%80%8e-spanish-train-and-other-stories\/#primaryimage\"},\"image\":{\"@id\":\"https:\/\/vinilozona.lt\/parduotuve\/rock-pop\/chris-de-burgh-%e2%80%8e-spanish-train-and-other-stories\/#primaryimage\"},\"thumbnailUrl\":\"https:\/\/vinilozona.lt\/wp-content\/uploads\/2021\/01\/R-1320656-1496765302-8020.jpg\",\"datePublished\":\"2025-03-04T03:05:27+00:00\",\"dateModified\":\"2025-03-03T04:48:42+00:00\",\"breadcrumb\":{\"@id\":\"https:\/\/vinilozona.lt\/parduotuve\/rock-pop\/chris-de-burgh-%e2%80%8e-spanish-train-and-other-stories\/#breadcrumb\"},\"inLanguage\":\"en-GB\",\"potentialAction\":[{\"@type\":\"ReadAction\",\"target\":[\"https:\/\/vinilozona.lt\/parduotuve\/rock-pop\/chris-de-burgh-%e2%80%8e-spanish-train-and-other-stories\/\"]}]},{\"@type\":\"ImageObject\",\"inLanguage\":\"en-GB\",\"@id\":\"https:\/\/vinilozona.lt\/parduotuve\/rock-pop\/chris-de-burgh-%e2%80%8e-spanish-train-and-other-stories\/#primaryimage\",\"url\":\"https:\/\/vinilozona.lt\/wp-content\/uploads\/2021\/01\/R-1320656-1496765302-8020.jpg\",\"contentUrl\":\"https:\/\/vinilozona.lt\/wp-content\/uploads\/2021\/01\/R-1320656-1496765302-8020.jpg\",\"width\":599,\"height\":592},{\"@type\":\"BreadcrumbList\",\"@id\":\"https:\/\/vinilozona.lt\/parduotuve\/rock-pop\/chris-de-burgh-%e2%80%8e-spanish-train-and-other-stories\/#breadcrumb\",\"itemListElement\":[{\"@type\":\"ListItem\",\"position\":1,\"name\":\"Home\",\"item\":\"https:\/\/vinilozona.lt\/\"},{\"@type\":\"ListItem\",\"position\":2,\"name\":\"Parduotuv\u0117\",\"item\":\"https:\/\/vinilozona.lt\/parduotuve\/\"},{\"@type\":\"ListItem\",\"position\":3,\"name\":\"Chris de Burgh \u200e\u2013 Spanish Train And Other Stories\"}]},{\"@type\":\"WebSite\",\"@id\":\"https:\/\/vinilozona.lt\/#website\",\"url\":\"https:\/\/vinilozona.lt\/\",\"name\":\"Vinilo Zona\",\"description\":\"Nup\u016bsk dulkes ir klausyk LP\",\"potentialAction\":[{\"@type\":\"SearchAction\",\"target\":{\"@type\":\"EntryPoint\",\"urlTemplate\":\"https:\/\/vinilozona.lt\/?s={search_term_string}\"},\"query-input\":{\"@type\":\"PropertyValueSpecification\",\"valueRequired\":true,\"valueName\":\"search_term_string\"}}],\"inLanguage\":\"en-GB\"}]}<\/script>\n<!-- \/ Yoast SEO plugin. -->","yoast_head_json":{"title":"Chris de Burgh \u200e\u2013 Spanish Train And Other Stories Vinilin\u0117 Plok\u0161tel\u0117 | Vinilozona.lt","robots":{"index":"index","follow":"follow","max-snippet":"max-snippet:-1","max-image-preview":"max-image-preview:large","max-video-preview":"max-video-preview:-1"},"canonical":"https:\/\/vinilozona.lt\/en\/parduotuve\/rock-pop\/chris-de-burgh-\u200e-spanish-train-and-other-stories\/","og_locale":"en_GB","og_type":"article","og_title":"Chris de Burgh \u200e\u2013 Spanish Train And Other Stories Vinilin\u0117 Plok\u0161tel\u0117 | Vinilozona.lt","og_description":"A&M Records \u2013 393 143-1 Series: Special Price Format: Vinyl, LP, Album, Reissue Country: Germany Released: 1985","og_url":"https:\/\/vinilozona.lt\/en\/parduotuve\/rock-pop\/chris-de-burgh-\u200e-spanish-train-and-other-stories\/","og_site_name":"Vinilo Zona","article_modified_time":"2025-03-03T04:48:42+00:00","og_image":[{"width":599,"height":592,"url":"https:\/\/vinilozona.lt\/wp-content\/uploads\/2021\/01\/R-1320656-1496765302-8020.jpg","type":"image\/jpeg"}],"twitter_card":"summary_large_image","twitter_misc":{"Estimated reading time":"1 minute"},"schema":{"@context":"https:\/\/schema.org","@graph":[{"@type":"WebPage","@id":"https:\/\/vinilozona.lt\/parduotuve\/rock-pop\/chris-de-burgh-%e2%80%8e-spanish-train-and-other-stories\/","url":"https:\/\/vinilozona.lt\/parduotuve\/rock-pop\/chris-de-burgh-%e2%80%8e-spanish-train-and-other-stories\/","name":"Chris de Burgh \u200e\u2013 Spanish Train And Other Stories Vinilin\u0117 Plok\u0161tel\u0117 | Vinilozona.lt","isPartOf":{"@id":"https:\/\/vinilozona.lt\/#website"},"primaryImageOfPage":{"@id":"https:\/\/vinilozona.lt\/parduotuve\/rock-pop\/chris-de-burgh-%e2%80%8e-spanish-train-and-other-stories\/#primaryimage"},"image":{"@id":"https:\/\/vinilozona.lt\/parduotuve\/rock-pop\/chris-de-burgh-%e2%80%8e-spanish-train-and-other-stories\/#primaryimage"},"thumbnailUrl":"https:\/\/vinilozona.lt\/wp-content\/uploads\/2021\/01\/R-1320656-1496765302-8020.jpg","datePublished":"2025-03-04T03:05:27+00:00","dateModified":"2025-03-03T04:48:42+00:00","breadcrumb":{"@id":"https:\/\/vinilozona.lt\/parduotuve\/rock-pop\/chris-de-burgh-%e2%80%8e-spanish-train-and-other-stories\/#breadcrumb"},"inLanguage":"en-GB","potentialAction":[{"@type":"ReadAction","target":["https:\/\/vinilozona.lt\/parduotuve\/rock-pop\/chris-de-burgh-%e2%80%8e-spanish-train-and-other-stories\/"]}]},{"@type":"ImageObject","inLanguage":"en-GB","@id":"https:\/\/vinilozona.lt\/parduotuve\/rock-pop\/chris-de-burgh-%e2%80%8e-spanish-train-and-other-stories\/#primaryimage","url":"https:\/\/vinilozona.lt\/wp-content\/uploads\/2021\/01\/R-1320656-1496765302-8020.jpg","contentUrl":"https:\/\/vinilozona.lt\/wp-content\/uploads\/2021\/01\/R-1320656-1496765302-8020.jpg","width":599,"height":592},{"@type":"BreadcrumbList","@id":"https:\/\/vinilozona.lt\/parduotuve\/rock-pop\/chris-de-burgh-%e2%80%8e-spanish-train-and-other-stories\/#breadcrumb","itemListElement":[{"@type":"ListItem","position":1,"name":"Home","item":"https:\/\/vinilozona.lt\/"},{"@type":"ListItem","position":2,"name":"Parduotuv\u0117","item":"https:\/\/vinilozona.lt\/parduotuve\/"},{"@type":"ListItem","position":3,"name":"Chris de Burgh \u200e\u2013 Spanish Train And Other Stories"}]},{"@type":"WebSite","@id":"https:\/\/vinilozona.lt\/#website","url":"https:\/\/vinilozona.lt\/","name":"Vinilo Zona","description":"Nup\u016bsk dulkes ir klausyk LP","potentialAction":[{"@type":"SearchAction","target":{"@type":"EntryPoint","urlTemplate":"https:\/\/vinilozona.lt\/?s={search_term_string}"},"query-input":{"@type":"PropertyValueSpecification","valueRequired":true,"valueName":"search_term_string"}}],"inLanguage":"en-GB"}]}},"_links":{"self":[{"href":"https:\/\/vinilozona.lt\/en\/wp-json\/wp\/v2\/product\/13765"}],"collection":[{"href":"https:\/\/vinilozona.lt\/en\/wp-json\/wp\/v2\/product"}],"about":[{"href":"https:\/\/vinilozona.lt\/en\/wp-json\/wp\/v2\/types\/product"}],"wp:featuredmedia":[{"embeddable":true,"href":"https:\/\/vinilozona.lt\/en\/wp-json\/wp\/v2\/media\/27592"}],"wp:attachment":[{"href":"https:\/\/vinilozona.lt\/en\/wp-json\/wp\/v2\/media?parent=13765"}],"wp:term":[{"taxonomy":"product_cat","embeddable":true,"href":"https:\/\/vinilozona.lt\/en\/wp-json\/wp\/v2\/product_cat?post=13765"},{"taxonomy":"product_tag","embeddable":true,"href":"https:\/\/vinilozona.lt\/en\/wp-json\/wp\/v2\/product_tag?post=13765"}],"curies":[{"name":"wp","href":"https:\/\/api.w.org\/{rel}","templated":true}]}}