{"id":1371,"date":"2024-03-10T15:38:12","date_gmt":"2024-03-10T13:38:12","guid":{"rendered":"https:\/\/vinylhome.lt\/?post_type=product&#038;p=1371"},"modified":"2025-03-26T15:40:43","modified_gmt":"2025-03-26T13:40:43","slug":"antis-%e2%80%8e-2xantis-duck-art-antis-2cddvd","status":"publish","type":"product","link":"https:\/\/vinilozona.lt\/en\/parduotuve\/cd\/lietuviski-cd\/antis-%e2%80%8e-2xantis-duck-art-antis-2cddvd\/","title":{"rendered":"Duck - 2xAntis (Duck Art Duck) 2CD + DVD"},"content":{"rendered":"<p>CD1-1\t\tANTISimfonija<br \/>\nCD1-2\t\tAbejingas Dievas<br \/>\nCD1-3\t\tTiesa<br \/>\nCD1-4\t\tTendencija<br \/>\nCD1-5\t\t\u017daislas<br \/>\nCD1-6\t\tPompa &#8211; Bomba<br \/>\nCD1-7\t\tBom\u017eas<br \/>\nCD1-8\t\tMuzika<br \/>\nCD1-9\t\tKurti<br \/>\nCD1-10\t\tDebesys<br \/>\nCD2-1\t\tDanguje<br \/>\nCD2-2\t\tRojus<br \/>\nCD2-3\t\tSparnai<br \/>\nCD2-4\t\tA\u0161 Pasitaisysiu<br \/>\nCD2-5\t\tNauji Metai<br \/>\nCD2-6\t\tMes Rimti!<br \/>\nCD2-7\t\tPok\u0161tas<br \/>\nCD2-8\t\tMes &#8211; Pasaulio Lietuva<br \/>\nCD2-9\t\tZombiai<br \/>\nCD2-10\t\tKa\u017ekas Atsitiko<br \/>\nCD2-11\t\tLietuvos Valstyb\u0117<br \/>\nCD2-12\t\tAlyvos<br \/>\nDVD1-1\t\tANTISimfonija<br \/>\nDVD1-2\t\tAbejingas Dievas<br \/>\nDVD1-3\t\tTiesa<br \/>\nDVD1-4\t\tTendencija<br \/>\nDVD1-5\t\t\u017daislas<br \/>\nDVD1-6\t\tPompa &#8211; Bomba<br \/>\nDVD1-7\t\tBom\u017eas<br \/>\nDVD1-8\t\tMuzika<br \/>\nDVD1-9\t\tKurti<br \/>\nDVD1-10\t\tDebesys<br \/>\nDVD1-11\t\tDanguje<br \/>\nDVD1-12\t\tRojus<br \/>\nDVD1-13\t\tSparnai<br \/>\nDVD1-14\t\tA\u0161 Pasitaisysiu<br \/>\nDVD1-15\t\tNauji Metai<br \/>\nDVD1-16\t\tMes Rimti!<br \/>\nDVD1-17\t\tPok\u0161tas<br \/>\nDVD1-18\t\tMes &#8211; Pasaulio Lietuva<br \/>\nDVD1-19\t\tZombiai<br \/>\nDVD1-20\t\tKa\u017ekas Atsitiko<br \/>\nDVD1-21\t\tLietuvos Valstyb\u0117<br \/>\nDVD1-22\t\tAlyvos<\/p>","protected":false},"excerpt":{"rendered":"<p>M.P.3 \u2013 M.P.3-034CD\/DVD<br \/>\nFormat:<br \/>\n2 x CD, Album<br \/>\nDVD<br \/>\nCountry:\tLithuania<br \/>\nReleased:\t2013<\/p>","protected":false},"featured_media":1372,"template":"","meta":[],"product_cat":[24,947,56],"product_tag":[44],"yoast_head":"<!-- This site is optimized with the Yoast SEO plugin v23.5 - https:\/\/yoast.com\/wordpress\/plugins\/seo\/ -->\n<title>Antis \u200e\u2013 2xAntis (Duck Art Antis) 2CD+DVD Vinilin\u0117 Plok\u0161tel\u0117 | Vinilozona.lt<\/title>\n<meta name=\"robots\" content=\"index, follow, max-snippet:-1, max-image-preview:large, max-video-preview:-1\" \/>\n<link rel=\"canonical\" href=\"https:\/\/vinilozona.lt\/en\/parduotuve\/cd\/lietuviski-cd\/antis-\u200e-2xantis-duck-art-antis-2cddvd\/\" \/>\n<meta property=\"og:locale\" content=\"en_GB\" \/>\n<meta property=\"og:type\" content=\"article\" \/>\n<meta property=\"og:title\" content=\"Antis \u200e\u2013 2xAntis (Duck Art Antis) 2CD+DVD Vinilin\u0117 Plok\u0161tel\u0117 | Vinilozona.lt\" \/>\n<meta property=\"og:description\" content=\"M.P.3 \u2013 M.P.3-034CD\/DVD Format:  2 x CD, Album DVD Country: Lithuania Released: 2013\" \/>\n<meta property=\"og:url\" content=\"https:\/\/vinilozona.lt\/en\/parduotuve\/cd\/lietuviski-cd\/antis-\u200e-2xantis-duck-art-antis-2cddvd\/\" \/>\n<meta property=\"og:site_name\" content=\"Vinilo Zona\" \/>\n<meta property=\"article:modified_time\" content=\"2025-03-26T13:40:43+00:00\" \/>\n<meta property=\"og:image\" content=\"https:\/\/vinilozona.lt\/wp-content\/uploads\/2019\/12\/antis-2xantis-duck-art-antis-2-1.jpg\" \/>\n\t<meta property=\"og:image:width\" content=\"360\" \/>\n\t<meta property=\"og:image:height\" content=\"270\" \/>\n\t<meta property=\"og:image:type\" content=\"image\/jpeg\" \/>\n<meta name=\"twitter:card\" content=\"summary_large_image\" \/>\n<meta name=\"twitter:label1\" content=\"Estimated reading time\" \/>\n\t<meta name=\"twitter:data1\" content=\"1 minute\" \/>\n<script type=\"application\/ld+json\" class=\"yoast-schema-graph\">{\"@context\":\"https:\/\/schema.org\",\"@graph\":[{\"@type\":\"WebPage\",\"@id\":\"https:\/\/vinilozona.lt\/parduotuve\/cd\/lietuviski-cd\/antis-%e2%80%8e-2xantis-duck-art-antis-2cddvd\/\",\"url\":\"https:\/\/vinilozona.lt\/parduotuve\/cd\/lietuviski-cd\/antis-%e2%80%8e-2xantis-duck-art-antis-2cddvd\/\",\"name\":\"Antis \u200e\u2013 2xAntis (Duck Art Antis) 2CD+DVD Vinilin\u0117 Plok\u0161tel\u0117 | Vinilozona.lt\",\"isPartOf\":{\"@id\":\"https:\/\/vinilozona.lt\/#website\"},\"primaryImageOfPage\":{\"@id\":\"https:\/\/vinilozona.lt\/parduotuve\/cd\/lietuviski-cd\/antis-%e2%80%8e-2xantis-duck-art-antis-2cddvd\/#primaryimage\"},\"image\":{\"@id\":\"https:\/\/vinilozona.lt\/parduotuve\/cd\/lietuviski-cd\/antis-%e2%80%8e-2xantis-duck-art-antis-2cddvd\/#primaryimage\"},\"thumbnailUrl\":\"https:\/\/vinilozona.lt\/wp-content\/uploads\/2019\/12\/antis-2xantis-duck-art-antis-2-1.jpg\",\"datePublished\":\"2024-03-10T13:38:12+00:00\",\"dateModified\":\"2025-03-26T13:40:43+00:00\",\"breadcrumb\":{\"@id\":\"https:\/\/vinilozona.lt\/parduotuve\/cd\/lietuviski-cd\/antis-%e2%80%8e-2xantis-duck-art-antis-2cddvd\/#breadcrumb\"},\"inLanguage\":\"en-GB\",\"potentialAction\":[{\"@type\":\"ReadAction\",\"target\":[\"https:\/\/vinilozona.lt\/parduotuve\/cd\/lietuviski-cd\/antis-%e2%80%8e-2xantis-duck-art-antis-2cddvd\/\"]}]},{\"@type\":\"ImageObject\",\"inLanguage\":\"en-GB\",\"@id\":\"https:\/\/vinilozona.lt\/parduotuve\/cd\/lietuviski-cd\/antis-%e2%80%8e-2xantis-duck-art-antis-2cddvd\/#primaryimage\",\"url\":\"https:\/\/vinilozona.lt\/wp-content\/uploads\/2019\/12\/antis-2xantis-duck-art-antis-2-1.jpg\",\"contentUrl\":\"https:\/\/vinilozona.lt\/wp-content\/uploads\/2019\/12\/antis-2xantis-duck-art-antis-2-1.jpg\",\"width\":360,\"height\":270},{\"@type\":\"BreadcrumbList\",\"@id\":\"https:\/\/vinilozona.lt\/parduotuve\/cd\/lietuviski-cd\/antis-%e2%80%8e-2xantis-duck-art-antis-2cddvd\/#breadcrumb\",\"itemListElement\":[{\"@type\":\"ListItem\",\"position\":1,\"name\":\"Home\",\"item\":\"https:\/\/vinilozona.lt\/\"},{\"@type\":\"ListItem\",\"position\":2,\"name\":\"Parduotuv\u0117\",\"item\":\"https:\/\/vinilozona.lt\/parduotuve\/\"},{\"@type\":\"ListItem\",\"position\":3,\"name\":\"Antis \u200e\u2013 2xAntis (Duck Art Antis) 2CD+DVD\"}]},{\"@type\":\"WebSite\",\"@id\":\"https:\/\/vinilozona.lt\/#website\",\"url\":\"https:\/\/vinilozona.lt\/\",\"name\":\"Vinilo Zona\",\"description\":\"Nup\u016bsk dulkes ir klausyk LP\",\"potentialAction\":[{\"@type\":\"SearchAction\",\"target\":{\"@type\":\"EntryPoint\",\"urlTemplate\":\"https:\/\/vinilozona.lt\/?s={search_term_string}\"},\"query-input\":{\"@type\":\"PropertyValueSpecification\",\"valueRequired\":true,\"valueName\":\"search_term_string\"}}],\"inLanguage\":\"en-GB\"}]}<\/script>\n<!-- \/ Yoast SEO plugin. -->","yoast_head_json":{"title":"Antis \u200e\u2013 2xAntis (Duck Art Antis) 2CD+DVD Vinilin\u0117 Plok\u0161tel\u0117 | Vinilozona.lt","robots":{"index":"index","follow":"follow","max-snippet":"max-snippet:-1","max-image-preview":"max-image-preview:large","max-video-preview":"max-video-preview:-1"},"canonical":"https:\/\/vinilozona.lt\/en\/parduotuve\/cd\/lietuviski-cd\/antis-\u200e-2xantis-duck-art-antis-2cddvd\/","og_locale":"en_GB","og_type":"article","og_title":"Antis \u200e\u2013 2xAntis (Duck Art Antis) 2CD+DVD Vinilin\u0117 Plok\u0161tel\u0117 | Vinilozona.lt","og_description":"M.P.3 \u2013 M.P.3-034CD\/DVD Format:  2 x CD, Album DVD Country: Lithuania Released: 2013","og_url":"https:\/\/vinilozona.lt\/en\/parduotuve\/cd\/lietuviski-cd\/antis-\u200e-2xantis-duck-art-antis-2cddvd\/","og_site_name":"Vinilo Zona","article_modified_time":"2025-03-26T13:40:43+00:00","og_image":[{"width":360,"height":270,"url":"https:\/\/vinilozona.lt\/wp-content\/uploads\/2019\/12\/antis-2xantis-duck-art-antis-2-1.jpg","type":"image\/jpeg"}],"twitter_card":"summary_large_image","twitter_misc":{"Estimated reading time":"1 minute"},"schema":{"@context":"https:\/\/schema.org","@graph":[{"@type":"WebPage","@id":"https:\/\/vinilozona.lt\/parduotuve\/cd\/lietuviski-cd\/antis-%e2%80%8e-2xantis-duck-art-antis-2cddvd\/","url":"https:\/\/vinilozona.lt\/parduotuve\/cd\/lietuviski-cd\/antis-%e2%80%8e-2xantis-duck-art-antis-2cddvd\/","name":"Antis \u200e\u2013 2xAntis (Duck Art Antis) 2CD+DVD Vinilin\u0117 Plok\u0161tel\u0117 | Vinilozona.lt","isPartOf":{"@id":"https:\/\/vinilozona.lt\/#website"},"primaryImageOfPage":{"@id":"https:\/\/vinilozona.lt\/parduotuve\/cd\/lietuviski-cd\/antis-%e2%80%8e-2xantis-duck-art-antis-2cddvd\/#primaryimage"},"image":{"@id":"https:\/\/vinilozona.lt\/parduotuve\/cd\/lietuviski-cd\/antis-%e2%80%8e-2xantis-duck-art-antis-2cddvd\/#primaryimage"},"thumbnailUrl":"https:\/\/vinilozona.lt\/wp-content\/uploads\/2019\/12\/antis-2xantis-duck-art-antis-2-1.jpg","datePublished":"2024-03-10T13:38:12+00:00","dateModified":"2025-03-26T13:40:43+00:00","breadcrumb":{"@id":"https:\/\/vinilozona.lt\/parduotuve\/cd\/lietuviski-cd\/antis-%e2%80%8e-2xantis-duck-art-antis-2cddvd\/#breadcrumb"},"inLanguage":"en-GB","potentialAction":[{"@type":"ReadAction","target":["https:\/\/vinilozona.lt\/parduotuve\/cd\/lietuviski-cd\/antis-%e2%80%8e-2xantis-duck-art-antis-2cddvd\/"]}]},{"@type":"ImageObject","inLanguage":"en-GB","@id":"https:\/\/vinilozona.lt\/parduotuve\/cd\/lietuviski-cd\/antis-%e2%80%8e-2xantis-duck-art-antis-2cddvd\/#primaryimage","url":"https:\/\/vinilozona.lt\/wp-content\/uploads\/2019\/12\/antis-2xantis-duck-art-antis-2-1.jpg","contentUrl":"https:\/\/vinilozona.lt\/wp-content\/uploads\/2019\/12\/antis-2xantis-duck-art-antis-2-1.jpg","width":360,"height":270},{"@type":"BreadcrumbList","@id":"https:\/\/vinilozona.lt\/parduotuve\/cd\/lietuviski-cd\/antis-%e2%80%8e-2xantis-duck-art-antis-2cddvd\/#breadcrumb","itemListElement":[{"@type":"ListItem","position":1,"name":"Home","item":"https:\/\/vinilozona.lt\/"},{"@type":"ListItem","position":2,"name":"Parduotuv\u0117","item":"https:\/\/vinilozona.lt\/parduotuve\/"},{"@type":"ListItem","position":3,"name":"Antis \u200e\u2013 2xAntis (Duck Art Antis) 2CD+DVD"}]},{"@type":"WebSite","@id":"https:\/\/vinilozona.lt\/#website","url":"https:\/\/vinilozona.lt\/","name":"Vinilo Zona","description":"Nup\u016bsk dulkes ir klausyk LP","potentialAction":[{"@type":"SearchAction","target":{"@type":"EntryPoint","urlTemplate":"https:\/\/vinilozona.lt\/?s={search_term_string}"},"query-input":{"@type":"PropertyValueSpecification","valueRequired":true,"valueName":"search_term_string"}}],"inLanguage":"en-GB"}]}},"_links":{"self":[{"href":"https:\/\/vinilozona.lt\/en\/wp-json\/wp\/v2\/product\/1371"}],"collection":[{"href":"https:\/\/vinilozona.lt\/en\/wp-json\/wp\/v2\/product"}],"about":[{"href":"https:\/\/vinilozona.lt\/en\/wp-json\/wp\/v2\/types\/product"}],"wp:featuredmedia":[{"embeddable":true,"href":"https:\/\/vinilozona.lt\/en\/wp-json\/wp\/v2\/media\/1372"}],"wp:attachment":[{"href":"https:\/\/vinilozona.lt\/en\/wp-json\/wp\/v2\/media?parent=1371"}],"wp:term":[{"taxonomy":"product_cat","embeddable":true,"href":"https:\/\/vinilozona.lt\/en\/wp-json\/wp\/v2\/product_cat?post=1371"},{"taxonomy":"product_tag","embeddable":true,"href":"https:\/\/vinilozona.lt\/en\/wp-json\/wp\/v2\/product_tag?post=1371"}],"curies":[{"name":"wp","href":"https:\/\/api.w.org\/{rel}","templated":true}]}}