{"id":13681,"date":"2023-02-16T05:21:02","date_gmt":"2023-02-16T03:21:02","guid":{"rendered":"https:\/\/vinilozona.lt\/?post_type=product&#038;p=13681"},"modified":"2023-02-14T12:44:22","modified_gmt":"2023-02-14T10:44:22","slug":"kinks-%e2%80%8e-lola","status":"publish","type":"product","link":"https:\/\/vinilozona.lt\/en\/parduotuve\/rock-pop\/kinks-%e2%80%8e-lola\/","title":{"rendered":"Kinks \u2013 Golden Hour Of The Kinks"},"content":{"rendered":"<p>A1\t\tDays\t2:54<br \/>\nA2\t\tWonder Boy\t2:49<br \/>\nA3\t\tAutumn Almanac\t3:10<br \/>\nA4\t\tWaterloo Sunset\t3:15<br \/>\nA5\t\tDedicated Follower Of Fashion\t2:58<br \/>\nA6\t\tDead End Street\t3:18<br \/>\nA7\t\tSet Me Free\t2:10<br \/>\nA8\t\tSunny Afternoon\t3:28<br \/>\nA9\t\tTill The End Of The Day\t2:18<br \/>\nA10\t\tSittin&#8217; On My Sofa\t3:00<br \/>\nB1\t\tVictoria\t3:36<br \/>\nB2\t\tA Well Respected Man\t2:11<br \/>\nB3\t\tYou Really Got Me\t2:13<br \/>\nB4\t\tAll Day And All Of The Night\t2:20<br \/>\nB5\t\tTired Of Waiting For You\t2:30<br \/>\nB6\t\tSee My Friends\t2:40<br \/>\nB7\t\tLouie Louie\t2:53<br \/>\nB8\t\tAnimal Farm\t2:59<br \/>\nB9\t\tShangrila\t5:16<br \/>\nB10\t\tWhere Have All The Good Times Gone\t2:49<\/p>","protected":false},"excerpt":{"rendered":"<p>Golden Hour \u2013 GH 501<br \/>\nSeries:\tGolden Hour<br \/>\nFormat:<br \/>\nVinyl, LP, Compilation, Reissue<br \/>\nCountry:\tUK<br \/>\nReleased:\t1977<\/p>","protected":false},"featured_media":21500,"template":"","meta":[],"product_cat":[15],"product_tag":[44],"yoast_head":"<!-- This site is optimized with the Yoast SEO plugin v23.5 - https:\/\/yoast.com\/wordpress\/plugins\/seo\/ -->\n<title>Kinks \u2013 Golden Hour Of The Kinks Vinilin\u0117 Plok\u0161tel\u0117 | Vinilozona.lt<\/title>\n<meta name=\"robots\" content=\"index, follow, max-snippet:-1, max-image-preview:large, max-video-preview:-1\" \/>\n<link rel=\"canonical\" href=\"https:\/\/vinilozona.lt\/en\/parduotuve\/rock-pop\/kinks-\u200e-lola\/\" \/>\n<meta property=\"og:locale\" content=\"en_GB\" \/>\n<meta property=\"og:type\" content=\"article\" \/>\n<meta property=\"og:title\" content=\"Kinks \u2013 Golden Hour Of The Kinks Vinilin\u0117 Plok\u0161tel\u0117 | Vinilozona.lt\" \/>\n<meta property=\"og:description\" content=\"Golden Hour \u2013 GH 501 Series: Golden Hour Format:  Vinyl, LP, Compilation, Reissue Country: UK Released: 1977\" \/>\n<meta property=\"og:url\" content=\"https:\/\/vinilozona.lt\/en\/parduotuve\/rock-pop\/kinks-\u200e-lola\/\" \/>\n<meta property=\"og:site_name\" content=\"Vinilo Zona\" \/>\n<meta property=\"article:modified_time\" content=\"2023-02-14T10:44:22+00:00\" \/>\n<meta property=\"og:image\" content=\"https:\/\/vinilozona.lt\/wp-content\/uploads\/2023\/02\/R-457294-1373281749-4804.jpg\" \/>\n\t<meta property=\"og:image:width\" content=\"594\" \/>\n\t<meta property=\"og:image:height\" content=\"600\" \/>\n\t<meta property=\"og:image:type\" content=\"image\/jpeg\" \/>\n<meta name=\"twitter:card\" content=\"summary_large_image\" \/>\n<script type=\"application\/ld+json\" class=\"yoast-schema-graph\">{\"@context\":\"https:\/\/schema.org\",\"@graph\":[{\"@type\":\"WebPage\",\"@id\":\"https:\/\/vinilozona.lt\/parduotuve\/rock-pop\/kinks-%e2%80%8e-lola\/\",\"url\":\"https:\/\/vinilozona.lt\/parduotuve\/rock-pop\/kinks-%e2%80%8e-lola\/\",\"name\":\"Kinks \u2013 Golden Hour Of The Kinks Vinilin\u0117 Plok\u0161tel\u0117 | Vinilozona.lt\",\"isPartOf\":{\"@id\":\"https:\/\/vinilozona.lt\/#website\"},\"primaryImageOfPage\":{\"@id\":\"https:\/\/vinilozona.lt\/parduotuve\/rock-pop\/kinks-%e2%80%8e-lola\/#primaryimage\"},\"image\":{\"@id\":\"https:\/\/vinilozona.lt\/parduotuve\/rock-pop\/kinks-%e2%80%8e-lola\/#primaryimage\"},\"thumbnailUrl\":\"https:\/\/vinilozona.lt\/wp-content\/uploads\/2023\/02\/R-457294-1373281749-4804.jpg\",\"datePublished\":\"2023-02-16T03:21:02+00:00\",\"dateModified\":\"2023-02-14T10:44:22+00:00\",\"breadcrumb\":{\"@id\":\"https:\/\/vinilozona.lt\/parduotuve\/rock-pop\/kinks-%e2%80%8e-lola\/#breadcrumb\"},\"inLanguage\":\"en-GB\",\"potentialAction\":[{\"@type\":\"ReadAction\",\"target\":[\"https:\/\/vinilozona.lt\/parduotuve\/rock-pop\/kinks-%e2%80%8e-lola\/\"]}]},{\"@type\":\"ImageObject\",\"inLanguage\":\"en-GB\",\"@id\":\"https:\/\/vinilozona.lt\/parduotuve\/rock-pop\/kinks-%e2%80%8e-lola\/#primaryimage\",\"url\":\"https:\/\/vinilozona.lt\/wp-content\/uploads\/2023\/02\/R-457294-1373281749-4804.jpg\",\"contentUrl\":\"https:\/\/vinilozona.lt\/wp-content\/uploads\/2023\/02\/R-457294-1373281749-4804.jpg\",\"width\":594,\"height\":600},{\"@type\":\"BreadcrumbList\",\"@id\":\"https:\/\/vinilozona.lt\/parduotuve\/rock-pop\/kinks-%e2%80%8e-lola\/#breadcrumb\",\"itemListElement\":[{\"@type\":\"ListItem\",\"position\":1,\"name\":\"Home\",\"item\":\"https:\/\/vinilozona.lt\/\"},{\"@type\":\"ListItem\",\"position\":2,\"name\":\"Parduotuv\u0117\",\"item\":\"https:\/\/vinilozona.lt\/parduotuve\/\"},{\"@type\":\"ListItem\",\"position\":3,\"name\":\"Kinks \u2013 Golden Hour Of The Kinks\"}]},{\"@type\":\"WebSite\",\"@id\":\"https:\/\/vinilozona.lt\/#website\",\"url\":\"https:\/\/vinilozona.lt\/\",\"name\":\"Vinilo Zona\",\"description\":\"Nup\u016bsk dulkes ir klausyk LP\",\"potentialAction\":[{\"@type\":\"SearchAction\",\"target\":{\"@type\":\"EntryPoint\",\"urlTemplate\":\"https:\/\/vinilozona.lt\/?s={search_term_string}\"},\"query-input\":{\"@type\":\"PropertyValueSpecification\",\"valueRequired\":true,\"valueName\":\"search_term_string\"}}],\"inLanguage\":\"en-GB\"}]}<\/script>\n<!-- \/ Yoast SEO plugin. -->","yoast_head_json":{"title":"Kinks \u2013 Golden Hour Of The Kinks Vinilin\u0117 Plok\u0161tel\u0117 | Vinilozona.lt","robots":{"index":"index","follow":"follow","max-snippet":"max-snippet:-1","max-image-preview":"max-image-preview:large","max-video-preview":"max-video-preview:-1"},"canonical":"https:\/\/vinilozona.lt\/en\/parduotuve\/rock-pop\/kinks-\u200e-lola\/","og_locale":"en_GB","og_type":"article","og_title":"Kinks \u2013 Golden Hour Of The Kinks Vinilin\u0117 Plok\u0161tel\u0117 | Vinilozona.lt","og_description":"Golden Hour \u2013 GH 501 Series: Golden Hour Format:  Vinyl, LP, Compilation, Reissue Country: UK Released: 1977","og_url":"https:\/\/vinilozona.lt\/en\/parduotuve\/rock-pop\/kinks-\u200e-lola\/","og_site_name":"Vinilo Zona","article_modified_time":"2023-02-14T10:44:22+00:00","og_image":[{"width":594,"height":600,"url":"https:\/\/vinilozona.lt\/wp-content\/uploads\/2023\/02\/R-457294-1373281749-4804.jpg","type":"image\/jpeg"}],"twitter_card":"summary_large_image","schema":{"@context":"https:\/\/schema.org","@graph":[{"@type":"WebPage","@id":"https:\/\/vinilozona.lt\/parduotuve\/rock-pop\/kinks-%e2%80%8e-lola\/","url":"https:\/\/vinilozona.lt\/parduotuve\/rock-pop\/kinks-%e2%80%8e-lola\/","name":"Kinks \u2013 Golden Hour Of The Kinks Vinilin\u0117 Plok\u0161tel\u0117 | Vinilozona.lt","isPartOf":{"@id":"https:\/\/vinilozona.lt\/#website"},"primaryImageOfPage":{"@id":"https:\/\/vinilozona.lt\/parduotuve\/rock-pop\/kinks-%e2%80%8e-lola\/#primaryimage"},"image":{"@id":"https:\/\/vinilozona.lt\/parduotuve\/rock-pop\/kinks-%e2%80%8e-lola\/#primaryimage"},"thumbnailUrl":"https:\/\/vinilozona.lt\/wp-content\/uploads\/2023\/02\/R-457294-1373281749-4804.jpg","datePublished":"2023-02-16T03:21:02+00:00","dateModified":"2023-02-14T10:44:22+00:00","breadcrumb":{"@id":"https:\/\/vinilozona.lt\/parduotuve\/rock-pop\/kinks-%e2%80%8e-lola\/#breadcrumb"},"inLanguage":"en-GB","potentialAction":[{"@type":"ReadAction","target":["https:\/\/vinilozona.lt\/parduotuve\/rock-pop\/kinks-%e2%80%8e-lola\/"]}]},{"@type":"ImageObject","inLanguage":"en-GB","@id":"https:\/\/vinilozona.lt\/parduotuve\/rock-pop\/kinks-%e2%80%8e-lola\/#primaryimage","url":"https:\/\/vinilozona.lt\/wp-content\/uploads\/2023\/02\/R-457294-1373281749-4804.jpg","contentUrl":"https:\/\/vinilozona.lt\/wp-content\/uploads\/2023\/02\/R-457294-1373281749-4804.jpg","width":594,"height":600},{"@type":"BreadcrumbList","@id":"https:\/\/vinilozona.lt\/parduotuve\/rock-pop\/kinks-%e2%80%8e-lola\/#breadcrumb","itemListElement":[{"@type":"ListItem","position":1,"name":"Home","item":"https:\/\/vinilozona.lt\/"},{"@type":"ListItem","position":2,"name":"Parduotuv\u0117","item":"https:\/\/vinilozona.lt\/parduotuve\/"},{"@type":"ListItem","position":3,"name":"Kinks \u2013 Golden Hour Of The Kinks"}]},{"@type":"WebSite","@id":"https:\/\/vinilozona.lt\/#website","url":"https:\/\/vinilozona.lt\/","name":"Vinilo Zona","description":"Nup\u016bsk dulkes ir klausyk LP","potentialAction":[{"@type":"SearchAction","target":{"@type":"EntryPoint","urlTemplate":"https:\/\/vinilozona.lt\/?s={search_term_string}"},"query-input":{"@type":"PropertyValueSpecification","valueRequired":true,"valueName":"search_term_string"}}],"inLanguage":"en-GB"}]}},"_links":{"self":[{"href":"https:\/\/vinilozona.lt\/en\/wp-json\/wp\/v2\/product\/13681"}],"collection":[{"href":"https:\/\/vinilozona.lt\/en\/wp-json\/wp\/v2\/product"}],"about":[{"href":"https:\/\/vinilozona.lt\/en\/wp-json\/wp\/v2\/types\/product"}],"wp:featuredmedia":[{"embeddable":true,"href":"https:\/\/vinilozona.lt\/en\/wp-json\/wp\/v2\/media\/21500"}],"wp:attachment":[{"href":"https:\/\/vinilozona.lt\/en\/wp-json\/wp\/v2\/media?parent=13681"}],"wp:term":[{"taxonomy":"product_cat","embeddable":true,"href":"https:\/\/vinilozona.lt\/en\/wp-json\/wp\/v2\/product_cat?post=13681"},{"taxonomy":"product_tag","embeddable":true,"href":"https:\/\/vinilozona.lt\/en\/wp-json\/wp\/v2\/product_tag?post=13681"}],"curies":[{"name":"wp","href":"https:\/\/api.w.org\/{rel}","templated":true}]}}