{"id":13679,"date":"2022-08-04T06:08:24","date_gmt":"2022-08-04T03:08:24","guid":{"rendered":"https:\/\/vinilozona.lt\/?post_type=product&#038;p=13679"},"modified":"2022-08-11T18:07:37","modified_gmt":"2022-08-11T15:07:37","slug":"city-boy-%e2%80%8e-young-men-gone-west-2","status":"publish","type":"product","link":"https:\/\/vinilozona.lt\/en\/parduotuve\/rock-pop\/city-boy-%e2%80%8e-young-men-gone-west-2\/","title":{"rendered":"City Boy \u200e\u2013 Young Men Gone West"},"content":{"rendered":"<p>Dear Jean (I&#8217;m Nervous)<br \/>\nBordello Night<br \/>\nHoneymooners<br \/>\nShe&#8217;s Got Style<br \/>\nBad For Business<br \/>\nYoung Men Gone West<br \/>\nI&#8217;ve Been Spun<br \/>\nOne After Two<br \/>\nThe Runaround<br \/>\nThe Man Who Ate His Car<br \/>\nMillionaire<\/p>","protected":false},"excerpt":{"rendered":"<p>\tVertigo \u2013 6360 151<br \/>\nFormat:<br \/>\nVinyl, LP, Album<br \/>\nCountry:\tEU<br \/>\nReleased:\t1977<\/p>","protected":false},"featured_media":13680,"template":"","meta":[],"product_cat":[15],"product_tag":[44],"yoast_head":"<!-- This site is optimized with the Yoast SEO plugin v23.5 - https:\/\/yoast.com\/wordpress\/plugins\/seo\/ -->\n<title>City Boy \u200e\u2013 Young Men Gone West Vinilin\u0117 Plok\u0161tel\u0117 | Vinilozona.lt<\/title>\n<meta name=\"robots\" content=\"index, follow, max-snippet:-1, max-image-preview:large, max-video-preview:-1\" \/>\n<link rel=\"canonical\" href=\"https:\/\/vinilozona.lt\/en\/parduotuve\/rock-pop\/city-boy-\u200e-young-men-gone-west-2\/\" \/>\n<meta property=\"og:locale\" content=\"en_GB\" \/>\n<meta property=\"og:type\" content=\"article\" \/>\n<meta property=\"og:title\" content=\"City Boy \u200e\u2013 Young Men Gone West Vinilin\u0117 Plok\u0161tel\u0117 | Vinilozona.lt\" \/>\n<meta property=\"og:description\" content=\"Vertigo \u2013 6360 151 Format:  Vinyl, LP, Album Country: EU Released: 1977\" \/>\n<meta property=\"og:url\" content=\"https:\/\/vinilozona.lt\/en\/parduotuve\/rock-pop\/city-boy-\u200e-young-men-gone-west-2\/\" \/>\n<meta property=\"og:site_name\" content=\"Vinilo Zona\" \/>\n<meta property=\"article:modified_time\" content=\"2022-08-11T15:07:37+00:00\" \/>\n<meta property=\"og:image\" content=\"https:\/\/vinilozona.lt\/wp-content\/uploads\/2021\/01\/R-510880-1399482085-1065.jpeg.jpg\" \/>\n\t<meta property=\"og:image:width\" content=\"300\" \/>\n\t<meta property=\"og:image:height\" content=\"300\" \/>\n\t<meta property=\"og:image:type\" content=\"image\/jpeg\" \/>\n<meta name=\"twitter:card\" content=\"summary_large_image\" \/>\n<script type=\"application\/ld+json\" class=\"yoast-schema-graph\">{\"@context\":\"https:\/\/schema.org\",\"@graph\":[{\"@type\":\"WebPage\",\"@id\":\"https:\/\/vinilozona.lt\/parduotuve\/rock-pop\/city-boy-%e2%80%8e-young-men-gone-west-2\/\",\"url\":\"https:\/\/vinilozona.lt\/parduotuve\/rock-pop\/city-boy-%e2%80%8e-young-men-gone-west-2\/\",\"name\":\"City Boy \u200e\u2013 Young Men Gone West Vinilin\u0117 Plok\u0161tel\u0117 | Vinilozona.lt\",\"isPartOf\":{\"@id\":\"https:\/\/vinilozona.lt\/#website\"},\"primaryImageOfPage\":{\"@id\":\"https:\/\/vinilozona.lt\/parduotuve\/rock-pop\/city-boy-%e2%80%8e-young-men-gone-west-2\/#primaryimage\"},\"image\":{\"@id\":\"https:\/\/vinilozona.lt\/parduotuve\/rock-pop\/city-boy-%e2%80%8e-young-men-gone-west-2\/#primaryimage\"},\"thumbnailUrl\":\"https:\/\/vinilozona.lt\/wp-content\/uploads\/2021\/01\/R-510880-1399482085-1065.jpeg.jpg\",\"datePublished\":\"2022-08-04T03:08:24+00:00\",\"dateModified\":\"2022-08-11T15:07:37+00:00\",\"breadcrumb\":{\"@id\":\"https:\/\/vinilozona.lt\/parduotuve\/rock-pop\/city-boy-%e2%80%8e-young-men-gone-west-2\/#breadcrumb\"},\"inLanguage\":\"en-GB\",\"potentialAction\":[{\"@type\":\"ReadAction\",\"target\":[\"https:\/\/vinilozona.lt\/parduotuve\/rock-pop\/city-boy-%e2%80%8e-young-men-gone-west-2\/\"]}]},{\"@type\":\"ImageObject\",\"inLanguage\":\"en-GB\",\"@id\":\"https:\/\/vinilozona.lt\/parduotuve\/rock-pop\/city-boy-%e2%80%8e-young-men-gone-west-2\/#primaryimage\",\"url\":\"https:\/\/vinilozona.lt\/wp-content\/uploads\/2021\/01\/R-510880-1399482085-1065.jpeg.jpg\",\"contentUrl\":\"https:\/\/vinilozona.lt\/wp-content\/uploads\/2021\/01\/R-510880-1399482085-1065.jpeg.jpg\",\"width\":300,\"height\":300},{\"@type\":\"BreadcrumbList\",\"@id\":\"https:\/\/vinilozona.lt\/parduotuve\/rock-pop\/city-boy-%e2%80%8e-young-men-gone-west-2\/#breadcrumb\",\"itemListElement\":[{\"@type\":\"ListItem\",\"position\":1,\"name\":\"Home\",\"item\":\"https:\/\/vinilozona.lt\/\"},{\"@type\":\"ListItem\",\"position\":2,\"name\":\"Parduotuv\u0117\",\"item\":\"https:\/\/vinilozona.lt\/parduotuve\/\"},{\"@type\":\"ListItem\",\"position\":3,\"name\":\"City Boy \u200e\u2013 Young Men Gone West\"}]},{\"@type\":\"WebSite\",\"@id\":\"https:\/\/vinilozona.lt\/#website\",\"url\":\"https:\/\/vinilozona.lt\/\",\"name\":\"Vinilo Zona\",\"description\":\"Nup\u016bsk dulkes ir klausyk LP\",\"potentialAction\":[{\"@type\":\"SearchAction\",\"target\":{\"@type\":\"EntryPoint\",\"urlTemplate\":\"https:\/\/vinilozona.lt\/?s={search_term_string}\"},\"query-input\":{\"@type\":\"PropertyValueSpecification\",\"valueRequired\":true,\"valueName\":\"search_term_string\"}}],\"inLanguage\":\"en-GB\"}]}<\/script>\n<!-- \/ Yoast SEO plugin. -->","yoast_head_json":{"title":"City Boy \u200e\u2013 Young Men Gone West Vinilin\u0117 Plok\u0161tel\u0117 | Vinilozona.lt","robots":{"index":"index","follow":"follow","max-snippet":"max-snippet:-1","max-image-preview":"max-image-preview:large","max-video-preview":"max-video-preview:-1"},"canonical":"https:\/\/vinilozona.lt\/en\/parduotuve\/rock-pop\/city-boy-\u200e-young-men-gone-west-2\/","og_locale":"en_GB","og_type":"article","og_title":"City Boy \u200e\u2013 Young Men Gone West Vinilin\u0117 Plok\u0161tel\u0117 | Vinilozona.lt","og_description":"Vertigo \u2013 6360 151 Format:  Vinyl, LP, Album Country: EU Released: 1977","og_url":"https:\/\/vinilozona.lt\/en\/parduotuve\/rock-pop\/city-boy-\u200e-young-men-gone-west-2\/","og_site_name":"Vinilo Zona","article_modified_time":"2022-08-11T15:07:37+00:00","og_image":[{"width":300,"height":300,"url":"https:\/\/vinilozona.lt\/wp-content\/uploads\/2021\/01\/R-510880-1399482085-1065.jpeg.jpg","type":"image\/jpeg"}],"twitter_card":"summary_large_image","schema":{"@context":"https:\/\/schema.org","@graph":[{"@type":"WebPage","@id":"https:\/\/vinilozona.lt\/parduotuve\/rock-pop\/city-boy-%e2%80%8e-young-men-gone-west-2\/","url":"https:\/\/vinilozona.lt\/parduotuve\/rock-pop\/city-boy-%e2%80%8e-young-men-gone-west-2\/","name":"City Boy \u200e\u2013 Young Men Gone West Vinilin\u0117 Plok\u0161tel\u0117 | Vinilozona.lt","isPartOf":{"@id":"https:\/\/vinilozona.lt\/#website"},"primaryImageOfPage":{"@id":"https:\/\/vinilozona.lt\/parduotuve\/rock-pop\/city-boy-%e2%80%8e-young-men-gone-west-2\/#primaryimage"},"image":{"@id":"https:\/\/vinilozona.lt\/parduotuve\/rock-pop\/city-boy-%e2%80%8e-young-men-gone-west-2\/#primaryimage"},"thumbnailUrl":"https:\/\/vinilozona.lt\/wp-content\/uploads\/2021\/01\/R-510880-1399482085-1065.jpeg.jpg","datePublished":"2022-08-04T03:08:24+00:00","dateModified":"2022-08-11T15:07:37+00:00","breadcrumb":{"@id":"https:\/\/vinilozona.lt\/parduotuve\/rock-pop\/city-boy-%e2%80%8e-young-men-gone-west-2\/#breadcrumb"},"inLanguage":"en-GB","potentialAction":[{"@type":"ReadAction","target":["https:\/\/vinilozona.lt\/parduotuve\/rock-pop\/city-boy-%e2%80%8e-young-men-gone-west-2\/"]}]},{"@type":"ImageObject","inLanguage":"en-GB","@id":"https:\/\/vinilozona.lt\/parduotuve\/rock-pop\/city-boy-%e2%80%8e-young-men-gone-west-2\/#primaryimage","url":"https:\/\/vinilozona.lt\/wp-content\/uploads\/2021\/01\/R-510880-1399482085-1065.jpeg.jpg","contentUrl":"https:\/\/vinilozona.lt\/wp-content\/uploads\/2021\/01\/R-510880-1399482085-1065.jpeg.jpg","width":300,"height":300},{"@type":"BreadcrumbList","@id":"https:\/\/vinilozona.lt\/parduotuve\/rock-pop\/city-boy-%e2%80%8e-young-men-gone-west-2\/#breadcrumb","itemListElement":[{"@type":"ListItem","position":1,"name":"Home","item":"https:\/\/vinilozona.lt\/"},{"@type":"ListItem","position":2,"name":"Parduotuv\u0117","item":"https:\/\/vinilozona.lt\/parduotuve\/"},{"@type":"ListItem","position":3,"name":"City Boy \u200e\u2013 Young Men Gone West"}]},{"@type":"WebSite","@id":"https:\/\/vinilozona.lt\/#website","url":"https:\/\/vinilozona.lt\/","name":"Vinilo Zona","description":"Nup\u016bsk dulkes ir klausyk LP","potentialAction":[{"@type":"SearchAction","target":{"@type":"EntryPoint","urlTemplate":"https:\/\/vinilozona.lt\/?s={search_term_string}"},"query-input":{"@type":"PropertyValueSpecification","valueRequired":true,"valueName":"search_term_string"}}],"inLanguage":"en-GB"}]}},"_links":{"self":[{"href":"https:\/\/vinilozona.lt\/en\/wp-json\/wp\/v2\/product\/13679"}],"collection":[{"href":"https:\/\/vinilozona.lt\/en\/wp-json\/wp\/v2\/product"}],"about":[{"href":"https:\/\/vinilozona.lt\/en\/wp-json\/wp\/v2\/types\/product"}],"wp:featuredmedia":[{"embeddable":true,"href":"https:\/\/vinilozona.lt\/en\/wp-json\/wp\/v2\/media\/13680"}],"wp:attachment":[{"href":"https:\/\/vinilozona.lt\/en\/wp-json\/wp\/v2\/media?parent=13679"}],"wp:term":[{"taxonomy":"product_cat","embeddable":true,"href":"https:\/\/vinilozona.lt\/en\/wp-json\/wp\/v2\/product_cat?post=13679"},{"taxonomy":"product_tag","embeddable":true,"href":"https:\/\/vinilozona.lt\/en\/wp-json\/wp\/v2\/product_tag?post=13679"}],"curies":[{"name":"wp","href":"https:\/\/api.w.org\/{rel}","templated":true}]}}