{"id":13644,"date":"2026-01-13T14:19:17","date_gmt":"2026-01-13T12:19:17","guid":{"rendered":"https:\/\/vinilozona.lt\/?post_type=product&#038;p=13644"},"modified":"2026-03-12T16:14:04","modified_gmt":"2026-03-12T14:14:04","slug":"beethoven-yuri-boukoff-lorchestre-des-concerts-colonnes-pierre-dervaux%e2%80%8e-piano-concerto-no-5-in-e-flat-opus-73-the-emperor","status":"publish","type":"product","link":"https:\/\/vinilozona.lt\/en\/parduotuve\/classic\/beethoven-yuri-boukoff-lorchestre-des-concerts-colonnes-pierre-dervaux%e2%80%8e-piano-concerto-no-5-in-e-flat-opus-73-the-emperor\/","title":{"rendered":"\u041b. \u0411\u0435\u0442\u0445\u043e\u0432\u0435\u043d &#8211; \u0411\u043e\u043b\u044c\u0448\u043e\u0439 \u0421\u0438\u043c\u0444\u043e\u043d\u0438\u0447\u0435\u0441\u043a\u0438\u0439 \u041e\u0440\u043a\u0435\u0441\u0442\u0440 \u0412\u0441\u0435\u0441\u043e\u044e\u0437\u043d\u043e\u0433\u043e \u0420\u0430\u0434\u0438\u043e , \u0414\u0438\u0440\u0438\u0436\u0435\u0440 \u041a\u043e\u043d\u0441\u0442\u0430\u043d\u0442\u0438\u043d \u0418\u0432\u0430\u043d\u043e\u0432 \u2013 \u0421\u0438\u043c\u0444\u043e\u043d\u0438\u044f \u2116 5 \u0414\u043e \u041c\u0438\u043d\u043e\u0440, \u0421\u043e\u0447. 67"},"content":{"rendered":"<p>\t\u0421\u0438\u043c\u0444\u043e\u043d\u0438\u044f \u2116 5 \u0414\u043e \u041c\u0438\u043d\u043e\u0440, \u0421\u043e\u0447. 67<br \/>\nA1\t\t1. Allegro Con Brio<br \/>\nA2\t\t2. Andante Con Moto<br \/>\nB1\t\t3. Allegro<br \/>\nB2\t\t4. Allegro<\/p>","protected":false},"excerpt":{"rendered":"<p>\u041c\u0435\u043b\u043e\u0434\u0438\u044f \u2013 33\u0421\u041c 04287\u201488<br \/>\nFormat:<br \/>\nVinyl, LP<br \/>\nCountry:<br \/>\nUSSR<\/p>","protected":false},"featured_media":30640,"template":"","meta":[],"product_cat":[22],"product_tag":[44],"yoast_head":"<!-- This site is optimized with the Yoast SEO plugin v23.5 - https:\/\/yoast.com\/wordpress\/plugins\/seo\/ -->\n<title>\u041b. \u0411\u0435\u0442\u0445\u043e\u0432\u0435\u043d - \u0411\u043e\u043b\u044c\u0448\u043e\u0439 \u0421\u0438\u043c\u0444\u043e\u043d\u0438\u0447\u0435\u0441\u043a\u0438\u0439 \u041e\u0440\u043a\u0435\u0441\u0442\u0440 \u0412\u0441\u0435\u0441\u043e\u044e\u0437\u043d\u043e\u0433\u043e \u0420\u0430\u0434\u0438\u043e , \u0414\u0438\u0440\u0438\u0436\u0435\u0440 \u041a\u043e\u043d\u0441\u0442\u0430\u043d\u0442\u0438\u043d \u0418\u0432\u0430\u043d\u043e\u0432 \u2013 \u0421\u0438\u043c\u0444\u043e\u043d\u0438\u044f \u2116 5 \u0414\u043e \u041c\u0438\u043d\u043e\u0440, \u0421\u043e\u0447. 67 Vinilin\u0117 Plok\u0161tel\u0117 | Vinilozona.lt<\/title>\n<meta name=\"robots\" content=\"index, follow, max-snippet:-1, max-image-preview:large, max-video-preview:-1\" \/>\n<link rel=\"canonical\" href=\"https:\/\/vinilozona.lt\/en\/parduotuve\/classic\/beethoven-yuri-boukoff-lorchestre-des-concerts-colonnes-pierre-dervaux\u200e-piano-concerto-no-5-in-e-flat-opus-73-the-emperor\/\" \/>\n<meta property=\"og:locale\" content=\"en_GB\" \/>\n<meta property=\"og:type\" content=\"article\" \/>\n<meta property=\"og:title\" content=\"\u041b. \u0411\u0435\u0442\u0445\u043e\u0432\u0435\u043d - \u0411\u043e\u043b\u044c\u0448\u043e\u0439 \u0421\u0438\u043c\u0444\u043e\u043d\u0438\u0447\u0435\u0441\u043a\u0438\u0439 \u041e\u0440\u043a\u0435\u0441\u0442\u0440 \u0412\u0441\u0435\u0441\u043e\u044e\u0437\u043d\u043e\u0433\u043e \u0420\u0430\u0434\u0438\u043e , \u0414\u0438\u0440\u0438\u0436\u0435\u0440 \u041a\u043e\u043d\u0441\u0442\u0430\u043d\u0442\u0438\u043d \u0418\u0432\u0430\u043d\u043e\u0432 \u2013 \u0421\u0438\u043c\u0444\u043e\u043d\u0438\u044f \u2116 5 \u0414\u043e \u041c\u0438\u043d\u043e\u0440, \u0421\u043e\u0447. 67 Vinilin\u0117 Plok\u0161tel\u0117 | Vinilozona.lt\" \/>\n<meta property=\"og:description\" content=\"\u041c\u0435\u043b\u043e\u0434\u0438\u044f \u2013 33\u0421\u041c 04287\u201488 Format: Vinyl, LP Country: USSR\" \/>\n<meta property=\"og:url\" content=\"https:\/\/vinilozona.lt\/en\/parduotuve\/classic\/beethoven-yuri-boukoff-lorchestre-des-concerts-colonnes-pierre-dervaux\u200e-piano-concerto-no-5-in-e-flat-opus-73-the-emperor\/\" \/>\n<meta property=\"og:site_name\" content=\"Vinilo Zona\" \/>\n<meta property=\"article:modified_time\" content=\"2026-03-12T14:14:04+00:00\" \/>\n<meta property=\"og:image\" content=\"https:\/\/vinilozona.lt\/wp-content\/uploads\/2021\/01\/R-12682555-1539974964-9938.jpg\" \/>\n\t<meta property=\"og:image:width\" content=\"593\" \/>\n\t<meta property=\"og:image:height\" content=\"600\" \/>\n\t<meta property=\"og:image:type\" content=\"image\/jpeg\" \/>\n<meta name=\"twitter:card\" content=\"summary_large_image\" \/>\n<script type=\"application\/ld+json\" class=\"yoast-schema-graph\">{\"@context\":\"https:\/\/schema.org\",\"@graph\":[{\"@type\":\"WebPage\",\"@id\":\"https:\/\/vinilozona.lt\/parduotuve\/classic\/beethoven-yuri-boukoff-lorchestre-des-concerts-colonnes-pierre-dervaux%e2%80%8e-piano-concerto-no-5-in-e-flat-opus-73-the-emperor\/\",\"url\":\"https:\/\/vinilozona.lt\/parduotuve\/classic\/beethoven-yuri-boukoff-lorchestre-des-concerts-colonnes-pierre-dervaux%e2%80%8e-piano-concerto-no-5-in-e-flat-opus-73-the-emperor\/\",\"name\":\"\u041b. \u0411\u0435\u0442\u0445\u043e\u0432\u0435\u043d - \u0411\u043e\u043b\u044c\u0448\u043e\u0439 \u0421\u0438\u043c\u0444\u043e\u043d\u0438\u0447\u0435\u0441\u043a\u0438\u0439 \u041e\u0440\u043a\u0435\u0441\u0442\u0440 \u0412\u0441\u0435\u0441\u043e\u044e\u0437\u043d\u043e\u0433\u043e \u0420\u0430\u0434\u0438\u043e , \u0414\u0438\u0440\u0438\u0436\u0435\u0440 \u041a\u043e\u043d\u0441\u0442\u0430\u043d\u0442\u0438\u043d \u0418\u0432\u0430\u043d\u043e\u0432 \u2013 \u0421\u0438\u043c\u0444\u043e\u043d\u0438\u044f \u2116 5 \u0414\u043e \u041c\u0438\u043d\u043e\u0440, \u0421\u043e\u0447. 67 Vinilin\u0117 Plok\u0161tel\u0117 | Vinilozona.lt\",\"isPartOf\":{\"@id\":\"https:\/\/vinilozona.lt\/#website\"},\"primaryImageOfPage\":{\"@id\":\"https:\/\/vinilozona.lt\/parduotuve\/classic\/beethoven-yuri-boukoff-lorchestre-des-concerts-colonnes-pierre-dervaux%e2%80%8e-piano-concerto-no-5-in-e-flat-opus-73-the-emperor\/#primaryimage\"},\"image\":{\"@id\":\"https:\/\/vinilozona.lt\/parduotuve\/classic\/beethoven-yuri-boukoff-lorchestre-des-concerts-colonnes-pierre-dervaux%e2%80%8e-piano-concerto-no-5-in-e-flat-opus-73-the-emperor\/#primaryimage\"},\"thumbnailUrl\":\"https:\/\/vinilozona.lt\/wp-content\/uploads\/2021\/01\/R-12682555-1539974964-9938.jpg\",\"datePublished\":\"2026-01-13T12:19:17+00:00\",\"dateModified\":\"2026-03-12T14:14:04+00:00\",\"breadcrumb\":{\"@id\":\"https:\/\/vinilozona.lt\/parduotuve\/classic\/beethoven-yuri-boukoff-lorchestre-des-concerts-colonnes-pierre-dervaux%e2%80%8e-piano-concerto-no-5-in-e-flat-opus-73-the-emperor\/#breadcrumb\"},\"inLanguage\":\"en-GB\",\"potentialAction\":[{\"@type\":\"ReadAction\",\"target\":[\"https:\/\/vinilozona.lt\/parduotuve\/classic\/beethoven-yuri-boukoff-lorchestre-des-concerts-colonnes-pierre-dervaux%e2%80%8e-piano-concerto-no-5-in-e-flat-opus-73-the-emperor\/\"]}]},{\"@type\":\"ImageObject\",\"inLanguage\":\"en-GB\",\"@id\":\"https:\/\/vinilozona.lt\/parduotuve\/classic\/beethoven-yuri-boukoff-lorchestre-des-concerts-colonnes-pierre-dervaux%e2%80%8e-piano-concerto-no-5-in-e-flat-opus-73-the-emperor\/#primaryimage\",\"url\":\"https:\/\/vinilozona.lt\/wp-content\/uploads\/2021\/01\/R-12682555-1539974964-9938.jpg\",\"contentUrl\":\"https:\/\/vinilozona.lt\/wp-content\/uploads\/2021\/01\/R-12682555-1539974964-9938.jpg\",\"width\":593,\"height\":600},{\"@type\":\"BreadcrumbList\",\"@id\":\"https:\/\/vinilozona.lt\/parduotuve\/classic\/beethoven-yuri-boukoff-lorchestre-des-concerts-colonnes-pierre-dervaux%e2%80%8e-piano-concerto-no-5-in-e-flat-opus-73-the-emperor\/#breadcrumb\",\"itemListElement\":[{\"@type\":\"ListItem\",\"position\":1,\"name\":\"Home\",\"item\":\"https:\/\/vinilozona.lt\/\"},{\"@type\":\"ListItem\",\"position\":2,\"name\":\"Parduotuv\u0117\",\"item\":\"https:\/\/vinilozona.lt\/parduotuve\/\"},{\"@type\":\"ListItem\",\"position\":3,\"name\":\"\u041b. \u0411\u0435\u0442\u0445\u043e\u0432\u0435\u043d &#8211; \u0411\u043e\u043b\u044c\u0448\u043e\u0439 \u0421\u0438\u043c\u0444\u043e\u043d\u0438\u0447\u0435\u0441\u043a\u0438\u0439 \u041e\u0440\u043a\u0435\u0441\u0442\u0440 \u0412\u0441\u0435\u0441\u043e\u044e\u0437\u043d\u043e\u0433\u043e \u0420\u0430\u0434\u0438\u043e , \u0414\u0438\u0440\u0438\u0436\u0435\u0440 \u041a\u043e\u043d\u0441\u0442\u0430\u043d\u0442\u0438\u043d \u0418\u0432\u0430\u043d\u043e\u0432 \u2013 \u0421\u0438\u043c\u0444\u043e\u043d\u0438\u044f \u2116 5 \u0414\u043e \u041c\u0438\u043d\u043e\u0440, \u0421\u043e\u0447. 67\"}]},{\"@type\":\"WebSite\",\"@id\":\"https:\/\/vinilozona.lt\/#website\",\"url\":\"https:\/\/vinilozona.lt\/\",\"name\":\"Vinilo Zona\",\"description\":\"Nup\u016bsk dulkes ir klausyk LP\",\"potentialAction\":[{\"@type\":\"SearchAction\",\"target\":{\"@type\":\"EntryPoint\",\"urlTemplate\":\"https:\/\/vinilozona.lt\/?s={search_term_string}\"},\"query-input\":{\"@type\":\"PropertyValueSpecification\",\"valueRequired\":true,\"valueName\":\"search_term_string\"}}],\"inLanguage\":\"en-GB\"}]}<\/script>\n<!-- \/ Yoast SEO plugin. -->","yoast_head_json":{"title":"\u041b. \u0411\u0435\u0442\u0445\u043e\u0432\u0435\u043d - \u0411\u043e\u043b\u044c\u0448\u043e\u0439 \u0421\u0438\u043c\u0444\u043e\u043d\u0438\u0447\u0435\u0441\u043a\u0438\u0439 \u041e\u0440\u043a\u0435\u0441\u0442\u0440 \u0412\u0441\u0435\u0441\u043e\u044e\u0437\u043d\u043e\u0433\u043e \u0420\u0430\u0434\u0438\u043e , \u0414\u0438\u0440\u0438\u0436\u0435\u0440 \u041a\u043e\u043d\u0441\u0442\u0430\u043d\u0442\u0438\u043d \u0418\u0432\u0430\u043d\u043e\u0432 \u2013 \u0421\u0438\u043c\u0444\u043e\u043d\u0438\u044f \u2116 5 \u0414\u043e \u041c\u0438\u043d\u043e\u0440, \u0421\u043e\u0447. 67 Vinilin\u0117 Plok\u0161tel\u0117 | Vinilozona.lt","robots":{"index":"index","follow":"follow","max-snippet":"max-snippet:-1","max-image-preview":"max-image-preview:large","max-video-preview":"max-video-preview:-1"},"canonical":"https:\/\/vinilozona.lt\/en\/parduotuve\/classic\/beethoven-yuri-boukoff-lorchestre-des-concerts-colonnes-pierre-dervaux\u200e-piano-concerto-no-5-in-e-flat-opus-73-the-emperor\/","og_locale":"en_GB","og_type":"article","og_title":"\u041b. \u0411\u0435\u0442\u0445\u043e\u0432\u0435\u043d - \u0411\u043e\u043b\u044c\u0448\u043e\u0439 \u0421\u0438\u043c\u0444\u043e\u043d\u0438\u0447\u0435\u0441\u043a\u0438\u0439 \u041e\u0440\u043a\u0435\u0441\u0442\u0440 \u0412\u0441\u0435\u0441\u043e\u044e\u0437\u043d\u043e\u0433\u043e \u0420\u0430\u0434\u0438\u043e , \u0414\u0438\u0440\u0438\u0436\u0435\u0440 \u041a\u043e\u043d\u0441\u0442\u0430\u043d\u0442\u0438\u043d \u0418\u0432\u0430\u043d\u043e\u0432 \u2013 \u0421\u0438\u043c\u0444\u043e\u043d\u0438\u044f \u2116 5 \u0414\u043e \u041c\u0438\u043d\u043e\u0440, \u0421\u043e\u0447. 67 Vinilin\u0117 Plok\u0161tel\u0117 | Vinilozona.lt","og_description":"\u041c\u0435\u043b\u043e\u0434\u0438\u044f \u2013 33\u0421\u041c 04287\u201488 Format: Vinyl, LP Country: USSR","og_url":"https:\/\/vinilozona.lt\/en\/parduotuve\/classic\/beethoven-yuri-boukoff-lorchestre-des-concerts-colonnes-pierre-dervaux\u200e-piano-concerto-no-5-in-e-flat-opus-73-the-emperor\/","og_site_name":"Vinilo Zona","article_modified_time":"2026-03-12T14:14:04+00:00","og_image":[{"width":593,"height":600,"url":"https:\/\/vinilozona.lt\/wp-content\/uploads\/2021\/01\/R-12682555-1539974964-9938.jpg","type":"image\/jpeg"}],"twitter_card":"summary_large_image","schema":{"@context":"https:\/\/schema.org","@graph":[{"@type":"WebPage","@id":"https:\/\/vinilozona.lt\/parduotuve\/classic\/beethoven-yuri-boukoff-lorchestre-des-concerts-colonnes-pierre-dervaux%e2%80%8e-piano-concerto-no-5-in-e-flat-opus-73-the-emperor\/","url":"https:\/\/vinilozona.lt\/parduotuve\/classic\/beethoven-yuri-boukoff-lorchestre-des-concerts-colonnes-pierre-dervaux%e2%80%8e-piano-concerto-no-5-in-e-flat-opus-73-the-emperor\/","name":"\u041b. \u0411\u0435\u0442\u0445\u043e\u0432\u0435\u043d - \u0411\u043e\u043b\u044c\u0448\u043e\u0439 \u0421\u0438\u043c\u0444\u043e\u043d\u0438\u0447\u0435\u0441\u043a\u0438\u0439 \u041e\u0440\u043a\u0435\u0441\u0442\u0440 \u0412\u0441\u0435\u0441\u043e\u044e\u0437\u043d\u043e\u0433\u043e \u0420\u0430\u0434\u0438\u043e , \u0414\u0438\u0440\u0438\u0436\u0435\u0440 \u041a\u043e\u043d\u0441\u0442\u0430\u043d\u0442\u0438\u043d \u0418\u0432\u0430\u043d\u043e\u0432 \u2013 \u0421\u0438\u043c\u0444\u043e\u043d\u0438\u044f \u2116 5 \u0414\u043e \u041c\u0438\u043d\u043e\u0440, \u0421\u043e\u0447. 67 Vinilin\u0117 Plok\u0161tel\u0117 | Vinilozona.lt","isPartOf":{"@id":"https:\/\/vinilozona.lt\/#website"},"primaryImageOfPage":{"@id":"https:\/\/vinilozona.lt\/parduotuve\/classic\/beethoven-yuri-boukoff-lorchestre-des-concerts-colonnes-pierre-dervaux%e2%80%8e-piano-concerto-no-5-in-e-flat-opus-73-the-emperor\/#primaryimage"},"image":{"@id":"https:\/\/vinilozona.lt\/parduotuve\/classic\/beethoven-yuri-boukoff-lorchestre-des-concerts-colonnes-pierre-dervaux%e2%80%8e-piano-concerto-no-5-in-e-flat-opus-73-the-emperor\/#primaryimage"},"thumbnailUrl":"https:\/\/vinilozona.lt\/wp-content\/uploads\/2021\/01\/R-12682555-1539974964-9938.jpg","datePublished":"2026-01-13T12:19:17+00:00","dateModified":"2026-03-12T14:14:04+00:00","breadcrumb":{"@id":"https:\/\/vinilozona.lt\/parduotuve\/classic\/beethoven-yuri-boukoff-lorchestre-des-concerts-colonnes-pierre-dervaux%e2%80%8e-piano-concerto-no-5-in-e-flat-opus-73-the-emperor\/#breadcrumb"},"inLanguage":"en-GB","potentialAction":[{"@type":"ReadAction","target":["https:\/\/vinilozona.lt\/parduotuve\/classic\/beethoven-yuri-boukoff-lorchestre-des-concerts-colonnes-pierre-dervaux%e2%80%8e-piano-concerto-no-5-in-e-flat-opus-73-the-emperor\/"]}]},{"@type":"ImageObject","inLanguage":"en-GB","@id":"https:\/\/vinilozona.lt\/parduotuve\/classic\/beethoven-yuri-boukoff-lorchestre-des-concerts-colonnes-pierre-dervaux%e2%80%8e-piano-concerto-no-5-in-e-flat-opus-73-the-emperor\/#primaryimage","url":"https:\/\/vinilozona.lt\/wp-content\/uploads\/2021\/01\/R-12682555-1539974964-9938.jpg","contentUrl":"https:\/\/vinilozona.lt\/wp-content\/uploads\/2021\/01\/R-12682555-1539974964-9938.jpg","width":593,"height":600},{"@type":"BreadcrumbList","@id":"https:\/\/vinilozona.lt\/parduotuve\/classic\/beethoven-yuri-boukoff-lorchestre-des-concerts-colonnes-pierre-dervaux%e2%80%8e-piano-concerto-no-5-in-e-flat-opus-73-the-emperor\/#breadcrumb","itemListElement":[{"@type":"ListItem","position":1,"name":"Home","item":"https:\/\/vinilozona.lt\/"},{"@type":"ListItem","position":2,"name":"Parduotuv\u0117","item":"https:\/\/vinilozona.lt\/parduotuve\/"},{"@type":"ListItem","position":3,"name":"\u041b. \u0411\u0435\u0442\u0445\u043e\u0432\u0435\u043d &#8211; \u0411\u043e\u043b\u044c\u0448\u043e\u0439 \u0421\u0438\u043c\u0444\u043e\u043d\u0438\u0447\u0435\u0441\u043a\u0438\u0439 \u041e\u0440\u043a\u0435\u0441\u0442\u0440 \u0412\u0441\u0435\u0441\u043e\u044e\u0437\u043d\u043e\u0433\u043e \u0420\u0430\u0434\u0438\u043e , \u0414\u0438\u0440\u0438\u0436\u0435\u0440 \u041a\u043e\u043d\u0441\u0442\u0430\u043d\u0442\u0438\u043d \u0418\u0432\u0430\u043d\u043e\u0432 \u2013 \u0421\u0438\u043c\u0444\u043e\u043d\u0438\u044f \u2116 5 \u0414\u043e \u041c\u0438\u043d\u043e\u0440, \u0421\u043e\u0447. 67"}]},{"@type":"WebSite","@id":"https:\/\/vinilozona.lt\/#website","url":"https:\/\/vinilozona.lt\/","name":"Vinilo Zona","description":"Nup\u016bsk dulkes ir klausyk LP","potentialAction":[{"@type":"SearchAction","target":{"@type":"EntryPoint","urlTemplate":"https:\/\/vinilozona.lt\/?s={search_term_string}"},"query-input":{"@type":"PropertyValueSpecification","valueRequired":true,"valueName":"search_term_string"}}],"inLanguage":"en-GB"}]}},"_links":{"self":[{"href":"https:\/\/vinilozona.lt\/en\/wp-json\/wp\/v2\/product\/13644"}],"collection":[{"href":"https:\/\/vinilozona.lt\/en\/wp-json\/wp\/v2\/product"}],"about":[{"href":"https:\/\/vinilozona.lt\/en\/wp-json\/wp\/v2\/types\/product"}],"wp:featuredmedia":[{"embeddable":true,"href":"https:\/\/vinilozona.lt\/en\/wp-json\/wp\/v2\/media\/30640"}],"wp:attachment":[{"href":"https:\/\/vinilozona.lt\/en\/wp-json\/wp\/v2\/media?parent=13644"}],"wp:term":[{"taxonomy":"product_cat","embeddable":true,"href":"https:\/\/vinilozona.lt\/en\/wp-json\/wp\/v2\/product_cat?post=13644"},{"taxonomy":"product_tag","embeddable":true,"href":"https:\/\/vinilozona.lt\/en\/wp-json\/wp\/v2\/product_tag?post=13644"}],"curies":[{"name":"wp","href":"https:\/\/api.w.org\/{rel}","templated":true}]}}