{"id":13638,"date":"2021-01-13T12:23:26","date_gmt":"2021-01-13T10:23:26","guid":{"rendered":"https:\/\/vinilozona.lt\/?post_type=product&#038;p=13638"},"modified":"2021-04-25T14:25:27","modified_gmt":"2021-04-25T11:25:27","slug":"osibisa-%e2%80%8e-osibisa","status":"publish","type":"product","link":"https:\/\/vinilozona.lt\/en\/parduotuve\/rock-pop\/osibisa-%e2%80%8e-osibisa\/","title":{"rendered":"Osibisa \u200e\u2013 Osibisa"},"content":{"rendered":"<p>A1\tThe Dawn\t7:24<br \/>\nA2\tMusic For Gong-Gong\t4:19<br \/>\nA3\tAyiko Bia\t7:52<br \/>\nB1\tAkwaaba\t5:27<br \/>\nB2\tOranges\t4:43<br \/>\nB3\tPhallus C\t7:15<br \/>\nB4\tThink About The People\t4:36<\/p>","protected":false},"excerpt":{"rendered":"<p>MCA Records \u200e\u2013 D 134\/3<br \/>\nFormat:<br \/>\nVinyl, LP, Album, Gatefold<\/p>","protected":false},"featured_media":13639,"template":"","meta":[],"product_cat":[15],"product_tag":[44],"yoast_head":"<!-- This site is optimized with the Yoast SEO plugin v23.5 - https:\/\/yoast.com\/wordpress\/plugins\/seo\/ -->\n<title>Osibisa \u200e\u2013 Osibisa Vinilin\u0117 Plok\u0161tel\u0117 | Vinilozona.lt<\/title>\n<meta name=\"robots\" content=\"index, follow, max-snippet:-1, max-image-preview:large, max-video-preview:-1\" \/>\n<link rel=\"canonical\" href=\"https:\/\/vinilozona.lt\/en\/parduotuve\/rock-pop\/osibisa-\u200e-osibisa\/\" \/>\n<meta property=\"og:locale\" content=\"en_GB\" \/>\n<meta property=\"og:type\" content=\"article\" \/>\n<meta property=\"og:title\" content=\"Osibisa \u200e\u2013 Osibisa Vinilin\u0117 Plok\u0161tel\u0117 | Vinilozona.lt\" \/>\n<meta property=\"og:description\" content=\"MCA Records \u200e\u2013 D 134\/3 Format: Vinyl, LP, Album, Gatefold\" \/>\n<meta property=\"og:url\" content=\"https:\/\/vinilozona.lt\/en\/parduotuve\/rock-pop\/osibisa-\u200e-osibisa\/\" \/>\n<meta property=\"og:site_name\" content=\"Vinilo Zona\" \/>\n<meta property=\"article:modified_time\" content=\"2021-04-25T11:25:27+00:00\" \/>\n<meta property=\"og:image\" content=\"https:\/\/vinilozona.lt\/wp-content\/uploads\/2021\/01\/R-6182157-1413113160-4603.jpeg.jpg\" \/>\n\t<meta property=\"og:image:width\" content=\"300\" \/>\n\t<meta property=\"og:image:height\" content=\"286\" \/>\n\t<meta property=\"og:image:type\" content=\"image\/jpeg\" \/>\n<meta name=\"twitter:card\" content=\"summary_large_image\" \/>\n<script type=\"application\/ld+json\" class=\"yoast-schema-graph\">{\"@context\":\"https:\/\/schema.org\",\"@graph\":[{\"@type\":\"WebPage\",\"@id\":\"https:\/\/vinilozona.lt\/parduotuve\/rock-pop\/osibisa-%e2%80%8e-osibisa\/\",\"url\":\"https:\/\/vinilozona.lt\/parduotuve\/rock-pop\/osibisa-%e2%80%8e-osibisa\/\",\"name\":\"Osibisa \u200e\u2013 Osibisa Vinilin\u0117 Plok\u0161tel\u0117 | Vinilozona.lt\",\"isPartOf\":{\"@id\":\"https:\/\/vinilozona.lt\/#website\"},\"primaryImageOfPage\":{\"@id\":\"https:\/\/vinilozona.lt\/parduotuve\/rock-pop\/osibisa-%e2%80%8e-osibisa\/#primaryimage\"},\"image\":{\"@id\":\"https:\/\/vinilozona.lt\/parduotuve\/rock-pop\/osibisa-%e2%80%8e-osibisa\/#primaryimage\"},\"thumbnailUrl\":\"https:\/\/vinilozona.lt\/wp-content\/uploads\/2021\/01\/R-6182157-1413113160-4603.jpeg.jpg\",\"datePublished\":\"2021-01-13T10:23:26+00:00\",\"dateModified\":\"2021-04-25T11:25:27+00:00\",\"breadcrumb\":{\"@id\":\"https:\/\/vinilozona.lt\/parduotuve\/rock-pop\/osibisa-%e2%80%8e-osibisa\/#breadcrumb\"},\"inLanguage\":\"en-GB\",\"potentialAction\":[{\"@type\":\"ReadAction\",\"target\":[\"https:\/\/vinilozona.lt\/parduotuve\/rock-pop\/osibisa-%e2%80%8e-osibisa\/\"]}]},{\"@type\":\"ImageObject\",\"inLanguage\":\"en-GB\",\"@id\":\"https:\/\/vinilozona.lt\/parduotuve\/rock-pop\/osibisa-%e2%80%8e-osibisa\/#primaryimage\",\"url\":\"https:\/\/vinilozona.lt\/wp-content\/uploads\/2021\/01\/R-6182157-1413113160-4603.jpeg.jpg\",\"contentUrl\":\"https:\/\/vinilozona.lt\/wp-content\/uploads\/2021\/01\/R-6182157-1413113160-4603.jpeg.jpg\",\"width\":300,\"height\":286},{\"@type\":\"BreadcrumbList\",\"@id\":\"https:\/\/vinilozona.lt\/parduotuve\/rock-pop\/osibisa-%e2%80%8e-osibisa\/#breadcrumb\",\"itemListElement\":[{\"@type\":\"ListItem\",\"position\":1,\"name\":\"Home\",\"item\":\"https:\/\/vinilozona.lt\/\"},{\"@type\":\"ListItem\",\"position\":2,\"name\":\"Parduotuv\u0117\",\"item\":\"https:\/\/vinilozona.lt\/parduotuve\/\"},{\"@type\":\"ListItem\",\"position\":3,\"name\":\"Osibisa \u200e\u2013 Osibisa\"}]},{\"@type\":\"WebSite\",\"@id\":\"https:\/\/vinilozona.lt\/#website\",\"url\":\"https:\/\/vinilozona.lt\/\",\"name\":\"Vinilo Zona\",\"description\":\"Nup\u016bsk dulkes ir klausyk LP\",\"potentialAction\":[{\"@type\":\"SearchAction\",\"target\":{\"@type\":\"EntryPoint\",\"urlTemplate\":\"https:\/\/vinilozona.lt\/?s={search_term_string}\"},\"query-input\":{\"@type\":\"PropertyValueSpecification\",\"valueRequired\":true,\"valueName\":\"search_term_string\"}}],\"inLanguage\":\"en-GB\"}]}<\/script>\n<!-- \/ Yoast SEO plugin. -->","yoast_head_json":{"title":"Osibisa \u200e\u2013 Osibisa Vinilin\u0117 Plok\u0161tel\u0117 | Vinilozona.lt","robots":{"index":"index","follow":"follow","max-snippet":"max-snippet:-1","max-image-preview":"max-image-preview:large","max-video-preview":"max-video-preview:-1"},"canonical":"https:\/\/vinilozona.lt\/en\/parduotuve\/rock-pop\/osibisa-\u200e-osibisa\/","og_locale":"en_GB","og_type":"article","og_title":"Osibisa \u200e\u2013 Osibisa Vinilin\u0117 Plok\u0161tel\u0117 | Vinilozona.lt","og_description":"MCA Records \u200e\u2013 D 134\/3 Format: Vinyl, LP, Album, Gatefold","og_url":"https:\/\/vinilozona.lt\/en\/parduotuve\/rock-pop\/osibisa-\u200e-osibisa\/","og_site_name":"Vinilo Zona","article_modified_time":"2021-04-25T11:25:27+00:00","og_image":[{"width":300,"height":286,"url":"https:\/\/vinilozona.lt\/wp-content\/uploads\/2021\/01\/R-6182157-1413113160-4603.jpeg.jpg","type":"image\/jpeg"}],"twitter_card":"summary_large_image","schema":{"@context":"https:\/\/schema.org","@graph":[{"@type":"WebPage","@id":"https:\/\/vinilozona.lt\/parduotuve\/rock-pop\/osibisa-%e2%80%8e-osibisa\/","url":"https:\/\/vinilozona.lt\/parduotuve\/rock-pop\/osibisa-%e2%80%8e-osibisa\/","name":"Osibisa \u200e\u2013 Osibisa Vinilin\u0117 Plok\u0161tel\u0117 | Vinilozona.lt","isPartOf":{"@id":"https:\/\/vinilozona.lt\/#website"},"primaryImageOfPage":{"@id":"https:\/\/vinilozona.lt\/parduotuve\/rock-pop\/osibisa-%e2%80%8e-osibisa\/#primaryimage"},"image":{"@id":"https:\/\/vinilozona.lt\/parduotuve\/rock-pop\/osibisa-%e2%80%8e-osibisa\/#primaryimage"},"thumbnailUrl":"https:\/\/vinilozona.lt\/wp-content\/uploads\/2021\/01\/R-6182157-1413113160-4603.jpeg.jpg","datePublished":"2021-01-13T10:23:26+00:00","dateModified":"2021-04-25T11:25:27+00:00","breadcrumb":{"@id":"https:\/\/vinilozona.lt\/parduotuve\/rock-pop\/osibisa-%e2%80%8e-osibisa\/#breadcrumb"},"inLanguage":"en-GB","potentialAction":[{"@type":"ReadAction","target":["https:\/\/vinilozona.lt\/parduotuve\/rock-pop\/osibisa-%e2%80%8e-osibisa\/"]}]},{"@type":"ImageObject","inLanguage":"en-GB","@id":"https:\/\/vinilozona.lt\/parduotuve\/rock-pop\/osibisa-%e2%80%8e-osibisa\/#primaryimage","url":"https:\/\/vinilozona.lt\/wp-content\/uploads\/2021\/01\/R-6182157-1413113160-4603.jpeg.jpg","contentUrl":"https:\/\/vinilozona.lt\/wp-content\/uploads\/2021\/01\/R-6182157-1413113160-4603.jpeg.jpg","width":300,"height":286},{"@type":"BreadcrumbList","@id":"https:\/\/vinilozona.lt\/parduotuve\/rock-pop\/osibisa-%e2%80%8e-osibisa\/#breadcrumb","itemListElement":[{"@type":"ListItem","position":1,"name":"Home","item":"https:\/\/vinilozona.lt\/"},{"@type":"ListItem","position":2,"name":"Parduotuv\u0117","item":"https:\/\/vinilozona.lt\/parduotuve\/"},{"@type":"ListItem","position":3,"name":"Osibisa \u200e\u2013 Osibisa"}]},{"@type":"WebSite","@id":"https:\/\/vinilozona.lt\/#website","url":"https:\/\/vinilozona.lt\/","name":"Vinilo Zona","description":"Nup\u016bsk dulkes ir klausyk LP","potentialAction":[{"@type":"SearchAction","target":{"@type":"EntryPoint","urlTemplate":"https:\/\/vinilozona.lt\/?s={search_term_string}"},"query-input":{"@type":"PropertyValueSpecification","valueRequired":true,"valueName":"search_term_string"}}],"inLanguage":"en-GB"}]}},"_links":{"self":[{"href":"https:\/\/vinilozona.lt\/en\/wp-json\/wp\/v2\/product\/13638"}],"collection":[{"href":"https:\/\/vinilozona.lt\/en\/wp-json\/wp\/v2\/product"}],"about":[{"href":"https:\/\/vinilozona.lt\/en\/wp-json\/wp\/v2\/types\/product"}],"wp:featuredmedia":[{"embeddable":true,"href":"https:\/\/vinilozona.lt\/en\/wp-json\/wp\/v2\/media\/13639"}],"wp:attachment":[{"href":"https:\/\/vinilozona.lt\/en\/wp-json\/wp\/v2\/media?parent=13638"}],"wp:term":[{"taxonomy":"product_cat","embeddable":true,"href":"https:\/\/vinilozona.lt\/en\/wp-json\/wp\/v2\/product_cat?post=13638"},{"taxonomy":"product_tag","embeddable":true,"href":"https:\/\/vinilozona.lt\/en\/wp-json\/wp\/v2\/product_tag?post=13638"}],"curies":[{"name":"wp","href":"https:\/\/api.w.org\/{rel}","templated":true}]}}