{"id":13596,"date":"2021-10-30T09:04:26","date_gmt":"2021-10-30T06:04:26","guid":{"rendered":"https:\/\/vinilozona.lt\/?post_type=product&#038;p=13596"},"modified":"2026-01-27T13:11:19","modified_gmt":"2026-01-27T11:11:19","slug":"megadeth-%e2%80%8e-th1rt3en","status":"publish","type":"product","link":"https:\/\/vinilozona.lt\/en\/parduotuve\/naujos-lp\/megadeth-%e2%80%8e-th1rt3en\/","title":{"rendered":"Megadeth \u200e\u2013 Th1rt3en"},"content":{"rendered":"<p>A1 \tSudden Death\t5:07<br \/>\nA2 \tPublic Enemy No. 1\t4:15<br \/>\nA3 \tWhose Life (Is It Anyways?)\t3:50<br \/>\nA4 \tWe The People\t4:33<\/p>\n<p>B1 \tGuns, Drugs, &#038; Money\t4:20<br \/>\nB2 \tNever Dead\t4:33<br \/>\nB3 \tNew World Order\t3:56<\/p>\n<p>C1 \tFast Lane\t4:04<br \/>\nC2 \tBlack Swan\t4:10<br \/>\nC3 \tWrecker\t3:52<\/p>\n<p>D1 \tMillennium Of The Blind\t4:15<br \/>\nD2 \tDeadly Nightshade\t4:55<br \/>\nD3 \t13\t5:50<\/p>","protected":false},"excerpt":{"rendered":"<p>Cargo Records \u200e\u2013 RRCAR 7700-1, Roadrunner Records \u200e\u2013 RRCAR 7700-1<br \/>\nFormat:<br \/>\n2 \u00d7 Vinyl, LP, Album <\/p>","protected":false},"featured_media":13597,"template":"","meta":[],"product_cat":[23],"product_tag":[74],"yoast_head":"<!-- This site is optimized with the Yoast SEO plugin v23.5 - https:\/\/yoast.com\/wordpress\/plugins\/seo\/ -->\n<title>Megadeth \u200e\u2013 Th1rt3en Vinilin\u0117 Plok\u0161tel\u0117 | Vinilozona.lt<\/title>\n<meta name=\"robots\" content=\"index, follow, max-snippet:-1, max-image-preview:large, max-video-preview:-1\" \/>\n<link rel=\"canonical\" href=\"https:\/\/vinilozona.lt\/en\/parduotuve\/naujos-lp\/megadeth-\u200e-th1rt3en\/\" \/>\n<meta property=\"og:locale\" content=\"en_GB\" \/>\n<meta property=\"og:type\" content=\"article\" \/>\n<meta property=\"og:title\" content=\"Megadeth \u200e\u2013 Th1rt3en Vinilin\u0117 Plok\u0161tel\u0117 | Vinilozona.lt\" \/>\n<meta property=\"og:description\" content=\"Cargo Records \u200e\u2013 RRCAR 7700-1, Roadrunner Records \u200e\u2013 RRCAR 7700-1 Format: 2 \u00d7 Vinyl, LP, Album\" \/>\n<meta property=\"og:url\" content=\"https:\/\/vinilozona.lt\/en\/parduotuve\/naujos-lp\/megadeth-\u200e-th1rt3en\/\" \/>\n<meta property=\"og:site_name\" content=\"Vinilo Zona\" \/>\n<meta property=\"article:modified_time\" content=\"2026-01-27T11:11:19+00:00\" \/>\n<meta property=\"og:image\" content=\"https:\/\/vinilozona.lt\/wp-content\/uploads\/2021\/01\/R-4122692-1547365979-5299.jpeg.jpg\" \/>\n\t<meta property=\"og:image:width\" content=\"599\" \/>\n\t<meta property=\"og:image:height\" content=\"600\" \/>\n\t<meta property=\"og:image:type\" content=\"image\/jpeg\" \/>\n<meta name=\"twitter:card\" content=\"summary_large_image\" \/>\n<script type=\"application\/ld+json\" class=\"yoast-schema-graph\">{\"@context\":\"https:\/\/schema.org\",\"@graph\":[{\"@type\":\"WebPage\",\"@id\":\"https:\/\/vinilozona.lt\/parduotuve\/naujos-lp\/megadeth-%e2%80%8e-th1rt3en\/\",\"url\":\"https:\/\/vinilozona.lt\/parduotuve\/naujos-lp\/megadeth-%e2%80%8e-th1rt3en\/\",\"name\":\"Megadeth \u200e\u2013 Th1rt3en Vinilin\u0117 Plok\u0161tel\u0117 | Vinilozona.lt\",\"isPartOf\":{\"@id\":\"https:\/\/vinilozona.lt\/#website\"},\"primaryImageOfPage\":{\"@id\":\"https:\/\/vinilozona.lt\/parduotuve\/naujos-lp\/megadeth-%e2%80%8e-th1rt3en\/#primaryimage\"},\"image\":{\"@id\":\"https:\/\/vinilozona.lt\/parduotuve\/naujos-lp\/megadeth-%e2%80%8e-th1rt3en\/#primaryimage\"},\"thumbnailUrl\":\"https:\/\/vinilozona.lt\/wp-content\/uploads\/2021\/01\/R-4122692-1547365979-5299.jpeg.jpg\",\"datePublished\":\"2021-10-30T06:04:26+00:00\",\"dateModified\":\"2026-01-27T11:11:19+00:00\",\"breadcrumb\":{\"@id\":\"https:\/\/vinilozona.lt\/parduotuve\/naujos-lp\/megadeth-%e2%80%8e-th1rt3en\/#breadcrumb\"},\"inLanguage\":\"en-GB\",\"potentialAction\":[{\"@type\":\"ReadAction\",\"target\":[\"https:\/\/vinilozona.lt\/parduotuve\/naujos-lp\/megadeth-%e2%80%8e-th1rt3en\/\"]}]},{\"@type\":\"ImageObject\",\"inLanguage\":\"en-GB\",\"@id\":\"https:\/\/vinilozona.lt\/parduotuve\/naujos-lp\/megadeth-%e2%80%8e-th1rt3en\/#primaryimage\",\"url\":\"https:\/\/vinilozona.lt\/wp-content\/uploads\/2021\/01\/R-4122692-1547365979-5299.jpeg.jpg\",\"contentUrl\":\"https:\/\/vinilozona.lt\/wp-content\/uploads\/2021\/01\/R-4122692-1547365979-5299.jpeg.jpg\",\"width\":599,\"height\":600},{\"@type\":\"BreadcrumbList\",\"@id\":\"https:\/\/vinilozona.lt\/parduotuve\/naujos-lp\/megadeth-%e2%80%8e-th1rt3en\/#breadcrumb\",\"itemListElement\":[{\"@type\":\"ListItem\",\"position\":1,\"name\":\"Home\",\"item\":\"https:\/\/vinilozona.lt\/\"},{\"@type\":\"ListItem\",\"position\":2,\"name\":\"Parduotuv\u0117\",\"item\":\"https:\/\/vinilozona.lt\/parduotuve\/\"},{\"@type\":\"ListItem\",\"position\":3,\"name\":\"Megadeth \u200e\u2013 Th1rt3en\"}]},{\"@type\":\"WebSite\",\"@id\":\"https:\/\/vinilozona.lt\/#website\",\"url\":\"https:\/\/vinilozona.lt\/\",\"name\":\"Vinilo Zona\",\"description\":\"Nup\u016bsk dulkes ir klausyk LP\",\"potentialAction\":[{\"@type\":\"SearchAction\",\"target\":{\"@type\":\"EntryPoint\",\"urlTemplate\":\"https:\/\/vinilozona.lt\/?s={search_term_string}\"},\"query-input\":{\"@type\":\"PropertyValueSpecification\",\"valueRequired\":true,\"valueName\":\"search_term_string\"}}],\"inLanguage\":\"en-GB\"}]}<\/script>\n<!-- \/ Yoast SEO plugin. -->","yoast_head_json":{"title":"Megadeth \u200e\u2013 Th1rt3en Vinilin\u0117 Plok\u0161tel\u0117 | Vinilozona.lt","robots":{"index":"index","follow":"follow","max-snippet":"max-snippet:-1","max-image-preview":"max-image-preview:large","max-video-preview":"max-video-preview:-1"},"canonical":"https:\/\/vinilozona.lt\/en\/parduotuve\/naujos-lp\/megadeth-\u200e-th1rt3en\/","og_locale":"en_GB","og_type":"article","og_title":"Megadeth \u200e\u2013 Th1rt3en Vinilin\u0117 Plok\u0161tel\u0117 | Vinilozona.lt","og_description":"Cargo Records \u200e\u2013 RRCAR 7700-1, Roadrunner Records \u200e\u2013 RRCAR 7700-1 Format: 2 \u00d7 Vinyl, LP, Album","og_url":"https:\/\/vinilozona.lt\/en\/parduotuve\/naujos-lp\/megadeth-\u200e-th1rt3en\/","og_site_name":"Vinilo Zona","article_modified_time":"2026-01-27T11:11:19+00:00","og_image":[{"width":599,"height":600,"url":"https:\/\/vinilozona.lt\/wp-content\/uploads\/2021\/01\/R-4122692-1547365979-5299.jpeg.jpg","type":"image\/jpeg"}],"twitter_card":"summary_large_image","schema":{"@context":"https:\/\/schema.org","@graph":[{"@type":"WebPage","@id":"https:\/\/vinilozona.lt\/parduotuve\/naujos-lp\/megadeth-%e2%80%8e-th1rt3en\/","url":"https:\/\/vinilozona.lt\/parduotuve\/naujos-lp\/megadeth-%e2%80%8e-th1rt3en\/","name":"Megadeth \u200e\u2013 Th1rt3en Vinilin\u0117 Plok\u0161tel\u0117 | Vinilozona.lt","isPartOf":{"@id":"https:\/\/vinilozona.lt\/#website"},"primaryImageOfPage":{"@id":"https:\/\/vinilozona.lt\/parduotuve\/naujos-lp\/megadeth-%e2%80%8e-th1rt3en\/#primaryimage"},"image":{"@id":"https:\/\/vinilozona.lt\/parduotuve\/naujos-lp\/megadeth-%e2%80%8e-th1rt3en\/#primaryimage"},"thumbnailUrl":"https:\/\/vinilozona.lt\/wp-content\/uploads\/2021\/01\/R-4122692-1547365979-5299.jpeg.jpg","datePublished":"2021-10-30T06:04:26+00:00","dateModified":"2026-01-27T11:11:19+00:00","breadcrumb":{"@id":"https:\/\/vinilozona.lt\/parduotuve\/naujos-lp\/megadeth-%e2%80%8e-th1rt3en\/#breadcrumb"},"inLanguage":"en-GB","potentialAction":[{"@type":"ReadAction","target":["https:\/\/vinilozona.lt\/parduotuve\/naujos-lp\/megadeth-%e2%80%8e-th1rt3en\/"]}]},{"@type":"ImageObject","inLanguage":"en-GB","@id":"https:\/\/vinilozona.lt\/parduotuve\/naujos-lp\/megadeth-%e2%80%8e-th1rt3en\/#primaryimage","url":"https:\/\/vinilozona.lt\/wp-content\/uploads\/2021\/01\/R-4122692-1547365979-5299.jpeg.jpg","contentUrl":"https:\/\/vinilozona.lt\/wp-content\/uploads\/2021\/01\/R-4122692-1547365979-5299.jpeg.jpg","width":599,"height":600},{"@type":"BreadcrumbList","@id":"https:\/\/vinilozona.lt\/parduotuve\/naujos-lp\/megadeth-%e2%80%8e-th1rt3en\/#breadcrumb","itemListElement":[{"@type":"ListItem","position":1,"name":"Home","item":"https:\/\/vinilozona.lt\/"},{"@type":"ListItem","position":2,"name":"Parduotuv\u0117","item":"https:\/\/vinilozona.lt\/parduotuve\/"},{"@type":"ListItem","position":3,"name":"Megadeth \u200e\u2013 Th1rt3en"}]},{"@type":"WebSite","@id":"https:\/\/vinilozona.lt\/#website","url":"https:\/\/vinilozona.lt\/","name":"Vinilo Zona","description":"Nup\u016bsk dulkes ir klausyk LP","potentialAction":[{"@type":"SearchAction","target":{"@type":"EntryPoint","urlTemplate":"https:\/\/vinilozona.lt\/?s={search_term_string}"},"query-input":{"@type":"PropertyValueSpecification","valueRequired":true,"valueName":"search_term_string"}}],"inLanguage":"en-GB"}]}},"_links":{"self":[{"href":"https:\/\/vinilozona.lt\/en\/wp-json\/wp\/v2\/product\/13596"}],"collection":[{"href":"https:\/\/vinilozona.lt\/en\/wp-json\/wp\/v2\/product"}],"about":[{"href":"https:\/\/vinilozona.lt\/en\/wp-json\/wp\/v2\/types\/product"}],"wp:featuredmedia":[{"embeddable":true,"href":"https:\/\/vinilozona.lt\/en\/wp-json\/wp\/v2\/media\/13597"}],"wp:attachment":[{"href":"https:\/\/vinilozona.lt\/en\/wp-json\/wp\/v2\/media?parent=13596"}],"wp:term":[{"taxonomy":"product_cat","embeddable":true,"href":"https:\/\/vinilozona.lt\/en\/wp-json\/wp\/v2\/product_cat?post=13596"},{"taxonomy":"product_tag","embeddable":true,"href":"https:\/\/vinilozona.lt\/en\/wp-json\/wp\/v2\/product_tag?post=13596"}],"curies":[{"name":"wp","href":"https:\/\/api.w.org\/{rel}","templated":true}]}}