{"id":13579,"date":"2021-01-05T11:32:47","date_gmt":"2021-01-05T09:32:47","guid":{"rendered":"https:\/\/vinilozona.lt\/?post_type=product&#038;p=13579"},"modified":"2021-05-02T14:10:34","modified_gmt":"2021-05-02T11:10:34","slug":"oregon-%e2%80%8e-friends","status":"publish","type":"product","link":"https:\/\/vinilozona.lt\/en\/parduotuve\/jazz\/oregon-%e2%80%8e-friends\/","title":{"rendered":"Oregon \u200e\u2013 Friends"},"content":{"rendered":"<p>A1 \tInterstate<\/p>\n<p>    Bass \u2013 Glen MooreCongas, Timbales \u2013 David Earle JohnsonOboe \u2013 Paul McCandlessPiano \u2013 Ralph TownerTabla \u2013 Collin Walcott<\/p>\n<p>\t8:48<br \/>\nA2 \tGospel Song<\/p>\n<p>    Bass \u2013 Glen MooreBass Clarinet \u2013 Paul McCandlessTenor Saxophone \u2013 Bennie Wallace<\/p>\n<p>\t2:34<br \/>\nA3 \tGrazing Dreams<\/p>\n<p>    Bass \u2013 Glen MooreCongas \u2013 David Earle JohnsonEnglish Horn \u2013 Paul McCandlessGuitar [Classical] \u2013 Ralph TownerSitar \u2013 Collin Walcott<\/p>\n<p>\t3:34<br \/>\nA4 \tSlumber Song<\/p>\n<p>    Bass Clarinet \u2013 Paul McCandlessBass, Flute \u2013 Glen MooreGuitar [12-string] \u2013 Ralph TownerPercussion \u2013 Collin WalcottPiano \u2013 Larry Karush<\/p>\n<p>\t5:54<br \/>\nB1 \tTime Remembered<\/p>\n<p>    Bass \u2013 Glen MooreCongas [Hi-hat] \u2013 Collin WalcottEnglish Horn \u2013 Paul McCandlessPiano, Percussion \u2013 Ralph Towner<\/p>\n<p>\t4:43<br \/>\nB2 \tFirst Thing In The Morning<\/p>\n<p>    Tabla \u2013 Collin WalcottTenor Saxophone \u2013 Bennie Wallace<\/p>\n<p>\t3:17<br \/>\nB3 \tLove Over Time<\/p>\n<p>    Piano [Lower] \u2013 Glen MoorePiano [Upper] \u2013 Larry Karush<\/p>\n<p>\t3:45<br \/>\nB4 \tTimeless<\/p>\n<p>    Bass \u2013 Glen MooreEnglish Horn \u2013 Paul McCandlessGuitar [12-string], French Horn \u2013 Ralph TownerSitar, Tabla \u2013 Collin Walcott<\/p>\n<p>\t8:19<\/p>","protected":false},"excerpt":{"rendered":"<p>Vanguard \u200e\u2013 VSD \u25cf 79370 <\/p>","protected":false},"featured_media":13580,"template":"","meta":[],"product_cat":[20],"product_tag":[44],"yoast_head":"<!-- This site is optimized with the Yoast SEO plugin v23.5 - https:\/\/yoast.com\/wordpress\/plugins\/seo\/ -->\n<title>Oregon \u200e\u2013 Friends Vinilin\u0117 Plok\u0161tel\u0117 | Vinilozona.lt<\/title>\n<meta name=\"robots\" content=\"index, follow, max-snippet:-1, max-image-preview:large, max-video-preview:-1\" \/>\n<link rel=\"canonical\" href=\"https:\/\/vinilozona.lt\/en\/parduotuve\/jazz\/oregon-\u200e-friends\/\" \/>\n<meta property=\"og:locale\" content=\"en_GB\" \/>\n<meta property=\"og:type\" content=\"article\" \/>\n<meta property=\"og:title\" content=\"Oregon \u200e\u2013 Friends Vinilin\u0117 Plok\u0161tel\u0117 | Vinilozona.lt\" \/>\n<meta property=\"og:description\" content=\"Vanguard \u200e\u2013 VSD \u25cf 79370\" \/>\n<meta property=\"og:url\" content=\"https:\/\/vinilozona.lt\/en\/parduotuve\/jazz\/oregon-\u200e-friends\/\" \/>\n<meta property=\"og:site_name\" content=\"Vinilo Zona\" \/>\n<meta property=\"article:modified_time\" content=\"2021-05-02T11:10:34+00:00\" \/>\n<meta property=\"og:image\" content=\"https:\/\/vinilozona.lt\/wp-content\/uploads\/2021\/01\/R-2407546-1608716823-5492.jpeg.jpg\" \/>\n\t<meta property=\"og:image:width\" content=\"599\" \/>\n\t<meta property=\"og:image:height\" content=\"597\" \/>\n\t<meta property=\"og:image:type\" content=\"image\/jpeg\" \/>\n<meta name=\"twitter:card\" content=\"summary_large_image\" \/>\n<meta name=\"twitter:label1\" content=\"Estimated reading time\" \/>\n\t<meta name=\"twitter:data1\" content=\"1 minute\" \/>\n<script type=\"application\/ld+json\" class=\"yoast-schema-graph\">{\"@context\":\"https:\/\/schema.org\",\"@graph\":[{\"@type\":\"WebPage\",\"@id\":\"https:\/\/vinilozona.lt\/parduotuve\/jazz\/oregon-%e2%80%8e-friends\/\",\"url\":\"https:\/\/vinilozona.lt\/parduotuve\/jazz\/oregon-%e2%80%8e-friends\/\",\"name\":\"Oregon \u200e\u2013 Friends Vinilin\u0117 Plok\u0161tel\u0117 | Vinilozona.lt\",\"isPartOf\":{\"@id\":\"https:\/\/vinilozona.lt\/#website\"},\"primaryImageOfPage\":{\"@id\":\"https:\/\/vinilozona.lt\/parduotuve\/jazz\/oregon-%e2%80%8e-friends\/#primaryimage\"},\"image\":{\"@id\":\"https:\/\/vinilozona.lt\/parduotuve\/jazz\/oregon-%e2%80%8e-friends\/#primaryimage\"},\"thumbnailUrl\":\"https:\/\/vinilozona.lt\/wp-content\/uploads\/2021\/01\/R-2407546-1608716823-5492.jpeg.jpg\",\"datePublished\":\"2021-01-05T09:32:47+00:00\",\"dateModified\":\"2021-05-02T11:10:34+00:00\",\"breadcrumb\":{\"@id\":\"https:\/\/vinilozona.lt\/parduotuve\/jazz\/oregon-%e2%80%8e-friends\/#breadcrumb\"},\"inLanguage\":\"en-GB\",\"potentialAction\":[{\"@type\":\"ReadAction\",\"target\":[\"https:\/\/vinilozona.lt\/parduotuve\/jazz\/oregon-%e2%80%8e-friends\/\"]}]},{\"@type\":\"ImageObject\",\"inLanguage\":\"en-GB\",\"@id\":\"https:\/\/vinilozona.lt\/parduotuve\/jazz\/oregon-%e2%80%8e-friends\/#primaryimage\",\"url\":\"https:\/\/vinilozona.lt\/wp-content\/uploads\/2021\/01\/R-2407546-1608716823-5492.jpeg.jpg\",\"contentUrl\":\"https:\/\/vinilozona.lt\/wp-content\/uploads\/2021\/01\/R-2407546-1608716823-5492.jpeg.jpg\",\"width\":599,\"height\":597},{\"@type\":\"BreadcrumbList\",\"@id\":\"https:\/\/vinilozona.lt\/parduotuve\/jazz\/oregon-%e2%80%8e-friends\/#breadcrumb\",\"itemListElement\":[{\"@type\":\"ListItem\",\"position\":1,\"name\":\"Home\",\"item\":\"https:\/\/vinilozona.lt\/\"},{\"@type\":\"ListItem\",\"position\":2,\"name\":\"Parduotuv\u0117\",\"item\":\"https:\/\/vinilozona.lt\/parduotuve\/\"},{\"@type\":\"ListItem\",\"position\":3,\"name\":\"Oregon \u200e\u2013 Friends\"}]},{\"@type\":\"WebSite\",\"@id\":\"https:\/\/vinilozona.lt\/#website\",\"url\":\"https:\/\/vinilozona.lt\/\",\"name\":\"Vinilo Zona\",\"description\":\"Nup\u016bsk dulkes ir klausyk LP\",\"potentialAction\":[{\"@type\":\"SearchAction\",\"target\":{\"@type\":\"EntryPoint\",\"urlTemplate\":\"https:\/\/vinilozona.lt\/?s={search_term_string}\"},\"query-input\":{\"@type\":\"PropertyValueSpecification\",\"valueRequired\":true,\"valueName\":\"search_term_string\"}}],\"inLanguage\":\"en-GB\"}]}<\/script>\n<!-- \/ Yoast SEO plugin. -->","yoast_head_json":{"title":"Oregon \u200e\u2013 Friends Vinilin\u0117 Plok\u0161tel\u0117 | Vinilozona.lt","robots":{"index":"index","follow":"follow","max-snippet":"max-snippet:-1","max-image-preview":"max-image-preview:large","max-video-preview":"max-video-preview:-1"},"canonical":"https:\/\/vinilozona.lt\/en\/parduotuve\/jazz\/oregon-\u200e-friends\/","og_locale":"en_GB","og_type":"article","og_title":"Oregon \u200e\u2013 Friends Vinilin\u0117 Plok\u0161tel\u0117 | Vinilozona.lt","og_description":"Vanguard \u200e\u2013 VSD \u25cf 79370","og_url":"https:\/\/vinilozona.lt\/en\/parduotuve\/jazz\/oregon-\u200e-friends\/","og_site_name":"Vinilo Zona","article_modified_time":"2021-05-02T11:10:34+00:00","og_image":[{"width":599,"height":597,"url":"https:\/\/vinilozona.lt\/wp-content\/uploads\/2021\/01\/R-2407546-1608716823-5492.jpeg.jpg","type":"image\/jpeg"}],"twitter_card":"summary_large_image","twitter_misc":{"Estimated reading time":"1 minute"},"schema":{"@context":"https:\/\/schema.org","@graph":[{"@type":"WebPage","@id":"https:\/\/vinilozona.lt\/parduotuve\/jazz\/oregon-%e2%80%8e-friends\/","url":"https:\/\/vinilozona.lt\/parduotuve\/jazz\/oregon-%e2%80%8e-friends\/","name":"Oregon \u200e\u2013 Friends Vinilin\u0117 Plok\u0161tel\u0117 | Vinilozona.lt","isPartOf":{"@id":"https:\/\/vinilozona.lt\/#website"},"primaryImageOfPage":{"@id":"https:\/\/vinilozona.lt\/parduotuve\/jazz\/oregon-%e2%80%8e-friends\/#primaryimage"},"image":{"@id":"https:\/\/vinilozona.lt\/parduotuve\/jazz\/oregon-%e2%80%8e-friends\/#primaryimage"},"thumbnailUrl":"https:\/\/vinilozona.lt\/wp-content\/uploads\/2021\/01\/R-2407546-1608716823-5492.jpeg.jpg","datePublished":"2021-01-05T09:32:47+00:00","dateModified":"2021-05-02T11:10:34+00:00","breadcrumb":{"@id":"https:\/\/vinilozona.lt\/parduotuve\/jazz\/oregon-%e2%80%8e-friends\/#breadcrumb"},"inLanguage":"en-GB","potentialAction":[{"@type":"ReadAction","target":["https:\/\/vinilozona.lt\/parduotuve\/jazz\/oregon-%e2%80%8e-friends\/"]}]},{"@type":"ImageObject","inLanguage":"en-GB","@id":"https:\/\/vinilozona.lt\/parduotuve\/jazz\/oregon-%e2%80%8e-friends\/#primaryimage","url":"https:\/\/vinilozona.lt\/wp-content\/uploads\/2021\/01\/R-2407546-1608716823-5492.jpeg.jpg","contentUrl":"https:\/\/vinilozona.lt\/wp-content\/uploads\/2021\/01\/R-2407546-1608716823-5492.jpeg.jpg","width":599,"height":597},{"@type":"BreadcrumbList","@id":"https:\/\/vinilozona.lt\/parduotuve\/jazz\/oregon-%e2%80%8e-friends\/#breadcrumb","itemListElement":[{"@type":"ListItem","position":1,"name":"Home","item":"https:\/\/vinilozona.lt\/"},{"@type":"ListItem","position":2,"name":"Parduotuv\u0117","item":"https:\/\/vinilozona.lt\/parduotuve\/"},{"@type":"ListItem","position":3,"name":"Oregon \u200e\u2013 Friends"}]},{"@type":"WebSite","@id":"https:\/\/vinilozona.lt\/#website","url":"https:\/\/vinilozona.lt\/","name":"Vinilo Zona","description":"Nup\u016bsk dulkes ir klausyk LP","potentialAction":[{"@type":"SearchAction","target":{"@type":"EntryPoint","urlTemplate":"https:\/\/vinilozona.lt\/?s={search_term_string}"},"query-input":{"@type":"PropertyValueSpecification","valueRequired":true,"valueName":"search_term_string"}}],"inLanguage":"en-GB"}]}},"_links":{"self":[{"href":"https:\/\/vinilozona.lt\/en\/wp-json\/wp\/v2\/product\/13579"}],"collection":[{"href":"https:\/\/vinilozona.lt\/en\/wp-json\/wp\/v2\/product"}],"about":[{"href":"https:\/\/vinilozona.lt\/en\/wp-json\/wp\/v2\/types\/product"}],"wp:featuredmedia":[{"embeddable":true,"href":"https:\/\/vinilozona.lt\/en\/wp-json\/wp\/v2\/media\/13580"}],"wp:attachment":[{"href":"https:\/\/vinilozona.lt\/en\/wp-json\/wp\/v2\/media?parent=13579"}],"wp:term":[{"taxonomy":"product_cat","embeddable":true,"href":"https:\/\/vinilozona.lt\/en\/wp-json\/wp\/v2\/product_cat?post=13579"},{"taxonomy":"product_tag","embeddable":true,"href":"https:\/\/vinilozona.lt\/en\/wp-json\/wp\/v2\/product_tag?post=13579"}],"curies":[{"name":"wp","href":"https:\/\/api.w.org\/{rel}","templated":true}]}}