{"id":13577,"date":"2024-02-26T05:17:57","date_gmt":"2024-02-26T03:17:57","guid":{"rendered":"https:\/\/vinilozona.lt\/?post_type=product&#038;p=13577"},"modified":"2026-03-22T12:36:35","modified_gmt":"2026-03-22T10:36:35","slug":"john-mayall-and-the-bluesbreakers-%e2%80%8e-live-at-klooks-kleek","status":"publish","type":"product","link":"https:\/\/vinilozona.lt\/en\/parduotuve\/rock-pop\/john-mayall-and-the-bluesbreakers-%e2%80%8e-live-at-klooks-kleek\/","title":{"rendered":"John Mayall \u2013 Ten Years Are Gone  2Lp"},"content":{"rendered":"<p>A1\t\tTen Years Are Gone  4:46<br \/>\nA2\t\tDriving Till The Break Of Day  5:03<br \/>\nA3\t\tDrifting  4:34<br \/>\nA4\t\tBetter Pass You By  5:12<br \/>\nB1\t\tCalifornia Campground  3:12<br \/>\nB2\t\tUndecided  2:51<br \/>\nB3\t\tGood Looking Stranger  4:23<br \/>\nB4\t\tI Still Care  4:17<br \/>\nB5\t\tDon&#8217;t Hang Me Up  4:11<br \/>\nC1\t\tIntroduction\t2:05<br \/>\nC2\t\tSitting Here Thinking  7:58<br \/>\nC3\t\tHarmonica Free Form  11:36<br \/>\nD1\t\tBurning Sun  5:10<br \/>\nD2\t\tDark Of The Night  17:41<\/p>","protected":false},"excerpt":{"rendered":"<p>Polydor \u2013 PD-2-3005<br \/>\nFormat:<br \/>\n2 x Vinyl, LP, Album, Stereo, Gatefold<br \/>\nCountry:\tUS<br \/>\nReleased:\t1973<\/p>","protected":false},"featured_media":24261,"template":"","meta":[],"product_cat":[15],"product_tag":[44],"yoast_head":"<!-- This site is optimized with the Yoast SEO plugin v23.5 - https:\/\/yoast.com\/wordpress\/plugins\/seo\/ -->\n<title>John Mayall \u2013 Ten Years Are Gone 2Lp Vinilin\u0117 Plok\u0161tel\u0117 | Vinilozona.lt<\/title>\n<meta name=\"robots\" content=\"index, follow, max-snippet:-1, max-image-preview:large, max-video-preview:-1\" \/>\n<link rel=\"canonical\" href=\"https:\/\/vinilozona.lt\/en\/parduotuve\/rock-pop\/john-mayall-and-the-bluesbreakers-\u200e-live-at-klooks-kleek\/\" \/>\n<meta property=\"og:locale\" content=\"en_GB\" \/>\n<meta property=\"og:type\" content=\"article\" \/>\n<meta property=\"og:title\" content=\"John Mayall \u2013 Ten Years Are Gone 2Lp Vinilin\u0117 Plok\u0161tel\u0117 | Vinilozona.lt\" \/>\n<meta property=\"og:description\" content=\"Polydor \u2013 PD-2-3005 Format:  2 x Vinyl, LP, Album, Stereo, Gatefold Country: US Released: 1973\" \/>\n<meta property=\"og:url\" content=\"https:\/\/vinilozona.lt\/en\/parduotuve\/rock-pop\/john-mayall-and-the-bluesbreakers-\u200e-live-at-klooks-kleek\/\" \/>\n<meta property=\"og:site_name\" content=\"Vinilo Zona\" \/>\n<meta property=\"article:modified_time\" content=\"2026-03-22T10:36:35+00:00\" \/>\n<meta property=\"og:image\" content=\"https:\/\/vinilozona.lt\/wp-content\/uploads\/2021\/01\/R-11606617-1519364559-2985.jpg\" \/>\n\t<meta property=\"og:image:width\" content=\"600\" \/>\n\t<meta property=\"og:image:height\" content=\"598\" \/>\n\t<meta property=\"og:image:type\" content=\"image\/jpeg\" \/>\n<meta name=\"twitter:card\" content=\"summary_large_image\" \/>\n<script type=\"application\/ld+json\" class=\"yoast-schema-graph\">{\"@context\":\"https:\/\/schema.org\",\"@graph\":[{\"@type\":\"WebPage\",\"@id\":\"https:\/\/vinilozona.lt\/parduotuve\/rock-pop\/john-mayall-and-the-bluesbreakers-%e2%80%8e-live-at-klooks-kleek\/\",\"url\":\"https:\/\/vinilozona.lt\/parduotuve\/rock-pop\/john-mayall-and-the-bluesbreakers-%e2%80%8e-live-at-klooks-kleek\/\",\"name\":\"John Mayall \u2013 Ten Years Are Gone 2Lp Vinilin\u0117 Plok\u0161tel\u0117 | Vinilozona.lt\",\"isPartOf\":{\"@id\":\"https:\/\/vinilozona.lt\/#website\"},\"primaryImageOfPage\":{\"@id\":\"https:\/\/vinilozona.lt\/parduotuve\/rock-pop\/john-mayall-and-the-bluesbreakers-%e2%80%8e-live-at-klooks-kleek\/#primaryimage\"},\"image\":{\"@id\":\"https:\/\/vinilozona.lt\/parduotuve\/rock-pop\/john-mayall-and-the-bluesbreakers-%e2%80%8e-live-at-klooks-kleek\/#primaryimage\"},\"thumbnailUrl\":\"https:\/\/vinilozona.lt\/wp-content\/uploads\/2021\/01\/R-11606617-1519364559-2985.jpg\",\"datePublished\":\"2024-02-26T03:17:57+00:00\",\"dateModified\":\"2026-03-22T10:36:35+00:00\",\"breadcrumb\":{\"@id\":\"https:\/\/vinilozona.lt\/parduotuve\/rock-pop\/john-mayall-and-the-bluesbreakers-%e2%80%8e-live-at-klooks-kleek\/#breadcrumb\"},\"inLanguage\":\"en-GB\",\"potentialAction\":[{\"@type\":\"ReadAction\",\"target\":[\"https:\/\/vinilozona.lt\/parduotuve\/rock-pop\/john-mayall-and-the-bluesbreakers-%e2%80%8e-live-at-klooks-kleek\/\"]}]},{\"@type\":\"ImageObject\",\"inLanguage\":\"en-GB\",\"@id\":\"https:\/\/vinilozona.lt\/parduotuve\/rock-pop\/john-mayall-and-the-bluesbreakers-%e2%80%8e-live-at-klooks-kleek\/#primaryimage\",\"url\":\"https:\/\/vinilozona.lt\/wp-content\/uploads\/2021\/01\/R-11606617-1519364559-2985.jpg\",\"contentUrl\":\"https:\/\/vinilozona.lt\/wp-content\/uploads\/2021\/01\/R-11606617-1519364559-2985.jpg\",\"width\":600,\"height\":598},{\"@type\":\"BreadcrumbList\",\"@id\":\"https:\/\/vinilozona.lt\/parduotuve\/rock-pop\/john-mayall-and-the-bluesbreakers-%e2%80%8e-live-at-klooks-kleek\/#breadcrumb\",\"itemListElement\":[{\"@type\":\"ListItem\",\"position\":1,\"name\":\"Home\",\"item\":\"https:\/\/vinilozona.lt\/\"},{\"@type\":\"ListItem\",\"position\":2,\"name\":\"Parduotuv\u0117\",\"item\":\"https:\/\/vinilozona.lt\/parduotuve\/\"},{\"@type\":\"ListItem\",\"position\":3,\"name\":\"John Mayall \u2013 Ten Years Are Gone 2Lp\"}]},{\"@type\":\"WebSite\",\"@id\":\"https:\/\/vinilozona.lt\/#website\",\"url\":\"https:\/\/vinilozona.lt\/\",\"name\":\"Vinilo Zona\",\"description\":\"Nup\u016bsk dulkes ir klausyk LP\",\"potentialAction\":[{\"@type\":\"SearchAction\",\"target\":{\"@type\":\"EntryPoint\",\"urlTemplate\":\"https:\/\/vinilozona.lt\/?s={search_term_string}\"},\"query-input\":{\"@type\":\"PropertyValueSpecification\",\"valueRequired\":true,\"valueName\":\"search_term_string\"}}],\"inLanguage\":\"en-GB\"}]}<\/script>\n<!-- \/ Yoast SEO plugin. -->","yoast_head_json":{"title":"John Mayall \u2013 Ten Years Are Gone 2Lp Vinilin\u0117 Plok\u0161tel\u0117 | Vinilozona.lt","robots":{"index":"index","follow":"follow","max-snippet":"max-snippet:-1","max-image-preview":"max-image-preview:large","max-video-preview":"max-video-preview:-1"},"canonical":"https:\/\/vinilozona.lt\/en\/parduotuve\/rock-pop\/john-mayall-and-the-bluesbreakers-\u200e-live-at-klooks-kleek\/","og_locale":"en_GB","og_type":"article","og_title":"John Mayall \u2013 Ten Years Are Gone 2Lp Vinilin\u0117 Plok\u0161tel\u0117 | Vinilozona.lt","og_description":"Polydor \u2013 PD-2-3005 Format:  2 x Vinyl, LP, Album, Stereo, Gatefold Country: US Released: 1973","og_url":"https:\/\/vinilozona.lt\/en\/parduotuve\/rock-pop\/john-mayall-and-the-bluesbreakers-\u200e-live-at-klooks-kleek\/","og_site_name":"Vinilo Zona","article_modified_time":"2026-03-22T10:36:35+00:00","og_image":[{"width":600,"height":598,"url":"https:\/\/vinilozona.lt\/wp-content\/uploads\/2021\/01\/R-11606617-1519364559-2985.jpg","type":"image\/jpeg"}],"twitter_card":"summary_large_image","schema":{"@context":"https:\/\/schema.org","@graph":[{"@type":"WebPage","@id":"https:\/\/vinilozona.lt\/parduotuve\/rock-pop\/john-mayall-and-the-bluesbreakers-%e2%80%8e-live-at-klooks-kleek\/","url":"https:\/\/vinilozona.lt\/parduotuve\/rock-pop\/john-mayall-and-the-bluesbreakers-%e2%80%8e-live-at-klooks-kleek\/","name":"John Mayall \u2013 Ten Years Are Gone 2Lp Vinilin\u0117 Plok\u0161tel\u0117 | Vinilozona.lt","isPartOf":{"@id":"https:\/\/vinilozona.lt\/#website"},"primaryImageOfPage":{"@id":"https:\/\/vinilozona.lt\/parduotuve\/rock-pop\/john-mayall-and-the-bluesbreakers-%e2%80%8e-live-at-klooks-kleek\/#primaryimage"},"image":{"@id":"https:\/\/vinilozona.lt\/parduotuve\/rock-pop\/john-mayall-and-the-bluesbreakers-%e2%80%8e-live-at-klooks-kleek\/#primaryimage"},"thumbnailUrl":"https:\/\/vinilozona.lt\/wp-content\/uploads\/2021\/01\/R-11606617-1519364559-2985.jpg","datePublished":"2024-02-26T03:17:57+00:00","dateModified":"2026-03-22T10:36:35+00:00","breadcrumb":{"@id":"https:\/\/vinilozona.lt\/parduotuve\/rock-pop\/john-mayall-and-the-bluesbreakers-%e2%80%8e-live-at-klooks-kleek\/#breadcrumb"},"inLanguage":"en-GB","potentialAction":[{"@type":"ReadAction","target":["https:\/\/vinilozona.lt\/parduotuve\/rock-pop\/john-mayall-and-the-bluesbreakers-%e2%80%8e-live-at-klooks-kleek\/"]}]},{"@type":"ImageObject","inLanguage":"en-GB","@id":"https:\/\/vinilozona.lt\/parduotuve\/rock-pop\/john-mayall-and-the-bluesbreakers-%e2%80%8e-live-at-klooks-kleek\/#primaryimage","url":"https:\/\/vinilozona.lt\/wp-content\/uploads\/2021\/01\/R-11606617-1519364559-2985.jpg","contentUrl":"https:\/\/vinilozona.lt\/wp-content\/uploads\/2021\/01\/R-11606617-1519364559-2985.jpg","width":600,"height":598},{"@type":"BreadcrumbList","@id":"https:\/\/vinilozona.lt\/parduotuve\/rock-pop\/john-mayall-and-the-bluesbreakers-%e2%80%8e-live-at-klooks-kleek\/#breadcrumb","itemListElement":[{"@type":"ListItem","position":1,"name":"Home","item":"https:\/\/vinilozona.lt\/"},{"@type":"ListItem","position":2,"name":"Parduotuv\u0117","item":"https:\/\/vinilozona.lt\/parduotuve\/"},{"@type":"ListItem","position":3,"name":"John Mayall \u2013 Ten Years Are Gone 2Lp"}]},{"@type":"WebSite","@id":"https:\/\/vinilozona.lt\/#website","url":"https:\/\/vinilozona.lt\/","name":"Vinilo Zona","description":"Nup\u016bsk dulkes ir klausyk LP","potentialAction":[{"@type":"SearchAction","target":{"@type":"EntryPoint","urlTemplate":"https:\/\/vinilozona.lt\/?s={search_term_string}"},"query-input":{"@type":"PropertyValueSpecification","valueRequired":true,"valueName":"search_term_string"}}],"inLanguage":"en-GB"}]}},"_links":{"self":[{"href":"https:\/\/vinilozona.lt\/en\/wp-json\/wp\/v2\/product\/13577"}],"collection":[{"href":"https:\/\/vinilozona.lt\/en\/wp-json\/wp\/v2\/product"}],"about":[{"href":"https:\/\/vinilozona.lt\/en\/wp-json\/wp\/v2\/types\/product"}],"wp:featuredmedia":[{"embeddable":true,"href":"https:\/\/vinilozona.lt\/en\/wp-json\/wp\/v2\/media\/24261"}],"wp:attachment":[{"href":"https:\/\/vinilozona.lt\/en\/wp-json\/wp\/v2\/media?parent=13577"}],"wp:term":[{"taxonomy":"product_cat","embeddable":true,"href":"https:\/\/vinilozona.lt\/en\/wp-json\/wp\/v2\/product_cat?post=13577"},{"taxonomy":"product_tag","embeddable":true,"href":"https:\/\/vinilozona.lt\/en\/wp-json\/wp\/v2\/product_tag?post=13577"}],"curies":[{"name":"wp","href":"https:\/\/api.w.org\/{rel}","templated":true}]}}