{"id":13532,"date":"2020-12-29T13:53:01","date_gmt":"2020-12-29T11:53:01","guid":{"rendered":"https:\/\/vinilozona.lt\/?post_type=product&#038;p=13532"},"modified":"2021-01-02T10:53:54","modified_gmt":"2021-01-02T08:53:54","slug":"led-zeppelin-%e2%80%8e-jimmy-page-birthday-at-the-royal-albert-hall-9-january-1970","status":"publish","type":"product","link":"https:\/\/vinilozona.lt\/en\/parduotuve\/rock-pop\/led-zeppelin-%e2%80%8e-jimmy-page-birthday-at-the-royal-albert-hall-9-january-1970\/","title":{"rendered":"Led Zeppelin \u200e\u2013 Jimmy Page Birthday At The Royal Albert Hall 9 January 1970"},"content":{"rendered":"<p>A1 \tWe&#8217;re Gonna Groove \t09:48<br \/>\nA2 \tI Can&#8217;t Quit You Baby \t07:02<br \/>\nA3 \tDazed And Confused \t08:50<br \/>\nB1 \tWhite Summer \t       12:20<br \/>\nB2 \tWhat Is And What Should Never Be \t04:33<br \/>\nB3 \tCommunication Breakdown \t        03:52<br \/>\nB4 \tC&#8217;Mon Everybody \t04:54<br \/>\nC1 \tWhole Lotta Love \t06:20<br \/>\nC2 \tHow Many More Times \t20:15<br \/>\nD1 \tMoby Dick \t        15:11<br \/>\nD2 \tBring It On Home \t07:44<\/p>","protected":false},"excerpt":{"rendered":"<p>DBQP \u200e\u2013 DBQP 37<br \/>\nFormat:<br \/>\n2 \u00d7 Vinyl, LP, Album, Unofficial Release <\/p>","protected":false},"featured_media":13533,"template":"","meta":[],"product_cat":[15,23],"product_tag":[44],"yoast_head":"<!-- This site is optimized with the Yoast SEO plugin v23.5 - https:\/\/yoast.com\/wordpress\/plugins\/seo\/ -->\n<title>Led Zeppelin \u200e\u2013 Jimmy Page Birthday At The Royal Albert Hall 9 January 1970 Vinilin\u0117 Plok\u0161tel\u0117 | Vinilozona.lt<\/title>\n<meta name=\"robots\" content=\"index, follow, max-snippet:-1, max-image-preview:large, max-video-preview:-1\" \/>\n<link rel=\"canonical\" href=\"https:\/\/vinilozona.lt\/en\/parduotuve\/rock-pop\/led-zeppelin-\u200e-jimmy-page-birthday-at-the-royal-albert-hall-9-january-1970\/\" \/>\n<meta property=\"og:locale\" content=\"en_GB\" \/>\n<meta property=\"og:type\" content=\"article\" \/>\n<meta property=\"og:title\" content=\"Led Zeppelin \u200e\u2013 Jimmy Page Birthday At The Royal Albert Hall 9 January 1970 Vinilin\u0117 Plok\u0161tel\u0117 | Vinilozona.lt\" \/>\n<meta property=\"og:description\" content=\"DBQP \u200e\u2013 DBQP 37 Format: 2 \u00d7 Vinyl, LP, Album, Unofficial Release\" \/>\n<meta property=\"og:url\" content=\"https:\/\/vinilozona.lt\/en\/parduotuve\/rock-pop\/led-zeppelin-\u200e-jimmy-page-birthday-at-the-royal-albert-hall-9-january-1970\/\" \/>\n<meta property=\"og:site_name\" content=\"Vinilo Zona\" \/>\n<meta property=\"article:modified_time\" content=\"2021-01-02T08:53:54+00:00\" \/>\n<meta property=\"og:image\" content=\"https:\/\/vinilozona.lt\/wp-content\/uploads\/2020\/12\/R-15416661-1591197393-5198.jpeg.jpg\" \/>\n\t<meta property=\"og:image:width\" content=\"500\" \/>\n\t<meta property=\"og:image:height\" content=\"498\" \/>\n\t<meta property=\"og:image:type\" content=\"image\/jpeg\" \/>\n<meta name=\"twitter:card\" content=\"summary_large_image\" \/>\n<script type=\"application\/ld+json\" class=\"yoast-schema-graph\">{\"@context\":\"https:\/\/schema.org\",\"@graph\":[{\"@type\":\"WebPage\",\"@id\":\"https:\/\/vinilozona.lt\/parduotuve\/rock-pop\/led-zeppelin-%e2%80%8e-jimmy-page-birthday-at-the-royal-albert-hall-9-january-1970\/\",\"url\":\"https:\/\/vinilozona.lt\/parduotuve\/rock-pop\/led-zeppelin-%e2%80%8e-jimmy-page-birthday-at-the-royal-albert-hall-9-january-1970\/\",\"name\":\"Led Zeppelin \u200e\u2013 Jimmy Page Birthday At The Royal Albert Hall 9 January 1970 Vinilin\u0117 Plok\u0161tel\u0117 | Vinilozona.lt\",\"isPartOf\":{\"@id\":\"https:\/\/vinilozona.lt\/#website\"},\"primaryImageOfPage\":{\"@id\":\"https:\/\/vinilozona.lt\/parduotuve\/rock-pop\/led-zeppelin-%e2%80%8e-jimmy-page-birthday-at-the-royal-albert-hall-9-january-1970\/#primaryimage\"},\"image\":{\"@id\":\"https:\/\/vinilozona.lt\/parduotuve\/rock-pop\/led-zeppelin-%e2%80%8e-jimmy-page-birthday-at-the-royal-albert-hall-9-january-1970\/#primaryimage\"},\"thumbnailUrl\":\"https:\/\/vinilozona.lt\/wp-content\/uploads\/2020\/12\/R-15416661-1591197393-5198.jpeg.jpg\",\"datePublished\":\"2020-12-29T11:53:01+00:00\",\"dateModified\":\"2021-01-02T08:53:54+00:00\",\"breadcrumb\":{\"@id\":\"https:\/\/vinilozona.lt\/parduotuve\/rock-pop\/led-zeppelin-%e2%80%8e-jimmy-page-birthday-at-the-royal-albert-hall-9-january-1970\/#breadcrumb\"},\"inLanguage\":\"en-GB\",\"potentialAction\":[{\"@type\":\"ReadAction\",\"target\":[\"https:\/\/vinilozona.lt\/parduotuve\/rock-pop\/led-zeppelin-%e2%80%8e-jimmy-page-birthday-at-the-royal-albert-hall-9-january-1970\/\"]}]},{\"@type\":\"ImageObject\",\"inLanguage\":\"en-GB\",\"@id\":\"https:\/\/vinilozona.lt\/parduotuve\/rock-pop\/led-zeppelin-%e2%80%8e-jimmy-page-birthday-at-the-royal-albert-hall-9-january-1970\/#primaryimage\",\"url\":\"https:\/\/vinilozona.lt\/wp-content\/uploads\/2020\/12\/R-15416661-1591197393-5198.jpeg.jpg\",\"contentUrl\":\"https:\/\/vinilozona.lt\/wp-content\/uploads\/2020\/12\/R-15416661-1591197393-5198.jpeg.jpg\",\"width\":500,\"height\":498},{\"@type\":\"BreadcrumbList\",\"@id\":\"https:\/\/vinilozona.lt\/parduotuve\/rock-pop\/led-zeppelin-%e2%80%8e-jimmy-page-birthday-at-the-royal-albert-hall-9-january-1970\/#breadcrumb\",\"itemListElement\":[{\"@type\":\"ListItem\",\"position\":1,\"name\":\"Home\",\"item\":\"https:\/\/vinilozona.lt\/\"},{\"@type\":\"ListItem\",\"position\":2,\"name\":\"Parduotuv\u0117\",\"item\":\"https:\/\/vinilozona.lt\/parduotuve\/\"},{\"@type\":\"ListItem\",\"position\":3,\"name\":\"Led Zeppelin \u200e\u2013 Jimmy Page Birthday At The Royal Albert Hall 9 January 1970\"}]},{\"@type\":\"WebSite\",\"@id\":\"https:\/\/vinilozona.lt\/#website\",\"url\":\"https:\/\/vinilozona.lt\/\",\"name\":\"Vinilo Zona\",\"description\":\"Nup\u016bsk dulkes ir klausyk LP\",\"potentialAction\":[{\"@type\":\"SearchAction\",\"target\":{\"@type\":\"EntryPoint\",\"urlTemplate\":\"https:\/\/vinilozona.lt\/?s={search_term_string}\"},\"query-input\":{\"@type\":\"PropertyValueSpecification\",\"valueRequired\":true,\"valueName\":\"search_term_string\"}}],\"inLanguage\":\"en-GB\"}]}<\/script>\n<!-- \/ Yoast SEO plugin. -->","yoast_head_json":{"title":"Led Zeppelin \u200e\u2013 Jimmy Page Birthday At The Royal Albert Hall 9 January 1970 Vinilin\u0117 Plok\u0161tel\u0117 | Vinilozona.lt","robots":{"index":"index","follow":"follow","max-snippet":"max-snippet:-1","max-image-preview":"max-image-preview:large","max-video-preview":"max-video-preview:-1"},"canonical":"https:\/\/vinilozona.lt\/en\/parduotuve\/rock-pop\/led-zeppelin-\u200e-jimmy-page-birthday-at-the-royal-albert-hall-9-january-1970\/","og_locale":"en_GB","og_type":"article","og_title":"Led Zeppelin \u200e\u2013 Jimmy Page Birthday At The Royal Albert Hall 9 January 1970 Vinilin\u0117 Plok\u0161tel\u0117 | Vinilozona.lt","og_description":"DBQP \u200e\u2013 DBQP 37 Format: 2 \u00d7 Vinyl, LP, Album, Unofficial Release","og_url":"https:\/\/vinilozona.lt\/en\/parduotuve\/rock-pop\/led-zeppelin-\u200e-jimmy-page-birthday-at-the-royal-albert-hall-9-january-1970\/","og_site_name":"Vinilo Zona","article_modified_time":"2021-01-02T08:53:54+00:00","og_image":[{"width":500,"height":498,"url":"https:\/\/vinilozona.lt\/wp-content\/uploads\/2020\/12\/R-15416661-1591197393-5198.jpeg.jpg","type":"image\/jpeg"}],"twitter_card":"summary_large_image","schema":{"@context":"https:\/\/schema.org","@graph":[{"@type":"WebPage","@id":"https:\/\/vinilozona.lt\/parduotuve\/rock-pop\/led-zeppelin-%e2%80%8e-jimmy-page-birthday-at-the-royal-albert-hall-9-january-1970\/","url":"https:\/\/vinilozona.lt\/parduotuve\/rock-pop\/led-zeppelin-%e2%80%8e-jimmy-page-birthday-at-the-royal-albert-hall-9-january-1970\/","name":"Led Zeppelin \u200e\u2013 Jimmy Page Birthday At The Royal Albert Hall 9 January 1970 Vinilin\u0117 Plok\u0161tel\u0117 | Vinilozona.lt","isPartOf":{"@id":"https:\/\/vinilozona.lt\/#website"},"primaryImageOfPage":{"@id":"https:\/\/vinilozona.lt\/parduotuve\/rock-pop\/led-zeppelin-%e2%80%8e-jimmy-page-birthday-at-the-royal-albert-hall-9-january-1970\/#primaryimage"},"image":{"@id":"https:\/\/vinilozona.lt\/parduotuve\/rock-pop\/led-zeppelin-%e2%80%8e-jimmy-page-birthday-at-the-royal-albert-hall-9-january-1970\/#primaryimage"},"thumbnailUrl":"https:\/\/vinilozona.lt\/wp-content\/uploads\/2020\/12\/R-15416661-1591197393-5198.jpeg.jpg","datePublished":"2020-12-29T11:53:01+00:00","dateModified":"2021-01-02T08:53:54+00:00","breadcrumb":{"@id":"https:\/\/vinilozona.lt\/parduotuve\/rock-pop\/led-zeppelin-%e2%80%8e-jimmy-page-birthday-at-the-royal-albert-hall-9-january-1970\/#breadcrumb"},"inLanguage":"en-GB","potentialAction":[{"@type":"ReadAction","target":["https:\/\/vinilozona.lt\/parduotuve\/rock-pop\/led-zeppelin-%e2%80%8e-jimmy-page-birthday-at-the-royal-albert-hall-9-january-1970\/"]}]},{"@type":"ImageObject","inLanguage":"en-GB","@id":"https:\/\/vinilozona.lt\/parduotuve\/rock-pop\/led-zeppelin-%e2%80%8e-jimmy-page-birthday-at-the-royal-albert-hall-9-january-1970\/#primaryimage","url":"https:\/\/vinilozona.lt\/wp-content\/uploads\/2020\/12\/R-15416661-1591197393-5198.jpeg.jpg","contentUrl":"https:\/\/vinilozona.lt\/wp-content\/uploads\/2020\/12\/R-15416661-1591197393-5198.jpeg.jpg","width":500,"height":498},{"@type":"BreadcrumbList","@id":"https:\/\/vinilozona.lt\/parduotuve\/rock-pop\/led-zeppelin-%e2%80%8e-jimmy-page-birthday-at-the-royal-albert-hall-9-january-1970\/#breadcrumb","itemListElement":[{"@type":"ListItem","position":1,"name":"Home","item":"https:\/\/vinilozona.lt\/"},{"@type":"ListItem","position":2,"name":"Parduotuv\u0117","item":"https:\/\/vinilozona.lt\/parduotuve\/"},{"@type":"ListItem","position":3,"name":"Led Zeppelin \u200e\u2013 Jimmy Page Birthday At The Royal Albert Hall 9 January 1970"}]},{"@type":"WebSite","@id":"https:\/\/vinilozona.lt\/#website","url":"https:\/\/vinilozona.lt\/","name":"Vinilo Zona","description":"Nup\u016bsk dulkes ir klausyk LP","potentialAction":[{"@type":"SearchAction","target":{"@type":"EntryPoint","urlTemplate":"https:\/\/vinilozona.lt\/?s={search_term_string}"},"query-input":{"@type":"PropertyValueSpecification","valueRequired":true,"valueName":"search_term_string"}}],"inLanguage":"en-GB"}]}},"_links":{"self":[{"href":"https:\/\/vinilozona.lt\/en\/wp-json\/wp\/v2\/product\/13532"}],"collection":[{"href":"https:\/\/vinilozona.lt\/en\/wp-json\/wp\/v2\/product"}],"about":[{"href":"https:\/\/vinilozona.lt\/en\/wp-json\/wp\/v2\/types\/product"}],"wp:featuredmedia":[{"embeddable":true,"href":"https:\/\/vinilozona.lt\/en\/wp-json\/wp\/v2\/media\/13533"}],"wp:attachment":[{"href":"https:\/\/vinilozona.lt\/en\/wp-json\/wp\/v2\/media?parent=13532"}],"wp:term":[{"taxonomy":"product_cat","embeddable":true,"href":"https:\/\/vinilozona.lt\/en\/wp-json\/wp\/v2\/product_cat?post=13532"},{"taxonomy":"product_tag","embeddable":true,"href":"https:\/\/vinilozona.lt\/en\/wp-json\/wp\/v2\/product_tag?post=13532"}],"curies":[{"name":"wp","href":"https:\/\/api.w.org\/{rel}","templated":true}]}}