{"id":13517,"date":"2026-02-19T05:01:53","date_gmt":"2026-02-19T03:01:53","guid":{"rendered":"https:\/\/vinilozona.lt\/?post_type=product&#038;p=13517"},"modified":"2026-03-05T13:43:59","modified_gmt":"2026-03-05T11:43:59","slug":"beatles-%e2%80%8e-1967-1970-2","status":"publish","type":"product","link":"https:\/\/vinilozona.lt\/en\/parduotuve\/rock-pop\/beatles-%e2%80%8e-1967-1970-2\/","title":{"rendered":"Beatles \u200e\u2013 1967-1970"},"content":{"rendered":"<p>A1 \tStrawberry Fields Forever<br \/>\nA2 \tPenny Lane<br \/>\nA3 \tSgt. Pepper&#8217;s Lonely Hearts Club Band<br \/>\nA4 \tWith A Little Help From My Friends<br \/>\nA5 \tLucy In The Sky With Diamonds<br \/>\nA6 \tA Day In The Life<br \/>\nA7 \tAll You Need Is Love \t<\/p>\n<p>B1 \tI Am The Walrus<br \/>\nB2 \tHello Goodbye<br \/>\nB3 \tThe Fool On The Hill<br \/>\nB4 \tMagical Mystery Tour<br \/>\nB5 \tLady Madonna<br \/>\nB6 \tHey Jude<br \/>\nB7 \tRevolution \t<\/p>\n<p>C1 \tBack In The U.S.S.R.<br \/>\nC2 \tWhile My Guitar Gently Weeps<br \/>\nC3 \tOb-La-Di, Ob-La-Da<br \/>\nC4 \tGet Back<br \/>\nC5 \tDon&#8217;t Let Me Down<br \/>\nC6 \tThe Ballad Of John &#038; Yoko<br \/>\nC7 \tOld Brown Shoe<\/p>\n<p>D1 \tHere Comes The Sun<br \/>\nD2 \tCome Together<br \/>\nD3 \tSomething<br \/>\nD4 \tOctopus&#8217;s Garden<br \/>\nD5 \tLet It Be<br \/>\nD6 \tAcross The Universe<br \/>\nD7 \tThe Long And Winding Road<\/p>","protected":false},"excerpt":{"rendered":"<p>Apple Records \u2013 1 C 188-05 309\/10, EMI Electrola \u2013 1 C 188-05 309\/10<br \/>\nFormat:<br \/>\n2 x Vinyl, LP, Compilation, Stereo<br \/>\nCountry:<br \/>\nGermany<br \/>\nReleased:<br \/>\n1973<\/p>","protected":false},"featured_media":13518,"template":"","meta":[],"product_cat":[15],"product_tag":[44],"yoast_head":"<!-- This site is optimized with the Yoast SEO plugin v23.5 - https:\/\/yoast.com\/wordpress\/plugins\/seo\/ -->\n<title>Beatles \u200e\u2013 1967-1970 Vinilin\u0117 Plok\u0161tel\u0117 | Vinilozona.lt<\/title>\n<meta name=\"robots\" content=\"index, follow, max-snippet:-1, max-image-preview:large, max-video-preview:-1\" \/>\n<link rel=\"canonical\" href=\"https:\/\/vinilozona.lt\/en\/parduotuve\/rock-pop\/beatles-\u200e-1967-1970-2\/\" \/>\n<meta property=\"og:locale\" content=\"en_GB\" \/>\n<meta property=\"og:type\" content=\"article\" \/>\n<meta property=\"og:title\" content=\"Beatles \u200e\u2013 1967-1970 Vinilin\u0117 Plok\u0161tel\u0117 | Vinilozona.lt\" \/>\n<meta property=\"og:description\" content=\"Apple Records \u2013 1 C 188-05 309\/10, EMI Electrola \u2013 1 C 188-05 309\/10 Format: 2 x Vinyl, LP, Compilation, Stereo Country: Germany Released: 1973\" \/>\n<meta property=\"og:url\" content=\"https:\/\/vinilozona.lt\/en\/parduotuve\/rock-pop\/beatles-\u200e-1967-1970-2\/\" \/>\n<meta property=\"og:site_name\" content=\"Vinilo Zona\" \/>\n<meta property=\"article:modified_time\" content=\"2026-03-05T11:43:59+00:00\" \/>\n<meta property=\"og:image\" content=\"https:\/\/vinilozona.lt\/wp-content\/uploads\/2020\/12\/R-690137-1336938369-4640.jpeg.jpg\" \/>\n\t<meta property=\"og:image:width\" content=\"390\" \/>\n\t<meta property=\"og:image:height\" content=\"387\" \/>\n\t<meta property=\"og:image:type\" content=\"image\/jpeg\" \/>\n<meta name=\"twitter:card\" content=\"summary_large_image\" \/>\n<meta name=\"twitter:label1\" content=\"Estimated reading time\" \/>\n\t<meta name=\"twitter:data1\" content=\"1 minute\" \/>\n<script type=\"application\/ld+json\" class=\"yoast-schema-graph\">{\"@context\":\"https:\/\/schema.org\",\"@graph\":[{\"@type\":\"WebPage\",\"@id\":\"https:\/\/vinilozona.lt\/parduotuve\/rock-pop\/beatles-%e2%80%8e-1967-1970-2\/\",\"url\":\"https:\/\/vinilozona.lt\/parduotuve\/rock-pop\/beatles-%e2%80%8e-1967-1970-2\/\",\"name\":\"Beatles \u200e\u2013 1967-1970 Vinilin\u0117 Plok\u0161tel\u0117 | Vinilozona.lt\",\"isPartOf\":{\"@id\":\"https:\/\/vinilozona.lt\/#website\"},\"primaryImageOfPage\":{\"@id\":\"https:\/\/vinilozona.lt\/parduotuve\/rock-pop\/beatles-%e2%80%8e-1967-1970-2\/#primaryimage\"},\"image\":{\"@id\":\"https:\/\/vinilozona.lt\/parduotuve\/rock-pop\/beatles-%e2%80%8e-1967-1970-2\/#primaryimage\"},\"thumbnailUrl\":\"https:\/\/vinilozona.lt\/wp-content\/uploads\/2020\/12\/R-690137-1336938369-4640.jpeg.jpg\",\"datePublished\":\"2026-02-19T03:01:53+00:00\",\"dateModified\":\"2026-03-05T11:43:59+00:00\",\"breadcrumb\":{\"@id\":\"https:\/\/vinilozona.lt\/parduotuve\/rock-pop\/beatles-%e2%80%8e-1967-1970-2\/#breadcrumb\"},\"inLanguage\":\"en-GB\",\"potentialAction\":[{\"@type\":\"ReadAction\",\"target\":[\"https:\/\/vinilozona.lt\/parduotuve\/rock-pop\/beatles-%e2%80%8e-1967-1970-2\/\"]}]},{\"@type\":\"ImageObject\",\"inLanguage\":\"en-GB\",\"@id\":\"https:\/\/vinilozona.lt\/parduotuve\/rock-pop\/beatles-%e2%80%8e-1967-1970-2\/#primaryimage\",\"url\":\"https:\/\/vinilozona.lt\/wp-content\/uploads\/2020\/12\/R-690137-1336938369-4640.jpeg.jpg\",\"contentUrl\":\"https:\/\/vinilozona.lt\/wp-content\/uploads\/2020\/12\/R-690137-1336938369-4640.jpeg.jpg\",\"width\":390,\"height\":387},{\"@type\":\"BreadcrumbList\",\"@id\":\"https:\/\/vinilozona.lt\/parduotuve\/rock-pop\/beatles-%e2%80%8e-1967-1970-2\/#breadcrumb\",\"itemListElement\":[{\"@type\":\"ListItem\",\"position\":1,\"name\":\"Home\",\"item\":\"https:\/\/vinilozona.lt\/\"},{\"@type\":\"ListItem\",\"position\":2,\"name\":\"Parduotuv\u0117\",\"item\":\"https:\/\/vinilozona.lt\/parduotuve\/\"},{\"@type\":\"ListItem\",\"position\":3,\"name\":\"Beatles \u200e\u2013 1967-1970\"}]},{\"@type\":\"WebSite\",\"@id\":\"https:\/\/vinilozona.lt\/#website\",\"url\":\"https:\/\/vinilozona.lt\/\",\"name\":\"Vinilo Zona\",\"description\":\"Nup\u016bsk dulkes ir klausyk LP\",\"potentialAction\":[{\"@type\":\"SearchAction\",\"target\":{\"@type\":\"EntryPoint\",\"urlTemplate\":\"https:\/\/vinilozona.lt\/?s={search_term_string}\"},\"query-input\":{\"@type\":\"PropertyValueSpecification\",\"valueRequired\":true,\"valueName\":\"search_term_string\"}}],\"inLanguage\":\"en-GB\"}]}<\/script>\n<!-- \/ Yoast SEO plugin. -->","yoast_head_json":{"title":"Beatles \u200e\u2013 1967-1970 Vinilin\u0117 Plok\u0161tel\u0117 | Vinilozona.lt","robots":{"index":"index","follow":"follow","max-snippet":"max-snippet:-1","max-image-preview":"max-image-preview:large","max-video-preview":"max-video-preview:-1"},"canonical":"https:\/\/vinilozona.lt\/en\/parduotuve\/rock-pop\/beatles-\u200e-1967-1970-2\/","og_locale":"en_GB","og_type":"article","og_title":"Beatles \u200e\u2013 1967-1970 Vinilin\u0117 Plok\u0161tel\u0117 | Vinilozona.lt","og_description":"Apple Records \u2013 1 C 188-05 309\/10, EMI Electrola \u2013 1 C 188-05 309\/10 Format: 2 x Vinyl, LP, Compilation, Stereo Country: Germany Released: 1973","og_url":"https:\/\/vinilozona.lt\/en\/parduotuve\/rock-pop\/beatles-\u200e-1967-1970-2\/","og_site_name":"Vinilo Zona","article_modified_time":"2026-03-05T11:43:59+00:00","og_image":[{"width":390,"height":387,"url":"https:\/\/vinilozona.lt\/wp-content\/uploads\/2020\/12\/R-690137-1336938369-4640.jpeg.jpg","type":"image\/jpeg"}],"twitter_card":"summary_large_image","twitter_misc":{"Estimated reading time":"1 minute"},"schema":{"@context":"https:\/\/schema.org","@graph":[{"@type":"WebPage","@id":"https:\/\/vinilozona.lt\/parduotuve\/rock-pop\/beatles-%e2%80%8e-1967-1970-2\/","url":"https:\/\/vinilozona.lt\/parduotuve\/rock-pop\/beatles-%e2%80%8e-1967-1970-2\/","name":"Beatles \u200e\u2013 1967-1970 Vinilin\u0117 Plok\u0161tel\u0117 | Vinilozona.lt","isPartOf":{"@id":"https:\/\/vinilozona.lt\/#website"},"primaryImageOfPage":{"@id":"https:\/\/vinilozona.lt\/parduotuve\/rock-pop\/beatles-%e2%80%8e-1967-1970-2\/#primaryimage"},"image":{"@id":"https:\/\/vinilozona.lt\/parduotuve\/rock-pop\/beatles-%e2%80%8e-1967-1970-2\/#primaryimage"},"thumbnailUrl":"https:\/\/vinilozona.lt\/wp-content\/uploads\/2020\/12\/R-690137-1336938369-4640.jpeg.jpg","datePublished":"2026-02-19T03:01:53+00:00","dateModified":"2026-03-05T11:43:59+00:00","breadcrumb":{"@id":"https:\/\/vinilozona.lt\/parduotuve\/rock-pop\/beatles-%e2%80%8e-1967-1970-2\/#breadcrumb"},"inLanguage":"en-GB","potentialAction":[{"@type":"ReadAction","target":["https:\/\/vinilozona.lt\/parduotuve\/rock-pop\/beatles-%e2%80%8e-1967-1970-2\/"]}]},{"@type":"ImageObject","inLanguage":"en-GB","@id":"https:\/\/vinilozona.lt\/parduotuve\/rock-pop\/beatles-%e2%80%8e-1967-1970-2\/#primaryimage","url":"https:\/\/vinilozona.lt\/wp-content\/uploads\/2020\/12\/R-690137-1336938369-4640.jpeg.jpg","contentUrl":"https:\/\/vinilozona.lt\/wp-content\/uploads\/2020\/12\/R-690137-1336938369-4640.jpeg.jpg","width":390,"height":387},{"@type":"BreadcrumbList","@id":"https:\/\/vinilozona.lt\/parduotuve\/rock-pop\/beatles-%e2%80%8e-1967-1970-2\/#breadcrumb","itemListElement":[{"@type":"ListItem","position":1,"name":"Home","item":"https:\/\/vinilozona.lt\/"},{"@type":"ListItem","position":2,"name":"Parduotuv\u0117","item":"https:\/\/vinilozona.lt\/parduotuve\/"},{"@type":"ListItem","position":3,"name":"Beatles \u200e\u2013 1967-1970"}]},{"@type":"WebSite","@id":"https:\/\/vinilozona.lt\/#website","url":"https:\/\/vinilozona.lt\/","name":"Vinilo Zona","description":"Nup\u016bsk dulkes ir klausyk LP","potentialAction":[{"@type":"SearchAction","target":{"@type":"EntryPoint","urlTemplate":"https:\/\/vinilozona.lt\/?s={search_term_string}"},"query-input":{"@type":"PropertyValueSpecification","valueRequired":true,"valueName":"search_term_string"}}],"inLanguage":"en-GB"}]}},"_links":{"self":[{"href":"https:\/\/vinilozona.lt\/en\/wp-json\/wp\/v2\/product\/13517"}],"collection":[{"href":"https:\/\/vinilozona.lt\/en\/wp-json\/wp\/v2\/product"}],"about":[{"href":"https:\/\/vinilozona.lt\/en\/wp-json\/wp\/v2\/types\/product"}],"wp:featuredmedia":[{"embeddable":true,"href":"https:\/\/vinilozona.lt\/en\/wp-json\/wp\/v2\/media\/13518"}],"wp:attachment":[{"href":"https:\/\/vinilozona.lt\/en\/wp-json\/wp\/v2\/media?parent=13517"}],"wp:term":[{"taxonomy":"product_cat","embeddable":true,"href":"https:\/\/vinilozona.lt\/en\/wp-json\/wp\/v2\/product_cat?post=13517"},{"taxonomy":"product_tag","embeddable":true,"href":"https:\/\/vinilozona.lt\/en\/wp-json\/wp\/v2\/product_tag?post=13517"}],"curies":[{"name":"wp","href":"https:\/\/api.w.org\/{rel}","templated":true}]}}