{"id":1351,"date":"2024-03-10T14:50:20","date_gmt":"2024-03-10T12:50:20","guid":{"rendered":"https:\/\/vinylhome.lt\/?post_type=product&#038;p=1351"},"modified":"2024-08-02T12:42:27","modified_gmt":"2024-08-02T09:42:27","slug":"aleksandras-makejevas-%e2%80%8e-tyliai-saldziai-cd","status":"publish","type":"product","link":"https:\/\/vinilozona.lt\/en\/parduotuve\/cd\/lietuviski-cd\/aleksandras-makejevas-%e2%80%8e-tyliai-saldziai-cd\/","title":{"rendered":"Lemon Joy \u2013 S   CD"},"content":{"rendered":"<p>Tavo Draugas<br \/>\n\u017daidimas<br \/>\nKaip Gaila<br \/>\nK\u0105 Tu Matai Jo Akyse<br \/>\nMyl\u0117t Tave Taip Beproti\u0161ka Ir Keista<br \/>\nBaltas Miestas<br \/>\nAr Verta Laukt Kol U\u017esidegs \u017dalia \u0160viesa<br \/>\nToli<br \/>\nAr\u010diau<br \/>\n\u0160viesti Tik Tau<br \/>\nVasaros Lai\u0161kai<br \/>\nBlakstienos<br \/>\nKa\u017ekada<br \/>\nNek\u0119sk Man\u0119s Dar Stipriau<br \/>\nBe At\u0161vait\u0173<br \/>\nSu Pirma Saul\u0117s \u0160viesa<br \/>\nKelint\u0105 Laukt Tav\u0119s<br \/>\nTavo Rytojus<\/p>","protected":false},"excerpt":{"rendered":"<p>M.P.3 \u2013 M.P.3-100CD<br \/>\nFormat:<br \/>\nCD, Compilation<br \/>\nCountry:\tLithuania<br \/>\nReleased:\t2019<\/p>","protected":false},"featured_media":24586,"template":"","meta":[],"product_cat":[24,947,56],"product_tag":[291],"yoast_head":"<!-- This site is optimized with the Yoast SEO plugin v23.5 - https:\/\/yoast.com\/wordpress\/plugins\/seo\/ -->\n<title>Lemon Joy \u2013 S  CD Vinilin\u0117 Plok\u0161tel\u0117 | Vinilozona.lt<\/title>\n<meta name=\"robots\" content=\"index, follow, max-snippet:-1, max-image-preview:large, max-video-preview:-1\" \/>\n<link rel=\"canonical\" href=\"https:\/\/vinilozona.lt\/en\/parduotuve\/cd\/lietuviski-cd\/aleksandras-makejevas-\u200e-tyliai-saldziai-cd\/\" \/>\n<meta property=\"og:locale\" content=\"en_GB\" \/>\n<meta property=\"og:type\" content=\"article\" \/>\n<meta property=\"og:title\" content=\"Lemon Joy \u2013 S  CD Vinilin\u0117 Plok\u0161tel\u0117 | Vinilozona.lt\" \/>\n<meta property=\"og:description\" content=\"M.P.3 \u2013 M.P.3-100CD Format:  CD, Compilation Country: Lithuania Released: 2019\" \/>\n<meta property=\"og:url\" content=\"https:\/\/vinilozona.lt\/en\/parduotuve\/cd\/lietuviski-cd\/aleksandras-makejevas-\u200e-tyliai-saldziai-cd\/\" \/>\n<meta property=\"og:site_name\" content=\"Vinilo Zona\" \/>\n<meta property=\"article:modified_time\" content=\"2024-08-02T09:42:27+00:00\" \/>\n<meta property=\"og:image\" content=\"https:\/\/vinilozona.lt\/wp-content\/uploads\/2019\/12\/R-13290302-1551475431-8349.jpg\" \/>\n\t<meta property=\"og:image:width\" content=\"599\" \/>\n\t<meta property=\"og:image:height\" content=\"539\" \/>\n\t<meta property=\"og:image:type\" content=\"image\/jpeg\" \/>\n<meta name=\"twitter:card\" content=\"summary_large_image\" \/>\n<script type=\"application\/ld+json\" class=\"yoast-schema-graph\">{\"@context\":\"https:\/\/schema.org\",\"@graph\":[{\"@type\":\"WebPage\",\"@id\":\"https:\/\/vinilozona.lt\/parduotuve\/cd\/lietuviski-cd\/aleksandras-makejevas-%e2%80%8e-tyliai-saldziai-cd\/\",\"url\":\"https:\/\/vinilozona.lt\/parduotuve\/cd\/lietuviski-cd\/aleksandras-makejevas-%e2%80%8e-tyliai-saldziai-cd\/\",\"name\":\"Lemon Joy \u2013 S CD Vinilin\u0117 Plok\u0161tel\u0117 | Vinilozona.lt\",\"isPartOf\":{\"@id\":\"https:\/\/vinilozona.lt\/#website\"},\"primaryImageOfPage\":{\"@id\":\"https:\/\/vinilozona.lt\/parduotuve\/cd\/lietuviski-cd\/aleksandras-makejevas-%e2%80%8e-tyliai-saldziai-cd\/#primaryimage\"},\"image\":{\"@id\":\"https:\/\/vinilozona.lt\/parduotuve\/cd\/lietuviski-cd\/aleksandras-makejevas-%e2%80%8e-tyliai-saldziai-cd\/#primaryimage\"},\"thumbnailUrl\":\"https:\/\/vinilozona.lt\/wp-content\/uploads\/2019\/12\/R-13290302-1551475431-8349.jpg\",\"datePublished\":\"2024-03-10T12:50:20+00:00\",\"dateModified\":\"2024-08-02T09:42:27+00:00\",\"breadcrumb\":{\"@id\":\"https:\/\/vinilozona.lt\/parduotuve\/cd\/lietuviski-cd\/aleksandras-makejevas-%e2%80%8e-tyliai-saldziai-cd\/#breadcrumb\"},\"inLanguage\":\"en-GB\",\"potentialAction\":[{\"@type\":\"ReadAction\",\"target\":[\"https:\/\/vinilozona.lt\/parduotuve\/cd\/lietuviski-cd\/aleksandras-makejevas-%e2%80%8e-tyliai-saldziai-cd\/\"]}]},{\"@type\":\"ImageObject\",\"inLanguage\":\"en-GB\",\"@id\":\"https:\/\/vinilozona.lt\/parduotuve\/cd\/lietuviski-cd\/aleksandras-makejevas-%e2%80%8e-tyliai-saldziai-cd\/#primaryimage\",\"url\":\"https:\/\/vinilozona.lt\/wp-content\/uploads\/2019\/12\/R-13290302-1551475431-8349.jpg\",\"contentUrl\":\"https:\/\/vinilozona.lt\/wp-content\/uploads\/2019\/12\/R-13290302-1551475431-8349.jpg\",\"width\":599,\"height\":539},{\"@type\":\"BreadcrumbList\",\"@id\":\"https:\/\/vinilozona.lt\/parduotuve\/cd\/lietuviski-cd\/aleksandras-makejevas-%e2%80%8e-tyliai-saldziai-cd\/#breadcrumb\",\"itemListElement\":[{\"@type\":\"ListItem\",\"position\":1,\"name\":\"Home\",\"item\":\"https:\/\/vinilozona.lt\/\"},{\"@type\":\"ListItem\",\"position\":2,\"name\":\"Parduotuv\u0117\",\"item\":\"https:\/\/vinilozona.lt\/parduotuve\/\"},{\"@type\":\"ListItem\",\"position\":3,\"name\":\"Lemon Joy \u2013 S CD\"}]},{\"@type\":\"WebSite\",\"@id\":\"https:\/\/vinilozona.lt\/#website\",\"url\":\"https:\/\/vinilozona.lt\/\",\"name\":\"Vinilo Zona\",\"description\":\"Nup\u016bsk dulkes ir klausyk LP\",\"potentialAction\":[{\"@type\":\"SearchAction\",\"target\":{\"@type\":\"EntryPoint\",\"urlTemplate\":\"https:\/\/vinilozona.lt\/?s={search_term_string}\"},\"query-input\":{\"@type\":\"PropertyValueSpecification\",\"valueRequired\":true,\"valueName\":\"search_term_string\"}}],\"inLanguage\":\"en-GB\"}]}<\/script>\n<!-- \/ Yoast SEO plugin. -->","yoast_head_json":{"title":"Lemon Joy \u2013 S  CD Vinilin\u0117 Plok\u0161tel\u0117 | Vinilozona.lt","robots":{"index":"index","follow":"follow","max-snippet":"max-snippet:-1","max-image-preview":"max-image-preview:large","max-video-preview":"max-video-preview:-1"},"canonical":"https:\/\/vinilozona.lt\/en\/parduotuve\/cd\/lietuviski-cd\/aleksandras-makejevas-\u200e-tyliai-saldziai-cd\/","og_locale":"en_GB","og_type":"article","og_title":"Lemon Joy \u2013 S  CD Vinilin\u0117 Plok\u0161tel\u0117 | Vinilozona.lt","og_description":"M.P.3 \u2013 M.P.3-100CD Format:  CD, Compilation Country: Lithuania Released: 2019","og_url":"https:\/\/vinilozona.lt\/en\/parduotuve\/cd\/lietuviski-cd\/aleksandras-makejevas-\u200e-tyliai-saldziai-cd\/","og_site_name":"Vinilo Zona","article_modified_time":"2024-08-02T09:42:27+00:00","og_image":[{"width":599,"height":539,"url":"https:\/\/vinilozona.lt\/wp-content\/uploads\/2019\/12\/R-13290302-1551475431-8349.jpg","type":"image\/jpeg"}],"twitter_card":"summary_large_image","schema":{"@context":"https:\/\/schema.org","@graph":[{"@type":"WebPage","@id":"https:\/\/vinilozona.lt\/parduotuve\/cd\/lietuviski-cd\/aleksandras-makejevas-%e2%80%8e-tyliai-saldziai-cd\/","url":"https:\/\/vinilozona.lt\/parduotuve\/cd\/lietuviski-cd\/aleksandras-makejevas-%e2%80%8e-tyliai-saldziai-cd\/","name":"Lemon Joy \u2013 S CD Vinilin\u0117 Plok\u0161tel\u0117 | Vinilozona.lt","isPartOf":{"@id":"https:\/\/vinilozona.lt\/#website"},"primaryImageOfPage":{"@id":"https:\/\/vinilozona.lt\/parduotuve\/cd\/lietuviski-cd\/aleksandras-makejevas-%e2%80%8e-tyliai-saldziai-cd\/#primaryimage"},"image":{"@id":"https:\/\/vinilozona.lt\/parduotuve\/cd\/lietuviski-cd\/aleksandras-makejevas-%e2%80%8e-tyliai-saldziai-cd\/#primaryimage"},"thumbnailUrl":"https:\/\/vinilozona.lt\/wp-content\/uploads\/2019\/12\/R-13290302-1551475431-8349.jpg","datePublished":"2024-03-10T12:50:20+00:00","dateModified":"2024-08-02T09:42:27+00:00","breadcrumb":{"@id":"https:\/\/vinilozona.lt\/parduotuve\/cd\/lietuviski-cd\/aleksandras-makejevas-%e2%80%8e-tyliai-saldziai-cd\/#breadcrumb"},"inLanguage":"en-GB","potentialAction":[{"@type":"ReadAction","target":["https:\/\/vinilozona.lt\/parduotuve\/cd\/lietuviski-cd\/aleksandras-makejevas-%e2%80%8e-tyliai-saldziai-cd\/"]}]},{"@type":"ImageObject","inLanguage":"en-GB","@id":"https:\/\/vinilozona.lt\/parduotuve\/cd\/lietuviski-cd\/aleksandras-makejevas-%e2%80%8e-tyliai-saldziai-cd\/#primaryimage","url":"https:\/\/vinilozona.lt\/wp-content\/uploads\/2019\/12\/R-13290302-1551475431-8349.jpg","contentUrl":"https:\/\/vinilozona.lt\/wp-content\/uploads\/2019\/12\/R-13290302-1551475431-8349.jpg","width":599,"height":539},{"@type":"BreadcrumbList","@id":"https:\/\/vinilozona.lt\/parduotuve\/cd\/lietuviski-cd\/aleksandras-makejevas-%e2%80%8e-tyliai-saldziai-cd\/#breadcrumb","itemListElement":[{"@type":"ListItem","position":1,"name":"Home","item":"https:\/\/vinilozona.lt\/"},{"@type":"ListItem","position":2,"name":"Parduotuv\u0117","item":"https:\/\/vinilozona.lt\/parduotuve\/"},{"@type":"ListItem","position":3,"name":"Lemon Joy \u2013 S CD"}]},{"@type":"WebSite","@id":"https:\/\/vinilozona.lt\/#website","url":"https:\/\/vinilozona.lt\/","name":"Vinilo Zona","description":"Nup\u016bsk dulkes ir klausyk LP","potentialAction":[{"@type":"SearchAction","target":{"@type":"EntryPoint","urlTemplate":"https:\/\/vinilozona.lt\/?s={search_term_string}"},"query-input":{"@type":"PropertyValueSpecification","valueRequired":true,"valueName":"search_term_string"}}],"inLanguage":"en-GB"}]}},"_links":{"self":[{"href":"https:\/\/vinilozona.lt\/en\/wp-json\/wp\/v2\/product\/1351"}],"collection":[{"href":"https:\/\/vinilozona.lt\/en\/wp-json\/wp\/v2\/product"}],"about":[{"href":"https:\/\/vinilozona.lt\/en\/wp-json\/wp\/v2\/types\/product"}],"wp:featuredmedia":[{"embeddable":true,"href":"https:\/\/vinilozona.lt\/en\/wp-json\/wp\/v2\/media\/24586"}],"wp:attachment":[{"href":"https:\/\/vinilozona.lt\/en\/wp-json\/wp\/v2\/media?parent=1351"}],"wp:term":[{"taxonomy":"product_cat","embeddable":true,"href":"https:\/\/vinilozona.lt\/en\/wp-json\/wp\/v2\/product_cat?post=1351"},{"taxonomy":"product_tag","embeddable":true,"href":"https:\/\/vinilozona.lt\/en\/wp-json\/wp\/v2\/product_tag?post=1351"}],"curies":[{"name":"wp","href":"https:\/\/api.w.org\/{rel}","templated":true}]}}