{"id":13507,"date":"2020-12-23T14:23:00","date_gmt":"2020-12-23T12:23:00","guid":{"rendered":"https:\/\/vinilozona.lt\/?post_type=product&#038;p=13507"},"modified":"2021-02-01T09:38:17","modified_gmt":"2021-02-01T07:38:17","slug":"jellybean-%e2%80%8e-the-mexican","status":"publish","type":"product","link":"https:\/\/vinilozona.lt\/en\/parduotuve\/12_singles_ep\/jellybean-%e2%80%8e-the-mexican\/","title":{"rendered":"Jellybean \u200e\u2013 The Mexican"},"content":{"rendered":"<p>A1 \tThe Mexican (Dance Mix) \t8:44<br \/>\nA2 \tThe Mexican (Acappella) \t2:28<br \/>\nB1 \tThe Mexican (Funhouse Mix) \t8:24<br \/>\nB2 \tHip Hop Bean Bop (Bonus Beats) \t2:47<br \/>\nB3 \tThe Mexican (Short Version) \t5:15<\/p>","protected":false},"excerpt":{"rendered":"<p>EMI America \u200e\u2013 1A K062 20 0270 6<br \/>\nFormat:<br \/>\nVinyl, 12&#8243;, 45 RPM <\/p>","protected":false},"featured_media":13508,"template":"","meta":[],"product_cat":[684],"product_tag":[44],"yoast_head":"<!-- This site is optimized with the Yoast SEO plugin v23.5 - https:\/\/yoast.com\/wordpress\/plugins\/seo\/ -->\n<title>Jellybean \u200e\u2013 The Mexican Vinilin\u0117 Plok\u0161tel\u0117 | Vinilozona.lt<\/title>\n<meta name=\"robots\" content=\"index, follow, max-snippet:-1, max-image-preview:large, max-video-preview:-1\" \/>\n<link rel=\"canonical\" href=\"https:\/\/vinilozona.lt\/en\/parduotuve\/12_singles_ep\/jellybean-\u200e-the-mexican\/\" \/>\n<meta property=\"og:locale\" content=\"en_GB\" \/>\n<meta property=\"og:type\" content=\"article\" \/>\n<meta property=\"og:title\" content=\"Jellybean \u200e\u2013 The Mexican Vinilin\u0117 Plok\u0161tel\u0117 | Vinilozona.lt\" \/>\n<meta property=\"og:description\" content=\"EMI America \u200e\u2013 1A K062 20 0270 6 Format: Vinyl, 12&quot;, 45 RPM\" \/>\n<meta property=\"og:url\" content=\"https:\/\/vinilozona.lt\/en\/parduotuve\/12_singles_ep\/jellybean-\u200e-the-mexican\/\" \/>\n<meta property=\"og:site_name\" content=\"Vinilo Zona\" \/>\n<meta property=\"article:modified_time\" content=\"2021-02-01T07:38:17+00:00\" \/>\n<meta property=\"og:image\" content=\"https:\/\/vinilozona.lt\/wp-content\/uploads\/2020\/12\/R-227220-1133270369.jpeg.jpg\" \/>\n\t<meta property=\"og:image:width\" content=\"550\" \/>\n\t<meta property=\"og:image:height\" content=\"550\" \/>\n\t<meta property=\"og:image:type\" content=\"image\/jpeg\" \/>\n<meta name=\"twitter:card\" content=\"summary_large_image\" \/>\n<script type=\"application\/ld+json\" class=\"yoast-schema-graph\">{\"@context\":\"https:\/\/schema.org\",\"@graph\":[{\"@type\":\"WebPage\",\"@id\":\"https:\/\/vinilozona.lt\/parduotuve\/12_singles_ep\/jellybean-%e2%80%8e-the-mexican\/\",\"url\":\"https:\/\/vinilozona.lt\/parduotuve\/12_singles_ep\/jellybean-%e2%80%8e-the-mexican\/\",\"name\":\"Jellybean \u200e\u2013 The Mexican Vinilin\u0117 Plok\u0161tel\u0117 | Vinilozona.lt\",\"isPartOf\":{\"@id\":\"https:\/\/vinilozona.lt\/#website\"},\"primaryImageOfPage\":{\"@id\":\"https:\/\/vinilozona.lt\/parduotuve\/12_singles_ep\/jellybean-%e2%80%8e-the-mexican\/#primaryimage\"},\"image\":{\"@id\":\"https:\/\/vinilozona.lt\/parduotuve\/12_singles_ep\/jellybean-%e2%80%8e-the-mexican\/#primaryimage\"},\"thumbnailUrl\":\"https:\/\/vinilozona.lt\/wp-content\/uploads\/2020\/12\/R-227220-1133270369.jpeg.jpg\",\"datePublished\":\"2020-12-23T12:23:00+00:00\",\"dateModified\":\"2021-02-01T07:38:17+00:00\",\"breadcrumb\":{\"@id\":\"https:\/\/vinilozona.lt\/parduotuve\/12_singles_ep\/jellybean-%e2%80%8e-the-mexican\/#breadcrumb\"},\"inLanguage\":\"en-GB\",\"potentialAction\":[{\"@type\":\"ReadAction\",\"target\":[\"https:\/\/vinilozona.lt\/parduotuve\/12_singles_ep\/jellybean-%e2%80%8e-the-mexican\/\"]}]},{\"@type\":\"ImageObject\",\"inLanguage\":\"en-GB\",\"@id\":\"https:\/\/vinilozona.lt\/parduotuve\/12_singles_ep\/jellybean-%e2%80%8e-the-mexican\/#primaryimage\",\"url\":\"https:\/\/vinilozona.lt\/wp-content\/uploads\/2020\/12\/R-227220-1133270369.jpeg.jpg\",\"contentUrl\":\"https:\/\/vinilozona.lt\/wp-content\/uploads\/2020\/12\/R-227220-1133270369.jpeg.jpg\",\"width\":550,\"height\":550},{\"@type\":\"BreadcrumbList\",\"@id\":\"https:\/\/vinilozona.lt\/parduotuve\/12_singles_ep\/jellybean-%e2%80%8e-the-mexican\/#breadcrumb\",\"itemListElement\":[{\"@type\":\"ListItem\",\"position\":1,\"name\":\"Home\",\"item\":\"https:\/\/vinilozona.lt\/\"},{\"@type\":\"ListItem\",\"position\":2,\"name\":\"Parduotuv\u0117\",\"item\":\"https:\/\/vinilozona.lt\/parduotuve\/\"},{\"@type\":\"ListItem\",\"position\":3,\"name\":\"Jellybean \u200e\u2013 The Mexican\"}]},{\"@type\":\"WebSite\",\"@id\":\"https:\/\/vinilozona.lt\/#website\",\"url\":\"https:\/\/vinilozona.lt\/\",\"name\":\"Vinilo Zona\",\"description\":\"Nup\u016bsk dulkes ir klausyk LP\",\"potentialAction\":[{\"@type\":\"SearchAction\",\"target\":{\"@type\":\"EntryPoint\",\"urlTemplate\":\"https:\/\/vinilozona.lt\/?s={search_term_string}\"},\"query-input\":{\"@type\":\"PropertyValueSpecification\",\"valueRequired\":true,\"valueName\":\"search_term_string\"}}],\"inLanguage\":\"en-GB\"}]}<\/script>\n<!-- \/ Yoast SEO plugin. -->","yoast_head_json":{"title":"Jellybean \u200e\u2013 The Mexican Vinilin\u0117 Plok\u0161tel\u0117 | Vinilozona.lt","robots":{"index":"index","follow":"follow","max-snippet":"max-snippet:-1","max-image-preview":"max-image-preview:large","max-video-preview":"max-video-preview:-1"},"canonical":"https:\/\/vinilozona.lt\/en\/parduotuve\/12_singles_ep\/jellybean-\u200e-the-mexican\/","og_locale":"en_GB","og_type":"article","og_title":"Jellybean \u200e\u2013 The Mexican Vinilin\u0117 Plok\u0161tel\u0117 | Vinilozona.lt","og_description":"EMI America \u200e\u2013 1A K062 20 0270 6 Format: Vinyl, 12\", 45 RPM","og_url":"https:\/\/vinilozona.lt\/en\/parduotuve\/12_singles_ep\/jellybean-\u200e-the-mexican\/","og_site_name":"Vinilo Zona","article_modified_time":"2021-02-01T07:38:17+00:00","og_image":[{"width":550,"height":550,"url":"https:\/\/vinilozona.lt\/wp-content\/uploads\/2020\/12\/R-227220-1133270369.jpeg.jpg","type":"image\/jpeg"}],"twitter_card":"summary_large_image","schema":{"@context":"https:\/\/schema.org","@graph":[{"@type":"WebPage","@id":"https:\/\/vinilozona.lt\/parduotuve\/12_singles_ep\/jellybean-%e2%80%8e-the-mexican\/","url":"https:\/\/vinilozona.lt\/parduotuve\/12_singles_ep\/jellybean-%e2%80%8e-the-mexican\/","name":"Jellybean \u200e\u2013 The Mexican Vinilin\u0117 Plok\u0161tel\u0117 | Vinilozona.lt","isPartOf":{"@id":"https:\/\/vinilozona.lt\/#website"},"primaryImageOfPage":{"@id":"https:\/\/vinilozona.lt\/parduotuve\/12_singles_ep\/jellybean-%e2%80%8e-the-mexican\/#primaryimage"},"image":{"@id":"https:\/\/vinilozona.lt\/parduotuve\/12_singles_ep\/jellybean-%e2%80%8e-the-mexican\/#primaryimage"},"thumbnailUrl":"https:\/\/vinilozona.lt\/wp-content\/uploads\/2020\/12\/R-227220-1133270369.jpeg.jpg","datePublished":"2020-12-23T12:23:00+00:00","dateModified":"2021-02-01T07:38:17+00:00","breadcrumb":{"@id":"https:\/\/vinilozona.lt\/parduotuve\/12_singles_ep\/jellybean-%e2%80%8e-the-mexican\/#breadcrumb"},"inLanguage":"en-GB","potentialAction":[{"@type":"ReadAction","target":["https:\/\/vinilozona.lt\/parduotuve\/12_singles_ep\/jellybean-%e2%80%8e-the-mexican\/"]}]},{"@type":"ImageObject","inLanguage":"en-GB","@id":"https:\/\/vinilozona.lt\/parduotuve\/12_singles_ep\/jellybean-%e2%80%8e-the-mexican\/#primaryimage","url":"https:\/\/vinilozona.lt\/wp-content\/uploads\/2020\/12\/R-227220-1133270369.jpeg.jpg","contentUrl":"https:\/\/vinilozona.lt\/wp-content\/uploads\/2020\/12\/R-227220-1133270369.jpeg.jpg","width":550,"height":550},{"@type":"BreadcrumbList","@id":"https:\/\/vinilozona.lt\/parduotuve\/12_singles_ep\/jellybean-%e2%80%8e-the-mexican\/#breadcrumb","itemListElement":[{"@type":"ListItem","position":1,"name":"Home","item":"https:\/\/vinilozona.lt\/"},{"@type":"ListItem","position":2,"name":"Parduotuv\u0117","item":"https:\/\/vinilozona.lt\/parduotuve\/"},{"@type":"ListItem","position":3,"name":"Jellybean \u200e\u2013 The Mexican"}]},{"@type":"WebSite","@id":"https:\/\/vinilozona.lt\/#website","url":"https:\/\/vinilozona.lt\/","name":"Vinilo Zona","description":"Nup\u016bsk dulkes ir klausyk LP","potentialAction":[{"@type":"SearchAction","target":{"@type":"EntryPoint","urlTemplate":"https:\/\/vinilozona.lt\/?s={search_term_string}"},"query-input":{"@type":"PropertyValueSpecification","valueRequired":true,"valueName":"search_term_string"}}],"inLanguage":"en-GB"}]}},"_links":{"self":[{"href":"https:\/\/vinilozona.lt\/en\/wp-json\/wp\/v2\/product\/13507"}],"collection":[{"href":"https:\/\/vinilozona.lt\/en\/wp-json\/wp\/v2\/product"}],"about":[{"href":"https:\/\/vinilozona.lt\/en\/wp-json\/wp\/v2\/types\/product"}],"wp:featuredmedia":[{"embeddable":true,"href":"https:\/\/vinilozona.lt\/en\/wp-json\/wp\/v2\/media\/13508"}],"wp:attachment":[{"href":"https:\/\/vinilozona.lt\/en\/wp-json\/wp\/v2\/media?parent=13507"}],"wp:term":[{"taxonomy":"product_cat","embeddable":true,"href":"https:\/\/vinilozona.lt\/en\/wp-json\/wp\/v2\/product_cat?post=13507"},{"taxonomy":"product_tag","embeddable":true,"href":"https:\/\/vinilozona.lt\/en\/wp-json\/wp\/v2\/product_tag?post=13507"}],"curies":[{"name":"wp","href":"https:\/\/api.w.org\/{rel}","templated":true}]}}