{"id":13474,"date":"2021-03-22T09:42:07","date_gmt":"2021-03-22T07:42:07","guid":{"rendered":"https:\/\/vinilozona.lt\/?post_type=product&#038;p=13474"},"modified":"2021-05-03T16:57:50","modified_gmt":"2021-05-03T13:57:50","slug":"marillion-%e2%80%8e-the-best-of-both-worlds-1989-present","status":"publish","type":"product","link":"https:\/\/vinilozona.lt\/en\/parduotuve\/rock-pop\/marillion-%e2%80%8e-the-best-of-both-worlds-1989-present\/","title":{"rendered":"Marillion \u200e\u2013 The Best Of Both Worlds 1989-Present 2LP (Picture disc)"},"content":{"rendered":"<p>A1\tUninvited Guest<br \/>\nA2\tEaster<br \/>\nA3\tHooks In You (Meaty Mix)<br \/>\nA4\tThe Space<br \/>\nA5\tCover My Eyes (Pain And Heaven)<br \/>\nB1\tNo One Can<br \/>\nB2\tDry Land<br \/>\nB3\tWaiting To Happen<br \/>\nB4\tThe Great Escape (Album Version)<br \/>\nC1\tAlone Again In The Lap Of Luxury (Radio Edit)<br \/>\nC2\tMade Again<br \/>\nC3\tKing<br \/>\nD1\tAfraid Of Sunlight<br \/>\nD2\tBeautiful (Radio Edit)<br \/>\nD3\tCannibal Surf Babe<\/p>","protected":false},"excerpt":{"rendered":"<p>7243 8 55190 1 7<\/p>\n<p>Picture Disc<\/p>","protected":false},"featured_media":13476,"template":"","meta":[],"product_cat":[15],"product_tag":[55],"yoast_head":"<!-- This site is optimized with the Yoast SEO plugin v23.5 - https:\/\/yoast.com\/wordpress\/plugins\/seo\/ -->\n<title>Marillion \u200e\u2013 The Best Of Both Worlds 1989-Present 2LP (Picture disc) Vinilin\u0117 Plok\u0161tel\u0117 | Vinilozona.lt<\/title>\n<meta name=\"robots\" content=\"index, follow, max-snippet:-1, max-image-preview:large, max-video-preview:-1\" \/>\n<link rel=\"canonical\" href=\"https:\/\/vinilozona.lt\/en\/parduotuve\/rock-pop\/marillion-\u200e-the-best-of-both-worlds-1989-present\/\" \/>\n<meta property=\"og:locale\" content=\"en_GB\" \/>\n<meta property=\"og:type\" content=\"article\" \/>\n<meta property=\"og:title\" content=\"Marillion \u200e\u2013 The Best Of Both Worlds 1989-Present 2LP (Picture disc) Vinilin\u0117 Plok\u0161tel\u0117 | Vinilozona.lt\" \/>\n<meta property=\"og:description\" content=\"7243 8 55190 1 7  Picture Disc\" \/>\n<meta property=\"og:url\" content=\"https:\/\/vinilozona.lt\/en\/parduotuve\/rock-pop\/marillion-\u200e-the-best-of-both-worlds-1989-present\/\" \/>\n<meta property=\"og:site_name\" content=\"Vinilo Zona\" \/>\n<meta property=\"article:modified_time\" content=\"2021-05-03T13:57:50+00:00\" \/>\n<meta property=\"og:image\" content=\"https:\/\/vinilozona.lt\/wp-content\/uploads\/2020\/12\/R-2686604-1368907562-8461.jpeg-1.jpg\" \/>\n\t<meta property=\"og:image:width\" content=\"300\" \/>\n\t<meta property=\"og:image:height\" content=\"298\" \/>\n\t<meta property=\"og:image:type\" content=\"image\/jpeg\" \/>\n<meta name=\"twitter:card\" content=\"summary_large_image\" \/>\n<script type=\"application\/ld+json\" class=\"yoast-schema-graph\">{\"@context\":\"https:\/\/schema.org\",\"@graph\":[{\"@type\":\"WebPage\",\"@id\":\"https:\/\/vinilozona.lt\/parduotuve\/rock-pop\/marillion-%e2%80%8e-the-best-of-both-worlds-1989-present\/\",\"url\":\"https:\/\/vinilozona.lt\/parduotuve\/rock-pop\/marillion-%e2%80%8e-the-best-of-both-worlds-1989-present\/\",\"name\":\"Marillion \u200e\u2013 The Best Of Both Worlds 1989-Present 2LP (Picture disc) Vinilin\u0117 Plok\u0161tel\u0117 | Vinilozona.lt\",\"isPartOf\":{\"@id\":\"https:\/\/vinilozona.lt\/#website\"},\"primaryImageOfPage\":{\"@id\":\"https:\/\/vinilozona.lt\/parduotuve\/rock-pop\/marillion-%e2%80%8e-the-best-of-both-worlds-1989-present\/#primaryimage\"},\"image\":{\"@id\":\"https:\/\/vinilozona.lt\/parduotuve\/rock-pop\/marillion-%e2%80%8e-the-best-of-both-worlds-1989-present\/#primaryimage\"},\"thumbnailUrl\":\"https:\/\/vinilozona.lt\/wp-content\/uploads\/2020\/12\/R-2686604-1368907562-8461.jpeg-1.jpg\",\"datePublished\":\"2021-03-22T07:42:07+00:00\",\"dateModified\":\"2021-05-03T13:57:50+00:00\",\"breadcrumb\":{\"@id\":\"https:\/\/vinilozona.lt\/parduotuve\/rock-pop\/marillion-%e2%80%8e-the-best-of-both-worlds-1989-present\/#breadcrumb\"},\"inLanguage\":\"en-GB\",\"potentialAction\":[{\"@type\":\"ReadAction\",\"target\":[\"https:\/\/vinilozona.lt\/parduotuve\/rock-pop\/marillion-%e2%80%8e-the-best-of-both-worlds-1989-present\/\"]}]},{\"@type\":\"ImageObject\",\"inLanguage\":\"en-GB\",\"@id\":\"https:\/\/vinilozona.lt\/parduotuve\/rock-pop\/marillion-%e2%80%8e-the-best-of-both-worlds-1989-present\/#primaryimage\",\"url\":\"https:\/\/vinilozona.lt\/wp-content\/uploads\/2020\/12\/R-2686604-1368907562-8461.jpeg-1.jpg\",\"contentUrl\":\"https:\/\/vinilozona.lt\/wp-content\/uploads\/2020\/12\/R-2686604-1368907562-8461.jpeg-1.jpg\",\"width\":300,\"height\":298},{\"@type\":\"BreadcrumbList\",\"@id\":\"https:\/\/vinilozona.lt\/parduotuve\/rock-pop\/marillion-%e2%80%8e-the-best-of-both-worlds-1989-present\/#breadcrumb\",\"itemListElement\":[{\"@type\":\"ListItem\",\"position\":1,\"name\":\"Home\",\"item\":\"https:\/\/vinilozona.lt\/\"},{\"@type\":\"ListItem\",\"position\":2,\"name\":\"Parduotuv\u0117\",\"item\":\"https:\/\/vinilozona.lt\/parduotuve\/\"},{\"@type\":\"ListItem\",\"position\":3,\"name\":\"Marillion \u200e\u2013 The Best Of Both Worlds 1989-Present 2LP (Picture disc)\"}]},{\"@type\":\"WebSite\",\"@id\":\"https:\/\/vinilozona.lt\/#website\",\"url\":\"https:\/\/vinilozona.lt\/\",\"name\":\"Vinilo Zona\",\"description\":\"Nup\u016bsk dulkes ir klausyk LP\",\"potentialAction\":[{\"@type\":\"SearchAction\",\"target\":{\"@type\":\"EntryPoint\",\"urlTemplate\":\"https:\/\/vinilozona.lt\/?s={search_term_string}\"},\"query-input\":{\"@type\":\"PropertyValueSpecification\",\"valueRequired\":true,\"valueName\":\"search_term_string\"}}],\"inLanguage\":\"en-GB\"}]}<\/script>\n<!-- \/ Yoast SEO plugin. -->","yoast_head_json":{"title":"Marillion \u200e\u2013 The Best Of Both Worlds 1989-Present 2LP (Picture disc) Vinilin\u0117 Plok\u0161tel\u0117 | Vinilozona.lt","robots":{"index":"index","follow":"follow","max-snippet":"max-snippet:-1","max-image-preview":"max-image-preview:large","max-video-preview":"max-video-preview:-1"},"canonical":"https:\/\/vinilozona.lt\/en\/parduotuve\/rock-pop\/marillion-\u200e-the-best-of-both-worlds-1989-present\/","og_locale":"en_GB","og_type":"article","og_title":"Marillion \u200e\u2013 The Best Of Both Worlds 1989-Present 2LP (Picture disc) Vinilin\u0117 Plok\u0161tel\u0117 | Vinilozona.lt","og_description":"7243 8 55190 1 7  Picture Disc","og_url":"https:\/\/vinilozona.lt\/en\/parduotuve\/rock-pop\/marillion-\u200e-the-best-of-both-worlds-1989-present\/","og_site_name":"Vinilo Zona","article_modified_time":"2021-05-03T13:57:50+00:00","og_image":[{"width":300,"height":298,"url":"https:\/\/vinilozona.lt\/wp-content\/uploads\/2020\/12\/R-2686604-1368907562-8461.jpeg-1.jpg","type":"image\/jpeg"}],"twitter_card":"summary_large_image","schema":{"@context":"https:\/\/schema.org","@graph":[{"@type":"WebPage","@id":"https:\/\/vinilozona.lt\/parduotuve\/rock-pop\/marillion-%e2%80%8e-the-best-of-both-worlds-1989-present\/","url":"https:\/\/vinilozona.lt\/parduotuve\/rock-pop\/marillion-%e2%80%8e-the-best-of-both-worlds-1989-present\/","name":"Marillion \u200e\u2013 The Best Of Both Worlds 1989-Present 2LP (Picture disc) Vinilin\u0117 Plok\u0161tel\u0117 | Vinilozona.lt","isPartOf":{"@id":"https:\/\/vinilozona.lt\/#website"},"primaryImageOfPage":{"@id":"https:\/\/vinilozona.lt\/parduotuve\/rock-pop\/marillion-%e2%80%8e-the-best-of-both-worlds-1989-present\/#primaryimage"},"image":{"@id":"https:\/\/vinilozona.lt\/parduotuve\/rock-pop\/marillion-%e2%80%8e-the-best-of-both-worlds-1989-present\/#primaryimage"},"thumbnailUrl":"https:\/\/vinilozona.lt\/wp-content\/uploads\/2020\/12\/R-2686604-1368907562-8461.jpeg-1.jpg","datePublished":"2021-03-22T07:42:07+00:00","dateModified":"2021-05-03T13:57:50+00:00","breadcrumb":{"@id":"https:\/\/vinilozona.lt\/parduotuve\/rock-pop\/marillion-%e2%80%8e-the-best-of-both-worlds-1989-present\/#breadcrumb"},"inLanguage":"en-GB","potentialAction":[{"@type":"ReadAction","target":["https:\/\/vinilozona.lt\/parduotuve\/rock-pop\/marillion-%e2%80%8e-the-best-of-both-worlds-1989-present\/"]}]},{"@type":"ImageObject","inLanguage":"en-GB","@id":"https:\/\/vinilozona.lt\/parduotuve\/rock-pop\/marillion-%e2%80%8e-the-best-of-both-worlds-1989-present\/#primaryimage","url":"https:\/\/vinilozona.lt\/wp-content\/uploads\/2020\/12\/R-2686604-1368907562-8461.jpeg-1.jpg","contentUrl":"https:\/\/vinilozona.lt\/wp-content\/uploads\/2020\/12\/R-2686604-1368907562-8461.jpeg-1.jpg","width":300,"height":298},{"@type":"BreadcrumbList","@id":"https:\/\/vinilozona.lt\/parduotuve\/rock-pop\/marillion-%e2%80%8e-the-best-of-both-worlds-1989-present\/#breadcrumb","itemListElement":[{"@type":"ListItem","position":1,"name":"Home","item":"https:\/\/vinilozona.lt\/"},{"@type":"ListItem","position":2,"name":"Parduotuv\u0117","item":"https:\/\/vinilozona.lt\/parduotuve\/"},{"@type":"ListItem","position":3,"name":"Marillion \u200e\u2013 The Best Of Both Worlds 1989-Present 2LP (Picture disc)"}]},{"@type":"WebSite","@id":"https:\/\/vinilozona.lt\/#website","url":"https:\/\/vinilozona.lt\/","name":"Vinilo Zona","description":"Nup\u016bsk dulkes ir klausyk LP","potentialAction":[{"@type":"SearchAction","target":{"@type":"EntryPoint","urlTemplate":"https:\/\/vinilozona.lt\/?s={search_term_string}"},"query-input":{"@type":"PropertyValueSpecification","valueRequired":true,"valueName":"search_term_string"}}],"inLanguage":"en-GB"}]}},"_links":{"self":[{"href":"https:\/\/vinilozona.lt\/en\/wp-json\/wp\/v2\/product\/13474"}],"collection":[{"href":"https:\/\/vinilozona.lt\/en\/wp-json\/wp\/v2\/product"}],"about":[{"href":"https:\/\/vinilozona.lt\/en\/wp-json\/wp\/v2\/types\/product"}],"wp:featuredmedia":[{"embeddable":true,"href":"https:\/\/vinilozona.lt\/en\/wp-json\/wp\/v2\/media\/13476"}],"wp:attachment":[{"href":"https:\/\/vinilozona.lt\/en\/wp-json\/wp\/v2\/media?parent=13474"}],"wp:term":[{"taxonomy":"product_cat","embeddable":true,"href":"https:\/\/vinilozona.lt\/en\/wp-json\/wp\/v2\/product_cat?post=13474"},{"taxonomy":"product_tag","embeddable":true,"href":"https:\/\/vinilozona.lt\/en\/wp-json\/wp\/v2\/product_tag?post=13474"}],"curies":[{"name":"wp","href":"https:\/\/api.w.org\/{rel}","templated":true}]}}