{"id":13343,"date":"2024-06-21T05:09:18","date_gmt":"2024-06-21T02:09:18","guid":{"rendered":"https:\/\/vinilozona.lt\/?post_type=product&#038;p=13343"},"modified":"2024-06-18T11:20:39","modified_gmt":"2024-06-18T08:20:39","slug":"ccreedence-clearwater-revival-featuring-john-fogerty-%e2%80%8e-chronicle-2-lp-the-20-greatest-hits","status":"publish","type":"product","link":"https:\/\/vinilozona.lt\/en\/parduotuve\/rock-pop\/ccreedence-clearwater-revival-featuring-john-fogerty-%e2%80%8e-chronicle-2-lp-the-20-greatest-hits\/","title":{"rendered":"Marilyn Monroe \u2013 The Very Best Of Marilyn Monroe"},"content":{"rendered":"<p>A1\t\tMy Heart Belongs To Daddy  5:06<br \/>\nA2\t\tDiamonds Are A Girl&#8217;s Best Friend  3:29<br \/>\nA3\t\tThe River Of No Return  2:15<br \/>\nA4\t\tI&#8217;m Gonna File My Claim  2:37<br \/>\nA5\t\tBye Bye Baby  3:26<br \/>\nA6\t\tAfter You Get What You Want, You Don&#8217;t Want It  3:28<br \/>\nA7\t\tOne Silver Dollar  2:03<br \/>\nA8\t\tHeat Wave  4:24<br \/>\nA9\t\tWhen I Fall In Love  2:58<br \/>\nB1\t\tSpecialisation 3:31<br \/>\nB2\t\tA Little Girl From Little Rock 3:04<br \/>\nB3\t\tWhen Love Goes Wrong  3:27<br \/>\nB4\t\tDo It Again  3:11<br \/>\nB5\t\tKiss  2:59<br \/>\nB6\t\tYou&#8217;d Be Surprised  3:06<br \/>\nB7\t\t(This Is) A Fine Romance  2:19<br \/>\nB8\t\tShe Acts Like A Woman Should  2:45<br \/>\nB9\t\tHeat Wave (Alternate Take)  4:21<\/p>","protected":false},"excerpt":{"rendered":"<p>Fun \u2013 FUN 9001<br \/>\nFormat:<br \/>\nVinyl, LP, Compilation<br \/>\nCountry:\tFrance &#038; Benelux<\/p>","protected":false},"featured_media":25138,"template":"","meta":[],"product_cat":[15],"product_tag":[44],"yoast_head":"<!-- This site is optimized with the Yoast SEO plugin v23.5 - https:\/\/yoast.com\/wordpress\/plugins\/seo\/ -->\n<title>Marilyn Monroe \u2013 The Very Best Of Marilyn Monroe Vinilin\u0117 Plok\u0161tel\u0117 | Vinilozona.lt<\/title>\n<meta name=\"robots\" content=\"index, follow, max-snippet:-1, max-image-preview:large, max-video-preview:-1\" \/>\n<link rel=\"canonical\" href=\"https:\/\/vinilozona.lt\/en\/parduotuve\/rock-pop\/ccreedence-clearwater-revival-featuring-john-fogerty-\u200e-chronicle-2-lp-the-20-greatest-hits\/\" \/>\n<meta property=\"og:locale\" content=\"en_GB\" \/>\n<meta property=\"og:type\" content=\"article\" \/>\n<meta property=\"og:title\" content=\"Marilyn Monroe \u2013 The Very Best Of Marilyn Monroe Vinilin\u0117 Plok\u0161tel\u0117 | Vinilozona.lt\" \/>\n<meta property=\"og:description\" content=\"Fun \u2013 FUN 9001 Format:  Vinyl, LP, Compilation Country: France &amp; Benelux\" \/>\n<meta property=\"og:url\" content=\"https:\/\/vinilozona.lt\/en\/parduotuve\/rock-pop\/ccreedence-clearwater-revival-featuring-john-fogerty-\u200e-chronicle-2-lp-the-20-greatest-hits\/\" \/>\n<meta property=\"og:site_name\" content=\"Vinilo Zona\" \/>\n<meta property=\"article:modified_time\" content=\"2024-06-18T08:20:39+00:00\" \/>\n<meta property=\"og:image\" content=\"https:\/\/vinilozona.lt\/wp-content\/uploads\/2022\/09\/R-1433274-1372668608-4590.jpg\" \/>\n\t<meta property=\"og:image:width\" content=\"598\" \/>\n\t<meta property=\"og:image:height\" content=\"600\" \/>\n\t<meta property=\"og:image:type\" content=\"image\/jpeg\" \/>\n<meta name=\"twitter:card\" content=\"summary_large_image\" \/>\n<script type=\"application\/ld+json\" class=\"yoast-schema-graph\">{\"@context\":\"https:\/\/schema.org\",\"@graph\":[{\"@type\":\"WebPage\",\"@id\":\"https:\/\/vinilozona.lt\/parduotuve\/rock-pop\/ccreedence-clearwater-revival-featuring-john-fogerty-%e2%80%8e-chronicle-2-lp-the-20-greatest-hits\/\",\"url\":\"https:\/\/vinilozona.lt\/parduotuve\/rock-pop\/ccreedence-clearwater-revival-featuring-john-fogerty-%e2%80%8e-chronicle-2-lp-the-20-greatest-hits\/\",\"name\":\"Marilyn Monroe \u2013 The Very Best Of Marilyn Monroe Vinilin\u0117 Plok\u0161tel\u0117 | Vinilozona.lt\",\"isPartOf\":{\"@id\":\"https:\/\/vinilozona.lt\/#website\"},\"primaryImageOfPage\":{\"@id\":\"https:\/\/vinilozona.lt\/parduotuve\/rock-pop\/ccreedence-clearwater-revival-featuring-john-fogerty-%e2%80%8e-chronicle-2-lp-the-20-greatest-hits\/#primaryimage\"},\"image\":{\"@id\":\"https:\/\/vinilozona.lt\/parduotuve\/rock-pop\/ccreedence-clearwater-revival-featuring-john-fogerty-%e2%80%8e-chronicle-2-lp-the-20-greatest-hits\/#primaryimage\"},\"thumbnailUrl\":\"https:\/\/vinilozona.lt\/wp-content\/uploads\/2022\/09\/R-1433274-1372668608-4590.jpg\",\"datePublished\":\"2024-06-21T02:09:18+00:00\",\"dateModified\":\"2024-06-18T08:20:39+00:00\",\"breadcrumb\":{\"@id\":\"https:\/\/vinilozona.lt\/parduotuve\/rock-pop\/ccreedence-clearwater-revival-featuring-john-fogerty-%e2%80%8e-chronicle-2-lp-the-20-greatest-hits\/#breadcrumb\"},\"inLanguage\":\"en-GB\",\"potentialAction\":[{\"@type\":\"ReadAction\",\"target\":[\"https:\/\/vinilozona.lt\/parduotuve\/rock-pop\/ccreedence-clearwater-revival-featuring-john-fogerty-%e2%80%8e-chronicle-2-lp-the-20-greatest-hits\/\"]}]},{\"@type\":\"ImageObject\",\"inLanguage\":\"en-GB\",\"@id\":\"https:\/\/vinilozona.lt\/parduotuve\/rock-pop\/ccreedence-clearwater-revival-featuring-john-fogerty-%e2%80%8e-chronicle-2-lp-the-20-greatest-hits\/#primaryimage\",\"url\":\"https:\/\/vinilozona.lt\/wp-content\/uploads\/2022\/09\/R-1433274-1372668608-4590.jpg\",\"contentUrl\":\"https:\/\/vinilozona.lt\/wp-content\/uploads\/2022\/09\/R-1433274-1372668608-4590.jpg\",\"width\":598,\"height\":600},{\"@type\":\"BreadcrumbList\",\"@id\":\"https:\/\/vinilozona.lt\/parduotuve\/rock-pop\/ccreedence-clearwater-revival-featuring-john-fogerty-%e2%80%8e-chronicle-2-lp-the-20-greatest-hits\/#breadcrumb\",\"itemListElement\":[{\"@type\":\"ListItem\",\"position\":1,\"name\":\"Home\",\"item\":\"https:\/\/vinilozona.lt\/\"},{\"@type\":\"ListItem\",\"position\":2,\"name\":\"Parduotuv\u0117\",\"item\":\"https:\/\/vinilozona.lt\/parduotuve\/\"},{\"@type\":\"ListItem\",\"position\":3,\"name\":\"Marilyn Monroe \u2013 The Very Best Of Marilyn Monroe\"}]},{\"@type\":\"WebSite\",\"@id\":\"https:\/\/vinilozona.lt\/#website\",\"url\":\"https:\/\/vinilozona.lt\/\",\"name\":\"Vinilo Zona\",\"description\":\"Nup\u016bsk dulkes ir klausyk LP\",\"potentialAction\":[{\"@type\":\"SearchAction\",\"target\":{\"@type\":\"EntryPoint\",\"urlTemplate\":\"https:\/\/vinilozona.lt\/?s={search_term_string}\"},\"query-input\":{\"@type\":\"PropertyValueSpecification\",\"valueRequired\":true,\"valueName\":\"search_term_string\"}}],\"inLanguage\":\"en-GB\"}]}<\/script>\n<!-- \/ Yoast SEO plugin. -->","yoast_head_json":{"title":"Marilyn Monroe \u2013 The Very Best Of Marilyn Monroe Vinilin\u0117 Plok\u0161tel\u0117 | Vinilozona.lt","robots":{"index":"index","follow":"follow","max-snippet":"max-snippet:-1","max-image-preview":"max-image-preview:large","max-video-preview":"max-video-preview:-1"},"canonical":"https:\/\/vinilozona.lt\/en\/parduotuve\/rock-pop\/ccreedence-clearwater-revival-featuring-john-fogerty-\u200e-chronicle-2-lp-the-20-greatest-hits\/","og_locale":"en_GB","og_type":"article","og_title":"Marilyn Monroe \u2013 The Very Best Of Marilyn Monroe Vinilin\u0117 Plok\u0161tel\u0117 | Vinilozona.lt","og_description":"Fun \u2013 FUN 9001 Format:  Vinyl, LP, Compilation Country: France & Benelux","og_url":"https:\/\/vinilozona.lt\/en\/parduotuve\/rock-pop\/ccreedence-clearwater-revival-featuring-john-fogerty-\u200e-chronicle-2-lp-the-20-greatest-hits\/","og_site_name":"Vinilo Zona","article_modified_time":"2024-06-18T08:20:39+00:00","og_image":[{"width":598,"height":600,"url":"https:\/\/vinilozona.lt\/wp-content\/uploads\/2022\/09\/R-1433274-1372668608-4590.jpg","type":"image\/jpeg"}],"twitter_card":"summary_large_image","schema":{"@context":"https:\/\/schema.org","@graph":[{"@type":"WebPage","@id":"https:\/\/vinilozona.lt\/parduotuve\/rock-pop\/ccreedence-clearwater-revival-featuring-john-fogerty-%e2%80%8e-chronicle-2-lp-the-20-greatest-hits\/","url":"https:\/\/vinilozona.lt\/parduotuve\/rock-pop\/ccreedence-clearwater-revival-featuring-john-fogerty-%e2%80%8e-chronicle-2-lp-the-20-greatest-hits\/","name":"Marilyn Monroe \u2013 The Very Best Of Marilyn Monroe Vinilin\u0117 Plok\u0161tel\u0117 | Vinilozona.lt","isPartOf":{"@id":"https:\/\/vinilozona.lt\/#website"},"primaryImageOfPage":{"@id":"https:\/\/vinilozona.lt\/parduotuve\/rock-pop\/ccreedence-clearwater-revival-featuring-john-fogerty-%e2%80%8e-chronicle-2-lp-the-20-greatest-hits\/#primaryimage"},"image":{"@id":"https:\/\/vinilozona.lt\/parduotuve\/rock-pop\/ccreedence-clearwater-revival-featuring-john-fogerty-%e2%80%8e-chronicle-2-lp-the-20-greatest-hits\/#primaryimage"},"thumbnailUrl":"https:\/\/vinilozona.lt\/wp-content\/uploads\/2022\/09\/R-1433274-1372668608-4590.jpg","datePublished":"2024-06-21T02:09:18+00:00","dateModified":"2024-06-18T08:20:39+00:00","breadcrumb":{"@id":"https:\/\/vinilozona.lt\/parduotuve\/rock-pop\/ccreedence-clearwater-revival-featuring-john-fogerty-%e2%80%8e-chronicle-2-lp-the-20-greatest-hits\/#breadcrumb"},"inLanguage":"en-GB","potentialAction":[{"@type":"ReadAction","target":["https:\/\/vinilozona.lt\/parduotuve\/rock-pop\/ccreedence-clearwater-revival-featuring-john-fogerty-%e2%80%8e-chronicle-2-lp-the-20-greatest-hits\/"]}]},{"@type":"ImageObject","inLanguage":"en-GB","@id":"https:\/\/vinilozona.lt\/parduotuve\/rock-pop\/ccreedence-clearwater-revival-featuring-john-fogerty-%e2%80%8e-chronicle-2-lp-the-20-greatest-hits\/#primaryimage","url":"https:\/\/vinilozona.lt\/wp-content\/uploads\/2022\/09\/R-1433274-1372668608-4590.jpg","contentUrl":"https:\/\/vinilozona.lt\/wp-content\/uploads\/2022\/09\/R-1433274-1372668608-4590.jpg","width":598,"height":600},{"@type":"BreadcrumbList","@id":"https:\/\/vinilozona.lt\/parduotuve\/rock-pop\/ccreedence-clearwater-revival-featuring-john-fogerty-%e2%80%8e-chronicle-2-lp-the-20-greatest-hits\/#breadcrumb","itemListElement":[{"@type":"ListItem","position":1,"name":"Home","item":"https:\/\/vinilozona.lt\/"},{"@type":"ListItem","position":2,"name":"Parduotuv\u0117","item":"https:\/\/vinilozona.lt\/parduotuve\/"},{"@type":"ListItem","position":3,"name":"Marilyn Monroe \u2013 The Very Best Of Marilyn Monroe"}]},{"@type":"WebSite","@id":"https:\/\/vinilozona.lt\/#website","url":"https:\/\/vinilozona.lt\/","name":"Vinilo Zona","description":"Nup\u016bsk dulkes ir klausyk LP","potentialAction":[{"@type":"SearchAction","target":{"@type":"EntryPoint","urlTemplate":"https:\/\/vinilozona.lt\/?s={search_term_string}"},"query-input":{"@type":"PropertyValueSpecification","valueRequired":true,"valueName":"search_term_string"}}],"inLanguage":"en-GB"}]}},"_links":{"self":[{"href":"https:\/\/vinilozona.lt\/en\/wp-json\/wp\/v2\/product\/13343"}],"collection":[{"href":"https:\/\/vinilozona.lt\/en\/wp-json\/wp\/v2\/product"}],"about":[{"href":"https:\/\/vinilozona.lt\/en\/wp-json\/wp\/v2\/types\/product"}],"wp:featuredmedia":[{"embeddable":true,"href":"https:\/\/vinilozona.lt\/en\/wp-json\/wp\/v2\/media\/25138"}],"wp:attachment":[{"href":"https:\/\/vinilozona.lt\/en\/wp-json\/wp\/v2\/media?parent=13343"}],"wp:term":[{"taxonomy":"product_cat","embeddable":true,"href":"https:\/\/vinilozona.lt\/en\/wp-json\/wp\/v2\/product_cat?post=13343"},{"taxonomy":"product_tag","embeddable":true,"href":"https:\/\/vinilozona.lt\/en\/wp-json\/wp\/v2\/product_tag?post=13343"}],"curies":[{"name":"wp","href":"https:\/\/api.w.org\/{rel}","templated":true}]}}