{"id":13327,"date":"2022-02-18T09:01:23","date_gmt":"2022-02-18T07:01:23","guid":{"rendered":"https:\/\/vinilozona.lt\/?post_type=product&#038;p=13327"},"modified":"2022-11-10T15:49:35","modified_gmt":"2022-11-10T13:49:35","slug":"peter-green-%e2%80%8e-whatcha-gonna-do","status":"publish","type":"product","link":"https:\/\/vinilozona.lt\/en\/parduotuve\/rock-pop\/peter-green-%e2%80%8e-whatcha-gonna-do\/","title":{"rendered":"Peter Green  \u200e\u2013 Whatcha Gonna Do"},"content":{"rendered":"<p>A1 \tGotta See Her Tonight \t5:45<br \/>\nA2 \tPromised Land \t3:30<br \/>\nA3 \tBullet In The Sky \t3:20<br \/>\nA4 \tGive Me Back My Freedom \t5:38<br \/>\nA5 \tLast Train To San Anton&#8217;e \t5:30<br \/>\nB1 \tTo Break Your Heart \t3:53<br \/>\nB2 \tBizzy Lizzy \t3:25<br \/>\nB3 \tLost My Love \t5:24<br \/>\nB4 \tLike A Hot Tomato \t3:05<br \/>\nB5 \tHead Against The Wall \t3:45<\/p>","protected":false},"excerpt":{"rendered":"<p>PVK Records \u200e\u2013 LS 4123 <\/p>","protected":false},"featured_media":13328,"template":"","meta":[],"product_cat":[15],"product_tag":[44],"yoast_head":"<!-- This site is optimized with the Yoast SEO plugin v23.5 - https:\/\/yoast.com\/wordpress\/plugins\/seo\/ -->\n<title>Peter Green \u200e\u2013 Whatcha Gonna Do Vinilin\u0117 Plok\u0161tel\u0117 | Vinilozona.lt<\/title>\n<meta name=\"robots\" content=\"index, follow, max-snippet:-1, max-image-preview:large, max-video-preview:-1\" \/>\n<link rel=\"canonical\" href=\"https:\/\/vinilozona.lt\/en\/parduotuve\/rock-pop\/peter-green-\u200e-whatcha-gonna-do\/\" \/>\n<meta property=\"og:locale\" content=\"en_GB\" \/>\n<meta property=\"og:type\" content=\"article\" \/>\n<meta property=\"og:title\" content=\"Peter Green \u200e\u2013 Whatcha Gonna Do Vinilin\u0117 Plok\u0161tel\u0117 | Vinilozona.lt\" \/>\n<meta property=\"og:description\" content=\"PVK Records \u200e\u2013 LS 4123\" \/>\n<meta property=\"og:url\" content=\"https:\/\/vinilozona.lt\/en\/parduotuve\/rock-pop\/peter-green-\u200e-whatcha-gonna-do\/\" \/>\n<meta property=\"og:site_name\" content=\"Vinilo Zona\" \/>\n<meta property=\"article:modified_time\" content=\"2022-11-10T13:49:35+00:00\" \/>\n<meta property=\"og:image\" content=\"https:\/\/vinilozona.lt\/wp-content\/uploads\/2020\/12\/R-3332707-1326146015.jpeg.jpg\" \/>\n\t<meta property=\"og:image:width\" content=\"600\" \/>\n\t<meta property=\"og:image:height\" content=\"591\" \/>\n\t<meta property=\"og:image:type\" content=\"image\/jpeg\" \/>\n<meta name=\"twitter:card\" content=\"summary_large_image\" \/>\n<script type=\"application\/ld+json\" class=\"yoast-schema-graph\">{\"@context\":\"https:\/\/schema.org\",\"@graph\":[{\"@type\":\"WebPage\",\"@id\":\"https:\/\/vinilozona.lt\/en\/parduotuve\/rock-pop\/peter-green-%e2%80%8e-whatcha-gonna-do\/\",\"url\":\"https:\/\/vinilozona.lt\/en\/parduotuve\/rock-pop\/peter-green-%e2%80%8e-whatcha-gonna-do\/\",\"name\":\"Peter Green \u200e\u2013 Whatcha Gonna Do Vinilin\u0117 Plok\u0161tel\u0117 | Vinilozona.lt\",\"isPartOf\":{\"@id\":\"https:\/\/vinilozona.lt\/#website\"},\"primaryImageOfPage\":{\"@id\":\"https:\/\/vinilozona.lt\/en\/parduotuve\/rock-pop\/peter-green-%e2%80%8e-whatcha-gonna-do\/#primaryimage\"},\"image\":{\"@id\":\"https:\/\/vinilozona.lt\/en\/parduotuve\/rock-pop\/peter-green-%e2%80%8e-whatcha-gonna-do\/#primaryimage\"},\"thumbnailUrl\":\"https:\/\/vinilozona.lt\/wp-content\/uploads\/2020\/12\/R-3332707-1326146015.jpeg.jpg\",\"datePublished\":\"2022-02-18T07:01:23+00:00\",\"dateModified\":\"2022-11-10T13:49:35+00:00\",\"breadcrumb\":{\"@id\":\"https:\/\/vinilozona.lt\/en\/parduotuve\/rock-pop\/peter-green-%e2%80%8e-whatcha-gonna-do\/#breadcrumb\"},\"inLanguage\":\"en-GB\",\"potentialAction\":[{\"@type\":\"ReadAction\",\"target\":[\"https:\/\/vinilozona.lt\/en\/parduotuve\/rock-pop\/peter-green-%e2%80%8e-whatcha-gonna-do\/\"]}]},{\"@type\":\"ImageObject\",\"inLanguage\":\"en-GB\",\"@id\":\"https:\/\/vinilozona.lt\/en\/parduotuve\/rock-pop\/peter-green-%e2%80%8e-whatcha-gonna-do\/#primaryimage\",\"url\":\"https:\/\/vinilozona.lt\/wp-content\/uploads\/2020\/12\/R-3332707-1326146015.jpeg.jpg\",\"contentUrl\":\"https:\/\/vinilozona.lt\/wp-content\/uploads\/2020\/12\/R-3332707-1326146015.jpeg.jpg\",\"width\":600,\"height\":591},{\"@type\":\"BreadcrumbList\",\"@id\":\"https:\/\/vinilozona.lt\/en\/parduotuve\/rock-pop\/peter-green-%e2%80%8e-whatcha-gonna-do\/#breadcrumb\",\"itemListElement\":[{\"@type\":\"ListItem\",\"position\":1,\"name\":\"Home\",\"item\":\"https:\/\/vinilozona.lt\/\"},{\"@type\":\"ListItem\",\"position\":2,\"name\":\"Parduotuv\u0117\",\"item\":\"https:\/\/vinilozona.lt\/parduotuve\/\"},{\"@type\":\"ListItem\",\"position\":3,\"name\":\"Peter Green \u200e\u2013 Whatcha Gonna Do\"}]},{\"@type\":\"WebSite\",\"@id\":\"https:\/\/vinilozona.lt\/#website\",\"url\":\"https:\/\/vinilozona.lt\/\",\"name\":\"Vinilo Zona\",\"description\":\"Nup\u016bsk dulkes ir klausyk LP\",\"potentialAction\":[{\"@type\":\"SearchAction\",\"target\":{\"@type\":\"EntryPoint\",\"urlTemplate\":\"https:\/\/vinilozona.lt\/?s={search_term_string}\"},\"query-input\":{\"@type\":\"PropertyValueSpecification\",\"valueRequired\":true,\"valueName\":\"search_term_string\"}}],\"inLanguage\":\"en-GB\"}]}<\/script>\n<!-- \/ Yoast SEO plugin. -->","yoast_head_json":{"title":"Peter Green \u200e\u2013 Whatcha Gonna Do Vinilin\u0117 Plok\u0161tel\u0117 | Vinilozona.lt","robots":{"index":"index","follow":"follow","max-snippet":"max-snippet:-1","max-image-preview":"max-image-preview:large","max-video-preview":"max-video-preview:-1"},"canonical":"https:\/\/vinilozona.lt\/en\/parduotuve\/rock-pop\/peter-green-\u200e-whatcha-gonna-do\/","og_locale":"en_GB","og_type":"article","og_title":"Peter Green \u200e\u2013 Whatcha Gonna Do Vinilin\u0117 Plok\u0161tel\u0117 | Vinilozona.lt","og_description":"PVK Records \u200e\u2013 LS 4123","og_url":"https:\/\/vinilozona.lt\/en\/parduotuve\/rock-pop\/peter-green-\u200e-whatcha-gonna-do\/","og_site_name":"Vinilo Zona","article_modified_time":"2022-11-10T13:49:35+00:00","og_image":[{"width":600,"height":591,"url":"https:\/\/vinilozona.lt\/wp-content\/uploads\/2020\/12\/R-3332707-1326146015.jpeg.jpg","type":"image\/jpeg"}],"twitter_card":"summary_large_image","schema":{"@context":"https:\/\/schema.org","@graph":[{"@type":"WebPage","@id":"https:\/\/vinilozona.lt\/en\/parduotuve\/rock-pop\/peter-green-%e2%80%8e-whatcha-gonna-do\/","url":"https:\/\/vinilozona.lt\/en\/parduotuve\/rock-pop\/peter-green-%e2%80%8e-whatcha-gonna-do\/","name":"Peter Green \u200e\u2013 Whatcha Gonna Do Vinilin\u0117 Plok\u0161tel\u0117 | Vinilozona.lt","isPartOf":{"@id":"https:\/\/vinilozona.lt\/#website"},"primaryImageOfPage":{"@id":"https:\/\/vinilozona.lt\/en\/parduotuve\/rock-pop\/peter-green-%e2%80%8e-whatcha-gonna-do\/#primaryimage"},"image":{"@id":"https:\/\/vinilozona.lt\/en\/parduotuve\/rock-pop\/peter-green-%e2%80%8e-whatcha-gonna-do\/#primaryimage"},"thumbnailUrl":"https:\/\/vinilozona.lt\/wp-content\/uploads\/2020\/12\/R-3332707-1326146015.jpeg.jpg","datePublished":"2022-02-18T07:01:23+00:00","dateModified":"2022-11-10T13:49:35+00:00","breadcrumb":{"@id":"https:\/\/vinilozona.lt\/en\/parduotuve\/rock-pop\/peter-green-%e2%80%8e-whatcha-gonna-do\/#breadcrumb"},"inLanguage":"en-GB","potentialAction":[{"@type":"ReadAction","target":["https:\/\/vinilozona.lt\/en\/parduotuve\/rock-pop\/peter-green-%e2%80%8e-whatcha-gonna-do\/"]}]},{"@type":"ImageObject","inLanguage":"en-GB","@id":"https:\/\/vinilozona.lt\/en\/parduotuve\/rock-pop\/peter-green-%e2%80%8e-whatcha-gonna-do\/#primaryimage","url":"https:\/\/vinilozona.lt\/wp-content\/uploads\/2020\/12\/R-3332707-1326146015.jpeg.jpg","contentUrl":"https:\/\/vinilozona.lt\/wp-content\/uploads\/2020\/12\/R-3332707-1326146015.jpeg.jpg","width":600,"height":591},{"@type":"BreadcrumbList","@id":"https:\/\/vinilozona.lt\/en\/parduotuve\/rock-pop\/peter-green-%e2%80%8e-whatcha-gonna-do\/#breadcrumb","itemListElement":[{"@type":"ListItem","position":1,"name":"Home","item":"https:\/\/vinilozona.lt\/"},{"@type":"ListItem","position":2,"name":"Parduotuv\u0117","item":"https:\/\/vinilozona.lt\/parduotuve\/"},{"@type":"ListItem","position":3,"name":"Peter Green \u200e\u2013 Whatcha Gonna Do"}]},{"@type":"WebSite","@id":"https:\/\/vinilozona.lt\/#website","url":"https:\/\/vinilozona.lt\/","name":"Vinilo Zona","description":"Nup\u016bsk dulkes ir klausyk LP","potentialAction":[{"@type":"SearchAction","target":{"@type":"EntryPoint","urlTemplate":"https:\/\/vinilozona.lt\/?s={search_term_string}"},"query-input":{"@type":"PropertyValueSpecification","valueRequired":true,"valueName":"search_term_string"}}],"inLanguage":"en-GB"}]}},"_links":{"self":[{"href":"https:\/\/vinilozona.lt\/en\/wp-json\/wp\/v2\/product\/13327"}],"collection":[{"href":"https:\/\/vinilozona.lt\/en\/wp-json\/wp\/v2\/product"}],"about":[{"href":"https:\/\/vinilozona.lt\/en\/wp-json\/wp\/v2\/types\/product"}],"wp:featuredmedia":[{"embeddable":true,"href":"https:\/\/vinilozona.lt\/en\/wp-json\/wp\/v2\/media\/13328"}],"wp:attachment":[{"href":"https:\/\/vinilozona.lt\/en\/wp-json\/wp\/v2\/media?parent=13327"}],"wp:term":[{"taxonomy":"product_cat","embeddable":true,"href":"https:\/\/vinilozona.lt\/en\/wp-json\/wp\/v2\/product_cat?post=13327"},{"taxonomy":"product_tag","embeddable":true,"href":"https:\/\/vinilozona.lt\/en\/wp-json\/wp\/v2\/product_tag?post=13327"}],"curies":[{"name":"wp","href":"https:\/\/api.w.org\/{rel}","templated":true}]}}