{"id":13230,"date":"2020-12-14T17:33:48","date_gmt":"2020-12-14T15:33:48","guid":{"rendered":"https:\/\/vinilozona.lt\/?post_type=product&#038;p=13230"},"modified":"2023-03-13T15:45:30","modified_gmt":"2023-03-13T13:45:30","slug":"musica-humana-algirdas-vizgirda-bach-narbutaite-martinaitis-balakauskas","status":"publish","type":"product","link":"https:\/\/vinilozona.lt\/en\/parduotuve\/cd\/lietuviski-cd\/musica-humana-algirdas-vizgirda-bach-narbutaite-martinaitis-balakauskas\/","title":{"rendered":"Musica Humana, Algirdas Vizgirda &#8211; Bach \/ Narbutait\u0117 \/ Martinaitis \/ Balakauskas 2CD"},"content":{"rendered":"<p>Concerto For Oboe D&#8217;Amore, Strings And Basso Continuo<br \/>\n(14:03)<br \/>\n1-1\t\t1st Movement (Allegro Moderato)<br \/>\n1-2\t\t2nd Movement (Larghetto)<br \/>\n1-3\t\t3rd Movement (Allegro Ma Non Tanto)<br \/>\nTrio \u201eSonnet A L&#8217;Amour\u201c For Soprano, Cello And Harpsichord<br \/>\n(20:50)<br \/>\n1-4\t\tLarghetto Sostenuto<br \/>\n1-5\t\tRubato Flessibile<br \/>\n1-6\t\tPoco Malinconico<br \/>\nConcerto For Tenor, Flute, Oboe, Harpsichord And Strings \u201eMusikalisches Opfer = Musical Offering\u201c<br \/>\n(30:03)<br \/>\n1-7\t\tEin Kampf Im Himmel<br \/>\n1-8\t\tMusikalisches Opfer<br \/>\n1-9\t\tQuaerendo Invenietis<br \/>\n1-10\t\tKonzert. Jubelt, Ihr Himmel<br \/>\nConcerto In F Major For Oboe, BWV 1053<br \/>\n(19:38)<br \/>\n2-1\t\tAllegro<br \/>\n2-2\t\tSiciliano<br \/>\n2-3\t\tAllegro<br \/>\nSonata For Flute Solo The Song Thrush&#8217;s Apprentice<br \/>\n(13:02)<br \/>\n2-4\t\tL&#8217;Apprentidumerle<br \/>\n2-5\t\tMerleblanc<br \/>\n2-6\t\tUnbeaumerle<br \/>\nConcerto For Oboe, Marimba And Strings<br \/>\n(15:57)<br \/>\n2-7\t\tPoco Pesante, Ben Articulato<br \/>\n2-8\t\tTranquillo Ma Espressivo<br \/>\n2-9\t\tRitmico<br \/>\nBrandenburg Concerto No. 4 In F Major, Bwv 1057, For Flute, Oboe, Harpsichord And Strings<br \/>\n(16:06)<br \/>\n2-10\t\tAllegro<br \/>\n2-11\t\tAndante<br \/>\n2-12\t\tAllegro Assai<\/p>","protected":false},"excerpt":{"rendered":"<p>Concerto For Oboe D&#8217;Amore, Strings And Basso Continuo (14:03) 1-1 1st Movement (Allegro Moderato) 1-2 2nd Movement (Larghetto) 1-3 3rd Movement (Allegro Ma Non Tanto) Trio \u201eSonnet A L&#8217;Amour\u201c For Soprano, Cello And Harpsichord (20:50) 1-4 Larghetto Sostenuto 1-5 Rubato Flessibile 1-6 Poco Malinconico Concerto For Tenor, Flute, Oboe, Harpsichord And Strings \u201eMusikalisches Opfer = [&#8230;]","protected":false},"featured_media":13231,"template":"","meta":[],"product_cat":[24,947,56],"product_tag":[55],"yoast_head":"<!-- This site is optimized with the Yoast SEO plugin v23.5 - https:\/\/yoast.com\/wordpress\/plugins\/seo\/ -->\n<title>Musica Humana, Algirdas Vizgirda - Bach \/ Narbutait\u0117 \/ Martinaitis \/ Balakauskas 2CD Vinilin\u0117 Plok\u0161tel\u0117 | Vinilozona.lt<\/title>\n<meta name=\"robots\" content=\"index, follow, max-snippet:-1, max-image-preview:large, max-video-preview:-1\" \/>\n<link rel=\"canonical\" href=\"https:\/\/vinilozona.lt\/en\/parduotuve\/cd\/lietuviski-cd\/musica-humana-algirdas-vizgirda-bach-narbutaite-martinaitis-balakauskas\/\" \/>\n<meta property=\"og:locale\" content=\"en_GB\" \/>\n<meta property=\"og:type\" content=\"article\" \/>\n<meta property=\"og:title\" content=\"Musica Humana, Algirdas Vizgirda - Bach \/ Narbutait\u0117 \/ Martinaitis \/ Balakauskas 2CD Vinilin\u0117 Plok\u0161tel\u0117 | Vinilozona.lt\" \/>\n<meta property=\"og:description\" content=\"Concerto For Oboe D&#8217;Amore, Strings And Basso Continuo (14:03) 1-1 1st Movement (Allegro Moderato) 1-2 2nd Movement (Larghetto) 1-3 3rd Movement (Allegro Ma Non Tanto) Trio \u201eSonnet A L&#8217;Amour\u201c For Soprano, Cello And Harpsichord (20:50) 1-4 Larghetto Sostenuto 1-5 Rubato Flessibile 1-6 Poco Malinconico Concerto For Tenor, Flute, Oboe, Harpsichord And Strings \u201eMusikalisches Opfer = [...]\" \/>\n<meta property=\"og:url\" content=\"https:\/\/vinilozona.lt\/en\/parduotuve\/cd\/lietuviski-cd\/musica-humana-algirdas-vizgirda-bach-narbutaite-martinaitis-balakauskas\/\" \/>\n<meta property=\"og:site_name\" content=\"Vinilo Zona\" \/>\n<meta property=\"article:modified_time\" content=\"2023-03-13T13:45:30+00:00\" \/>\n<meta property=\"og:image\" content=\"https:\/\/vinilozona.lt\/wp-content\/uploads\/2020\/12\/R-8236846-1457710327-2656.jpeg.jpg\" \/>\n\t<meta property=\"og:image:width\" content=\"300\" \/>\n\t<meta property=\"og:image:height\" content=\"300\" \/>\n\t<meta property=\"og:image:type\" content=\"image\/jpeg\" \/>\n<meta name=\"twitter:card\" content=\"summary_large_image\" \/>\n<meta name=\"twitter:label1\" content=\"Estimated reading time\" \/>\n\t<meta name=\"twitter:data1\" content=\"1 minute\" \/>\n<script type=\"application\/ld+json\" class=\"yoast-schema-graph\">{\"@context\":\"https:\/\/schema.org\",\"@graph\":[{\"@type\":\"WebPage\",\"@id\":\"https:\/\/vinilozona.lt\/parduotuve\/cd\/lietuviski-cd\/musica-humana-algirdas-vizgirda-bach-narbutaite-martinaitis-balakauskas\/\",\"url\":\"https:\/\/vinilozona.lt\/parduotuve\/cd\/lietuviski-cd\/musica-humana-algirdas-vizgirda-bach-narbutaite-martinaitis-balakauskas\/\",\"name\":\"Musica Humana, Algirdas Vizgirda - Bach \/ Narbutait\u0117 \/ Martinaitis \/ Balakauskas 2CD Vinilin\u0117 Plok\u0161tel\u0117 | Vinilozona.lt\",\"isPartOf\":{\"@id\":\"https:\/\/vinilozona.lt\/#website\"},\"primaryImageOfPage\":{\"@id\":\"https:\/\/vinilozona.lt\/parduotuve\/cd\/lietuviski-cd\/musica-humana-algirdas-vizgirda-bach-narbutaite-martinaitis-balakauskas\/#primaryimage\"},\"image\":{\"@id\":\"https:\/\/vinilozona.lt\/parduotuve\/cd\/lietuviski-cd\/musica-humana-algirdas-vizgirda-bach-narbutaite-martinaitis-balakauskas\/#primaryimage\"},\"thumbnailUrl\":\"https:\/\/vinilozona.lt\/wp-content\/uploads\/2020\/12\/R-8236846-1457710327-2656.jpeg.jpg\",\"datePublished\":\"2020-12-14T15:33:48+00:00\",\"dateModified\":\"2023-03-13T13:45:30+00:00\",\"breadcrumb\":{\"@id\":\"https:\/\/vinilozona.lt\/parduotuve\/cd\/lietuviski-cd\/musica-humana-algirdas-vizgirda-bach-narbutaite-martinaitis-balakauskas\/#breadcrumb\"},\"inLanguage\":\"en-GB\",\"potentialAction\":[{\"@type\":\"ReadAction\",\"target\":[\"https:\/\/vinilozona.lt\/parduotuve\/cd\/lietuviski-cd\/musica-humana-algirdas-vizgirda-bach-narbutaite-martinaitis-balakauskas\/\"]}]},{\"@type\":\"ImageObject\",\"inLanguage\":\"en-GB\",\"@id\":\"https:\/\/vinilozona.lt\/parduotuve\/cd\/lietuviski-cd\/musica-humana-algirdas-vizgirda-bach-narbutaite-martinaitis-balakauskas\/#primaryimage\",\"url\":\"https:\/\/vinilozona.lt\/wp-content\/uploads\/2020\/12\/R-8236846-1457710327-2656.jpeg.jpg\",\"contentUrl\":\"https:\/\/vinilozona.lt\/wp-content\/uploads\/2020\/12\/R-8236846-1457710327-2656.jpeg.jpg\",\"width\":300,\"height\":300},{\"@type\":\"BreadcrumbList\",\"@id\":\"https:\/\/vinilozona.lt\/parduotuve\/cd\/lietuviski-cd\/musica-humana-algirdas-vizgirda-bach-narbutaite-martinaitis-balakauskas\/#breadcrumb\",\"itemListElement\":[{\"@type\":\"ListItem\",\"position\":1,\"name\":\"Home\",\"item\":\"https:\/\/vinilozona.lt\/\"},{\"@type\":\"ListItem\",\"position\":2,\"name\":\"Parduotuv\u0117\",\"item\":\"https:\/\/vinilozona.lt\/parduotuve\/\"},{\"@type\":\"ListItem\",\"position\":3,\"name\":\"Musica Humana, Algirdas Vizgirda &#8211; Bach \/ Narbutait\u0117 \/ Martinaitis \/ Balakauskas 2CD\"}]},{\"@type\":\"WebSite\",\"@id\":\"https:\/\/vinilozona.lt\/#website\",\"url\":\"https:\/\/vinilozona.lt\/\",\"name\":\"Vinilo Zona\",\"description\":\"Nup\u016bsk dulkes ir klausyk LP\",\"potentialAction\":[{\"@type\":\"SearchAction\",\"target\":{\"@type\":\"EntryPoint\",\"urlTemplate\":\"https:\/\/vinilozona.lt\/?s={search_term_string}\"},\"query-input\":{\"@type\":\"PropertyValueSpecification\",\"valueRequired\":true,\"valueName\":\"search_term_string\"}}],\"inLanguage\":\"en-GB\"}]}<\/script>\n<!-- \/ Yoast SEO plugin. -->","yoast_head_json":{"title":"Musica Humana, Algirdas Vizgirda - Bach \/ Narbutait\u0117 \/ Martinaitis \/ Balakauskas 2CD Vinilin\u0117 Plok\u0161tel\u0117 | Vinilozona.lt","robots":{"index":"index","follow":"follow","max-snippet":"max-snippet:-1","max-image-preview":"max-image-preview:large","max-video-preview":"max-video-preview:-1"},"canonical":"https:\/\/vinilozona.lt\/en\/parduotuve\/cd\/lietuviski-cd\/musica-humana-algirdas-vizgirda-bach-narbutaite-martinaitis-balakauskas\/","og_locale":"en_GB","og_type":"article","og_title":"Musica Humana, Algirdas Vizgirda - Bach \/ Narbutait\u0117 \/ Martinaitis \/ Balakauskas 2CD Vinilin\u0117 Plok\u0161tel\u0117 | Vinilozona.lt","og_description":"Concerto For Oboe D&#8217;Amore, Strings And Basso Continuo (14:03) 1-1 1st Movement (Allegro Moderato) 1-2 2nd Movement (Larghetto) 1-3 3rd Movement (Allegro Ma Non Tanto) Trio \u201eSonnet A L&#8217;Amour\u201c For Soprano, Cello And Harpsichord (20:50) 1-4 Larghetto Sostenuto 1-5 Rubato Flessibile 1-6 Poco Malinconico Concerto For Tenor, Flute, Oboe, Harpsichord And Strings \u201eMusikalisches Opfer = [...]","og_url":"https:\/\/vinilozona.lt\/en\/parduotuve\/cd\/lietuviski-cd\/musica-humana-algirdas-vizgirda-bach-narbutaite-martinaitis-balakauskas\/","og_site_name":"Vinilo Zona","article_modified_time":"2023-03-13T13:45:30+00:00","og_image":[{"width":300,"height":300,"url":"https:\/\/vinilozona.lt\/wp-content\/uploads\/2020\/12\/R-8236846-1457710327-2656.jpeg.jpg","type":"image\/jpeg"}],"twitter_card":"summary_large_image","twitter_misc":{"Estimated reading time":"1 minute"},"schema":{"@context":"https:\/\/schema.org","@graph":[{"@type":"WebPage","@id":"https:\/\/vinilozona.lt\/parduotuve\/cd\/lietuviski-cd\/musica-humana-algirdas-vizgirda-bach-narbutaite-martinaitis-balakauskas\/","url":"https:\/\/vinilozona.lt\/parduotuve\/cd\/lietuviski-cd\/musica-humana-algirdas-vizgirda-bach-narbutaite-martinaitis-balakauskas\/","name":"Musica Humana, Algirdas Vizgirda - Bach \/ Narbutait\u0117 \/ Martinaitis \/ Balakauskas 2CD Vinilin\u0117 Plok\u0161tel\u0117 | Vinilozona.lt","isPartOf":{"@id":"https:\/\/vinilozona.lt\/#website"},"primaryImageOfPage":{"@id":"https:\/\/vinilozona.lt\/parduotuve\/cd\/lietuviski-cd\/musica-humana-algirdas-vizgirda-bach-narbutaite-martinaitis-balakauskas\/#primaryimage"},"image":{"@id":"https:\/\/vinilozona.lt\/parduotuve\/cd\/lietuviski-cd\/musica-humana-algirdas-vizgirda-bach-narbutaite-martinaitis-balakauskas\/#primaryimage"},"thumbnailUrl":"https:\/\/vinilozona.lt\/wp-content\/uploads\/2020\/12\/R-8236846-1457710327-2656.jpeg.jpg","datePublished":"2020-12-14T15:33:48+00:00","dateModified":"2023-03-13T13:45:30+00:00","breadcrumb":{"@id":"https:\/\/vinilozona.lt\/parduotuve\/cd\/lietuviski-cd\/musica-humana-algirdas-vizgirda-bach-narbutaite-martinaitis-balakauskas\/#breadcrumb"},"inLanguage":"en-GB","potentialAction":[{"@type":"ReadAction","target":["https:\/\/vinilozona.lt\/parduotuve\/cd\/lietuviski-cd\/musica-humana-algirdas-vizgirda-bach-narbutaite-martinaitis-balakauskas\/"]}]},{"@type":"ImageObject","inLanguage":"en-GB","@id":"https:\/\/vinilozona.lt\/parduotuve\/cd\/lietuviski-cd\/musica-humana-algirdas-vizgirda-bach-narbutaite-martinaitis-balakauskas\/#primaryimage","url":"https:\/\/vinilozona.lt\/wp-content\/uploads\/2020\/12\/R-8236846-1457710327-2656.jpeg.jpg","contentUrl":"https:\/\/vinilozona.lt\/wp-content\/uploads\/2020\/12\/R-8236846-1457710327-2656.jpeg.jpg","width":300,"height":300},{"@type":"BreadcrumbList","@id":"https:\/\/vinilozona.lt\/parduotuve\/cd\/lietuviski-cd\/musica-humana-algirdas-vizgirda-bach-narbutaite-martinaitis-balakauskas\/#breadcrumb","itemListElement":[{"@type":"ListItem","position":1,"name":"Home","item":"https:\/\/vinilozona.lt\/"},{"@type":"ListItem","position":2,"name":"Parduotuv\u0117","item":"https:\/\/vinilozona.lt\/parduotuve\/"},{"@type":"ListItem","position":3,"name":"Musica Humana, Algirdas Vizgirda &#8211; Bach \/ Narbutait\u0117 \/ Martinaitis \/ Balakauskas 2CD"}]},{"@type":"WebSite","@id":"https:\/\/vinilozona.lt\/#website","url":"https:\/\/vinilozona.lt\/","name":"Vinilo Zona","description":"Nup\u016bsk dulkes ir klausyk LP","potentialAction":[{"@type":"SearchAction","target":{"@type":"EntryPoint","urlTemplate":"https:\/\/vinilozona.lt\/?s={search_term_string}"},"query-input":{"@type":"PropertyValueSpecification","valueRequired":true,"valueName":"search_term_string"}}],"inLanguage":"en-GB"}]}},"_links":{"self":[{"href":"https:\/\/vinilozona.lt\/en\/wp-json\/wp\/v2\/product\/13230"}],"collection":[{"href":"https:\/\/vinilozona.lt\/en\/wp-json\/wp\/v2\/product"}],"about":[{"href":"https:\/\/vinilozona.lt\/en\/wp-json\/wp\/v2\/types\/product"}],"wp:featuredmedia":[{"embeddable":true,"href":"https:\/\/vinilozona.lt\/en\/wp-json\/wp\/v2\/media\/13231"}],"wp:attachment":[{"href":"https:\/\/vinilozona.lt\/en\/wp-json\/wp\/v2\/media?parent=13230"}],"wp:term":[{"taxonomy":"product_cat","embeddable":true,"href":"https:\/\/vinilozona.lt\/en\/wp-json\/wp\/v2\/product_cat?post=13230"},{"taxonomy":"product_tag","embeddable":true,"href":"https:\/\/vinilozona.lt\/en\/wp-json\/wp\/v2\/product_tag?post=13230"}],"curies":[{"name":"wp","href":"https:\/\/api.w.org\/{rel}","templated":true}]}}