{"id":13226,"date":"2020-12-14T17:29:10","date_gmt":"2020-12-14T15:29:10","guid":{"rendered":"https:\/\/vinilozona.lt\/?post_type=product&#038;p=13226"},"modified":"2021-11-29T13:27:52","modified_gmt":"2021-11-29T11:27:52","slug":"valstybinis-vilniaus-kvartetas-ona-kolobovaite-schumann-%e2%80%8e-styginiu-kvartetas-nr-3-vokalinis-ciklas-moters-meile-ir-gyvenimas-cd","status":"publish","type":"product","link":"https:\/\/vinilozona.lt\/en\/parduotuve\/cd\/lietuviski-cd\/valstybinis-vilniaus-kvartetas-ona-kolobovaite-schumann-%e2%80%8e-styginiu-kvartetas-nr-3-vokalinis-ciklas-moters-meile-ir-gyvenimas-cd\/","title":{"rendered":"Valstybinis Vilniaus Kvartetas, Ona Kolobovait\u0117 &#8211; Schumann \u200e\u2013 Stygini\u0173 Kvartetas Nr. 3 \/ Vokalinis Ciklas \u201eMoters Meil\u0117 Ir Gyvenimas\u201c CD"},"content":{"rendered":"<p>Stygini\u0173 Kvartetas Nr. 3, A-dur, Op. 41\/3 = String Quartet No. 3 In A Major, Op. 41\/3<br \/>\n1\t\tI. Andante Espressivo \u2013 Allegro Molto Moderato\t7:56<br \/>\n2\t\tII. Assai Agitato \u2013 Un Poco Adagio \u2013 Tempo Risoluto\t6:38<br \/>\n3\t\tIII. Adagio Molto\t8:27<br \/>\n4\t\tIV. Finale: Allegro Molto Vivace\t6:57<br \/>\nVokalinis Ciklas \u201eMoters Meil\u0117 Ir Gyvenimas\u201c, Op. 42 = Frauenliebe Und -Leben, Op. 42<br \/>\n5\t\tKai J\u012f i\u0161vydau = Seit Ich Ihn Gesehen\t2:51<br \/>\n6\t\tJis, Kilniausias I\u0161 Vis\u0173 = Er, Der Herrlichste Von Allen\t3:10<br \/>\n7\t\tSuprast Ir Patik\u0117ti Negaliu = Ich Kann&#8217;s Nicht Fassen, Nicht Glauben\t1:57<br \/>\n8\t\t\u017diede Ant Manojo Pir\u0161to = Du Ring An Meinem Finger\t2:52<br \/>\n9\t\tPad\u0117kit, Mielosios Sesut\u0117s = Helft Mir, Ihr Schwestern\t1:53<br \/>\n10\t\tBrangusis Drauge, Tu Nusteb\u0119s = S\u00fc\u00dfer Freund, Du Blackest\t5:12<br \/>\n11\t\tPrie Mano Kr\u016btin\u0117s, Prie Mano \u0160irdies = An Meinem Herzen, An Meiner Brust\t1:28<br \/>\n12\t\tTu Pirm\u0105kart \u012eskaudinai Mane = Nun Hast Du Mir Den Ersten Schmerz Getan\t4:14<\/p>","protected":false},"excerpt":{"rendered":"<p>Stygini\u0173 Kvartetas Nr. 3, A-dur, Op. 41\/3 = String Quartet No. 3 In A Major, Op. 41\/3 1 I. Andante Espressivo \u2013 Allegro Molto Moderato 7:56 2 II. Assai Agitato \u2013 Un Poco Adagio \u2013 Tempo Risoluto 6:38 3 III. Adagio Molto 8:27 4 IV. Finale: Allegro Molto Vivace 6:57 Vokalinis Ciklas \u201eMoters Meil\u0117 Ir [&#8230;]","protected":false},"featured_media":13227,"template":"","meta":[],"product_cat":[24,947,56],"product_tag":[55],"yoast_head":"<!-- This site is optimized with the Yoast SEO plugin v23.5 - https:\/\/yoast.com\/wordpress\/plugins\/seo\/ -->\n<title>Valstybinis Vilniaus Kvartetas, Ona Kolobovait\u0117 - Schumann \u200e\u2013 Stygini\u0173 Kvartetas Nr. 3 \/ Vokalinis Ciklas \u201eMoters Meil\u0117 Ir Gyvenimas\u201c CD Vinilin\u0117 Plok\u0161tel\u0117 | Vinilozona.lt<\/title>\n<meta name=\"robots\" content=\"index, follow, max-snippet:-1, max-image-preview:large, max-video-preview:-1\" \/>\n<link rel=\"canonical\" href=\"https:\/\/vinilozona.lt\/en\/parduotuve\/cd\/lietuviski-cd\/valstybinis-vilniaus-kvartetas-ona-kolobovaite-schumann-\u200e-styginiu-kvartetas-nr-3-vokalinis-ciklas-moters-meile-ir-gyvenimas-cd\/\" \/>\n<meta property=\"og:locale\" content=\"en_GB\" \/>\n<meta property=\"og:type\" content=\"article\" \/>\n<meta property=\"og:title\" content=\"Valstybinis Vilniaus Kvartetas, Ona Kolobovait\u0117 - Schumann \u200e\u2013 Stygini\u0173 Kvartetas Nr. 3 \/ Vokalinis Ciklas \u201eMoters Meil\u0117 Ir Gyvenimas\u201c CD Vinilin\u0117 Plok\u0161tel\u0117 | Vinilozona.lt\" \/>\n<meta property=\"og:description\" content=\"Stygini\u0173 Kvartetas Nr. 3, A-dur, Op. 41\/3 = String Quartet No. 3 In A Major, Op. 41\/3 1 I. Andante Espressivo \u2013 Allegro Molto Moderato 7:56 2 II. Assai Agitato \u2013 Un Poco Adagio \u2013 Tempo Risoluto 6:38 3 III. Adagio Molto 8:27 4 IV. Finale: Allegro Molto Vivace 6:57 Vokalinis Ciklas \u201eMoters Meil\u0117 Ir [...]\" \/>\n<meta property=\"og:url\" content=\"https:\/\/vinilozona.lt\/en\/parduotuve\/cd\/lietuviski-cd\/valstybinis-vilniaus-kvartetas-ona-kolobovaite-schumann-\u200e-styginiu-kvartetas-nr-3-vokalinis-ciklas-moters-meile-ir-gyvenimas-cd\/\" \/>\n<meta property=\"og:site_name\" content=\"Vinilo Zona\" \/>\n<meta property=\"article:modified_time\" content=\"2021-11-29T11:27:52+00:00\" \/>\n<meta property=\"og:image\" content=\"https:\/\/vinilozona.lt\/wp-content\/uploads\/2020\/12\/R-6498298-1420717049-3271.jpeg.jpg\" \/>\n\t<meta property=\"og:image:width\" content=\"295\" \/>\n\t<meta property=\"og:image:height\" content=\"300\" \/>\n\t<meta property=\"og:image:type\" content=\"image\/jpeg\" \/>\n<meta name=\"twitter:card\" content=\"summary_large_image\" \/>\n<meta name=\"twitter:label1\" content=\"Estimated reading time\" \/>\n\t<meta name=\"twitter:data1\" content=\"1 minute\" \/>\n<script type=\"application\/ld+json\" class=\"yoast-schema-graph\">{\"@context\":\"https:\/\/schema.org\",\"@graph\":[{\"@type\":\"WebPage\",\"@id\":\"https:\/\/vinilozona.lt\/parduotuve\/cd\/lietuviski-cd\/valstybinis-vilniaus-kvartetas-ona-kolobovaite-schumann-%e2%80%8e-styginiu-kvartetas-nr-3-vokalinis-ciklas-moters-meile-ir-gyvenimas-cd\/\",\"url\":\"https:\/\/vinilozona.lt\/parduotuve\/cd\/lietuviski-cd\/valstybinis-vilniaus-kvartetas-ona-kolobovaite-schumann-%e2%80%8e-styginiu-kvartetas-nr-3-vokalinis-ciklas-moters-meile-ir-gyvenimas-cd\/\",\"name\":\"Valstybinis Vilniaus Kvartetas, Ona Kolobovait\u0117 - Schumann \u200e\u2013 Stygini\u0173 Kvartetas Nr. 3 \/ Vokalinis Ciklas \u201eMoters Meil\u0117 Ir Gyvenimas\u201c CD Vinilin\u0117 Plok\u0161tel\u0117 | Vinilozona.lt\",\"isPartOf\":{\"@id\":\"https:\/\/vinilozona.lt\/#website\"},\"primaryImageOfPage\":{\"@id\":\"https:\/\/vinilozona.lt\/parduotuve\/cd\/lietuviski-cd\/valstybinis-vilniaus-kvartetas-ona-kolobovaite-schumann-%e2%80%8e-styginiu-kvartetas-nr-3-vokalinis-ciklas-moters-meile-ir-gyvenimas-cd\/#primaryimage\"},\"image\":{\"@id\":\"https:\/\/vinilozona.lt\/parduotuve\/cd\/lietuviski-cd\/valstybinis-vilniaus-kvartetas-ona-kolobovaite-schumann-%e2%80%8e-styginiu-kvartetas-nr-3-vokalinis-ciklas-moters-meile-ir-gyvenimas-cd\/#primaryimage\"},\"thumbnailUrl\":\"https:\/\/vinilozona.lt\/wp-content\/uploads\/2020\/12\/R-6498298-1420717049-3271.jpeg.jpg\",\"datePublished\":\"2020-12-14T15:29:10+00:00\",\"dateModified\":\"2021-11-29T11:27:52+00:00\",\"breadcrumb\":{\"@id\":\"https:\/\/vinilozona.lt\/parduotuve\/cd\/lietuviski-cd\/valstybinis-vilniaus-kvartetas-ona-kolobovaite-schumann-%e2%80%8e-styginiu-kvartetas-nr-3-vokalinis-ciklas-moters-meile-ir-gyvenimas-cd\/#breadcrumb\"},\"inLanguage\":\"en-GB\",\"potentialAction\":[{\"@type\":\"ReadAction\",\"target\":[\"https:\/\/vinilozona.lt\/parduotuve\/cd\/lietuviski-cd\/valstybinis-vilniaus-kvartetas-ona-kolobovaite-schumann-%e2%80%8e-styginiu-kvartetas-nr-3-vokalinis-ciklas-moters-meile-ir-gyvenimas-cd\/\"]}]},{\"@type\":\"ImageObject\",\"inLanguage\":\"en-GB\",\"@id\":\"https:\/\/vinilozona.lt\/parduotuve\/cd\/lietuviski-cd\/valstybinis-vilniaus-kvartetas-ona-kolobovaite-schumann-%e2%80%8e-styginiu-kvartetas-nr-3-vokalinis-ciklas-moters-meile-ir-gyvenimas-cd\/#primaryimage\",\"url\":\"https:\/\/vinilozona.lt\/wp-content\/uploads\/2020\/12\/R-6498298-1420717049-3271.jpeg.jpg\",\"contentUrl\":\"https:\/\/vinilozona.lt\/wp-content\/uploads\/2020\/12\/R-6498298-1420717049-3271.jpeg.jpg\",\"width\":295,\"height\":300},{\"@type\":\"BreadcrumbList\",\"@id\":\"https:\/\/vinilozona.lt\/parduotuve\/cd\/lietuviski-cd\/valstybinis-vilniaus-kvartetas-ona-kolobovaite-schumann-%e2%80%8e-styginiu-kvartetas-nr-3-vokalinis-ciklas-moters-meile-ir-gyvenimas-cd\/#breadcrumb\",\"itemListElement\":[{\"@type\":\"ListItem\",\"position\":1,\"name\":\"Home\",\"item\":\"https:\/\/vinilozona.lt\/\"},{\"@type\":\"ListItem\",\"position\":2,\"name\":\"Parduotuv\u0117\",\"item\":\"https:\/\/vinilozona.lt\/parduotuve\/\"},{\"@type\":\"ListItem\",\"position\":3,\"name\":\"Valstybinis Vilniaus Kvartetas, Ona Kolobovait\u0117 &#8211; Schumann \u200e\u2013 Stygini\u0173 Kvartetas Nr. 3 \/ Vokalinis Ciklas \u201eMoters Meil\u0117 Ir Gyvenimas\u201c CD\"}]},{\"@type\":\"WebSite\",\"@id\":\"https:\/\/vinilozona.lt\/#website\",\"url\":\"https:\/\/vinilozona.lt\/\",\"name\":\"Vinilo Zona\",\"description\":\"Nup\u016bsk dulkes ir klausyk LP\",\"potentialAction\":[{\"@type\":\"SearchAction\",\"target\":{\"@type\":\"EntryPoint\",\"urlTemplate\":\"https:\/\/vinilozona.lt\/?s={search_term_string}\"},\"query-input\":{\"@type\":\"PropertyValueSpecification\",\"valueRequired\":true,\"valueName\":\"search_term_string\"}}],\"inLanguage\":\"en-GB\"}]}<\/script>\n<!-- \/ Yoast SEO plugin. -->","yoast_head_json":{"title":"Valstybinis Vilniaus Kvartetas, Ona Kolobovait\u0117 - Schumann \u200e\u2013 Stygini\u0173 Kvartetas Nr. 3 \/ Vokalinis Ciklas \u201eMoters Meil\u0117 Ir Gyvenimas\u201c CD Vinilin\u0117 Plok\u0161tel\u0117 | Vinilozona.lt","robots":{"index":"index","follow":"follow","max-snippet":"max-snippet:-1","max-image-preview":"max-image-preview:large","max-video-preview":"max-video-preview:-1"},"canonical":"https:\/\/vinilozona.lt\/en\/parduotuve\/cd\/lietuviski-cd\/valstybinis-vilniaus-kvartetas-ona-kolobovaite-schumann-\u200e-styginiu-kvartetas-nr-3-vokalinis-ciklas-moters-meile-ir-gyvenimas-cd\/","og_locale":"en_GB","og_type":"article","og_title":"Valstybinis Vilniaus Kvartetas, Ona Kolobovait\u0117 - Schumann \u200e\u2013 Stygini\u0173 Kvartetas Nr. 3 \/ Vokalinis Ciklas \u201eMoters Meil\u0117 Ir Gyvenimas\u201c CD Vinilin\u0117 Plok\u0161tel\u0117 | Vinilozona.lt","og_description":"Stygini\u0173 Kvartetas Nr. 3, A-dur, Op. 41\/3 = String Quartet No. 3 In A Major, Op. 41\/3 1 I. Andante Espressivo \u2013 Allegro Molto Moderato 7:56 2 II. Assai Agitato \u2013 Un Poco Adagio \u2013 Tempo Risoluto 6:38 3 III. Adagio Molto 8:27 4 IV. Finale: Allegro Molto Vivace 6:57 Vokalinis Ciklas \u201eMoters Meil\u0117 Ir [...]","og_url":"https:\/\/vinilozona.lt\/en\/parduotuve\/cd\/lietuviski-cd\/valstybinis-vilniaus-kvartetas-ona-kolobovaite-schumann-\u200e-styginiu-kvartetas-nr-3-vokalinis-ciklas-moters-meile-ir-gyvenimas-cd\/","og_site_name":"Vinilo Zona","article_modified_time":"2021-11-29T11:27:52+00:00","og_image":[{"width":295,"height":300,"url":"https:\/\/vinilozona.lt\/wp-content\/uploads\/2020\/12\/R-6498298-1420717049-3271.jpeg.jpg","type":"image\/jpeg"}],"twitter_card":"summary_large_image","twitter_misc":{"Estimated reading time":"1 minute"},"schema":{"@context":"https:\/\/schema.org","@graph":[{"@type":"WebPage","@id":"https:\/\/vinilozona.lt\/parduotuve\/cd\/lietuviski-cd\/valstybinis-vilniaus-kvartetas-ona-kolobovaite-schumann-%e2%80%8e-styginiu-kvartetas-nr-3-vokalinis-ciklas-moters-meile-ir-gyvenimas-cd\/","url":"https:\/\/vinilozona.lt\/parduotuve\/cd\/lietuviski-cd\/valstybinis-vilniaus-kvartetas-ona-kolobovaite-schumann-%e2%80%8e-styginiu-kvartetas-nr-3-vokalinis-ciklas-moters-meile-ir-gyvenimas-cd\/","name":"Valstybinis Vilniaus Kvartetas, Ona Kolobovait\u0117 - Schumann \u200e\u2013 Stygini\u0173 Kvartetas Nr. 3 \/ Vokalinis Ciklas \u201eMoters Meil\u0117 Ir Gyvenimas\u201c CD Vinilin\u0117 Plok\u0161tel\u0117 | Vinilozona.lt","isPartOf":{"@id":"https:\/\/vinilozona.lt\/#website"},"primaryImageOfPage":{"@id":"https:\/\/vinilozona.lt\/parduotuve\/cd\/lietuviski-cd\/valstybinis-vilniaus-kvartetas-ona-kolobovaite-schumann-%e2%80%8e-styginiu-kvartetas-nr-3-vokalinis-ciklas-moters-meile-ir-gyvenimas-cd\/#primaryimage"},"image":{"@id":"https:\/\/vinilozona.lt\/parduotuve\/cd\/lietuviski-cd\/valstybinis-vilniaus-kvartetas-ona-kolobovaite-schumann-%e2%80%8e-styginiu-kvartetas-nr-3-vokalinis-ciklas-moters-meile-ir-gyvenimas-cd\/#primaryimage"},"thumbnailUrl":"https:\/\/vinilozona.lt\/wp-content\/uploads\/2020\/12\/R-6498298-1420717049-3271.jpeg.jpg","datePublished":"2020-12-14T15:29:10+00:00","dateModified":"2021-11-29T11:27:52+00:00","breadcrumb":{"@id":"https:\/\/vinilozona.lt\/parduotuve\/cd\/lietuviski-cd\/valstybinis-vilniaus-kvartetas-ona-kolobovaite-schumann-%e2%80%8e-styginiu-kvartetas-nr-3-vokalinis-ciklas-moters-meile-ir-gyvenimas-cd\/#breadcrumb"},"inLanguage":"en-GB","potentialAction":[{"@type":"ReadAction","target":["https:\/\/vinilozona.lt\/parduotuve\/cd\/lietuviski-cd\/valstybinis-vilniaus-kvartetas-ona-kolobovaite-schumann-%e2%80%8e-styginiu-kvartetas-nr-3-vokalinis-ciklas-moters-meile-ir-gyvenimas-cd\/"]}]},{"@type":"ImageObject","inLanguage":"en-GB","@id":"https:\/\/vinilozona.lt\/parduotuve\/cd\/lietuviski-cd\/valstybinis-vilniaus-kvartetas-ona-kolobovaite-schumann-%e2%80%8e-styginiu-kvartetas-nr-3-vokalinis-ciklas-moters-meile-ir-gyvenimas-cd\/#primaryimage","url":"https:\/\/vinilozona.lt\/wp-content\/uploads\/2020\/12\/R-6498298-1420717049-3271.jpeg.jpg","contentUrl":"https:\/\/vinilozona.lt\/wp-content\/uploads\/2020\/12\/R-6498298-1420717049-3271.jpeg.jpg","width":295,"height":300},{"@type":"BreadcrumbList","@id":"https:\/\/vinilozona.lt\/parduotuve\/cd\/lietuviski-cd\/valstybinis-vilniaus-kvartetas-ona-kolobovaite-schumann-%e2%80%8e-styginiu-kvartetas-nr-3-vokalinis-ciklas-moters-meile-ir-gyvenimas-cd\/#breadcrumb","itemListElement":[{"@type":"ListItem","position":1,"name":"Home","item":"https:\/\/vinilozona.lt\/"},{"@type":"ListItem","position":2,"name":"Parduotuv\u0117","item":"https:\/\/vinilozona.lt\/parduotuve\/"},{"@type":"ListItem","position":3,"name":"Valstybinis Vilniaus Kvartetas, Ona Kolobovait\u0117 &#8211; Schumann \u200e\u2013 Stygini\u0173 Kvartetas Nr. 3 \/ Vokalinis Ciklas \u201eMoters Meil\u0117 Ir Gyvenimas\u201c CD"}]},{"@type":"WebSite","@id":"https:\/\/vinilozona.lt\/#website","url":"https:\/\/vinilozona.lt\/","name":"Vinilo Zona","description":"Nup\u016bsk dulkes ir klausyk LP","potentialAction":[{"@type":"SearchAction","target":{"@type":"EntryPoint","urlTemplate":"https:\/\/vinilozona.lt\/?s={search_term_string}"},"query-input":{"@type":"PropertyValueSpecification","valueRequired":true,"valueName":"search_term_string"}}],"inLanguage":"en-GB"}]}},"_links":{"self":[{"href":"https:\/\/vinilozona.lt\/en\/wp-json\/wp\/v2\/product\/13226"}],"collection":[{"href":"https:\/\/vinilozona.lt\/en\/wp-json\/wp\/v2\/product"}],"about":[{"href":"https:\/\/vinilozona.lt\/en\/wp-json\/wp\/v2\/types\/product"}],"wp:featuredmedia":[{"embeddable":true,"href":"https:\/\/vinilozona.lt\/en\/wp-json\/wp\/v2\/media\/13227"}],"wp:attachment":[{"href":"https:\/\/vinilozona.lt\/en\/wp-json\/wp\/v2\/media?parent=13226"}],"wp:term":[{"taxonomy":"product_cat","embeddable":true,"href":"https:\/\/vinilozona.lt\/en\/wp-json\/wp\/v2\/product_cat?post=13226"},{"taxonomy":"product_tag","embeddable":true,"href":"https:\/\/vinilozona.lt\/en\/wp-json\/wp\/v2\/product_tag?post=13226"}],"curies":[{"name":"wp","href":"https:\/\/api.w.org\/{rel}","templated":true}]}}