{"id":13224,"date":"2020-12-14T17:13:41","date_gmt":"2020-12-14T15:13:41","guid":{"rendered":"https:\/\/vinilozona.lt\/?post_type=product&#038;p=13224"},"modified":"2021-11-29T13:27:04","modified_gmt":"2021-11-29T11:27:04","slug":"valstybinis-vilniaus-kvartetas-merunas-vitulskis-%e2%80%8e-vai-grazu-grazu-cd","status":"publish","type":"product","link":"https:\/\/vinilozona.lt\/en\/parduotuve\/cd\/lietuviski-cd\/valstybinis-vilniaus-kvartetas-merunas-vitulskis-%e2%80%8e-vai-grazu-grazu-cd\/","title":{"rendered":"Valstybinis Vilniaus Kvartetas, Mer\u016bnas Vitulskis \u200e\u2013 Vai Gra\u017eu Gra\u017eu CD"},"content":{"rendered":"<p>Stygini\u0173 Kvartetas A-dur, Op. 32, Nr. 6, G. 206 = String Quartet In A Major, Op. 32, No. 6, G. 206 (14:02)<br \/>\n1\t\tI. Allegro\t3:40<br \/>\n2\t\tII. Andantino Lentarello\t2:54<br \/>\n3\t\tIII. Minuetto Con Moto\t4:29<br \/>\n4\t\tIV. Finale: Presto Assai\t2:59<br \/>\n5\t\tPiet\u00e0, Signore 8:07<br \/>\n6\t\tGi\u00e0 Il Sole Dal Gange 2:11<br \/>\n7\t\tAmarili, Mia Bella 3:34<br \/>\n8\t\tSento Nel Core 4:54<br \/>\n9\t\tTre Giorni Son Che Nina 2:52<br \/>\n10\t\tO Bellissimi Capelli 2:38<br \/>\n11\t\tCaro Mio Ben 3:32<\/p>\n<p>Trys Lietuvi\u0173 Liaudies Dainos Stygini\u0173 Kvartetui = Three Lithuanian Folk Songs For String Quartet (6:38)<br \/>\n12\t\tI. Allegretto Scherzando\t1:47<br \/>\n13\t\tII. Andante\t2:59<br \/>\n14\t\tIII. Allegro Rustico\t1:52<br \/>\n15\t\tKarvel\u0117li, M\u0117lynasai 4:22<br \/>\n16\t\tBernu\u017e\u0117li, Nesvoliok 2:24<br \/>\n17\t\tVai Gra\u017eu 3:43<br \/>\n18\t\tAnt Mari\u0173 Krantelio 2:46<br \/>\n19\t\tTreji Gaideliai Giedojo 3:15<br \/>\n20\t\tSaulel\u0117 Raudona 2:19<br \/>\n21\t\tKur Bak\u016b\u017e\u0117 Samanota 4:34<\/p>","protected":false},"excerpt":{"rendered":"<p>Stygini\u0173 Kvartetas A-dur, Op. 32, Nr. 6, G. 206 = String Quartet In A Major, Op. 32, No. 6, G. 206 (14:02) 1 I. Allegro 3:40 2 II. Andantino Lentarello 2:54 3 III. Minuetto Con Moto 4:29 4 IV. Finale: Presto Assai 2:59 5 Piet\u00e0, Signore 8:07 6 Gi\u00e0 Il Sole Dal Gange 2:11 7 [&#8230;]","protected":false},"featured_media":13225,"template":"","meta":[],"product_cat":[24,947,56],"product_tag":[55],"yoast_head":"<!-- This site is optimized with the Yoast SEO plugin v23.5 - https:\/\/yoast.com\/wordpress\/plugins\/seo\/ -->\n<title>Valstybinis Vilniaus Kvartetas, Mer\u016bnas Vitulskis \u200e\u2013 Vai Gra\u017eu Gra\u017eu CD Vinilin\u0117 Plok\u0161tel\u0117 | Vinilozona.lt<\/title>\n<meta name=\"robots\" content=\"index, follow, max-snippet:-1, max-image-preview:large, max-video-preview:-1\" \/>\n<link rel=\"canonical\" href=\"https:\/\/vinilozona.lt\/en\/parduotuve\/cd\/lietuviski-cd\/valstybinis-vilniaus-kvartetas-merunas-vitulskis-\u200e-vai-grazu-grazu-cd\/\" \/>\n<meta property=\"og:locale\" content=\"en_GB\" \/>\n<meta property=\"og:type\" content=\"article\" \/>\n<meta property=\"og:title\" content=\"Valstybinis Vilniaus Kvartetas, Mer\u016bnas Vitulskis \u200e\u2013 Vai Gra\u017eu Gra\u017eu CD Vinilin\u0117 Plok\u0161tel\u0117 | Vinilozona.lt\" \/>\n<meta property=\"og:description\" content=\"Stygini\u0173 Kvartetas A-dur, Op. 32, Nr. 6, G. 206 = String Quartet In A Major, Op. 32, No. 6, G. 206 (14:02) 1 I. Allegro 3:40 2 II. Andantino Lentarello 2:54 3 III. Minuetto Con Moto 4:29 4 IV. Finale: Presto Assai 2:59 5 Piet\u00e0, Signore 8:07 6 Gi\u00e0 Il Sole Dal Gange 2:11 7 [...]\" \/>\n<meta property=\"og:url\" content=\"https:\/\/vinilozona.lt\/en\/parduotuve\/cd\/lietuviski-cd\/valstybinis-vilniaus-kvartetas-merunas-vitulskis-\u200e-vai-grazu-grazu-cd\/\" \/>\n<meta property=\"og:site_name\" content=\"Vinilo Zona\" \/>\n<meta property=\"article:modified_time\" content=\"2021-11-29T11:27:04+00:00\" \/>\n<meta property=\"og:image\" content=\"https:\/\/vinilozona.lt\/wp-content\/uploads\/2020\/12\/R-7972063-1452763858-1315.jpeg.jpg\" \/>\n\t<meta property=\"og:image:width\" content=\"300\" \/>\n\t<meta property=\"og:image:height\" content=\"300\" \/>\n\t<meta property=\"og:image:type\" content=\"image\/jpeg\" \/>\n<meta name=\"twitter:card\" content=\"summary_large_image\" \/>\n<script type=\"application\/ld+json\" class=\"yoast-schema-graph\">{\"@context\":\"https:\/\/schema.org\",\"@graph\":[{\"@type\":\"WebPage\",\"@id\":\"https:\/\/vinilozona.lt\/en\/parduotuve\/cd\/lietuviski-cd\/valstybinis-vilniaus-kvartetas-merunas-vitulskis-%e2%80%8e-vai-grazu-grazu-cd\/\",\"url\":\"https:\/\/vinilozona.lt\/en\/parduotuve\/cd\/lietuviski-cd\/valstybinis-vilniaus-kvartetas-merunas-vitulskis-%e2%80%8e-vai-grazu-grazu-cd\/\",\"name\":\"Valstybinis Vilniaus Kvartetas, Mer\u016bnas Vitulskis \u200e\u2013 Vai Gra\u017eu Gra\u017eu CD Vinilin\u0117 Plok\u0161tel\u0117 | Vinilozona.lt\",\"isPartOf\":{\"@id\":\"https:\/\/vinilozona.lt\/#website\"},\"primaryImageOfPage\":{\"@id\":\"https:\/\/vinilozona.lt\/en\/parduotuve\/cd\/lietuviski-cd\/valstybinis-vilniaus-kvartetas-merunas-vitulskis-%e2%80%8e-vai-grazu-grazu-cd\/#primaryimage\"},\"image\":{\"@id\":\"https:\/\/vinilozona.lt\/en\/parduotuve\/cd\/lietuviski-cd\/valstybinis-vilniaus-kvartetas-merunas-vitulskis-%e2%80%8e-vai-grazu-grazu-cd\/#primaryimage\"},\"thumbnailUrl\":\"https:\/\/vinilozona.lt\/wp-content\/uploads\/2020\/12\/R-7972063-1452763858-1315.jpeg.jpg\",\"datePublished\":\"2020-12-14T15:13:41+00:00\",\"dateModified\":\"2021-11-29T11:27:04+00:00\",\"breadcrumb\":{\"@id\":\"https:\/\/vinilozona.lt\/en\/parduotuve\/cd\/lietuviski-cd\/valstybinis-vilniaus-kvartetas-merunas-vitulskis-%e2%80%8e-vai-grazu-grazu-cd\/#breadcrumb\"},\"inLanguage\":\"en-GB\",\"potentialAction\":[{\"@type\":\"ReadAction\",\"target\":[\"https:\/\/vinilozona.lt\/en\/parduotuve\/cd\/lietuviski-cd\/valstybinis-vilniaus-kvartetas-merunas-vitulskis-%e2%80%8e-vai-grazu-grazu-cd\/\"]}]},{\"@type\":\"ImageObject\",\"inLanguage\":\"en-GB\",\"@id\":\"https:\/\/vinilozona.lt\/en\/parduotuve\/cd\/lietuviski-cd\/valstybinis-vilniaus-kvartetas-merunas-vitulskis-%e2%80%8e-vai-grazu-grazu-cd\/#primaryimage\",\"url\":\"https:\/\/vinilozona.lt\/wp-content\/uploads\/2020\/12\/R-7972063-1452763858-1315.jpeg.jpg\",\"contentUrl\":\"https:\/\/vinilozona.lt\/wp-content\/uploads\/2020\/12\/R-7972063-1452763858-1315.jpeg.jpg\",\"width\":300,\"height\":300},{\"@type\":\"BreadcrumbList\",\"@id\":\"https:\/\/vinilozona.lt\/en\/parduotuve\/cd\/lietuviski-cd\/valstybinis-vilniaus-kvartetas-merunas-vitulskis-%e2%80%8e-vai-grazu-grazu-cd\/#breadcrumb\",\"itemListElement\":[{\"@type\":\"ListItem\",\"position\":1,\"name\":\"Home\",\"item\":\"https:\/\/vinilozona.lt\/\"},{\"@type\":\"ListItem\",\"position\":2,\"name\":\"Parduotuv\u0117\",\"item\":\"https:\/\/vinilozona.lt\/parduotuve\/\"},{\"@type\":\"ListItem\",\"position\":3,\"name\":\"Valstybinis Vilniaus Kvartetas, Mer\u016bnas Vitulskis \u200e\u2013 Vai Gra\u017eu Gra\u017eu CD\"}]},{\"@type\":\"WebSite\",\"@id\":\"https:\/\/vinilozona.lt\/#website\",\"url\":\"https:\/\/vinilozona.lt\/\",\"name\":\"Vinilo Zona\",\"description\":\"Nup\u016bsk dulkes ir klausyk LP\",\"potentialAction\":[{\"@type\":\"SearchAction\",\"target\":{\"@type\":\"EntryPoint\",\"urlTemplate\":\"https:\/\/vinilozona.lt\/?s={search_term_string}\"},\"query-input\":{\"@type\":\"PropertyValueSpecification\",\"valueRequired\":true,\"valueName\":\"search_term_string\"}}],\"inLanguage\":\"en-GB\"}]}<\/script>\n<!-- \/ Yoast SEO plugin. -->","yoast_head_json":{"title":"Valstybinis Vilniaus Kvartetas, Mer\u016bnas Vitulskis \u200e\u2013 Vai Gra\u017eu Gra\u017eu CD Vinilin\u0117 Plok\u0161tel\u0117 | Vinilozona.lt","robots":{"index":"index","follow":"follow","max-snippet":"max-snippet:-1","max-image-preview":"max-image-preview:large","max-video-preview":"max-video-preview:-1"},"canonical":"https:\/\/vinilozona.lt\/en\/parduotuve\/cd\/lietuviski-cd\/valstybinis-vilniaus-kvartetas-merunas-vitulskis-\u200e-vai-grazu-grazu-cd\/","og_locale":"en_GB","og_type":"article","og_title":"Valstybinis Vilniaus Kvartetas, Mer\u016bnas Vitulskis \u200e\u2013 Vai Gra\u017eu Gra\u017eu CD Vinilin\u0117 Plok\u0161tel\u0117 | Vinilozona.lt","og_description":"Stygini\u0173 Kvartetas A-dur, Op. 32, Nr. 6, G. 206 = String Quartet In A Major, Op. 32, No. 6, G. 206 (14:02) 1 I. Allegro 3:40 2 II. Andantino Lentarello 2:54 3 III. Minuetto Con Moto 4:29 4 IV. Finale: Presto Assai 2:59 5 Piet\u00e0, Signore 8:07 6 Gi\u00e0 Il Sole Dal Gange 2:11 7 [...]","og_url":"https:\/\/vinilozona.lt\/en\/parduotuve\/cd\/lietuviski-cd\/valstybinis-vilniaus-kvartetas-merunas-vitulskis-\u200e-vai-grazu-grazu-cd\/","og_site_name":"Vinilo Zona","article_modified_time":"2021-11-29T11:27:04+00:00","og_image":[{"width":300,"height":300,"url":"https:\/\/vinilozona.lt\/wp-content\/uploads\/2020\/12\/R-7972063-1452763858-1315.jpeg.jpg","type":"image\/jpeg"}],"twitter_card":"summary_large_image","schema":{"@context":"https:\/\/schema.org","@graph":[{"@type":"WebPage","@id":"https:\/\/vinilozona.lt\/en\/parduotuve\/cd\/lietuviski-cd\/valstybinis-vilniaus-kvartetas-merunas-vitulskis-%e2%80%8e-vai-grazu-grazu-cd\/","url":"https:\/\/vinilozona.lt\/en\/parduotuve\/cd\/lietuviski-cd\/valstybinis-vilniaus-kvartetas-merunas-vitulskis-%e2%80%8e-vai-grazu-grazu-cd\/","name":"Valstybinis Vilniaus Kvartetas, Mer\u016bnas Vitulskis \u200e\u2013 Vai Gra\u017eu Gra\u017eu CD Vinilin\u0117 Plok\u0161tel\u0117 | Vinilozona.lt","isPartOf":{"@id":"https:\/\/vinilozona.lt\/#website"},"primaryImageOfPage":{"@id":"https:\/\/vinilozona.lt\/en\/parduotuve\/cd\/lietuviski-cd\/valstybinis-vilniaus-kvartetas-merunas-vitulskis-%e2%80%8e-vai-grazu-grazu-cd\/#primaryimage"},"image":{"@id":"https:\/\/vinilozona.lt\/en\/parduotuve\/cd\/lietuviski-cd\/valstybinis-vilniaus-kvartetas-merunas-vitulskis-%e2%80%8e-vai-grazu-grazu-cd\/#primaryimage"},"thumbnailUrl":"https:\/\/vinilozona.lt\/wp-content\/uploads\/2020\/12\/R-7972063-1452763858-1315.jpeg.jpg","datePublished":"2020-12-14T15:13:41+00:00","dateModified":"2021-11-29T11:27:04+00:00","breadcrumb":{"@id":"https:\/\/vinilozona.lt\/en\/parduotuve\/cd\/lietuviski-cd\/valstybinis-vilniaus-kvartetas-merunas-vitulskis-%e2%80%8e-vai-grazu-grazu-cd\/#breadcrumb"},"inLanguage":"en-GB","potentialAction":[{"@type":"ReadAction","target":["https:\/\/vinilozona.lt\/en\/parduotuve\/cd\/lietuviski-cd\/valstybinis-vilniaus-kvartetas-merunas-vitulskis-%e2%80%8e-vai-grazu-grazu-cd\/"]}]},{"@type":"ImageObject","inLanguage":"en-GB","@id":"https:\/\/vinilozona.lt\/en\/parduotuve\/cd\/lietuviski-cd\/valstybinis-vilniaus-kvartetas-merunas-vitulskis-%e2%80%8e-vai-grazu-grazu-cd\/#primaryimage","url":"https:\/\/vinilozona.lt\/wp-content\/uploads\/2020\/12\/R-7972063-1452763858-1315.jpeg.jpg","contentUrl":"https:\/\/vinilozona.lt\/wp-content\/uploads\/2020\/12\/R-7972063-1452763858-1315.jpeg.jpg","width":300,"height":300},{"@type":"BreadcrumbList","@id":"https:\/\/vinilozona.lt\/en\/parduotuve\/cd\/lietuviski-cd\/valstybinis-vilniaus-kvartetas-merunas-vitulskis-%e2%80%8e-vai-grazu-grazu-cd\/#breadcrumb","itemListElement":[{"@type":"ListItem","position":1,"name":"Home","item":"https:\/\/vinilozona.lt\/"},{"@type":"ListItem","position":2,"name":"Parduotuv\u0117","item":"https:\/\/vinilozona.lt\/parduotuve\/"},{"@type":"ListItem","position":3,"name":"Valstybinis Vilniaus Kvartetas, Mer\u016bnas Vitulskis \u200e\u2013 Vai Gra\u017eu Gra\u017eu CD"}]},{"@type":"WebSite","@id":"https:\/\/vinilozona.lt\/#website","url":"https:\/\/vinilozona.lt\/","name":"Vinilo Zona","description":"Nup\u016bsk dulkes ir klausyk LP","potentialAction":[{"@type":"SearchAction","target":{"@type":"EntryPoint","urlTemplate":"https:\/\/vinilozona.lt\/?s={search_term_string}"},"query-input":{"@type":"PropertyValueSpecification","valueRequired":true,"valueName":"search_term_string"}}],"inLanguage":"en-GB"}]}},"_links":{"self":[{"href":"https:\/\/vinilozona.lt\/en\/wp-json\/wp\/v2\/product\/13224"}],"collection":[{"href":"https:\/\/vinilozona.lt\/en\/wp-json\/wp\/v2\/product"}],"about":[{"href":"https:\/\/vinilozona.lt\/en\/wp-json\/wp\/v2\/types\/product"}],"wp:featuredmedia":[{"embeddable":true,"href":"https:\/\/vinilozona.lt\/en\/wp-json\/wp\/v2\/media\/13225"}],"wp:attachment":[{"href":"https:\/\/vinilozona.lt\/en\/wp-json\/wp\/v2\/media?parent=13224"}],"wp:term":[{"taxonomy":"product_cat","embeddable":true,"href":"https:\/\/vinilozona.lt\/en\/wp-json\/wp\/v2\/product_cat?post=13224"},{"taxonomy":"product_tag","embeddable":true,"href":"https:\/\/vinilozona.lt\/en\/wp-json\/wp\/v2\/product_tag?post=13224"}],"curies":[{"name":"wp","href":"https:\/\/api.w.org\/{rel}","templated":true}]}}