{"id":13220,"date":"2024-05-15T05:00:55","date_gmt":"2024-05-15T02:00:55","guid":{"rendered":"https:\/\/vinilozona.lt\/?post_type=product&#038;p=13220"},"modified":"2025-03-21T20:13:03","modified_gmt":"2025-03-21T18:13:03","slug":"vytautas-kernagis-%e2%80%8e-pirmieji","status":"publish","type":"product","link":"https:\/\/vinilozona.lt\/en\/parduotuve\/cd\/lietuviski-cd\/vytautas-kernagis-%e2%80%8e-pirmieji\/","title":{"rendered":"Vytautas Kernagis \u200e\u2013 Pirmieji CD"},"content":{"rendered":"<p>1\t\tKelio Daina 1:15<br \/>\n2\t\tMano Pievoje 2:33<br \/>\n3\t\tKeistumas 2:17<br \/>\n4\t\tKai Pasibaigs Lietus 2:39<br \/>\n5\t\tTu Neklausk: &#8222;Kas Atsitiko!&#8221; 2:16<br \/>\n6\t\tTai A\u0161 1:23<br \/>\n7\t\tM\u0117lynoji Pauk\u0161t\u0117 2:14<br \/>\n8\t\tI\u0161einu 2:10<br \/>\n9\t\tJuk Sakiau 1:56<br \/>\n10\t\tNemu\u0161k \u017dal\u010dio 1:50<br \/>\n11\t\tNiekas, Niekados 2:16<br \/>\n12\t\tBroliai Ir Saulel\u0117s 1:14<br \/>\n13\t\tVievers\u0117liai 1:18<br \/>\n14\t\t\u0160iam Pasauly Visko B\u016bna 1:47<br \/>\n15\t\tPasiklyd\u0119 Mil\u017einai 2:47<br \/>\n16\t\tNuo Mano Lango 2:14<br \/>\n17\t\tPurpurinis Vakaras 2:21<br \/>\n18\t\tPab\u0117g\u0119 \u017dirgai 1:22<br \/>\n19\t\tPupa 0:41<br \/>\n20\t\tPasijuokim 1:22<br \/>\n21\t\tIr Dangun Nu\u0117jo \u017dem\u0117 2:19<br \/>\n22\t\t\u0116jau A\u0161 Per Lauk\u0105 2:15<br \/>\n23\t\tPauk\u0161\u010dio Sapnas 2:23<\/p>","protected":false},"excerpt":{"rendered":"<p>Vytauto Kernagio Fondas \u2013 none<br \/>\nFormat:<br \/>\nCD, Album<br \/>\nCountry:\tLithuania<br \/>\nReleased:\tDec 2010<\/p>","protected":false},"featured_media":13221,"template":"","meta":[],"product_cat":[24,947,56],"product_tag":[772],"yoast_head":"<!-- This site is optimized with the Yoast SEO plugin v23.5 - https:\/\/yoast.com\/wordpress\/plugins\/seo\/ -->\n<title>Vytautas Kernagis \u200e\u2013 Pirmieji CD Vinilin\u0117 Plok\u0161tel\u0117 | Vinilozona.lt<\/title>\n<meta name=\"robots\" content=\"index, follow, max-snippet:-1, max-image-preview:large, max-video-preview:-1\" \/>\n<link rel=\"canonical\" href=\"https:\/\/vinilozona.lt\/en\/parduotuve\/cd\/lietuviski-cd\/vytautas-kernagis-\u200e-pirmieji\/\" \/>\n<meta property=\"og:locale\" content=\"en_GB\" \/>\n<meta property=\"og:type\" content=\"article\" \/>\n<meta property=\"og:title\" content=\"Vytautas Kernagis \u200e\u2013 Pirmieji CD Vinilin\u0117 Plok\u0161tel\u0117 | Vinilozona.lt\" \/>\n<meta property=\"og:description\" content=\"Vytauto Kernagio Fondas \u2013 none Format:  CD, Album Country: Lithuania Released: Dec 2010\" \/>\n<meta property=\"og:url\" content=\"https:\/\/vinilozona.lt\/en\/parduotuve\/cd\/lietuviski-cd\/vytautas-kernagis-\u200e-pirmieji\/\" \/>\n<meta property=\"og:site_name\" content=\"Vinilo Zona\" \/>\n<meta property=\"article:modified_time\" content=\"2025-03-21T18:13:03+00:00\" \/>\n<meta property=\"og:image\" content=\"https:\/\/vinilozona.lt\/wp-content\/uploads\/2020\/12\/R-2918429-1307271991.jpeg.jpg\" \/>\n\t<meta property=\"og:image:width\" content=\"300\" \/>\n\t<meta property=\"og:image:height\" content=\"271\" \/>\n\t<meta property=\"og:image:type\" content=\"image\/jpeg\" \/>\n<meta name=\"twitter:card\" content=\"summary_large_image\" \/>\n<script type=\"application\/ld+json\" class=\"yoast-schema-graph\">{\"@context\":\"https:\/\/schema.org\",\"@graph\":[{\"@type\":\"WebPage\",\"@id\":\"https:\/\/vinilozona.lt\/parduotuve\/cd\/lietuviski-cd\/vytautas-kernagis-%e2%80%8e-pirmieji\/\",\"url\":\"https:\/\/vinilozona.lt\/parduotuve\/cd\/lietuviski-cd\/vytautas-kernagis-%e2%80%8e-pirmieji\/\",\"name\":\"Vytautas Kernagis \u200e\u2013 Pirmieji CD Vinilin\u0117 Plok\u0161tel\u0117 | Vinilozona.lt\",\"isPartOf\":{\"@id\":\"https:\/\/vinilozona.lt\/#website\"},\"primaryImageOfPage\":{\"@id\":\"https:\/\/vinilozona.lt\/parduotuve\/cd\/lietuviski-cd\/vytautas-kernagis-%e2%80%8e-pirmieji\/#primaryimage\"},\"image\":{\"@id\":\"https:\/\/vinilozona.lt\/parduotuve\/cd\/lietuviski-cd\/vytautas-kernagis-%e2%80%8e-pirmieji\/#primaryimage\"},\"thumbnailUrl\":\"https:\/\/vinilozona.lt\/wp-content\/uploads\/2020\/12\/R-2918429-1307271991.jpeg.jpg\",\"datePublished\":\"2024-05-15T02:00:55+00:00\",\"dateModified\":\"2025-03-21T18:13:03+00:00\",\"breadcrumb\":{\"@id\":\"https:\/\/vinilozona.lt\/parduotuve\/cd\/lietuviski-cd\/vytautas-kernagis-%e2%80%8e-pirmieji\/#breadcrumb\"},\"inLanguage\":\"en-GB\",\"potentialAction\":[{\"@type\":\"ReadAction\",\"target\":[\"https:\/\/vinilozona.lt\/parduotuve\/cd\/lietuviski-cd\/vytautas-kernagis-%e2%80%8e-pirmieji\/\"]}]},{\"@type\":\"ImageObject\",\"inLanguage\":\"en-GB\",\"@id\":\"https:\/\/vinilozona.lt\/parduotuve\/cd\/lietuviski-cd\/vytautas-kernagis-%e2%80%8e-pirmieji\/#primaryimage\",\"url\":\"https:\/\/vinilozona.lt\/wp-content\/uploads\/2020\/12\/R-2918429-1307271991.jpeg.jpg\",\"contentUrl\":\"https:\/\/vinilozona.lt\/wp-content\/uploads\/2020\/12\/R-2918429-1307271991.jpeg.jpg\",\"width\":300,\"height\":271},{\"@type\":\"BreadcrumbList\",\"@id\":\"https:\/\/vinilozona.lt\/parduotuve\/cd\/lietuviski-cd\/vytautas-kernagis-%e2%80%8e-pirmieji\/#breadcrumb\",\"itemListElement\":[{\"@type\":\"ListItem\",\"position\":1,\"name\":\"Home\",\"item\":\"https:\/\/vinilozona.lt\/\"},{\"@type\":\"ListItem\",\"position\":2,\"name\":\"Parduotuv\u0117\",\"item\":\"https:\/\/vinilozona.lt\/parduotuve\/\"},{\"@type\":\"ListItem\",\"position\":3,\"name\":\"Vytautas Kernagis \u200e\u2013 Pirmieji CD\"}]},{\"@type\":\"WebSite\",\"@id\":\"https:\/\/vinilozona.lt\/#website\",\"url\":\"https:\/\/vinilozona.lt\/\",\"name\":\"Vinilo Zona\",\"description\":\"Nup\u016bsk dulkes ir klausyk LP\",\"potentialAction\":[{\"@type\":\"SearchAction\",\"target\":{\"@type\":\"EntryPoint\",\"urlTemplate\":\"https:\/\/vinilozona.lt\/?s={search_term_string}\"},\"query-input\":{\"@type\":\"PropertyValueSpecification\",\"valueRequired\":true,\"valueName\":\"search_term_string\"}}],\"inLanguage\":\"en-GB\"}]}<\/script>\n<!-- \/ Yoast SEO plugin. -->","yoast_head_json":{"title":"Vytautas Kernagis \u200e\u2013 Pirmieji CD Vinilin\u0117 Plok\u0161tel\u0117 | Vinilozona.lt","robots":{"index":"index","follow":"follow","max-snippet":"max-snippet:-1","max-image-preview":"max-image-preview:large","max-video-preview":"max-video-preview:-1"},"canonical":"https:\/\/vinilozona.lt\/en\/parduotuve\/cd\/lietuviski-cd\/vytautas-kernagis-\u200e-pirmieji\/","og_locale":"en_GB","og_type":"article","og_title":"Vytautas Kernagis \u200e\u2013 Pirmieji CD Vinilin\u0117 Plok\u0161tel\u0117 | Vinilozona.lt","og_description":"Vytauto Kernagio Fondas \u2013 none Format:  CD, Album Country: Lithuania Released: Dec 2010","og_url":"https:\/\/vinilozona.lt\/en\/parduotuve\/cd\/lietuviski-cd\/vytautas-kernagis-\u200e-pirmieji\/","og_site_name":"Vinilo Zona","article_modified_time":"2025-03-21T18:13:03+00:00","og_image":[{"width":300,"height":271,"url":"https:\/\/vinilozona.lt\/wp-content\/uploads\/2020\/12\/R-2918429-1307271991.jpeg.jpg","type":"image\/jpeg"}],"twitter_card":"summary_large_image","schema":{"@context":"https:\/\/schema.org","@graph":[{"@type":"WebPage","@id":"https:\/\/vinilozona.lt\/parduotuve\/cd\/lietuviski-cd\/vytautas-kernagis-%e2%80%8e-pirmieji\/","url":"https:\/\/vinilozona.lt\/parduotuve\/cd\/lietuviski-cd\/vytautas-kernagis-%e2%80%8e-pirmieji\/","name":"Vytautas Kernagis \u200e\u2013 Pirmieji CD Vinilin\u0117 Plok\u0161tel\u0117 | Vinilozona.lt","isPartOf":{"@id":"https:\/\/vinilozona.lt\/#website"},"primaryImageOfPage":{"@id":"https:\/\/vinilozona.lt\/parduotuve\/cd\/lietuviski-cd\/vytautas-kernagis-%e2%80%8e-pirmieji\/#primaryimage"},"image":{"@id":"https:\/\/vinilozona.lt\/parduotuve\/cd\/lietuviski-cd\/vytautas-kernagis-%e2%80%8e-pirmieji\/#primaryimage"},"thumbnailUrl":"https:\/\/vinilozona.lt\/wp-content\/uploads\/2020\/12\/R-2918429-1307271991.jpeg.jpg","datePublished":"2024-05-15T02:00:55+00:00","dateModified":"2025-03-21T18:13:03+00:00","breadcrumb":{"@id":"https:\/\/vinilozona.lt\/parduotuve\/cd\/lietuviski-cd\/vytautas-kernagis-%e2%80%8e-pirmieji\/#breadcrumb"},"inLanguage":"en-GB","potentialAction":[{"@type":"ReadAction","target":["https:\/\/vinilozona.lt\/parduotuve\/cd\/lietuviski-cd\/vytautas-kernagis-%e2%80%8e-pirmieji\/"]}]},{"@type":"ImageObject","inLanguage":"en-GB","@id":"https:\/\/vinilozona.lt\/parduotuve\/cd\/lietuviski-cd\/vytautas-kernagis-%e2%80%8e-pirmieji\/#primaryimage","url":"https:\/\/vinilozona.lt\/wp-content\/uploads\/2020\/12\/R-2918429-1307271991.jpeg.jpg","contentUrl":"https:\/\/vinilozona.lt\/wp-content\/uploads\/2020\/12\/R-2918429-1307271991.jpeg.jpg","width":300,"height":271},{"@type":"BreadcrumbList","@id":"https:\/\/vinilozona.lt\/parduotuve\/cd\/lietuviski-cd\/vytautas-kernagis-%e2%80%8e-pirmieji\/#breadcrumb","itemListElement":[{"@type":"ListItem","position":1,"name":"Home","item":"https:\/\/vinilozona.lt\/"},{"@type":"ListItem","position":2,"name":"Parduotuv\u0117","item":"https:\/\/vinilozona.lt\/parduotuve\/"},{"@type":"ListItem","position":3,"name":"Vytautas Kernagis \u200e\u2013 Pirmieji CD"}]},{"@type":"WebSite","@id":"https:\/\/vinilozona.lt\/#website","url":"https:\/\/vinilozona.lt\/","name":"Vinilo Zona","description":"Nup\u016bsk dulkes ir klausyk LP","potentialAction":[{"@type":"SearchAction","target":{"@type":"EntryPoint","urlTemplate":"https:\/\/vinilozona.lt\/?s={search_term_string}"},"query-input":{"@type":"PropertyValueSpecification","valueRequired":true,"valueName":"search_term_string"}}],"inLanguage":"en-GB"}]}},"_links":{"self":[{"href":"https:\/\/vinilozona.lt\/en\/wp-json\/wp\/v2\/product\/13220"}],"collection":[{"href":"https:\/\/vinilozona.lt\/en\/wp-json\/wp\/v2\/product"}],"about":[{"href":"https:\/\/vinilozona.lt\/en\/wp-json\/wp\/v2\/types\/product"}],"wp:featuredmedia":[{"embeddable":true,"href":"https:\/\/vinilozona.lt\/en\/wp-json\/wp\/v2\/media\/13221"}],"wp:attachment":[{"href":"https:\/\/vinilozona.lt\/en\/wp-json\/wp\/v2\/media?parent=13220"}],"wp:term":[{"taxonomy":"product_cat","embeddable":true,"href":"https:\/\/vinilozona.lt\/en\/wp-json\/wp\/v2\/product_cat?post=13220"},{"taxonomy":"product_tag","embeddable":true,"href":"https:\/\/vinilozona.lt\/en\/wp-json\/wp\/v2\/product_tag?post=13220"}],"curies":[{"name":"wp","href":"https:\/\/api.w.org\/{rel}","templated":true}]}}