{"id":13216,"date":"2024-05-15T05:01:44","date_gmt":"2024-05-15T02:01:44","guid":{"rendered":"https:\/\/vinilozona.lt\/?post_type=product&#038;p=13216"},"modified":"2026-04-02T18:29:56","modified_gmt":"2026-04-02T15:29:56","slug":"marijus-snaras-vytauto-kernagio-dainos-teatras-%e2%80%8e-apie-medziokle","status":"publish","type":"product","link":"https:\/\/vinilozona.lt\/en\/parduotuve\/cd\/lietuviski-cd\/marijus-snaras-vytauto-kernagio-dainos-teatras-%e2%80%8e-apie-medziokle\/","title":{"rendered":"Marijus \u0160naras &#8211; Vytautas Kernagis\/Dainos Teatras \u200e\u2013 Apie Med\u017eiokl\u0119 CD"},"content":{"rendered":"<p>\u012e\u017eanga<br \/>\nApie Med\u017eiokl\u0119<br \/>\nPami\u0161k\u0117<br \/>\n\u0160ernas<br \/>\nProskyna<br \/>\nStirna<br \/>\nNuojauta<br \/>\nKi\u0161kis<br \/>\nVilkas<br \/>\nLap\u0117<br \/>\nBriedis<br \/>\n\u0160uns Teismas<br \/>\n\u0160\u016bvis<br \/>\nVakaro Valanda<\/p>","protected":false},"excerpt":{"rendered":"<p>Vytauto Kernagio Fondas \u2013 none<br \/>\nFormat:<br \/>\nCD, Album, Reissue, Stereo<br \/>\nCountry:\tLithuania<br \/>\nReleased:\t2015<\/p>","protected":false},"featured_media":13217,"template":"","meta":[],"product_cat":[24,947,56],"product_tag":[772],"yoast_head":"<!-- This site is optimized with the Yoast SEO plugin v23.5 - https:\/\/yoast.com\/wordpress\/plugins\/seo\/ -->\n<title>Marijus \u0160naras - Vytautas Kernagis\/Dainos Teatras \u200e\u2013 Apie Med\u017eiokl\u0119 CD Vinilin\u0117 Plok\u0161tel\u0117 | Vinilozona.lt<\/title>\n<meta name=\"robots\" content=\"index, follow, max-snippet:-1, max-image-preview:large, max-video-preview:-1\" \/>\n<link rel=\"canonical\" href=\"https:\/\/vinilozona.lt\/en\/parduotuve\/cd\/lietuviski-cd\/marijus-snaras-vytauto-kernagio-dainos-teatras-\u200e-apie-medziokle\/\" \/>\n<meta property=\"og:locale\" content=\"en_GB\" \/>\n<meta property=\"og:type\" content=\"article\" \/>\n<meta property=\"og:title\" content=\"Marijus \u0160naras - Vytautas Kernagis\/Dainos Teatras \u200e\u2013 Apie Med\u017eiokl\u0119 CD Vinilin\u0117 Plok\u0161tel\u0117 | Vinilozona.lt\" \/>\n<meta property=\"og:description\" content=\"Vytauto Kernagio Fondas \u2013 none Format:  CD, Album, Reissue, Stereo Country: Lithuania Released: 2015\" \/>\n<meta property=\"og:url\" content=\"https:\/\/vinilozona.lt\/en\/parduotuve\/cd\/lietuviski-cd\/marijus-snaras-vytauto-kernagio-dainos-teatras-\u200e-apie-medziokle\/\" \/>\n<meta property=\"og:site_name\" content=\"Vinilo Zona\" \/>\n<meta property=\"article:modified_time\" content=\"2026-04-02T15:29:56+00:00\" \/>\n<meta property=\"og:image\" content=\"https:\/\/vinilozona.lt\/wp-content\/uploads\/2020\/12\/R-2521222-1377360043-3807.jpeg.jpg\" \/>\n\t<meta property=\"og:image:width\" content=\"300\" \/>\n\t<meta property=\"og:image:height\" content=\"300\" \/>\n\t<meta property=\"og:image:type\" content=\"image\/jpeg\" \/>\n<meta name=\"twitter:card\" content=\"summary_large_image\" \/>\n<script type=\"application\/ld+json\" class=\"yoast-schema-graph\">{\"@context\":\"https:\/\/schema.org\",\"@graph\":[{\"@type\":\"WebPage\",\"@id\":\"https:\/\/vinilozona.lt\/parduotuve\/cd\/lietuviski-cd\/marijus-snaras-vytauto-kernagio-dainos-teatras-%e2%80%8e-apie-medziokle\/\",\"url\":\"https:\/\/vinilozona.lt\/parduotuve\/cd\/lietuviski-cd\/marijus-snaras-vytauto-kernagio-dainos-teatras-%e2%80%8e-apie-medziokle\/\",\"name\":\"Marijus \u0160naras - Vytautas Kernagis\/Dainos Teatras \u200e\u2013 Apie Med\u017eiokl\u0119 CD Vinilin\u0117 Plok\u0161tel\u0117 | Vinilozona.lt\",\"isPartOf\":{\"@id\":\"https:\/\/vinilozona.lt\/#website\"},\"primaryImageOfPage\":{\"@id\":\"https:\/\/vinilozona.lt\/parduotuve\/cd\/lietuviski-cd\/marijus-snaras-vytauto-kernagio-dainos-teatras-%e2%80%8e-apie-medziokle\/#primaryimage\"},\"image\":{\"@id\":\"https:\/\/vinilozona.lt\/parduotuve\/cd\/lietuviski-cd\/marijus-snaras-vytauto-kernagio-dainos-teatras-%e2%80%8e-apie-medziokle\/#primaryimage\"},\"thumbnailUrl\":\"https:\/\/vinilozona.lt\/wp-content\/uploads\/2020\/12\/R-2521222-1377360043-3807.jpeg.jpg\",\"datePublished\":\"2024-05-15T02:01:44+00:00\",\"dateModified\":\"2026-04-02T15:29:56+00:00\",\"breadcrumb\":{\"@id\":\"https:\/\/vinilozona.lt\/parduotuve\/cd\/lietuviski-cd\/marijus-snaras-vytauto-kernagio-dainos-teatras-%e2%80%8e-apie-medziokle\/#breadcrumb\"},\"inLanguage\":\"en-GB\",\"potentialAction\":[{\"@type\":\"ReadAction\",\"target\":[\"https:\/\/vinilozona.lt\/parduotuve\/cd\/lietuviski-cd\/marijus-snaras-vytauto-kernagio-dainos-teatras-%e2%80%8e-apie-medziokle\/\"]}]},{\"@type\":\"ImageObject\",\"inLanguage\":\"en-GB\",\"@id\":\"https:\/\/vinilozona.lt\/parduotuve\/cd\/lietuviski-cd\/marijus-snaras-vytauto-kernagio-dainos-teatras-%e2%80%8e-apie-medziokle\/#primaryimage\",\"url\":\"https:\/\/vinilozona.lt\/wp-content\/uploads\/2020\/12\/R-2521222-1377360043-3807.jpeg.jpg\",\"contentUrl\":\"https:\/\/vinilozona.lt\/wp-content\/uploads\/2020\/12\/R-2521222-1377360043-3807.jpeg.jpg\",\"width\":300,\"height\":300},{\"@type\":\"BreadcrumbList\",\"@id\":\"https:\/\/vinilozona.lt\/parduotuve\/cd\/lietuviski-cd\/marijus-snaras-vytauto-kernagio-dainos-teatras-%e2%80%8e-apie-medziokle\/#breadcrumb\",\"itemListElement\":[{\"@type\":\"ListItem\",\"position\":1,\"name\":\"Home\",\"item\":\"https:\/\/vinilozona.lt\/\"},{\"@type\":\"ListItem\",\"position\":2,\"name\":\"Parduotuv\u0117\",\"item\":\"https:\/\/vinilozona.lt\/parduotuve\/\"},{\"@type\":\"ListItem\",\"position\":3,\"name\":\"Marijus \u0160naras &#8211; Vytautas Kernagis\/Dainos Teatras \u200e\u2013 Apie Med\u017eiokl\u0119 CD\"}]},{\"@type\":\"WebSite\",\"@id\":\"https:\/\/vinilozona.lt\/#website\",\"url\":\"https:\/\/vinilozona.lt\/\",\"name\":\"Vinilo Zona\",\"description\":\"Nup\u016bsk dulkes ir klausyk LP\",\"potentialAction\":[{\"@type\":\"SearchAction\",\"target\":{\"@type\":\"EntryPoint\",\"urlTemplate\":\"https:\/\/vinilozona.lt\/?s={search_term_string}\"},\"query-input\":{\"@type\":\"PropertyValueSpecification\",\"valueRequired\":true,\"valueName\":\"search_term_string\"}}],\"inLanguage\":\"en-GB\"}]}<\/script>\n<!-- \/ Yoast SEO plugin. -->","yoast_head_json":{"title":"Marijus \u0160naras - Vytautas Kernagis\/Dainos Teatras \u200e\u2013 Apie Med\u017eiokl\u0119 CD Vinilin\u0117 Plok\u0161tel\u0117 | Vinilozona.lt","robots":{"index":"index","follow":"follow","max-snippet":"max-snippet:-1","max-image-preview":"max-image-preview:large","max-video-preview":"max-video-preview:-1"},"canonical":"https:\/\/vinilozona.lt\/en\/parduotuve\/cd\/lietuviski-cd\/marijus-snaras-vytauto-kernagio-dainos-teatras-\u200e-apie-medziokle\/","og_locale":"en_GB","og_type":"article","og_title":"Marijus \u0160naras - Vytautas Kernagis\/Dainos Teatras \u200e\u2013 Apie Med\u017eiokl\u0119 CD Vinilin\u0117 Plok\u0161tel\u0117 | Vinilozona.lt","og_description":"Vytauto Kernagio Fondas \u2013 none Format:  CD, Album, Reissue, Stereo Country: Lithuania Released: 2015","og_url":"https:\/\/vinilozona.lt\/en\/parduotuve\/cd\/lietuviski-cd\/marijus-snaras-vytauto-kernagio-dainos-teatras-\u200e-apie-medziokle\/","og_site_name":"Vinilo Zona","article_modified_time":"2026-04-02T15:29:56+00:00","og_image":[{"width":300,"height":300,"url":"https:\/\/vinilozona.lt\/wp-content\/uploads\/2020\/12\/R-2521222-1377360043-3807.jpeg.jpg","type":"image\/jpeg"}],"twitter_card":"summary_large_image","schema":{"@context":"https:\/\/schema.org","@graph":[{"@type":"WebPage","@id":"https:\/\/vinilozona.lt\/parduotuve\/cd\/lietuviski-cd\/marijus-snaras-vytauto-kernagio-dainos-teatras-%e2%80%8e-apie-medziokle\/","url":"https:\/\/vinilozona.lt\/parduotuve\/cd\/lietuviski-cd\/marijus-snaras-vytauto-kernagio-dainos-teatras-%e2%80%8e-apie-medziokle\/","name":"Marijus \u0160naras - Vytautas Kernagis\/Dainos Teatras \u200e\u2013 Apie Med\u017eiokl\u0119 CD Vinilin\u0117 Plok\u0161tel\u0117 | Vinilozona.lt","isPartOf":{"@id":"https:\/\/vinilozona.lt\/#website"},"primaryImageOfPage":{"@id":"https:\/\/vinilozona.lt\/parduotuve\/cd\/lietuviski-cd\/marijus-snaras-vytauto-kernagio-dainos-teatras-%e2%80%8e-apie-medziokle\/#primaryimage"},"image":{"@id":"https:\/\/vinilozona.lt\/parduotuve\/cd\/lietuviski-cd\/marijus-snaras-vytauto-kernagio-dainos-teatras-%e2%80%8e-apie-medziokle\/#primaryimage"},"thumbnailUrl":"https:\/\/vinilozona.lt\/wp-content\/uploads\/2020\/12\/R-2521222-1377360043-3807.jpeg.jpg","datePublished":"2024-05-15T02:01:44+00:00","dateModified":"2026-04-02T15:29:56+00:00","breadcrumb":{"@id":"https:\/\/vinilozona.lt\/parduotuve\/cd\/lietuviski-cd\/marijus-snaras-vytauto-kernagio-dainos-teatras-%e2%80%8e-apie-medziokle\/#breadcrumb"},"inLanguage":"en-GB","potentialAction":[{"@type":"ReadAction","target":["https:\/\/vinilozona.lt\/parduotuve\/cd\/lietuviski-cd\/marijus-snaras-vytauto-kernagio-dainos-teatras-%e2%80%8e-apie-medziokle\/"]}]},{"@type":"ImageObject","inLanguage":"en-GB","@id":"https:\/\/vinilozona.lt\/parduotuve\/cd\/lietuviski-cd\/marijus-snaras-vytauto-kernagio-dainos-teatras-%e2%80%8e-apie-medziokle\/#primaryimage","url":"https:\/\/vinilozona.lt\/wp-content\/uploads\/2020\/12\/R-2521222-1377360043-3807.jpeg.jpg","contentUrl":"https:\/\/vinilozona.lt\/wp-content\/uploads\/2020\/12\/R-2521222-1377360043-3807.jpeg.jpg","width":300,"height":300},{"@type":"BreadcrumbList","@id":"https:\/\/vinilozona.lt\/parduotuve\/cd\/lietuviski-cd\/marijus-snaras-vytauto-kernagio-dainos-teatras-%e2%80%8e-apie-medziokle\/#breadcrumb","itemListElement":[{"@type":"ListItem","position":1,"name":"Home","item":"https:\/\/vinilozona.lt\/"},{"@type":"ListItem","position":2,"name":"Parduotuv\u0117","item":"https:\/\/vinilozona.lt\/parduotuve\/"},{"@type":"ListItem","position":3,"name":"Marijus \u0160naras &#8211; Vytautas Kernagis\/Dainos Teatras \u200e\u2013 Apie Med\u017eiokl\u0119 CD"}]},{"@type":"WebSite","@id":"https:\/\/vinilozona.lt\/#website","url":"https:\/\/vinilozona.lt\/","name":"Vinilo Zona","description":"Nup\u016bsk dulkes ir klausyk LP","potentialAction":[{"@type":"SearchAction","target":{"@type":"EntryPoint","urlTemplate":"https:\/\/vinilozona.lt\/?s={search_term_string}"},"query-input":{"@type":"PropertyValueSpecification","valueRequired":true,"valueName":"search_term_string"}}],"inLanguage":"en-GB"}]}},"_links":{"self":[{"href":"https:\/\/vinilozona.lt\/en\/wp-json\/wp\/v2\/product\/13216"}],"collection":[{"href":"https:\/\/vinilozona.lt\/en\/wp-json\/wp\/v2\/product"}],"about":[{"href":"https:\/\/vinilozona.lt\/en\/wp-json\/wp\/v2\/types\/product"}],"wp:featuredmedia":[{"embeddable":true,"href":"https:\/\/vinilozona.lt\/en\/wp-json\/wp\/v2\/media\/13217"}],"wp:attachment":[{"href":"https:\/\/vinilozona.lt\/en\/wp-json\/wp\/v2\/media?parent=13216"}],"wp:term":[{"taxonomy":"product_cat","embeddable":true,"href":"https:\/\/vinilozona.lt\/en\/wp-json\/wp\/v2\/product_cat?post=13216"},{"taxonomy":"product_tag","embeddable":true,"href":"https:\/\/vinilozona.lt\/en\/wp-json\/wp\/v2\/product_tag?post=13216"}],"curies":[{"name":"wp","href":"https:\/\/api.w.org\/{rel}","templated":true}]}}