{"id":13210,"date":"2026-03-15T05:08:56","date_gmt":"2026-03-15T03:08:56","guid":{"rendered":"https:\/\/vinilozona.lt\/?post_type=product&#038;p=13210"},"modified":"2026-03-24T14:44:44","modified_gmt":"2026-03-24T12:44:44","slug":"vytautas-kernagis-%e2%80%8e-teisingos-dainos-70","status":"publish","type":"product","link":"https:\/\/vinilozona.lt\/en\/parduotuve\/cd\/lietuviski-cd\/vytautas-kernagis-%e2%80%8e-teisingos-dainos-70\/","title":{"rendered":"Vytautas Kernagis \u200e\u2013 Teisingos Dainos 70 CD"},"content":{"rendered":"<p>1\t\tMano Ab\u0117c\u0117l\u0117<br \/>\n2\t\tU\u017euplio Bliuzas<br \/>\n3\t\tTies\u0105 \u017dinoti Geriau<br \/>\n4\t\tGimtadienis<br \/>\n5\t\tTamo\u0161iaus Bekepurio Pir\u0161lybos<br \/>\n6\t\tVandens Pardav\u0117jo Daina Lyjant<br \/>\n7\t\tVakaras<br \/>\n8\t\tBalad\u0117 Apie Dvi Sraiges<br \/>\n9\t\tTik Niekam Nieko Nesakai<br \/>\n10\t\tNaktel\u0117<br \/>\n11\t\tVievers\u0117lis<br \/>\n12\t\tPurpurinis Vakaras<br \/>\n13\t\tTu Esi Man&#8230; (Pasilik!..)<br \/>\n14\t\tMil\u017einai<br \/>\n15\t\tI\u0161einu<br \/>\n16\t\tJei \u017dinotum Tu<br \/>\n17\t\tKaip Ma\u017eas Pauk\u0161\u010diukas<br \/>\n18\t\tKad Karosas Vaik\u0161\u010diot\u0173<\/p>","protected":false},"excerpt":{"rendered":"<p>Vytauto Kernagio Fondas \u2013 none<br \/>\nFormat:<br \/>\nCD, Compilation<br \/>\nCountry:\tLithuania<br \/>\nReleased:\t2020<\/p>","protected":false},"featured_media":13211,"template":"","meta":[],"product_cat":[24,947,56],"product_tag":[772],"yoast_head":"<!-- This site is optimized with the Yoast SEO plugin v23.5 - https:\/\/yoast.com\/wordpress\/plugins\/seo\/ -->\n<title>Vytautas Kernagis \u200e\u2013 Teisingos Dainos 70 CD Vinilin\u0117 Plok\u0161tel\u0117 | Vinilozona.lt<\/title>\n<meta name=\"robots\" content=\"index, follow, max-snippet:-1, max-image-preview:large, max-video-preview:-1\" \/>\n<link rel=\"canonical\" href=\"https:\/\/vinilozona.lt\/en\/parduotuve\/cd\/lietuviski-cd\/vytautas-kernagis-\u200e-teisingos-dainos-70\/\" \/>\n<meta property=\"og:locale\" content=\"en_GB\" \/>\n<meta property=\"og:type\" content=\"article\" \/>\n<meta property=\"og:title\" content=\"Vytautas Kernagis \u200e\u2013 Teisingos Dainos 70 CD Vinilin\u0117 Plok\u0161tel\u0117 | Vinilozona.lt\" \/>\n<meta property=\"og:description\" content=\"Vytauto Kernagio Fondas \u2013 none Format:  CD, Compilation Country: Lithuania Released: 2020\" \/>\n<meta property=\"og:url\" content=\"https:\/\/vinilozona.lt\/en\/parduotuve\/cd\/lietuviski-cd\/vytautas-kernagis-\u200e-teisingos-dainos-70\/\" \/>\n<meta property=\"og:site_name\" content=\"Vinilo Zona\" \/>\n<meta property=\"article:modified_time\" content=\"2026-03-24T12:44:44+00:00\" \/>\n<meta property=\"og:image\" content=\"https:\/\/vinilozona.lt\/wp-content\/uploads\/2020\/12\/R-16385694-1607428441-1579.png.jpg\" \/>\n\t<meta property=\"og:image:width\" content=\"300\" \/>\n\t<meta property=\"og:image:height\" content=\"300\" \/>\n\t<meta property=\"og:image:type\" content=\"image\/jpeg\" \/>\n<meta name=\"twitter:card\" content=\"summary_large_image\" \/>\n<script type=\"application\/ld+json\" class=\"yoast-schema-graph\">{\"@context\":\"https:\/\/schema.org\",\"@graph\":[{\"@type\":\"WebPage\",\"@id\":\"https:\/\/vinilozona.lt\/parduotuve\/cd\/lietuviski-cd\/vytautas-kernagis-%e2%80%8e-teisingos-dainos-70\/\",\"url\":\"https:\/\/vinilozona.lt\/parduotuve\/cd\/lietuviski-cd\/vytautas-kernagis-%e2%80%8e-teisingos-dainos-70\/\",\"name\":\"Vytautas Kernagis \u200e\u2013 Teisingos Dainos 70 CD Vinilin\u0117 Plok\u0161tel\u0117 | Vinilozona.lt\",\"isPartOf\":{\"@id\":\"https:\/\/vinilozona.lt\/#website\"},\"primaryImageOfPage\":{\"@id\":\"https:\/\/vinilozona.lt\/parduotuve\/cd\/lietuviski-cd\/vytautas-kernagis-%e2%80%8e-teisingos-dainos-70\/#primaryimage\"},\"image\":{\"@id\":\"https:\/\/vinilozona.lt\/parduotuve\/cd\/lietuviski-cd\/vytautas-kernagis-%e2%80%8e-teisingos-dainos-70\/#primaryimage\"},\"thumbnailUrl\":\"https:\/\/vinilozona.lt\/wp-content\/uploads\/2020\/12\/R-16385694-1607428441-1579.png.jpg\",\"datePublished\":\"2026-03-15T03:08:56+00:00\",\"dateModified\":\"2026-03-24T12:44:44+00:00\",\"breadcrumb\":{\"@id\":\"https:\/\/vinilozona.lt\/parduotuve\/cd\/lietuviski-cd\/vytautas-kernagis-%e2%80%8e-teisingos-dainos-70\/#breadcrumb\"},\"inLanguage\":\"en-GB\",\"potentialAction\":[{\"@type\":\"ReadAction\",\"target\":[\"https:\/\/vinilozona.lt\/parduotuve\/cd\/lietuviski-cd\/vytautas-kernagis-%e2%80%8e-teisingos-dainos-70\/\"]}]},{\"@type\":\"ImageObject\",\"inLanguage\":\"en-GB\",\"@id\":\"https:\/\/vinilozona.lt\/parduotuve\/cd\/lietuviski-cd\/vytautas-kernagis-%e2%80%8e-teisingos-dainos-70\/#primaryimage\",\"url\":\"https:\/\/vinilozona.lt\/wp-content\/uploads\/2020\/12\/R-16385694-1607428441-1579.png.jpg\",\"contentUrl\":\"https:\/\/vinilozona.lt\/wp-content\/uploads\/2020\/12\/R-16385694-1607428441-1579.png.jpg\",\"width\":300,\"height\":300},{\"@type\":\"BreadcrumbList\",\"@id\":\"https:\/\/vinilozona.lt\/parduotuve\/cd\/lietuviski-cd\/vytautas-kernagis-%e2%80%8e-teisingos-dainos-70\/#breadcrumb\",\"itemListElement\":[{\"@type\":\"ListItem\",\"position\":1,\"name\":\"Home\",\"item\":\"https:\/\/vinilozona.lt\/\"},{\"@type\":\"ListItem\",\"position\":2,\"name\":\"Parduotuv\u0117\",\"item\":\"https:\/\/vinilozona.lt\/parduotuve\/\"},{\"@type\":\"ListItem\",\"position\":3,\"name\":\"Vytautas Kernagis \u200e\u2013 Teisingos Dainos 70 CD\"}]},{\"@type\":\"WebSite\",\"@id\":\"https:\/\/vinilozona.lt\/#website\",\"url\":\"https:\/\/vinilozona.lt\/\",\"name\":\"Vinilo Zona\",\"description\":\"Nup\u016bsk dulkes ir klausyk LP\",\"potentialAction\":[{\"@type\":\"SearchAction\",\"target\":{\"@type\":\"EntryPoint\",\"urlTemplate\":\"https:\/\/vinilozona.lt\/?s={search_term_string}\"},\"query-input\":{\"@type\":\"PropertyValueSpecification\",\"valueRequired\":true,\"valueName\":\"search_term_string\"}}],\"inLanguage\":\"en-GB\"}]}<\/script>\n<!-- \/ Yoast SEO plugin. -->","yoast_head_json":{"title":"Vytautas Kernagis \u200e\u2013 Teisingos Dainos 70 CD Vinilin\u0117 Plok\u0161tel\u0117 | Vinilozona.lt","robots":{"index":"index","follow":"follow","max-snippet":"max-snippet:-1","max-image-preview":"max-image-preview:large","max-video-preview":"max-video-preview:-1"},"canonical":"https:\/\/vinilozona.lt\/en\/parduotuve\/cd\/lietuviski-cd\/vytautas-kernagis-\u200e-teisingos-dainos-70\/","og_locale":"en_GB","og_type":"article","og_title":"Vytautas Kernagis \u200e\u2013 Teisingos Dainos 70 CD Vinilin\u0117 Plok\u0161tel\u0117 | Vinilozona.lt","og_description":"Vytauto Kernagio Fondas \u2013 none Format:  CD, Compilation Country: Lithuania Released: 2020","og_url":"https:\/\/vinilozona.lt\/en\/parduotuve\/cd\/lietuviski-cd\/vytautas-kernagis-\u200e-teisingos-dainos-70\/","og_site_name":"Vinilo Zona","article_modified_time":"2026-03-24T12:44:44+00:00","og_image":[{"width":300,"height":300,"url":"https:\/\/vinilozona.lt\/wp-content\/uploads\/2020\/12\/R-16385694-1607428441-1579.png.jpg","type":"image\/jpeg"}],"twitter_card":"summary_large_image","schema":{"@context":"https:\/\/schema.org","@graph":[{"@type":"WebPage","@id":"https:\/\/vinilozona.lt\/parduotuve\/cd\/lietuviski-cd\/vytautas-kernagis-%e2%80%8e-teisingos-dainos-70\/","url":"https:\/\/vinilozona.lt\/parduotuve\/cd\/lietuviski-cd\/vytautas-kernagis-%e2%80%8e-teisingos-dainos-70\/","name":"Vytautas Kernagis \u200e\u2013 Teisingos Dainos 70 CD Vinilin\u0117 Plok\u0161tel\u0117 | Vinilozona.lt","isPartOf":{"@id":"https:\/\/vinilozona.lt\/#website"},"primaryImageOfPage":{"@id":"https:\/\/vinilozona.lt\/parduotuve\/cd\/lietuviski-cd\/vytautas-kernagis-%e2%80%8e-teisingos-dainos-70\/#primaryimage"},"image":{"@id":"https:\/\/vinilozona.lt\/parduotuve\/cd\/lietuviski-cd\/vytautas-kernagis-%e2%80%8e-teisingos-dainos-70\/#primaryimage"},"thumbnailUrl":"https:\/\/vinilozona.lt\/wp-content\/uploads\/2020\/12\/R-16385694-1607428441-1579.png.jpg","datePublished":"2026-03-15T03:08:56+00:00","dateModified":"2026-03-24T12:44:44+00:00","breadcrumb":{"@id":"https:\/\/vinilozona.lt\/parduotuve\/cd\/lietuviski-cd\/vytautas-kernagis-%e2%80%8e-teisingos-dainos-70\/#breadcrumb"},"inLanguage":"en-GB","potentialAction":[{"@type":"ReadAction","target":["https:\/\/vinilozona.lt\/parduotuve\/cd\/lietuviski-cd\/vytautas-kernagis-%e2%80%8e-teisingos-dainos-70\/"]}]},{"@type":"ImageObject","inLanguage":"en-GB","@id":"https:\/\/vinilozona.lt\/parduotuve\/cd\/lietuviski-cd\/vytautas-kernagis-%e2%80%8e-teisingos-dainos-70\/#primaryimage","url":"https:\/\/vinilozona.lt\/wp-content\/uploads\/2020\/12\/R-16385694-1607428441-1579.png.jpg","contentUrl":"https:\/\/vinilozona.lt\/wp-content\/uploads\/2020\/12\/R-16385694-1607428441-1579.png.jpg","width":300,"height":300},{"@type":"BreadcrumbList","@id":"https:\/\/vinilozona.lt\/parduotuve\/cd\/lietuviski-cd\/vytautas-kernagis-%e2%80%8e-teisingos-dainos-70\/#breadcrumb","itemListElement":[{"@type":"ListItem","position":1,"name":"Home","item":"https:\/\/vinilozona.lt\/"},{"@type":"ListItem","position":2,"name":"Parduotuv\u0117","item":"https:\/\/vinilozona.lt\/parduotuve\/"},{"@type":"ListItem","position":3,"name":"Vytautas Kernagis \u200e\u2013 Teisingos Dainos 70 CD"}]},{"@type":"WebSite","@id":"https:\/\/vinilozona.lt\/#website","url":"https:\/\/vinilozona.lt\/","name":"Vinilo Zona","description":"Nup\u016bsk dulkes ir klausyk LP","potentialAction":[{"@type":"SearchAction","target":{"@type":"EntryPoint","urlTemplate":"https:\/\/vinilozona.lt\/?s={search_term_string}"},"query-input":{"@type":"PropertyValueSpecification","valueRequired":true,"valueName":"search_term_string"}}],"inLanguage":"en-GB"}]}},"_links":{"self":[{"href":"https:\/\/vinilozona.lt\/en\/wp-json\/wp\/v2\/product\/13210"}],"collection":[{"href":"https:\/\/vinilozona.lt\/en\/wp-json\/wp\/v2\/product"}],"about":[{"href":"https:\/\/vinilozona.lt\/en\/wp-json\/wp\/v2\/types\/product"}],"wp:featuredmedia":[{"embeddable":true,"href":"https:\/\/vinilozona.lt\/en\/wp-json\/wp\/v2\/media\/13211"}],"wp:attachment":[{"href":"https:\/\/vinilozona.lt\/en\/wp-json\/wp\/v2\/media?parent=13210"}],"wp:term":[{"taxonomy":"product_cat","embeddable":true,"href":"https:\/\/vinilozona.lt\/en\/wp-json\/wp\/v2\/product_cat?post=13210"},{"taxonomy":"product_tag","embeddable":true,"href":"https:\/\/vinilozona.lt\/en\/wp-json\/wp\/v2\/product_tag?post=13210"}],"curies":[{"name":"wp","href":"https:\/\/api.w.org\/{rel}","templated":true}]}}