{"id":13186,"date":"2026-01-29T05:08:39","date_gmt":"2026-01-29T03:08:39","guid":{"rendered":"https:\/\/vinilozona.lt\/?post_type=product&#038;p=13186"},"modified":"2026-01-29T13:11:45","modified_gmt":"2026-01-29T11:11:45","slug":"lionel-richie-%e2%80%8e-cant-slow-down","status":"publish","type":"product","link":"https:\/\/vinilozona.lt\/en\/parduotuve\/rock-pop\/lionel-richie-%e2%80%8e-cant-slow-down\/","title":{"rendered":"Lionel Richie \u200e\u2013 Can&#8217;t Slow Down"},"content":{"rendered":"<p>Can&#8217;t Slow Down\t4:42<br \/>\nAll Night Long (All Night)\t6:18<br \/>\nPenny Lover\t5:28<br \/>\nStuck On You\t3:06<br \/>\nLove Will Find A Way\t6:10<br \/>\nThe Only One\t4:15<br \/>\nRunning With The Night\t5:58<br \/>\nHello\t4:07<\/p>","protected":false},"excerpt":{"rendered":"<p>Motown \u2013 260\u00b715\u00b7070<br \/>\nFormat:<br \/>\nVinyl, LP, Album, Gatefold<br \/>\nCountry: Germany<br \/>\nReleased: 1983<br \/>\nGenre:<br \/>\nFunk \/ Soul<br \/>\nStyle:<br \/>\nSoul, Disco<\/p>","protected":false},"featured_media":13187,"template":"","meta":[],"product_cat":[15],"product_tag":[44],"yoast_head":"<!-- This site is optimized with the Yoast SEO plugin v23.5 - https:\/\/yoast.com\/wordpress\/plugins\/seo\/ -->\n<title>Lionel Richie \u200e\u2013 Can&#039;t Slow Down Vinilin\u0117 Plok\u0161tel\u0117 | Vinilozona.lt<\/title>\n<meta name=\"robots\" content=\"index, follow, max-snippet:-1, max-image-preview:large, max-video-preview:-1\" \/>\n<link rel=\"canonical\" href=\"https:\/\/vinilozona.lt\/en\/parduotuve\/rock-pop\/lionel-richie-\u200e-cant-slow-down\/\" \/>\n<meta property=\"og:locale\" content=\"en_GB\" \/>\n<meta property=\"og:type\" content=\"article\" \/>\n<meta property=\"og:title\" content=\"Lionel Richie \u200e\u2013 Can&#039;t Slow Down Vinilin\u0117 Plok\u0161tel\u0117 | Vinilozona.lt\" \/>\n<meta property=\"og:description\" content=\"Motown \u2013 260\u00b715\u00b7070 Format: Vinyl, LP, Album, Gatefold Country: Germany Released: 1983 Genre: Funk \/ Soul Style: Soul, Disco\" \/>\n<meta property=\"og:url\" content=\"https:\/\/vinilozona.lt\/en\/parduotuve\/rock-pop\/lionel-richie-\u200e-cant-slow-down\/\" \/>\n<meta property=\"og:site_name\" content=\"Vinilo Zona\" \/>\n<meta property=\"article:modified_time\" content=\"2026-01-29T11:11:45+00:00\" \/>\n<meta property=\"og:image\" content=\"https:\/\/vinilozona.lt\/wp-content\/uploads\/2020\/12\/R-1441513-1350695659-4288.jpeg.jpg\" \/>\n\t<meta property=\"og:image:width\" content=\"300\" \/>\n\t<meta property=\"og:image:height\" content=\"279\" \/>\n\t<meta property=\"og:image:type\" content=\"image\/jpeg\" \/>\n<meta name=\"twitter:card\" content=\"summary_large_image\" \/>\n<meta name=\"twitter:label1\" content=\"Estimated reading time\" \/>\n\t<meta name=\"twitter:data1\" content=\"1 minute\" \/>\n<script type=\"application\/ld+json\" class=\"yoast-schema-graph\">{\"@context\":\"https:\/\/schema.org\",\"@graph\":[{\"@type\":\"WebPage\",\"@id\":\"https:\/\/vinilozona.lt\/parduotuve\/rock-pop\/lionel-richie-%e2%80%8e-cant-slow-down\/\",\"url\":\"https:\/\/vinilozona.lt\/parduotuve\/rock-pop\/lionel-richie-%e2%80%8e-cant-slow-down\/\",\"name\":\"Lionel Richie \u200e\u2013 Can't Slow Down Vinilin\u0117 Plok\u0161tel\u0117 | Vinilozona.lt\",\"isPartOf\":{\"@id\":\"https:\/\/vinilozona.lt\/#website\"},\"primaryImageOfPage\":{\"@id\":\"https:\/\/vinilozona.lt\/parduotuve\/rock-pop\/lionel-richie-%e2%80%8e-cant-slow-down\/#primaryimage\"},\"image\":{\"@id\":\"https:\/\/vinilozona.lt\/parduotuve\/rock-pop\/lionel-richie-%e2%80%8e-cant-slow-down\/#primaryimage\"},\"thumbnailUrl\":\"https:\/\/vinilozona.lt\/wp-content\/uploads\/2020\/12\/R-1441513-1350695659-4288.jpeg.jpg\",\"datePublished\":\"2026-01-29T03:08:39+00:00\",\"dateModified\":\"2026-01-29T11:11:45+00:00\",\"breadcrumb\":{\"@id\":\"https:\/\/vinilozona.lt\/parduotuve\/rock-pop\/lionel-richie-%e2%80%8e-cant-slow-down\/#breadcrumb\"},\"inLanguage\":\"en-GB\",\"potentialAction\":[{\"@type\":\"ReadAction\",\"target\":[\"https:\/\/vinilozona.lt\/parduotuve\/rock-pop\/lionel-richie-%e2%80%8e-cant-slow-down\/\"]}]},{\"@type\":\"ImageObject\",\"inLanguage\":\"en-GB\",\"@id\":\"https:\/\/vinilozona.lt\/parduotuve\/rock-pop\/lionel-richie-%e2%80%8e-cant-slow-down\/#primaryimage\",\"url\":\"https:\/\/vinilozona.lt\/wp-content\/uploads\/2020\/12\/R-1441513-1350695659-4288.jpeg.jpg\",\"contentUrl\":\"https:\/\/vinilozona.lt\/wp-content\/uploads\/2020\/12\/R-1441513-1350695659-4288.jpeg.jpg\",\"width\":300,\"height\":279},{\"@type\":\"BreadcrumbList\",\"@id\":\"https:\/\/vinilozona.lt\/parduotuve\/rock-pop\/lionel-richie-%e2%80%8e-cant-slow-down\/#breadcrumb\",\"itemListElement\":[{\"@type\":\"ListItem\",\"position\":1,\"name\":\"Home\",\"item\":\"https:\/\/vinilozona.lt\/\"},{\"@type\":\"ListItem\",\"position\":2,\"name\":\"Parduotuv\u0117\",\"item\":\"https:\/\/vinilozona.lt\/parduotuve\/\"},{\"@type\":\"ListItem\",\"position\":3,\"name\":\"Lionel Richie \u200e\u2013 Can&#8217;t Slow Down\"}]},{\"@type\":\"WebSite\",\"@id\":\"https:\/\/vinilozona.lt\/#website\",\"url\":\"https:\/\/vinilozona.lt\/\",\"name\":\"Vinilo Zona\",\"description\":\"Nup\u016bsk dulkes ir klausyk LP\",\"potentialAction\":[{\"@type\":\"SearchAction\",\"target\":{\"@type\":\"EntryPoint\",\"urlTemplate\":\"https:\/\/vinilozona.lt\/?s={search_term_string}\"},\"query-input\":{\"@type\":\"PropertyValueSpecification\",\"valueRequired\":true,\"valueName\":\"search_term_string\"}}],\"inLanguage\":\"en-GB\"}]}<\/script>\n<!-- \/ Yoast SEO plugin. -->","yoast_head_json":{"title":"Lionel Richie \u200e\u2013 Can't Slow Down Vinilin\u0117 Plok\u0161tel\u0117 | Vinilozona.lt","robots":{"index":"index","follow":"follow","max-snippet":"max-snippet:-1","max-image-preview":"max-image-preview:large","max-video-preview":"max-video-preview:-1"},"canonical":"https:\/\/vinilozona.lt\/en\/parduotuve\/rock-pop\/lionel-richie-\u200e-cant-slow-down\/","og_locale":"en_GB","og_type":"article","og_title":"Lionel Richie \u200e\u2013 Can't Slow Down Vinilin\u0117 Plok\u0161tel\u0117 | Vinilozona.lt","og_description":"Motown \u2013 260\u00b715\u00b7070 Format: Vinyl, LP, Album, Gatefold Country: Germany Released: 1983 Genre: Funk \/ Soul Style: Soul, Disco","og_url":"https:\/\/vinilozona.lt\/en\/parduotuve\/rock-pop\/lionel-richie-\u200e-cant-slow-down\/","og_site_name":"Vinilo Zona","article_modified_time":"2026-01-29T11:11:45+00:00","og_image":[{"width":300,"height":279,"url":"https:\/\/vinilozona.lt\/wp-content\/uploads\/2020\/12\/R-1441513-1350695659-4288.jpeg.jpg","type":"image\/jpeg"}],"twitter_card":"summary_large_image","twitter_misc":{"Estimated reading time":"1 minute"},"schema":{"@context":"https:\/\/schema.org","@graph":[{"@type":"WebPage","@id":"https:\/\/vinilozona.lt\/parduotuve\/rock-pop\/lionel-richie-%e2%80%8e-cant-slow-down\/","url":"https:\/\/vinilozona.lt\/parduotuve\/rock-pop\/lionel-richie-%e2%80%8e-cant-slow-down\/","name":"Lionel Richie \u200e\u2013 Can't Slow Down Vinilin\u0117 Plok\u0161tel\u0117 | Vinilozona.lt","isPartOf":{"@id":"https:\/\/vinilozona.lt\/#website"},"primaryImageOfPage":{"@id":"https:\/\/vinilozona.lt\/parduotuve\/rock-pop\/lionel-richie-%e2%80%8e-cant-slow-down\/#primaryimage"},"image":{"@id":"https:\/\/vinilozona.lt\/parduotuve\/rock-pop\/lionel-richie-%e2%80%8e-cant-slow-down\/#primaryimage"},"thumbnailUrl":"https:\/\/vinilozona.lt\/wp-content\/uploads\/2020\/12\/R-1441513-1350695659-4288.jpeg.jpg","datePublished":"2026-01-29T03:08:39+00:00","dateModified":"2026-01-29T11:11:45+00:00","breadcrumb":{"@id":"https:\/\/vinilozona.lt\/parduotuve\/rock-pop\/lionel-richie-%e2%80%8e-cant-slow-down\/#breadcrumb"},"inLanguage":"en-GB","potentialAction":[{"@type":"ReadAction","target":["https:\/\/vinilozona.lt\/parduotuve\/rock-pop\/lionel-richie-%e2%80%8e-cant-slow-down\/"]}]},{"@type":"ImageObject","inLanguage":"en-GB","@id":"https:\/\/vinilozona.lt\/parduotuve\/rock-pop\/lionel-richie-%e2%80%8e-cant-slow-down\/#primaryimage","url":"https:\/\/vinilozona.lt\/wp-content\/uploads\/2020\/12\/R-1441513-1350695659-4288.jpeg.jpg","contentUrl":"https:\/\/vinilozona.lt\/wp-content\/uploads\/2020\/12\/R-1441513-1350695659-4288.jpeg.jpg","width":300,"height":279},{"@type":"BreadcrumbList","@id":"https:\/\/vinilozona.lt\/parduotuve\/rock-pop\/lionel-richie-%e2%80%8e-cant-slow-down\/#breadcrumb","itemListElement":[{"@type":"ListItem","position":1,"name":"Home","item":"https:\/\/vinilozona.lt\/"},{"@type":"ListItem","position":2,"name":"Parduotuv\u0117","item":"https:\/\/vinilozona.lt\/parduotuve\/"},{"@type":"ListItem","position":3,"name":"Lionel Richie \u200e\u2013 Can&#8217;t Slow Down"}]},{"@type":"WebSite","@id":"https:\/\/vinilozona.lt\/#website","url":"https:\/\/vinilozona.lt\/","name":"Vinilo Zona","description":"Nup\u016bsk dulkes ir klausyk LP","potentialAction":[{"@type":"SearchAction","target":{"@type":"EntryPoint","urlTemplate":"https:\/\/vinilozona.lt\/?s={search_term_string}"},"query-input":{"@type":"PropertyValueSpecification","valueRequired":true,"valueName":"search_term_string"}}],"inLanguage":"en-GB"}]}},"_links":{"self":[{"href":"https:\/\/vinilozona.lt\/en\/wp-json\/wp\/v2\/product\/13186"}],"collection":[{"href":"https:\/\/vinilozona.lt\/en\/wp-json\/wp\/v2\/product"}],"about":[{"href":"https:\/\/vinilozona.lt\/en\/wp-json\/wp\/v2\/types\/product"}],"wp:featuredmedia":[{"embeddable":true,"href":"https:\/\/vinilozona.lt\/en\/wp-json\/wp\/v2\/media\/13187"}],"wp:attachment":[{"href":"https:\/\/vinilozona.lt\/en\/wp-json\/wp\/v2\/media?parent=13186"}],"wp:term":[{"taxonomy":"product_cat","embeddable":true,"href":"https:\/\/vinilozona.lt\/en\/wp-json\/wp\/v2\/product_cat?post=13186"},{"taxonomy":"product_tag","embeddable":true,"href":"https:\/\/vinilozona.lt\/en\/wp-json\/wp\/v2\/product_tag?post=13186"}],"curies":[{"name":"wp","href":"https:\/\/api.w.org\/{rel}","templated":true}]}}