{"id":13184,"date":"2024-09-21T20:13:02","date_gmt":"2024-09-21T17:13:02","guid":{"rendered":"https:\/\/vinilozona.lt\/?post_type=product&#038;p=13184"},"modified":"2024-09-21T21:02:36","modified_gmt":"2024-09-21T18:02:36","slug":"benjaminas-gorbulskis-%e2%80%8e-gimtines-aidai-2lp-2","status":"publish","type":"product","link":"https:\/\/vinilozona.lt\/en\/parduotuve\/lietuviska\/benjaminas-gorbulskis-%e2%80%8e-gimtines-aidai-2lp-2\/","title":{"rendered":"Benjaminas Gorbulskis \u200e\u2013 Gimtin\u0117s Aidai 2LP"},"content":{"rendered":"<p>Gimtin\u0117s Aidai\t4:49<br \/>\nVienintel\u0117 Esi Man\t4:47<br \/>\nDar Mane Pakviesk\t5:04<br \/>\n\u0160irdies Ritmu\t3:03<br \/>\nN\u0117ra Kit\u0173 Nam\u0173\t3:57<br \/>\nGal Tu Manai?\t3:42<br \/>\nTen, Kur Nukris \u017dvaig\u017ed\u0117\t5:40<br \/>\nMeil\u0117 Visur Tik Jauna\t2:41<br \/>\nGyvenimo Daina\t2:53<br \/>\nLaimingas Laikas\t3:14<br \/>\nJau Pasaka Baig\u0117s\t3:39<br \/>\nJurga-Jurgita\t3:10<br \/>\nKalb\u0117ki U\u017e Mus\t4:52<br \/>\nTa Meil\u0117 \u0160ventoji\t4:40<br \/>\nRugs\u0117jo Vakaras\t3:14<br \/>\nIe\u0161kojau Ilgai\t3:00<br \/>\nU\u017e Kalnyn\u0173\t2:35<br \/>\nTavo Vardas\t4:19<\/p>","protected":false},"excerpt":{"rendered":"<p>\u042160-16697-700<\/p>","protected":false},"featured_media":13185,"template":"","meta":[],"product_cat":[19],"product_tag":[55],"yoast_head":"<!-- This site is optimized with the Yoast SEO plugin v23.5 - https:\/\/yoast.com\/wordpress\/plugins\/seo\/ -->\n<title>Benjaminas Gorbulskis \u200e\u2013 Gimtin\u0117s Aidai 2LP Vinilin\u0117 Plok\u0161tel\u0117 | Vinilozona.lt<\/title>\n<meta name=\"robots\" content=\"index, follow, max-snippet:-1, max-image-preview:large, max-video-preview:-1\" \/>\n<link rel=\"canonical\" href=\"https:\/\/vinilozona.lt\/en\/parduotuve\/lietuviska\/benjaminas-gorbulskis-\u200e-gimtines-aidai-2lp-2\/\" \/>\n<meta property=\"og:locale\" content=\"en_GB\" \/>\n<meta property=\"og:type\" content=\"article\" \/>\n<meta property=\"og:title\" content=\"Benjaminas Gorbulskis \u200e\u2013 Gimtin\u0117s Aidai 2LP Vinilin\u0117 Plok\u0161tel\u0117 | Vinilozona.lt\" \/>\n<meta property=\"og:description\" content=\"\u042160-16697-700\" \/>\n<meta property=\"og:url\" content=\"https:\/\/vinilozona.lt\/en\/parduotuve\/lietuviska\/benjaminas-gorbulskis-\u200e-gimtines-aidai-2lp-2\/\" \/>\n<meta property=\"og:site_name\" content=\"Vinilo Zona\" \/>\n<meta property=\"article:modified_time\" content=\"2024-09-21T18:02:36+00:00\" \/>\n<meta property=\"og:image\" content=\"https:\/\/vinilozona.lt\/wp-content\/uploads\/2020\/12\/R-3083806-1315930329.jpeg.jpg\" \/>\n\t<meta property=\"og:image:width\" content=\"300\" \/>\n\t<meta property=\"og:image:height\" content=\"299\" \/>\n\t<meta property=\"og:image:type\" content=\"image\/jpeg\" \/>\n<meta name=\"twitter:card\" content=\"summary_large_image\" \/>\n<script type=\"application\/ld+json\" class=\"yoast-schema-graph\">{\"@context\":\"https:\/\/schema.org\",\"@graph\":[{\"@type\":\"WebPage\",\"@id\":\"https:\/\/vinilozona.lt\/parduotuve\/lietuviska\/benjaminas-gorbulskis-%e2%80%8e-gimtines-aidai-2lp-2\/\",\"url\":\"https:\/\/vinilozona.lt\/parduotuve\/lietuviska\/benjaminas-gorbulskis-%e2%80%8e-gimtines-aidai-2lp-2\/\",\"name\":\"Benjaminas Gorbulskis \u200e\u2013 Gimtin\u0117s Aidai 2LP Vinilin\u0117 Plok\u0161tel\u0117 | Vinilozona.lt\",\"isPartOf\":{\"@id\":\"https:\/\/vinilozona.lt\/#website\"},\"primaryImageOfPage\":{\"@id\":\"https:\/\/vinilozona.lt\/parduotuve\/lietuviska\/benjaminas-gorbulskis-%e2%80%8e-gimtines-aidai-2lp-2\/#primaryimage\"},\"image\":{\"@id\":\"https:\/\/vinilozona.lt\/parduotuve\/lietuviska\/benjaminas-gorbulskis-%e2%80%8e-gimtines-aidai-2lp-2\/#primaryimage\"},\"thumbnailUrl\":\"https:\/\/vinilozona.lt\/wp-content\/uploads\/2020\/12\/R-3083806-1315930329.jpeg.jpg\",\"datePublished\":\"2024-09-21T17:13:02+00:00\",\"dateModified\":\"2024-09-21T18:02:36+00:00\",\"breadcrumb\":{\"@id\":\"https:\/\/vinilozona.lt\/parduotuve\/lietuviska\/benjaminas-gorbulskis-%e2%80%8e-gimtines-aidai-2lp-2\/#breadcrumb\"},\"inLanguage\":\"en-GB\",\"potentialAction\":[{\"@type\":\"ReadAction\",\"target\":[\"https:\/\/vinilozona.lt\/parduotuve\/lietuviska\/benjaminas-gorbulskis-%e2%80%8e-gimtines-aidai-2lp-2\/\"]}]},{\"@type\":\"ImageObject\",\"inLanguage\":\"en-GB\",\"@id\":\"https:\/\/vinilozona.lt\/parduotuve\/lietuviska\/benjaminas-gorbulskis-%e2%80%8e-gimtines-aidai-2lp-2\/#primaryimage\",\"url\":\"https:\/\/vinilozona.lt\/wp-content\/uploads\/2020\/12\/R-3083806-1315930329.jpeg.jpg\",\"contentUrl\":\"https:\/\/vinilozona.lt\/wp-content\/uploads\/2020\/12\/R-3083806-1315930329.jpeg.jpg\",\"width\":300,\"height\":299},{\"@type\":\"BreadcrumbList\",\"@id\":\"https:\/\/vinilozona.lt\/parduotuve\/lietuviska\/benjaminas-gorbulskis-%e2%80%8e-gimtines-aidai-2lp-2\/#breadcrumb\",\"itemListElement\":[{\"@type\":\"ListItem\",\"position\":1,\"name\":\"Home\",\"item\":\"https:\/\/vinilozona.lt\/\"},{\"@type\":\"ListItem\",\"position\":2,\"name\":\"Parduotuv\u0117\",\"item\":\"https:\/\/vinilozona.lt\/parduotuve\/\"},{\"@type\":\"ListItem\",\"position\":3,\"name\":\"Benjaminas Gorbulskis \u200e\u2013 Gimtin\u0117s Aidai 2LP\"}]},{\"@type\":\"WebSite\",\"@id\":\"https:\/\/vinilozona.lt\/#website\",\"url\":\"https:\/\/vinilozona.lt\/\",\"name\":\"Vinilo Zona\",\"description\":\"Nup\u016bsk dulkes ir klausyk LP\",\"potentialAction\":[{\"@type\":\"SearchAction\",\"target\":{\"@type\":\"EntryPoint\",\"urlTemplate\":\"https:\/\/vinilozona.lt\/?s={search_term_string}\"},\"query-input\":{\"@type\":\"PropertyValueSpecification\",\"valueRequired\":true,\"valueName\":\"search_term_string\"}}],\"inLanguage\":\"en-GB\"}]}<\/script>\n<!-- \/ Yoast SEO plugin. -->","yoast_head_json":{"title":"Benjaminas Gorbulskis \u200e\u2013 Gimtin\u0117s Aidai 2LP Vinilin\u0117 Plok\u0161tel\u0117 | Vinilozona.lt","robots":{"index":"index","follow":"follow","max-snippet":"max-snippet:-1","max-image-preview":"max-image-preview:large","max-video-preview":"max-video-preview:-1"},"canonical":"https:\/\/vinilozona.lt\/en\/parduotuve\/lietuviska\/benjaminas-gorbulskis-\u200e-gimtines-aidai-2lp-2\/","og_locale":"en_GB","og_type":"article","og_title":"Benjaminas Gorbulskis \u200e\u2013 Gimtin\u0117s Aidai 2LP Vinilin\u0117 Plok\u0161tel\u0117 | Vinilozona.lt","og_description":"\u042160-16697-700","og_url":"https:\/\/vinilozona.lt\/en\/parduotuve\/lietuviska\/benjaminas-gorbulskis-\u200e-gimtines-aidai-2lp-2\/","og_site_name":"Vinilo Zona","article_modified_time":"2024-09-21T18:02:36+00:00","og_image":[{"width":300,"height":299,"url":"https:\/\/vinilozona.lt\/wp-content\/uploads\/2020\/12\/R-3083806-1315930329.jpeg.jpg","type":"image\/jpeg"}],"twitter_card":"summary_large_image","schema":{"@context":"https:\/\/schema.org","@graph":[{"@type":"WebPage","@id":"https:\/\/vinilozona.lt\/parduotuve\/lietuviska\/benjaminas-gorbulskis-%e2%80%8e-gimtines-aidai-2lp-2\/","url":"https:\/\/vinilozona.lt\/parduotuve\/lietuviska\/benjaminas-gorbulskis-%e2%80%8e-gimtines-aidai-2lp-2\/","name":"Benjaminas Gorbulskis \u200e\u2013 Gimtin\u0117s Aidai 2LP Vinilin\u0117 Plok\u0161tel\u0117 | Vinilozona.lt","isPartOf":{"@id":"https:\/\/vinilozona.lt\/#website"},"primaryImageOfPage":{"@id":"https:\/\/vinilozona.lt\/parduotuve\/lietuviska\/benjaminas-gorbulskis-%e2%80%8e-gimtines-aidai-2lp-2\/#primaryimage"},"image":{"@id":"https:\/\/vinilozona.lt\/parduotuve\/lietuviska\/benjaminas-gorbulskis-%e2%80%8e-gimtines-aidai-2lp-2\/#primaryimage"},"thumbnailUrl":"https:\/\/vinilozona.lt\/wp-content\/uploads\/2020\/12\/R-3083806-1315930329.jpeg.jpg","datePublished":"2024-09-21T17:13:02+00:00","dateModified":"2024-09-21T18:02:36+00:00","breadcrumb":{"@id":"https:\/\/vinilozona.lt\/parduotuve\/lietuviska\/benjaminas-gorbulskis-%e2%80%8e-gimtines-aidai-2lp-2\/#breadcrumb"},"inLanguage":"en-GB","potentialAction":[{"@type":"ReadAction","target":["https:\/\/vinilozona.lt\/parduotuve\/lietuviska\/benjaminas-gorbulskis-%e2%80%8e-gimtines-aidai-2lp-2\/"]}]},{"@type":"ImageObject","inLanguage":"en-GB","@id":"https:\/\/vinilozona.lt\/parduotuve\/lietuviska\/benjaminas-gorbulskis-%e2%80%8e-gimtines-aidai-2lp-2\/#primaryimage","url":"https:\/\/vinilozona.lt\/wp-content\/uploads\/2020\/12\/R-3083806-1315930329.jpeg.jpg","contentUrl":"https:\/\/vinilozona.lt\/wp-content\/uploads\/2020\/12\/R-3083806-1315930329.jpeg.jpg","width":300,"height":299},{"@type":"BreadcrumbList","@id":"https:\/\/vinilozona.lt\/parduotuve\/lietuviska\/benjaminas-gorbulskis-%e2%80%8e-gimtines-aidai-2lp-2\/#breadcrumb","itemListElement":[{"@type":"ListItem","position":1,"name":"Home","item":"https:\/\/vinilozona.lt\/"},{"@type":"ListItem","position":2,"name":"Parduotuv\u0117","item":"https:\/\/vinilozona.lt\/parduotuve\/"},{"@type":"ListItem","position":3,"name":"Benjaminas Gorbulskis \u200e\u2013 Gimtin\u0117s Aidai 2LP"}]},{"@type":"WebSite","@id":"https:\/\/vinilozona.lt\/#website","url":"https:\/\/vinilozona.lt\/","name":"Vinilo Zona","description":"Nup\u016bsk dulkes ir klausyk LP","potentialAction":[{"@type":"SearchAction","target":{"@type":"EntryPoint","urlTemplate":"https:\/\/vinilozona.lt\/?s={search_term_string}"},"query-input":{"@type":"PropertyValueSpecification","valueRequired":true,"valueName":"search_term_string"}}],"inLanguage":"en-GB"}]}},"_links":{"self":[{"href":"https:\/\/vinilozona.lt\/en\/wp-json\/wp\/v2\/product\/13184"}],"collection":[{"href":"https:\/\/vinilozona.lt\/en\/wp-json\/wp\/v2\/product"}],"about":[{"href":"https:\/\/vinilozona.lt\/en\/wp-json\/wp\/v2\/types\/product"}],"wp:featuredmedia":[{"embeddable":true,"href":"https:\/\/vinilozona.lt\/en\/wp-json\/wp\/v2\/media\/13185"}],"wp:attachment":[{"href":"https:\/\/vinilozona.lt\/en\/wp-json\/wp\/v2\/media?parent=13184"}],"wp:term":[{"taxonomy":"product_cat","embeddable":true,"href":"https:\/\/vinilozona.lt\/en\/wp-json\/wp\/v2\/product_cat?post=13184"},{"taxonomy":"product_tag","embeddable":true,"href":"https:\/\/vinilozona.lt\/en\/wp-json\/wp\/v2\/product_tag?post=13184"}],"curies":[{"name":"wp","href":"https:\/\/api.w.org\/{rel}","templated":true}]}}