{"id":13176,"date":"2021-03-20T15:56:05","date_gmt":"2021-03-20T13:56:05","guid":{"rendered":"https:\/\/vinilozona.lt\/?post_type=product&#038;p=13176"},"modified":"2022-05-20T23:30:59","modified_gmt":"2022-05-20T20:30:59","slug":"%d0%bc%d0%b8%d1%85%d0%b0%d0%b8%d0%bb-%d1%87%d0%b5%d0%ba%d0%b0%d0%bb%d0%b8%d0%bd-%e2%80%8e-post%e2%80%a7pop-non%e2%80%a7pop","status":"publish","type":"product","link":"https:\/\/vinilozona.lt\/en\/parduotuve\/rock-pop\/%d0%bc%d0%b8%d1%85%d0%b0%d0%b8%d0%bb-%d1%87%d0%b5%d0%ba%d0%b0%d0%bb%d0%b8%d0%bd-%e2%80%8e-post%e2%80%a7pop-non%e2%80%a7pop\/","title":{"rendered":"Mikhail Chekalin\/\u041c\u0438\u0445\u0430\u0438\u043b \u0427\u0435\u043a\u0430\u043b\u0438\u043d \u200e\u2013 Post\u2027Pop &#8211; Non\u2027Pop"},"content":{"rendered":"<p>A1\tPost-Pop \u00b7 \u041f\u043e\u0441\u0442-\u041f\u043e\u043f<br \/>\nA2\tEcstatic Lullaby \u00b7 \u042d\u043a\u0437\u0430\u043b\u044c\u0442\u0438\u0440\u043e\u0432\u0430\u043d\u043d\u0430\u044f \u041a\u043e\u043b\u044b\u0431\u0435\u043b\u044c\u043d\u0430\u044f<br \/>\nA3\tTorn Page \u00b7 \u0412\u044b\u0440\u0432\u0430\u043d\u043d\u0430\u044f \u0421\u0442\u0440\u0430\u043d\u0438\u0446\u0430<br \/>\nA4\tWonders Of The Paradise \u00b7 \u0427\u0443\u0434\u0435\u0441\u0430 \u0420\u0430\u044f<br \/>\nA5\tAbsolute Solo \u00b7 \u0410\u0431\u0441\u043e\u043b\u044e\u0442\u043d\u043e\u0435 \u0421\u043e\u043b\u043e<br \/>\nB1\tMarch Syndrom \u00b7 \u041c\u0430\u0440\u0448\u0435\u0432\u044b\u0439 \u0421\u0438\u043d\u0434\u0440\u043e\u043c<br \/>\nB2\tGenetic Code \u00b7 \u0413\u0435\u043d\u0435\u0442\u0438\u0447\u0435\u0441\u043a\u0438\u0439 \u041a\u043e\u0434<br \/>\nB3\tOrigin Of Species \u00b7 \u041f\u0440\u043e\u0438\u0441\u0445\u043e\u0436\u0434\u0435\u043d\u0438\u0435 \u0412\u0438\u0434\u0430<br \/>\nB4\tAfter-The-Sound (To The Memory Of Tamara Glytneva) \u00b7 \u041f\u043e\u0441\u043b\u0435\u0437\u0432\u0443\u0447\u0438\u0435 (\u041f\u0430\u043c\u044f\u0442\u0438 \u0422\u0430\u043c\u0430\u0440\u044b \u0413\u043b\u044b\u0442\u043d\u0435\u0432\u043e\u0439)<br \/>\nB5\tErotic Fish Marouani (Frivolous Offering) \u00b7 \u042d\u0440\u043e\u0442\u0438\u0447\u0435\u0441\u043a\u0430\u044f \u0420\u044b\u0431\u0430 \u041c\u0430\u0440\u0443\u0430\u043d\u0438 (\u041b\u0435\u0433\u043a\u043e\u043c\u044b\u0441\u043b\u0435\u043d\u043d\u043e\u0435 \u041f\u0440\u0438\u043d\u043e\u0448\u0435\u043d\u0438\u0435)<br \/>\nB6\tNight Pulsation \u00b7 \u041f\u0443\u043b\u044c\u0441\u0430\u0446\u0438\u044f \u041d\u043e\u0447\u0438<\/p>","protected":false},"excerpt":{"rendered":"<p>\u042160 28737 003<\/p>","protected":false},"featured_media":13177,"template":"","meta":[],"product_cat":[15,20,21],"product_tag":[55],"yoast_head":"<!-- This site is optimized with the Yoast SEO plugin v23.5 - https:\/\/yoast.com\/wordpress\/plugins\/seo\/ -->\n<title>Mikhail Chekalin\/\u041c\u0438\u0445\u0430\u0438\u043b \u0427\u0435\u043a\u0430\u043b\u0438\u043d \u200e\u2013 Post\u2027Pop - Non\u2027Pop Vinilin\u0117 Plok\u0161tel\u0117 | Vinilozona.lt<\/title>\n<meta name=\"robots\" content=\"index, follow, max-snippet:-1, max-image-preview:large, max-video-preview:-1\" \/>\n<link rel=\"canonical\" href=\"https:\/\/vinilozona.lt\/en\/parduotuve\/rock-pop\/\u043c\u0438\u0445\u0430\u0438\u043b-\u0447\u0435\u043a\u0430\u043b\u0438\u043d-\u200e-post\u2027pop-non\u2027pop\/\" \/>\n<meta property=\"og:locale\" content=\"en_GB\" \/>\n<meta property=\"og:type\" content=\"article\" \/>\n<meta property=\"og:title\" content=\"Mikhail Chekalin\/\u041c\u0438\u0445\u0430\u0438\u043b \u0427\u0435\u043a\u0430\u043b\u0438\u043d \u200e\u2013 Post\u2027Pop - Non\u2027Pop Vinilin\u0117 Plok\u0161tel\u0117 | Vinilozona.lt\" \/>\n<meta property=\"og:description\" content=\"\u042160 28737 003\" \/>\n<meta property=\"og:url\" content=\"https:\/\/vinilozona.lt\/en\/parduotuve\/rock-pop\/\u043c\u0438\u0445\u0430\u0438\u043b-\u0447\u0435\u043a\u0430\u043b\u0438\u043d-\u200e-post\u2027pop-non\u2027pop\/\" \/>\n<meta property=\"og:site_name\" content=\"Vinilo Zona\" \/>\n<meta property=\"article:modified_time\" content=\"2022-05-20T20:30:59+00:00\" \/>\n<meta property=\"og:image\" content=\"https:\/\/vinilozona.lt\/wp-content\/uploads\/2020\/12\/R-1584849-1505041267-5952.jpeg.jpg\" \/>\n\t<meta property=\"og:image:width\" content=\"297\" \/>\n\t<meta property=\"og:image:height\" content=\"300\" \/>\n\t<meta property=\"og:image:type\" content=\"image\/jpeg\" \/>\n<meta name=\"twitter:card\" content=\"summary_large_image\" \/>\n<script type=\"application\/ld+json\" class=\"yoast-schema-graph\">{\"@context\":\"https:\/\/schema.org\",\"@graph\":[{\"@type\":\"WebPage\",\"@id\":\"https:\/\/vinilozona.lt\/parduotuve\/rock-pop\/%d0%bc%d0%b8%d1%85%d0%b0%d0%b8%d0%bb-%d1%87%d0%b5%d0%ba%d0%b0%d0%bb%d0%b8%d0%bd-%e2%80%8e-post%e2%80%a7pop-non%e2%80%a7pop\/\",\"url\":\"https:\/\/vinilozona.lt\/parduotuve\/rock-pop\/%d0%bc%d0%b8%d1%85%d0%b0%d0%b8%d0%bb-%d1%87%d0%b5%d0%ba%d0%b0%d0%bb%d0%b8%d0%bd-%e2%80%8e-post%e2%80%a7pop-non%e2%80%a7pop\/\",\"name\":\"Mikhail Chekalin\/\u041c\u0438\u0445\u0430\u0438\u043b \u0427\u0435\u043a\u0430\u043b\u0438\u043d \u200e\u2013 Post\u2027Pop - Non\u2027Pop Vinilin\u0117 Plok\u0161tel\u0117 | Vinilozona.lt\",\"isPartOf\":{\"@id\":\"https:\/\/vinilozona.lt\/#website\"},\"primaryImageOfPage\":{\"@id\":\"https:\/\/vinilozona.lt\/parduotuve\/rock-pop\/%d0%bc%d0%b8%d1%85%d0%b0%d0%b8%d0%bb-%d1%87%d0%b5%d0%ba%d0%b0%d0%bb%d0%b8%d0%bd-%e2%80%8e-post%e2%80%a7pop-non%e2%80%a7pop\/#primaryimage\"},\"image\":{\"@id\":\"https:\/\/vinilozona.lt\/parduotuve\/rock-pop\/%d0%bc%d0%b8%d1%85%d0%b0%d0%b8%d0%bb-%d1%87%d0%b5%d0%ba%d0%b0%d0%bb%d0%b8%d0%bd-%e2%80%8e-post%e2%80%a7pop-non%e2%80%a7pop\/#primaryimage\"},\"thumbnailUrl\":\"https:\/\/vinilozona.lt\/wp-content\/uploads\/2020\/12\/R-1584849-1505041267-5952.jpeg.jpg\",\"datePublished\":\"2021-03-20T13:56:05+00:00\",\"dateModified\":\"2022-05-20T20:30:59+00:00\",\"breadcrumb\":{\"@id\":\"https:\/\/vinilozona.lt\/parduotuve\/rock-pop\/%d0%bc%d0%b8%d1%85%d0%b0%d0%b8%d0%bb-%d1%87%d0%b5%d0%ba%d0%b0%d0%bb%d0%b8%d0%bd-%e2%80%8e-post%e2%80%a7pop-non%e2%80%a7pop\/#breadcrumb\"},\"inLanguage\":\"en-GB\",\"potentialAction\":[{\"@type\":\"ReadAction\",\"target\":[\"https:\/\/vinilozona.lt\/parduotuve\/rock-pop\/%d0%bc%d0%b8%d1%85%d0%b0%d0%b8%d0%bb-%d1%87%d0%b5%d0%ba%d0%b0%d0%bb%d0%b8%d0%bd-%e2%80%8e-post%e2%80%a7pop-non%e2%80%a7pop\/\"]}]},{\"@type\":\"ImageObject\",\"inLanguage\":\"en-GB\",\"@id\":\"https:\/\/vinilozona.lt\/parduotuve\/rock-pop\/%d0%bc%d0%b8%d1%85%d0%b0%d0%b8%d0%bb-%d1%87%d0%b5%d0%ba%d0%b0%d0%bb%d0%b8%d0%bd-%e2%80%8e-post%e2%80%a7pop-non%e2%80%a7pop\/#primaryimage\",\"url\":\"https:\/\/vinilozona.lt\/wp-content\/uploads\/2020\/12\/R-1584849-1505041267-5952.jpeg.jpg\",\"contentUrl\":\"https:\/\/vinilozona.lt\/wp-content\/uploads\/2020\/12\/R-1584849-1505041267-5952.jpeg.jpg\",\"width\":297,\"height\":300},{\"@type\":\"BreadcrumbList\",\"@id\":\"https:\/\/vinilozona.lt\/parduotuve\/rock-pop\/%d0%bc%d0%b8%d1%85%d0%b0%d0%b8%d0%bb-%d1%87%d0%b5%d0%ba%d0%b0%d0%bb%d0%b8%d0%bd-%e2%80%8e-post%e2%80%a7pop-non%e2%80%a7pop\/#breadcrumb\",\"itemListElement\":[{\"@type\":\"ListItem\",\"position\":1,\"name\":\"Home\",\"item\":\"https:\/\/vinilozona.lt\/\"},{\"@type\":\"ListItem\",\"position\":2,\"name\":\"Parduotuv\u0117\",\"item\":\"https:\/\/vinilozona.lt\/parduotuve\/\"},{\"@type\":\"ListItem\",\"position\":3,\"name\":\"Mikhail Chekalin\/\u041c\u0438\u0445\u0430\u0438\u043b \u0427\u0435\u043a\u0430\u043b\u0438\u043d \u200e\u2013 Post\u2027Pop &#8211; Non\u2027Pop\"}]},{\"@type\":\"WebSite\",\"@id\":\"https:\/\/vinilozona.lt\/#website\",\"url\":\"https:\/\/vinilozona.lt\/\",\"name\":\"Vinilo Zona\",\"description\":\"Nup\u016bsk dulkes ir klausyk LP\",\"potentialAction\":[{\"@type\":\"SearchAction\",\"target\":{\"@type\":\"EntryPoint\",\"urlTemplate\":\"https:\/\/vinilozona.lt\/?s={search_term_string}\"},\"query-input\":{\"@type\":\"PropertyValueSpecification\",\"valueRequired\":true,\"valueName\":\"search_term_string\"}}],\"inLanguage\":\"en-GB\"}]}<\/script>\n<!-- \/ Yoast SEO plugin. -->","yoast_head_json":{"title":"Mikhail Chekalin\/\u041c\u0438\u0445\u0430\u0438\u043b \u0427\u0435\u043a\u0430\u043b\u0438\u043d \u200e\u2013 Post\u2027Pop - Non\u2027Pop Vinilin\u0117 Plok\u0161tel\u0117 | Vinilozona.lt","robots":{"index":"index","follow":"follow","max-snippet":"max-snippet:-1","max-image-preview":"max-image-preview:large","max-video-preview":"max-video-preview:-1"},"canonical":"https:\/\/vinilozona.lt\/en\/parduotuve\/rock-pop\/\u043c\u0438\u0445\u0430\u0438\u043b-\u0447\u0435\u043a\u0430\u043b\u0438\u043d-\u200e-post\u2027pop-non\u2027pop\/","og_locale":"en_GB","og_type":"article","og_title":"Mikhail Chekalin\/\u041c\u0438\u0445\u0430\u0438\u043b \u0427\u0435\u043a\u0430\u043b\u0438\u043d \u200e\u2013 Post\u2027Pop - Non\u2027Pop Vinilin\u0117 Plok\u0161tel\u0117 | Vinilozona.lt","og_description":"\u042160 28737 003","og_url":"https:\/\/vinilozona.lt\/en\/parduotuve\/rock-pop\/\u043c\u0438\u0445\u0430\u0438\u043b-\u0447\u0435\u043a\u0430\u043b\u0438\u043d-\u200e-post\u2027pop-non\u2027pop\/","og_site_name":"Vinilo Zona","article_modified_time":"2022-05-20T20:30:59+00:00","og_image":[{"width":297,"height":300,"url":"https:\/\/vinilozona.lt\/wp-content\/uploads\/2020\/12\/R-1584849-1505041267-5952.jpeg.jpg","type":"image\/jpeg"}],"twitter_card":"summary_large_image","schema":{"@context":"https:\/\/schema.org","@graph":[{"@type":"WebPage","@id":"https:\/\/vinilozona.lt\/parduotuve\/rock-pop\/%d0%bc%d0%b8%d1%85%d0%b0%d0%b8%d0%bb-%d1%87%d0%b5%d0%ba%d0%b0%d0%bb%d0%b8%d0%bd-%e2%80%8e-post%e2%80%a7pop-non%e2%80%a7pop\/","url":"https:\/\/vinilozona.lt\/parduotuve\/rock-pop\/%d0%bc%d0%b8%d1%85%d0%b0%d0%b8%d0%bb-%d1%87%d0%b5%d0%ba%d0%b0%d0%bb%d0%b8%d0%bd-%e2%80%8e-post%e2%80%a7pop-non%e2%80%a7pop\/","name":"Mikhail Chekalin\/\u041c\u0438\u0445\u0430\u0438\u043b \u0427\u0435\u043a\u0430\u043b\u0438\u043d \u200e\u2013 Post\u2027Pop - Non\u2027Pop Vinilin\u0117 Plok\u0161tel\u0117 | Vinilozona.lt","isPartOf":{"@id":"https:\/\/vinilozona.lt\/#website"},"primaryImageOfPage":{"@id":"https:\/\/vinilozona.lt\/parduotuve\/rock-pop\/%d0%bc%d0%b8%d1%85%d0%b0%d0%b8%d0%bb-%d1%87%d0%b5%d0%ba%d0%b0%d0%bb%d0%b8%d0%bd-%e2%80%8e-post%e2%80%a7pop-non%e2%80%a7pop\/#primaryimage"},"image":{"@id":"https:\/\/vinilozona.lt\/parduotuve\/rock-pop\/%d0%bc%d0%b8%d1%85%d0%b0%d0%b8%d0%bb-%d1%87%d0%b5%d0%ba%d0%b0%d0%bb%d0%b8%d0%bd-%e2%80%8e-post%e2%80%a7pop-non%e2%80%a7pop\/#primaryimage"},"thumbnailUrl":"https:\/\/vinilozona.lt\/wp-content\/uploads\/2020\/12\/R-1584849-1505041267-5952.jpeg.jpg","datePublished":"2021-03-20T13:56:05+00:00","dateModified":"2022-05-20T20:30:59+00:00","breadcrumb":{"@id":"https:\/\/vinilozona.lt\/parduotuve\/rock-pop\/%d0%bc%d0%b8%d1%85%d0%b0%d0%b8%d0%bb-%d1%87%d0%b5%d0%ba%d0%b0%d0%bb%d0%b8%d0%bd-%e2%80%8e-post%e2%80%a7pop-non%e2%80%a7pop\/#breadcrumb"},"inLanguage":"en-GB","potentialAction":[{"@type":"ReadAction","target":["https:\/\/vinilozona.lt\/parduotuve\/rock-pop\/%d0%bc%d0%b8%d1%85%d0%b0%d0%b8%d0%bb-%d1%87%d0%b5%d0%ba%d0%b0%d0%bb%d0%b8%d0%bd-%e2%80%8e-post%e2%80%a7pop-non%e2%80%a7pop\/"]}]},{"@type":"ImageObject","inLanguage":"en-GB","@id":"https:\/\/vinilozona.lt\/parduotuve\/rock-pop\/%d0%bc%d0%b8%d1%85%d0%b0%d0%b8%d0%bb-%d1%87%d0%b5%d0%ba%d0%b0%d0%bb%d0%b8%d0%bd-%e2%80%8e-post%e2%80%a7pop-non%e2%80%a7pop\/#primaryimage","url":"https:\/\/vinilozona.lt\/wp-content\/uploads\/2020\/12\/R-1584849-1505041267-5952.jpeg.jpg","contentUrl":"https:\/\/vinilozona.lt\/wp-content\/uploads\/2020\/12\/R-1584849-1505041267-5952.jpeg.jpg","width":297,"height":300},{"@type":"BreadcrumbList","@id":"https:\/\/vinilozona.lt\/parduotuve\/rock-pop\/%d0%bc%d0%b8%d1%85%d0%b0%d0%b8%d0%bb-%d1%87%d0%b5%d0%ba%d0%b0%d0%bb%d0%b8%d0%bd-%e2%80%8e-post%e2%80%a7pop-non%e2%80%a7pop\/#breadcrumb","itemListElement":[{"@type":"ListItem","position":1,"name":"Home","item":"https:\/\/vinilozona.lt\/"},{"@type":"ListItem","position":2,"name":"Parduotuv\u0117","item":"https:\/\/vinilozona.lt\/parduotuve\/"},{"@type":"ListItem","position":3,"name":"Mikhail Chekalin\/\u041c\u0438\u0445\u0430\u0438\u043b \u0427\u0435\u043a\u0430\u043b\u0438\u043d \u200e\u2013 Post\u2027Pop &#8211; Non\u2027Pop"}]},{"@type":"WebSite","@id":"https:\/\/vinilozona.lt\/#website","url":"https:\/\/vinilozona.lt\/","name":"Vinilo Zona","description":"Nup\u016bsk dulkes ir klausyk LP","potentialAction":[{"@type":"SearchAction","target":{"@type":"EntryPoint","urlTemplate":"https:\/\/vinilozona.lt\/?s={search_term_string}"},"query-input":{"@type":"PropertyValueSpecification","valueRequired":true,"valueName":"search_term_string"}}],"inLanguage":"en-GB"}]}},"_links":{"self":[{"href":"https:\/\/vinilozona.lt\/en\/wp-json\/wp\/v2\/product\/13176"}],"collection":[{"href":"https:\/\/vinilozona.lt\/en\/wp-json\/wp\/v2\/product"}],"about":[{"href":"https:\/\/vinilozona.lt\/en\/wp-json\/wp\/v2\/types\/product"}],"wp:featuredmedia":[{"embeddable":true,"href":"https:\/\/vinilozona.lt\/en\/wp-json\/wp\/v2\/media\/13177"}],"wp:attachment":[{"href":"https:\/\/vinilozona.lt\/en\/wp-json\/wp\/v2\/media?parent=13176"}],"wp:term":[{"taxonomy":"product_cat","embeddable":true,"href":"https:\/\/vinilozona.lt\/en\/wp-json\/wp\/v2\/product_cat?post=13176"},{"taxonomy":"product_tag","embeddable":true,"href":"https:\/\/vinilozona.lt\/en\/wp-json\/wp\/v2\/product_tag?post=13176"}],"curies":[{"name":"wp","href":"https:\/\/api.w.org\/{rel}","templated":true}]}}