{"id":13158,"date":"2023-07-13T12:05:30","date_gmt":"2023-07-13T09:05:30","guid":{"rendered":"https:\/\/vinilozona.lt\/?post_type=product&#038;p=13158"},"modified":"2026-01-09T15:00:09","modified_gmt":"2026-01-09T13:00:09","slug":"nazareth-%e2%80%8e-cinema","status":"publish","type":"product","link":"https:\/\/vinilozona.lt\/en\/parduotuve\/naujos-lp\/nazareth-%e2%80%8e-cinema\/","title":{"rendered":"Nazareth \u2013 Malice In Wonderland"},"content":{"rendered":"<p>A1\t\tHoliday  3:35<br \/>\nA2\t\tShowdown At The Border  4:10<br \/>\nA3\t\tTalkin&#8217; To One Of The Boys  4:12<br \/>\nA4\t\tHeart&#8217;s Grown Cold  4:14<br \/>\nA5\t\tFast Cars  4:37<br \/>\nB1\t\tBig Boy  3:38<br \/>\nB2\t\tTalkin&#8217; About Love  3:55<br \/>\nB3\t\tFallen Angel  4:42<br \/>\nB4\t\tShip Of Dreams  4:06<br \/>\nB5\t\tTurning A New Leaf  3:54<\/p>","protected":false},"excerpt":{"rendered":"<p>Salvo \u2013 SALVO391LP<br \/>\nFormat:<br \/>\nVinyl, LP, Album, Reissue, Remastered, Red<br \/>\nCountry:\tEurope<br \/>\nReleased:\t2019<\/p>","protected":false},"featured_media":21972,"template":"","meta":[],"product_cat":[23],"product_tag":[1025],"yoast_head":"<!-- This site is optimized with the Yoast SEO plugin v23.5 - https:\/\/yoast.com\/wordpress\/plugins\/seo\/ -->\n<title>Nazareth \u2013 Malice In Wonderland Vinilin\u0117 Plok\u0161tel\u0117 | Vinilozona.lt<\/title>\n<meta name=\"robots\" content=\"index, follow, max-snippet:-1, max-image-preview:large, max-video-preview:-1\" \/>\n<link rel=\"canonical\" href=\"https:\/\/vinilozona.lt\/en\/parduotuve\/naujos-lp\/nazareth-\u200e-cinema\/\" \/>\n<meta property=\"og:locale\" content=\"en_GB\" \/>\n<meta property=\"og:type\" content=\"article\" \/>\n<meta property=\"og:title\" content=\"Nazareth \u2013 Malice In Wonderland Vinilin\u0117 Plok\u0161tel\u0117 | Vinilozona.lt\" \/>\n<meta property=\"og:description\" content=\"Salvo \u2013 SALVO391LP Format:  Vinyl, LP, Album, Reissue, Remastered, Red Country: Europe Released: 2019\" \/>\n<meta property=\"og:url\" content=\"https:\/\/vinilozona.lt\/en\/parduotuve\/naujos-lp\/nazareth-\u200e-cinema\/\" \/>\n<meta property=\"og:site_name\" content=\"Vinilo Zona\" \/>\n<meta property=\"article:modified_time\" content=\"2026-01-09T13:00:09+00:00\" \/>\n<meta property=\"og:image\" content=\"https:\/\/vinilozona.lt\/wp-content\/uploads\/2020\/12\/R-1192004-1299181923.jpg\" \/>\n\t<meta property=\"og:image:width\" content=\"280\" \/>\n\t<meta property=\"og:image:height\" content=\"280\" \/>\n\t<meta property=\"og:image:type\" content=\"image\/jpeg\" \/>\n<meta name=\"twitter:card\" content=\"summary_large_image\" \/>\n<script type=\"application\/ld+json\" class=\"yoast-schema-graph\">{\"@context\":\"https:\/\/schema.org\",\"@graph\":[{\"@type\":\"WebPage\",\"@id\":\"https:\/\/vinilozona.lt\/parduotuve\/naujos-lp\/nazareth-%e2%80%8e-cinema\/\",\"url\":\"https:\/\/vinilozona.lt\/parduotuve\/naujos-lp\/nazareth-%e2%80%8e-cinema\/\",\"name\":\"Nazareth \u2013 Malice In Wonderland Vinilin\u0117 Plok\u0161tel\u0117 | Vinilozona.lt\",\"isPartOf\":{\"@id\":\"https:\/\/vinilozona.lt\/#website\"},\"primaryImageOfPage\":{\"@id\":\"https:\/\/vinilozona.lt\/parduotuve\/naujos-lp\/nazareth-%e2%80%8e-cinema\/#primaryimage\"},\"image\":{\"@id\":\"https:\/\/vinilozona.lt\/parduotuve\/naujos-lp\/nazareth-%e2%80%8e-cinema\/#primaryimage\"},\"thumbnailUrl\":\"https:\/\/vinilozona.lt\/wp-content\/uploads\/2020\/12\/R-1192004-1299181923.jpg\",\"datePublished\":\"2023-07-13T09:05:30+00:00\",\"dateModified\":\"2026-01-09T13:00:09+00:00\",\"breadcrumb\":{\"@id\":\"https:\/\/vinilozona.lt\/parduotuve\/naujos-lp\/nazareth-%e2%80%8e-cinema\/#breadcrumb\"},\"inLanguage\":\"en-GB\",\"potentialAction\":[{\"@type\":\"ReadAction\",\"target\":[\"https:\/\/vinilozona.lt\/parduotuve\/naujos-lp\/nazareth-%e2%80%8e-cinema\/\"]}]},{\"@type\":\"ImageObject\",\"inLanguage\":\"en-GB\",\"@id\":\"https:\/\/vinilozona.lt\/parduotuve\/naujos-lp\/nazareth-%e2%80%8e-cinema\/#primaryimage\",\"url\":\"https:\/\/vinilozona.lt\/wp-content\/uploads\/2020\/12\/R-1192004-1299181923.jpg\",\"contentUrl\":\"https:\/\/vinilozona.lt\/wp-content\/uploads\/2020\/12\/R-1192004-1299181923.jpg\",\"width\":280,\"height\":280},{\"@type\":\"BreadcrumbList\",\"@id\":\"https:\/\/vinilozona.lt\/parduotuve\/naujos-lp\/nazareth-%e2%80%8e-cinema\/#breadcrumb\",\"itemListElement\":[{\"@type\":\"ListItem\",\"position\":1,\"name\":\"Home\",\"item\":\"https:\/\/vinilozona.lt\/\"},{\"@type\":\"ListItem\",\"position\":2,\"name\":\"Parduotuv\u0117\",\"item\":\"https:\/\/vinilozona.lt\/parduotuve\/\"},{\"@type\":\"ListItem\",\"position\":3,\"name\":\"Nazareth \u2013 Malice In Wonderland\"}]},{\"@type\":\"WebSite\",\"@id\":\"https:\/\/vinilozona.lt\/#website\",\"url\":\"https:\/\/vinilozona.lt\/\",\"name\":\"Vinilo Zona\",\"description\":\"Nup\u016bsk dulkes ir klausyk LP\",\"potentialAction\":[{\"@type\":\"SearchAction\",\"target\":{\"@type\":\"EntryPoint\",\"urlTemplate\":\"https:\/\/vinilozona.lt\/?s={search_term_string}\"},\"query-input\":{\"@type\":\"PropertyValueSpecification\",\"valueRequired\":true,\"valueName\":\"search_term_string\"}}],\"inLanguage\":\"en-GB\"}]}<\/script>\n<!-- \/ Yoast SEO plugin. -->","yoast_head_json":{"title":"Nazareth \u2013 Malice In Wonderland Vinilin\u0117 Plok\u0161tel\u0117 | Vinilozona.lt","robots":{"index":"index","follow":"follow","max-snippet":"max-snippet:-1","max-image-preview":"max-image-preview:large","max-video-preview":"max-video-preview:-1"},"canonical":"https:\/\/vinilozona.lt\/en\/parduotuve\/naujos-lp\/nazareth-\u200e-cinema\/","og_locale":"en_GB","og_type":"article","og_title":"Nazareth \u2013 Malice In Wonderland Vinilin\u0117 Plok\u0161tel\u0117 | Vinilozona.lt","og_description":"Salvo \u2013 SALVO391LP Format:  Vinyl, LP, Album, Reissue, Remastered, Red Country: Europe Released: 2019","og_url":"https:\/\/vinilozona.lt\/en\/parduotuve\/naujos-lp\/nazareth-\u200e-cinema\/","og_site_name":"Vinilo Zona","article_modified_time":"2026-01-09T13:00:09+00:00","og_image":[{"width":280,"height":280,"url":"https:\/\/vinilozona.lt\/wp-content\/uploads\/2020\/12\/R-1192004-1299181923.jpg","type":"image\/jpeg"}],"twitter_card":"summary_large_image","schema":{"@context":"https:\/\/schema.org","@graph":[{"@type":"WebPage","@id":"https:\/\/vinilozona.lt\/parduotuve\/naujos-lp\/nazareth-%e2%80%8e-cinema\/","url":"https:\/\/vinilozona.lt\/parduotuve\/naujos-lp\/nazareth-%e2%80%8e-cinema\/","name":"Nazareth \u2013 Malice In Wonderland Vinilin\u0117 Plok\u0161tel\u0117 | Vinilozona.lt","isPartOf":{"@id":"https:\/\/vinilozona.lt\/#website"},"primaryImageOfPage":{"@id":"https:\/\/vinilozona.lt\/parduotuve\/naujos-lp\/nazareth-%e2%80%8e-cinema\/#primaryimage"},"image":{"@id":"https:\/\/vinilozona.lt\/parduotuve\/naujos-lp\/nazareth-%e2%80%8e-cinema\/#primaryimage"},"thumbnailUrl":"https:\/\/vinilozona.lt\/wp-content\/uploads\/2020\/12\/R-1192004-1299181923.jpg","datePublished":"2023-07-13T09:05:30+00:00","dateModified":"2026-01-09T13:00:09+00:00","breadcrumb":{"@id":"https:\/\/vinilozona.lt\/parduotuve\/naujos-lp\/nazareth-%e2%80%8e-cinema\/#breadcrumb"},"inLanguage":"en-GB","potentialAction":[{"@type":"ReadAction","target":["https:\/\/vinilozona.lt\/parduotuve\/naujos-lp\/nazareth-%e2%80%8e-cinema\/"]}]},{"@type":"ImageObject","inLanguage":"en-GB","@id":"https:\/\/vinilozona.lt\/parduotuve\/naujos-lp\/nazareth-%e2%80%8e-cinema\/#primaryimage","url":"https:\/\/vinilozona.lt\/wp-content\/uploads\/2020\/12\/R-1192004-1299181923.jpg","contentUrl":"https:\/\/vinilozona.lt\/wp-content\/uploads\/2020\/12\/R-1192004-1299181923.jpg","width":280,"height":280},{"@type":"BreadcrumbList","@id":"https:\/\/vinilozona.lt\/parduotuve\/naujos-lp\/nazareth-%e2%80%8e-cinema\/#breadcrumb","itemListElement":[{"@type":"ListItem","position":1,"name":"Home","item":"https:\/\/vinilozona.lt\/"},{"@type":"ListItem","position":2,"name":"Parduotuv\u0117","item":"https:\/\/vinilozona.lt\/parduotuve\/"},{"@type":"ListItem","position":3,"name":"Nazareth \u2013 Malice In Wonderland"}]},{"@type":"WebSite","@id":"https:\/\/vinilozona.lt\/#website","url":"https:\/\/vinilozona.lt\/","name":"Vinilo Zona","description":"Nup\u016bsk dulkes ir klausyk LP","potentialAction":[{"@type":"SearchAction","target":{"@type":"EntryPoint","urlTemplate":"https:\/\/vinilozona.lt\/?s={search_term_string}"},"query-input":{"@type":"PropertyValueSpecification","valueRequired":true,"valueName":"search_term_string"}}],"inLanguage":"en-GB"}]}},"_links":{"self":[{"href":"https:\/\/vinilozona.lt\/en\/wp-json\/wp\/v2\/product\/13158"}],"collection":[{"href":"https:\/\/vinilozona.lt\/en\/wp-json\/wp\/v2\/product"}],"about":[{"href":"https:\/\/vinilozona.lt\/en\/wp-json\/wp\/v2\/types\/product"}],"wp:featuredmedia":[{"embeddable":true,"href":"https:\/\/vinilozona.lt\/en\/wp-json\/wp\/v2\/media\/21972"}],"wp:attachment":[{"href":"https:\/\/vinilozona.lt\/en\/wp-json\/wp\/v2\/media?parent=13158"}],"wp:term":[{"taxonomy":"product_cat","embeddable":true,"href":"https:\/\/vinilozona.lt\/en\/wp-json\/wp\/v2\/product_cat?post=13158"},{"taxonomy":"product_tag","embeddable":true,"href":"https:\/\/vinilozona.lt\/en\/wp-json\/wp\/v2\/product_tag?post=13158"}],"curies":[{"name":"wp","href":"https:\/\/api.w.org\/{rel}","templated":true}]}}