{"id":13123,"date":"2020-12-08T10:34:06","date_gmt":"2020-12-08T08:34:06","guid":{"rendered":"https:\/\/vinilozona.lt\/?post_type=product&#038;p=13123"},"modified":"2020-12-11T22:07:14","modified_gmt":"2020-12-11T20:07:14","slug":"the-klf-%e2%80%8e-last-train-to-trancentral-live-from-the-lost-continent","status":"publish","type":"product","link":"https:\/\/vinilozona.lt\/en\/parduotuve\/rock-pop\/the-klf-%e2%80%8e-last-train-to-trancentral-live-from-the-lost-continent\/","title":{"rendered":"The KLF \u200e\u2013 Last Train To Trancentral (Live From The Lost Continent)"},"content":{"rendered":"","protected":false},"excerpt":{"rendered":"<p>COMA 127014 <\/p>","protected":false},"featured_media":13124,"template":"","meta":[],"product_cat":[15,684],"product_tag":[44],"yoast_head":"<!-- This site is optimized with the Yoast SEO plugin v23.5 - https:\/\/yoast.com\/wordpress\/plugins\/seo\/ -->\n<title>The KLF \u200e\u2013 Last Train To Trancentral (Live From The Lost Continent) Vinilin\u0117 Plok\u0161tel\u0117 | Vinilozona.lt<\/title>\n<meta name=\"robots\" content=\"index, follow, max-snippet:-1, max-image-preview:large, max-video-preview:-1\" \/>\n<link rel=\"canonical\" href=\"https:\/\/vinilozona.lt\/en\/parduotuve\/rock-pop\/the-klf-\u200e-last-train-to-trancentral-live-from-the-lost-continent\/\" \/>\n<meta property=\"og:locale\" content=\"en_GB\" \/>\n<meta property=\"og:type\" content=\"article\" \/>\n<meta property=\"og:title\" content=\"The KLF \u200e\u2013 Last Train To Trancentral (Live From The Lost Continent) Vinilin\u0117 Plok\u0161tel\u0117 | Vinilozona.lt\" \/>\n<meta property=\"og:description\" content=\"COMA 127014\" \/>\n<meta property=\"og:url\" content=\"https:\/\/vinilozona.lt\/en\/parduotuve\/rock-pop\/the-klf-\u200e-last-train-to-trancentral-live-from-the-lost-continent\/\" \/>\n<meta property=\"og:site_name\" content=\"Vinilo Zona\" \/>\n<meta property=\"article:modified_time\" content=\"2020-12-11T20:07:14+00:00\" \/>\n<meta property=\"og:image\" content=\"https:\/\/vinilozona.lt\/wp-content\/uploads\/2020\/12\/R-112986-1395503240-7208.jpeg.jpg\" \/>\n\t<meta property=\"og:image:width\" content=\"598\" \/>\n\t<meta property=\"og:image:height\" content=\"572\" \/>\n\t<meta property=\"og:image:type\" content=\"image\/jpeg\" \/>\n<meta name=\"twitter:card\" content=\"summary_large_image\" \/>\n<script type=\"application\/ld+json\" class=\"yoast-schema-graph\">{\"@context\":\"https:\/\/schema.org\",\"@graph\":[{\"@type\":\"WebPage\",\"@id\":\"https:\/\/vinilozona.lt\/parduotuve\/rock-pop\/the-klf-%e2%80%8e-last-train-to-trancentral-live-from-the-lost-continent\/\",\"url\":\"https:\/\/vinilozona.lt\/parduotuve\/rock-pop\/the-klf-%e2%80%8e-last-train-to-trancentral-live-from-the-lost-continent\/\",\"name\":\"The KLF \u200e\u2013 Last Train To Trancentral (Live From The Lost Continent) Vinilin\u0117 Plok\u0161tel\u0117 | Vinilozona.lt\",\"isPartOf\":{\"@id\":\"https:\/\/vinilozona.lt\/#website\"},\"primaryImageOfPage\":{\"@id\":\"https:\/\/vinilozona.lt\/parduotuve\/rock-pop\/the-klf-%e2%80%8e-last-train-to-trancentral-live-from-the-lost-continent\/#primaryimage\"},\"image\":{\"@id\":\"https:\/\/vinilozona.lt\/parduotuve\/rock-pop\/the-klf-%e2%80%8e-last-train-to-trancentral-live-from-the-lost-continent\/#primaryimage\"},\"thumbnailUrl\":\"https:\/\/vinilozona.lt\/wp-content\/uploads\/2020\/12\/R-112986-1395503240-7208.jpeg.jpg\",\"datePublished\":\"2020-12-08T08:34:06+00:00\",\"dateModified\":\"2020-12-11T20:07:14+00:00\",\"breadcrumb\":{\"@id\":\"https:\/\/vinilozona.lt\/parduotuve\/rock-pop\/the-klf-%e2%80%8e-last-train-to-trancentral-live-from-the-lost-continent\/#breadcrumb\"},\"inLanguage\":\"en-GB\",\"potentialAction\":[{\"@type\":\"ReadAction\",\"target\":[\"https:\/\/vinilozona.lt\/parduotuve\/rock-pop\/the-klf-%e2%80%8e-last-train-to-trancentral-live-from-the-lost-continent\/\"]}]},{\"@type\":\"ImageObject\",\"inLanguage\":\"en-GB\",\"@id\":\"https:\/\/vinilozona.lt\/parduotuve\/rock-pop\/the-klf-%e2%80%8e-last-train-to-trancentral-live-from-the-lost-continent\/#primaryimage\",\"url\":\"https:\/\/vinilozona.lt\/wp-content\/uploads\/2020\/12\/R-112986-1395503240-7208.jpeg.jpg\",\"contentUrl\":\"https:\/\/vinilozona.lt\/wp-content\/uploads\/2020\/12\/R-112986-1395503240-7208.jpeg.jpg\",\"width\":598,\"height\":572},{\"@type\":\"BreadcrumbList\",\"@id\":\"https:\/\/vinilozona.lt\/parduotuve\/rock-pop\/the-klf-%e2%80%8e-last-train-to-trancentral-live-from-the-lost-continent\/#breadcrumb\",\"itemListElement\":[{\"@type\":\"ListItem\",\"position\":1,\"name\":\"Home\",\"item\":\"https:\/\/vinilozona.lt\/\"},{\"@type\":\"ListItem\",\"position\":2,\"name\":\"Parduotuv\u0117\",\"item\":\"https:\/\/vinilozona.lt\/parduotuve\/\"},{\"@type\":\"ListItem\",\"position\":3,\"name\":\"The KLF \u200e\u2013 Last Train To Trancentral (Live From The Lost Continent)\"}]},{\"@type\":\"WebSite\",\"@id\":\"https:\/\/vinilozona.lt\/#website\",\"url\":\"https:\/\/vinilozona.lt\/\",\"name\":\"Vinilo Zona\",\"description\":\"Nup\u016bsk dulkes ir klausyk LP\",\"potentialAction\":[{\"@type\":\"SearchAction\",\"target\":{\"@type\":\"EntryPoint\",\"urlTemplate\":\"https:\/\/vinilozona.lt\/?s={search_term_string}\"},\"query-input\":{\"@type\":\"PropertyValueSpecification\",\"valueRequired\":true,\"valueName\":\"search_term_string\"}}],\"inLanguage\":\"en-GB\"}]}<\/script>\n<!-- \/ Yoast SEO plugin. -->","yoast_head_json":{"title":"The KLF \u200e\u2013 Last Train To Trancentral (Live From The Lost Continent) Vinilin\u0117 Plok\u0161tel\u0117 | Vinilozona.lt","robots":{"index":"index","follow":"follow","max-snippet":"max-snippet:-1","max-image-preview":"max-image-preview:large","max-video-preview":"max-video-preview:-1"},"canonical":"https:\/\/vinilozona.lt\/en\/parduotuve\/rock-pop\/the-klf-\u200e-last-train-to-trancentral-live-from-the-lost-continent\/","og_locale":"en_GB","og_type":"article","og_title":"The KLF \u200e\u2013 Last Train To Trancentral (Live From The Lost Continent) Vinilin\u0117 Plok\u0161tel\u0117 | Vinilozona.lt","og_description":"COMA 127014","og_url":"https:\/\/vinilozona.lt\/en\/parduotuve\/rock-pop\/the-klf-\u200e-last-train-to-trancentral-live-from-the-lost-continent\/","og_site_name":"Vinilo Zona","article_modified_time":"2020-12-11T20:07:14+00:00","og_image":[{"width":598,"height":572,"url":"https:\/\/vinilozona.lt\/wp-content\/uploads\/2020\/12\/R-112986-1395503240-7208.jpeg.jpg","type":"image\/jpeg"}],"twitter_card":"summary_large_image","schema":{"@context":"https:\/\/schema.org","@graph":[{"@type":"WebPage","@id":"https:\/\/vinilozona.lt\/parduotuve\/rock-pop\/the-klf-%e2%80%8e-last-train-to-trancentral-live-from-the-lost-continent\/","url":"https:\/\/vinilozona.lt\/parduotuve\/rock-pop\/the-klf-%e2%80%8e-last-train-to-trancentral-live-from-the-lost-continent\/","name":"The KLF \u200e\u2013 Last Train To Trancentral (Live From The Lost Continent) Vinilin\u0117 Plok\u0161tel\u0117 | Vinilozona.lt","isPartOf":{"@id":"https:\/\/vinilozona.lt\/#website"},"primaryImageOfPage":{"@id":"https:\/\/vinilozona.lt\/parduotuve\/rock-pop\/the-klf-%e2%80%8e-last-train-to-trancentral-live-from-the-lost-continent\/#primaryimage"},"image":{"@id":"https:\/\/vinilozona.lt\/parduotuve\/rock-pop\/the-klf-%e2%80%8e-last-train-to-trancentral-live-from-the-lost-continent\/#primaryimage"},"thumbnailUrl":"https:\/\/vinilozona.lt\/wp-content\/uploads\/2020\/12\/R-112986-1395503240-7208.jpeg.jpg","datePublished":"2020-12-08T08:34:06+00:00","dateModified":"2020-12-11T20:07:14+00:00","breadcrumb":{"@id":"https:\/\/vinilozona.lt\/parduotuve\/rock-pop\/the-klf-%e2%80%8e-last-train-to-trancentral-live-from-the-lost-continent\/#breadcrumb"},"inLanguage":"en-GB","potentialAction":[{"@type":"ReadAction","target":["https:\/\/vinilozona.lt\/parduotuve\/rock-pop\/the-klf-%e2%80%8e-last-train-to-trancentral-live-from-the-lost-continent\/"]}]},{"@type":"ImageObject","inLanguage":"en-GB","@id":"https:\/\/vinilozona.lt\/parduotuve\/rock-pop\/the-klf-%e2%80%8e-last-train-to-trancentral-live-from-the-lost-continent\/#primaryimage","url":"https:\/\/vinilozona.lt\/wp-content\/uploads\/2020\/12\/R-112986-1395503240-7208.jpeg.jpg","contentUrl":"https:\/\/vinilozona.lt\/wp-content\/uploads\/2020\/12\/R-112986-1395503240-7208.jpeg.jpg","width":598,"height":572},{"@type":"BreadcrumbList","@id":"https:\/\/vinilozona.lt\/parduotuve\/rock-pop\/the-klf-%e2%80%8e-last-train-to-trancentral-live-from-the-lost-continent\/#breadcrumb","itemListElement":[{"@type":"ListItem","position":1,"name":"Home","item":"https:\/\/vinilozona.lt\/"},{"@type":"ListItem","position":2,"name":"Parduotuv\u0117","item":"https:\/\/vinilozona.lt\/parduotuve\/"},{"@type":"ListItem","position":3,"name":"The KLF \u200e\u2013 Last Train To Trancentral (Live From The Lost Continent)"}]},{"@type":"WebSite","@id":"https:\/\/vinilozona.lt\/#website","url":"https:\/\/vinilozona.lt\/","name":"Vinilo Zona","description":"Nup\u016bsk dulkes ir klausyk LP","potentialAction":[{"@type":"SearchAction","target":{"@type":"EntryPoint","urlTemplate":"https:\/\/vinilozona.lt\/?s={search_term_string}"},"query-input":{"@type":"PropertyValueSpecification","valueRequired":true,"valueName":"search_term_string"}}],"inLanguage":"en-GB"}]}},"_links":{"self":[{"href":"https:\/\/vinilozona.lt\/en\/wp-json\/wp\/v2\/product\/13123"}],"collection":[{"href":"https:\/\/vinilozona.lt\/en\/wp-json\/wp\/v2\/product"}],"about":[{"href":"https:\/\/vinilozona.lt\/en\/wp-json\/wp\/v2\/types\/product"}],"wp:featuredmedia":[{"embeddable":true,"href":"https:\/\/vinilozona.lt\/en\/wp-json\/wp\/v2\/media\/13124"}],"wp:attachment":[{"href":"https:\/\/vinilozona.lt\/en\/wp-json\/wp\/v2\/media?parent=13123"}],"wp:term":[{"taxonomy":"product_cat","embeddable":true,"href":"https:\/\/vinilozona.lt\/en\/wp-json\/wp\/v2\/product_cat?post=13123"},{"taxonomy":"product_tag","embeddable":true,"href":"https:\/\/vinilozona.lt\/en\/wp-json\/wp\/v2\/product_tag?post=13123"}],"curies":[{"name":"wp","href":"https:\/\/api.w.org\/{rel}","templated":true}]}}