{"id":13098,"date":"2025-02-21T05:08:44","date_gmt":"2025-02-21T03:08:44","guid":{"rendered":"https:\/\/vinilozona.lt\/?post_type=product&#038;p=13098"},"modified":"2025-02-22T17:34:29","modified_gmt":"2025-02-22T15:34:29","slug":"sex-pistols-%e2%80%8e-never-mind-the-bollocks-heres-the-sex-pistols","status":"publish","type":"product","link":"https:\/\/vinilozona.lt\/en\/parduotuve\/rock-pop\/sex-pistols-%e2%80%8e-never-mind-the-bollocks-heres-the-sex-pistols\/","title":{"rendered":"Sex Pistols \u2013 Flogging A Dead Horse"},"content":{"rendered":"<p>A1\t\tAnarchy In The U.K.\t3:31<br \/>\nA2\t\tI Wanna Be Me\t3:02<br \/>\nA3\t\tGod Save The Queen\t3:18<br \/>\nA4\t\tDid You No Wrong\t3:09<br \/>\nA5\t\tPretty Vacant\t3:14<br \/>\nA6\t\tNo Fun  6:22<br \/>\nA7\t\tHolidays In The Sun\t3:20<br \/>\nB1\t\tNo One Is Innocent\t3:09<br \/>\nB2\t\tMy Way\t4:05<br \/>\nB3\t\tSomething Else\t2:09<br \/>\nB4\t\tSilly Thing\t2:50<br \/>\nB5\t\tC&#8217;mon Everybody\t1:55<br \/>\nB6\t\t(I&#8217;m Not Your) Stepping Stone  3:05<br \/>\nB7\t\tGreat Rock &#8216;N&#8217; Roll Swindle\t4:12<\/p>","protected":false},"excerpt":{"rendered":"<p>Virgin \u2013 V2142, Virgin \u2013 V 2142<br \/>\nFormat:<br \/>\nVinyl, LP, Compilation, Stereo<br \/>\nCountry:<br \/>\nUK<br \/>\nReleased:<br \/>\n1979<\/p>","protected":false},"featured_media":27484,"template":"","meta":[],"product_cat":[15],"product_tag":[44],"yoast_head":"<!-- This site is optimized with the Yoast SEO plugin v23.5 - https:\/\/yoast.com\/wordpress\/plugins\/seo\/ -->\n<title>Sex Pistols \u2013 Flogging A Dead Horse Vinilin\u0117 Plok\u0161tel\u0117 | Vinilozona.lt<\/title>\n<meta name=\"robots\" content=\"index, follow, max-snippet:-1, max-image-preview:large, max-video-preview:-1\" \/>\n<link rel=\"canonical\" href=\"https:\/\/vinilozona.lt\/en\/parduotuve\/rock-pop\/sex-pistols-\u200e-never-mind-the-bollocks-heres-the-sex-pistols\/\" \/>\n<meta property=\"og:locale\" content=\"en_GB\" \/>\n<meta property=\"og:type\" content=\"article\" \/>\n<meta property=\"og:title\" content=\"Sex Pistols \u2013 Flogging A Dead Horse Vinilin\u0117 Plok\u0161tel\u0117 | Vinilozona.lt\" \/>\n<meta property=\"og:description\" content=\"Virgin \u2013 V2142, Virgin \u2013 V 2142 Format: Vinyl, LP, Compilation, Stereo Country: UK Released: 1979\" \/>\n<meta property=\"og:url\" content=\"https:\/\/vinilozona.lt\/en\/parduotuve\/rock-pop\/sex-pistols-\u200e-never-mind-the-bollocks-heres-the-sex-pistols\/\" \/>\n<meta property=\"og:site_name\" content=\"Vinilo Zona\" \/>\n<meta property=\"article:modified_time\" content=\"2025-02-22T15:34:29+00:00\" \/>\n<meta property=\"og:image\" content=\"https:\/\/vinilozona.lt\/wp-content\/uploads\/2020\/12\/R-9545555-1601814766-3261.jpg\" \/>\n\t<meta property=\"og:image:width\" content=\"599\" \/>\n\t<meta property=\"og:image:height\" content=\"596\" \/>\n\t<meta property=\"og:image:type\" content=\"image\/jpeg\" \/>\n<meta name=\"twitter:card\" content=\"summary_large_image\" \/>\n<meta name=\"twitter:label1\" content=\"Estimated reading time\" \/>\n\t<meta name=\"twitter:data1\" content=\"1 minute\" \/>\n<script type=\"application\/ld+json\" class=\"yoast-schema-graph\">{\"@context\":\"https:\/\/schema.org\",\"@graph\":[{\"@type\":\"WebPage\",\"@id\":\"https:\/\/vinilozona.lt\/parduotuve\/rock-pop\/sex-pistols-%e2%80%8e-never-mind-the-bollocks-heres-the-sex-pistols\/\",\"url\":\"https:\/\/vinilozona.lt\/parduotuve\/rock-pop\/sex-pistols-%e2%80%8e-never-mind-the-bollocks-heres-the-sex-pistols\/\",\"name\":\"Sex Pistols \u2013 Flogging A Dead Horse Vinilin\u0117 Plok\u0161tel\u0117 | Vinilozona.lt\",\"isPartOf\":{\"@id\":\"https:\/\/vinilozona.lt\/#website\"},\"primaryImageOfPage\":{\"@id\":\"https:\/\/vinilozona.lt\/parduotuve\/rock-pop\/sex-pistols-%e2%80%8e-never-mind-the-bollocks-heres-the-sex-pistols\/#primaryimage\"},\"image\":{\"@id\":\"https:\/\/vinilozona.lt\/parduotuve\/rock-pop\/sex-pistols-%e2%80%8e-never-mind-the-bollocks-heres-the-sex-pistols\/#primaryimage\"},\"thumbnailUrl\":\"https:\/\/vinilozona.lt\/wp-content\/uploads\/2020\/12\/R-9545555-1601814766-3261.jpg\",\"datePublished\":\"2025-02-21T03:08:44+00:00\",\"dateModified\":\"2025-02-22T15:34:29+00:00\",\"breadcrumb\":{\"@id\":\"https:\/\/vinilozona.lt\/parduotuve\/rock-pop\/sex-pistols-%e2%80%8e-never-mind-the-bollocks-heres-the-sex-pistols\/#breadcrumb\"},\"inLanguage\":\"en-GB\",\"potentialAction\":[{\"@type\":\"ReadAction\",\"target\":[\"https:\/\/vinilozona.lt\/parduotuve\/rock-pop\/sex-pistols-%e2%80%8e-never-mind-the-bollocks-heres-the-sex-pistols\/\"]}]},{\"@type\":\"ImageObject\",\"inLanguage\":\"en-GB\",\"@id\":\"https:\/\/vinilozona.lt\/parduotuve\/rock-pop\/sex-pistols-%e2%80%8e-never-mind-the-bollocks-heres-the-sex-pistols\/#primaryimage\",\"url\":\"https:\/\/vinilozona.lt\/wp-content\/uploads\/2020\/12\/R-9545555-1601814766-3261.jpg\",\"contentUrl\":\"https:\/\/vinilozona.lt\/wp-content\/uploads\/2020\/12\/R-9545555-1601814766-3261.jpg\",\"width\":599,\"height\":596},{\"@type\":\"BreadcrumbList\",\"@id\":\"https:\/\/vinilozona.lt\/parduotuve\/rock-pop\/sex-pistols-%e2%80%8e-never-mind-the-bollocks-heres-the-sex-pistols\/#breadcrumb\",\"itemListElement\":[{\"@type\":\"ListItem\",\"position\":1,\"name\":\"Home\",\"item\":\"https:\/\/vinilozona.lt\/\"},{\"@type\":\"ListItem\",\"position\":2,\"name\":\"Parduotuv\u0117\",\"item\":\"https:\/\/vinilozona.lt\/parduotuve\/\"},{\"@type\":\"ListItem\",\"position\":3,\"name\":\"Sex Pistols \u2013 Flogging A Dead Horse\"}]},{\"@type\":\"WebSite\",\"@id\":\"https:\/\/vinilozona.lt\/#website\",\"url\":\"https:\/\/vinilozona.lt\/\",\"name\":\"Vinilo Zona\",\"description\":\"Nup\u016bsk dulkes ir klausyk LP\",\"potentialAction\":[{\"@type\":\"SearchAction\",\"target\":{\"@type\":\"EntryPoint\",\"urlTemplate\":\"https:\/\/vinilozona.lt\/?s={search_term_string}\"},\"query-input\":{\"@type\":\"PropertyValueSpecification\",\"valueRequired\":true,\"valueName\":\"search_term_string\"}}],\"inLanguage\":\"en-GB\"}]}<\/script>\n<!-- \/ Yoast SEO plugin. -->","yoast_head_json":{"title":"Sex Pistols \u2013 Flogging A Dead Horse Vinilin\u0117 Plok\u0161tel\u0117 | Vinilozona.lt","robots":{"index":"index","follow":"follow","max-snippet":"max-snippet:-1","max-image-preview":"max-image-preview:large","max-video-preview":"max-video-preview:-1"},"canonical":"https:\/\/vinilozona.lt\/en\/parduotuve\/rock-pop\/sex-pistols-\u200e-never-mind-the-bollocks-heres-the-sex-pistols\/","og_locale":"en_GB","og_type":"article","og_title":"Sex Pistols \u2013 Flogging A Dead Horse Vinilin\u0117 Plok\u0161tel\u0117 | Vinilozona.lt","og_description":"Virgin \u2013 V2142, Virgin \u2013 V 2142 Format: Vinyl, LP, Compilation, Stereo Country: UK Released: 1979","og_url":"https:\/\/vinilozona.lt\/en\/parduotuve\/rock-pop\/sex-pistols-\u200e-never-mind-the-bollocks-heres-the-sex-pistols\/","og_site_name":"Vinilo Zona","article_modified_time":"2025-02-22T15:34:29+00:00","og_image":[{"width":599,"height":596,"url":"https:\/\/vinilozona.lt\/wp-content\/uploads\/2020\/12\/R-9545555-1601814766-3261.jpg","type":"image\/jpeg"}],"twitter_card":"summary_large_image","twitter_misc":{"Estimated reading time":"1 minute"},"schema":{"@context":"https:\/\/schema.org","@graph":[{"@type":"WebPage","@id":"https:\/\/vinilozona.lt\/parduotuve\/rock-pop\/sex-pistols-%e2%80%8e-never-mind-the-bollocks-heres-the-sex-pistols\/","url":"https:\/\/vinilozona.lt\/parduotuve\/rock-pop\/sex-pistols-%e2%80%8e-never-mind-the-bollocks-heres-the-sex-pistols\/","name":"Sex Pistols \u2013 Flogging A Dead Horse Vinilin\u0117 Plok\u0161tel\u0117 | Vinilozona.lt","isPartOf":{"@id":"https:\/\/vinilozona.lt\/#website"},"primaryImageOfPage":{"@id":"https:\/\/vinilozona.lt\/parduotuve\/rock-pop\/sex-pistols-%e2%80%8e-never-mind-the-bollocks-heres-the-sex-pistols\/#primaryimage"},"image":{"@id":"https:\/\/vinilozona.lt\/parduotuve\/rock-pop\/sex-pistols-%e2%80%8e-never-mind-the-bollocks-heres-the-sex-pistols\/#primaryimage"},"thumbnailUrl":"https:\/\/vinilozona.lt\/wp-content\/uploads\/2020\/12\/R-9545555-1601814766-3261.jpg","datePublished":"2025-02-21T03:08:44+00:00","dateModified":"2025-02-22T15:34:29+00:00","breadcrumb":{"@id":"https:\/\/vinilozona.lt\/parduotuve\/rock-pop\/sex-pistols-%e2%80%8e-never-mind-the-bollocks-heres-the-sex-pistols\/#breadcrumb"},"inLanguage":"en-GB","potentialAction":[{"@type":"ReadAction","target":["https:\/\/vinilozona.lt\/parduotuve\/rock-pop\/sex-pistols-%e2%80%8e-never-mind-the-bollocks-heres-the-sex-pistols\/"]}]},{"@type":"ImageObject","inLanguage":"en-GB","@id":"https:\/\/vinilozona.lt\/parduotuve\/rock-pop\/sex-pistols-%e2%80%8e-never-mind-the-bollocks-heres-the-sex-pistols\/#primaryimage","url":"https:\/\/vinilozona.lt\/wp-content\/uploads\/2020\/12\/R-9545555-1601814766-3261.jpg","contentUrl":"https:\/\/vinilozona.lt\/wp-content\/uploads\/2020\/12\/R-9545555-1601814766-3261.jpg","width":599,"height":596},{"@type":"BreadcrumbList","@id":"https:\/\/vinilozona.lt\/parduotuve\/rock-pop\/sex-pistols-%e2%80%8e-never-mind-the-bollocks-heres-the-sex-pistols\/#breadcrumb","itemListElement":[{"@type":"ListItem","position":1,"name":"Home","item":"https:\/\/vinilozona.lt\/"},{"@type":"ListItem","position":2,"name":"Parduotuv\u0117","item":"https:\/\/vinilozona.lt\/parduotuve\/"},{"@type":"ListItem","position":3,"name":"Sex Pistols \u2013 Flogging A Dead Horse"}]},{"@type":"WebSite","@id":"https:\/\/vinilozona.lt\/#website","url":"https:\/\/vinilozona.lt\/","name":"Vinilo Zona","description":"Nup\u016bsk dulkes ir klausyk LP","potentialAction":[{"@type":"SearchAction","target":{"@type":"EntryPoint","urlTemplate":"https:\/\/vinilozona.lt\/?s={search_term_string}"},"query-input":{"@type":"PropertyValueSpecification","valueRequired":true,"valueName":"search_term_string"}}],"inLanguage":"en-GB"}]}},"_links":{"self":[{"href":"https:\/\/vinilozona.lt\/en\/wp-json\/wp\/v2\/product\/13098"}],"collection":[{"href":"https:\/\/vinilozona.lt\/en\/wp-json\/wp\/v2\/product"}],"about":[{"href":"https:\/\/vinilozona.lt\/en\/wp-json\/wp\/v2\/types\/product"}],"wp:featuredmedia":[{"embeddable":true,"href":"https:\/\/vinilozona.lt\/en\/wp-json\/wp\/v2\/media\/27484"}],"wp:attachment":[{"href":"https:\/\/vinilozona.lt\/en\/wp-json\/wp\/v2\/media?parent=13098"}],"wp:term":[{"taxonomy":"product_cat","embeddable":true,"href":"https:\/\/vinilozona.lt\/en\/wp-json\/wp\/v2\/product_cat?post=13098"},{"taxonomy":"product_tag","embeddable":true,"href":"https:\/\/vinilozona.lt\/en\/wp-json\/wp\/v2\/product_tag?post=13098"}],"curies":[{"name":"wp","href":"https:\/\/api.w.org\/{rel}","templated":true}]}}