{"id":13085,"date":"2025-01-18T05:05:00","date_gmt":"2025-01-18T03:05:00","guid":{"rendered":"https:\/\/vinilozona.lt\/?post_type=product&#038;p=13085"},"modified":"2025-01-18T07:35:18","modified_gmt":"2025-01-18T05:35:18","slug":"led-zeppelin-%e2%80%8e-led-zeppelin","status":"publish","type":"product","link":"https:\/\/vinilozona.lt\/en\/parduotuve\/naujos-lp\/led-zeppelin-%e2%80%8e-led-zeppelin\/","title":{"rendered":"Led Zeppelin \u200e\u2013 Led Zeppelin"},"content":{"rendered":"<p>Good Times Bad Times\t2:43<br \/>\nBabe I&#8217;m Gonna Leave You\t6:40<br \/>\nYou Shook Me\t6:30<br \/>\nDazed And Confused\t6:27<br \/>\nYour Time Is Gonna Come\t4:41<br \/>\nBlack Mountain Side\t2:06<br \/>\nCommunication Breakdown\t2:26<br \/>\nI Can&#8217;t Quit You Baby\t4:42<br \/>\nHow Many More Times\t3:30<\/p>","protected":false},"excerpt":{"rendered":"<p>8122796641<\/p>","protected":false},"featured_media":13086,"template":"","meta":[],"product_cat":[23],"product_tag":[74],"yoast_head":"<!-- This site is optimized with the Yoast SEO plugin v23.5 - https:\/\/yoast.com\/wordpress\/plugins\/seo\/ -->\n<title>Led Zeppelin \u200e\u2013 Led Zeppelin Vinilin\u0117 Plok\u0161tel\u0117 | Vinilozona.lt<\/title>\n<meta name=\"robots\" content=\"index, follow, max-snippet:-1, max-image-preview:large, max-video-preview:-1\" \/>\n<link rel=\"canonical\" href=\"https:\/\/vinilozona.lt\/en\/parduotuve\/naujos-lp\/led-zeppelin-\u200e-led-zeppelin\/\" \/>\n<meta property=\"og:locale\" content=\"en_GB\" \/>\n<meta property=\"og:type\" content=\"article\" \/>\n<meta property=\"og:title\" content=\"Led Zeppelin \u200e\u2013 Led Zeppelin Vinilin\u0117 Plok\u0161tel\u0117 | Vinilozona.lt\" \/>\n<meta property=\"og:description\" content=\"8122796641\" \/>\n<meta property=\"og:url\" content=\"https:\/\/vinilozona.lt\/en\/parduotuve\/naujos-lp\/led-zeppelin-\u200e-led-zeppelin\/\" \/>\n<meta property=\"og:site_name\" content=\"Vinilo Zona\" \/>\n<meta property=\"article:modified_time\" content=\"2025-01-18T05:35:18+00:00\" \/>\n<meta property=\"og:image\" content=\"https:\/\/vinilozona.lt\/wp-content\/uploads\/2020\/12\/R-5734419-1409212221-2834.jpeg.jpg\" \/>\n\t<meta property=\"og:image:width\" content=\"300\" \/>\n\t<meta property=\"og:image:height\" content=\"300\" \/>\n\t<meta property=\"og:image:type\" content=\"image\/jpeg\" \/>\n<meta name=\"twitter:card\" content=\"summary_large_image\" \/>\n<script type=\"application\/ld+json\" class=\"yoast-schema-graph\">{\"@context\":\"https:\/\/schema.org\",\"@graph\":[{\"@type\":\"WebPage\",\"@id\":\"https:\/\/vinilozona.lt\/parduotuve\/naujos-lp\/led-zeppelin-%e2%80%8e-led-zeppelin\/\",\"url\":\"https:\/\/vinilozona.lt\/parduotuve\/naujos-lp\/led-zeppelin-%e2%80%8e-led-zeppelin\/\",\"name\":\"Led Zeppelin \u200e\u2013 Led Zeppelin Vinilin\u0117 Plok\u0161tel\u0117 | Vinilozona.lt\",\"isPartOf\":{\"@id\":\"https:\/\/vinilozona.lt\/#website\"},\"primaryImageOfPage\":{\"@id\":\"https:\/\/vinilozona.lt\/parduotuve\/naujos-lp\/led-zeppelin-%e2%80%8e-led-zeppelin\/#primaryimage\"},\"image\":{\"@id\":\"https:\/\/vinilozona.lt\/parduotuve\/naujos-lp\/led-zeppelin-%e2%80%8e-led-zeppelin\/#primaryimage\"},\"thumbnailUrl\":\"https:\/\/vinilozona.lt\/wp-content\/uploads\/2020\/12\/R-5734419-1409212221-2834.jpeg.jpg\",\"datePublished\":\"2025-01-18T03:05:00+00:00\",\"dateModified\":\"2025-01-18T05:35:18+00:00\",\"breadcrumb\":{\"@id\":\"https:\/\/vinilozona.lt\/parduotuve\/naujos-lp\/led-zeppelin-%e2%80%8e-led-zeppelin\/#breadcrumb\"},\"inLanguage\":\"en-GB\",\"potentialAction\":[{\"@type\":\"ReadAction\",\"target\":[\"https:\/\/vinilozona.lt\/parduotuve\/naujos-lp\/led-zeppelin-%e2%80%8e-led-zeppelin\/\"]}]},{\"@type\":\"ImageObject\",\"inLanguage\":\"en-GB\",\"@id\":\"https:\/\/vinilozona.lt\/parduotuve\/naujos-lp\/led-zeppelin-%e2%80%8e-led-zeppelin\/#primaryimage\",\"url\":\"https:\/\/vinilozona.lt\/wp-content\/uploads\/2020\/12\/R-5734419-1409212221-2834.jpeg.jpg\",\"contentUrl\":\"https:\/\/vinilozona.lt\/wp-content\/uploads\/2020\/12\/R-5734419-1409212221-2834.jpeg.jpg\",\"width\":300,\"height\":300},{\"@type\":\"BreadcrumbList\",\"@id\":\"https:\/\/vinilozona.lt\/parduotuve\/naujos-lp\/led-zeppelin-%e2%80%8e-led-zeppelin\/#breadcrumb\",\"itemListElement\":[{\"@type\":\"ListItem\",\"position\":1,\"name\":\"Home\",\"item\":\"https:\/\/vinilozona.lt\/\"},{\"@type\":\"ListItem\",\"position\":2,\"name\":\"Parduotuv\u0117\",\"item\":\"https:\/\/vinilozona.lt\/parduotuve\/\"},{\"@type\":\"ListItem\",\"position\":3,\"name\":\"Led Zeppelin \u200e\u2013 Led Zeppelin\"}]},{\"@type\":\"WebSite\",\"@id\":\"https:\/\/vinilozona.lt\/#website\",\"url\":\"https:\/\/vinilozona.lt\/\",\"name\":\"Vinilo Zona\",\"description\":\"Nup\u016bsk dulkes ir klausyk LP\",\"potentialAction\":[{\"@type\":\"SearchAction\",\"target\":{\"@type\":\"EntryPoint\",\"urlTemplate\":\"https:\/\/vinilozona.lt\/?s={search_term_string}\"},\"query-input\":{\"@type\":\"PropertyValueSpecification\",\"valueRequired\":true,\"valueName\":\"search_term_string\"}}],\"inLanguage\":\"en-GB\"}]}<\/script>\n<!-- \/ Yoast SEO plugin. -->","yoast_head_json":{"title":"Led Zeppelin \u200e\u2013 Led Zeppelin Vinilin\u0117 Plok\u0161tel\u0117 | Vinilozona.lt","robots":{"index":"index","follow":"follow","max-snippet":"max-snippet:-1","max-image-preview":"max-image-preview:large","max-video-preview":"max-video-preview:-1"},"canonical":"https:\/\/vinilozona.lt\/en\/parduotuve\/naujos-lp\/led-zeppelin-\u200e-led-zeppelin\/","og_locale":"en_GB","og_type":"article","og_title":"Led Zeppelin \u200e\u2013 Led Zeppelin Vinilin\u0117 Plok\u0161tel\u0117 | Vinilozona.lt","og_description":"8122796641","og_url":"https:\/\/vinilozona.lt\/en\/parduotuve\/naujos-lp\/led-zeppelin-\u200e-led-zeppelin\/","og_site_name":"Vinilo Zona","article_modified_time":"2025-01-18T05:35:18+00:00","og_image":[{"width":300,"height":300,"url":"https:\/\/vinilozona.lt\/wp-content\/uploads\/2020\/12\/R-5734419-1409212221-2834.jpeg.jpg","type":"image\/jpeg"}],"twitter_card":"summary_large_image","schema":{"@context":"https:\/\/schema.org","@graph":[{"@type":"WebPage","@id":"https:\/\/vinilozona.lt\/parduotuve\/naujos-lp\/led-zeppelin-%e2%80%8e-led-zeppelin\/","url":"https:\/\/vinilozona.lt\/parduotuve\/naujos-lp\/led-zeppelin-%e2%80%8e-led-zeppelin\/","name":"Led Zeppelin \u200e\u2013 Led Zeppelin Vinilin\u0117 Plok\u0161tel\u0117 | Vinilozona.lt","isPartOf":{"@id":"https:\/\/vinilozona.lt\/#website"},"primaryImageOfPage":{"@id":"https:\/\/vinilozona.lt\/parduotuve\/naujos-lp\/led-zeppelin-%e2%80%8e-led-zeppelin\/#primaryimage"},"image":{"@id":"https:\/\/vinilozona.lt\/parduotuve\/naujos-lp\/led-zeppelin-%e2%80%8e-led-zeppelin\/#primaryimage"},"thumbnailUrl":"https:\/\/vinilozona.lt\/wp-content\/uploads\/2020\/12\/R-5734419-1409212221-2834.jpeg.jpg","datePublished":"2025-01-18T03:05:00+00:00","dateModified":"2025-01-18T05:35:18+00:00","breadcrumb":{"@id":"https:\/\/vinilozona.lt\/parduotuve\/naujos-lp\/led-zeppelin-%e2%80%8e-led-zeppelin\/#breadcrumb"},"inLanguage":"en-GB","potentialAction":[{"@type":"ReadAction","target":["https:\/\/vinilozona.lt\/parduotuve\/naujos-lp\/led-zeppelin-%e2%80%8e-led-zeppelin\/"]}]},{"@type":"ImageObject","inLanguage":"en-GB","@id":"https:\/\/vinilozona.lt\/parduotuve\/naujos-lp\/led-zeppelin-%e2%80%8e-led-zeppelin\/#primaryimage","url":"https:\/\/vinilozona.lt\/wp-content\/uploads\/2020\/12\/R-5734419-1409212221-2834.jpeg.jpg","contentUrl":"https:\/\/vinilozona.lt\/wp-content\/uploads\/2020\/12\/R-5734419-1409212221-2834.jpeg.jpg","width":300,"height":300},{"@type":"BreadcrumbList","@id":"https:\/\/vinilozona.lt\/parduotuve\/naujos-lp\/led-zeppelin-%e2%80%8e-led-zeppelin\/#breadcrumb","itemListElement":[{"@type":"ListItem","position":1,"name":"Home","item":"https:\/\/vinilozona.lt\/"},{"@type":"ListItem","position":2,"name":"Parduotuv\u0117","item":"https:\/\/vinilozona.lt\/parduotuve\/"},{"@type":"ListItem","position":3,"name":"Led Zeppelin \u200e\u2013 Led Zeppelin"}]},{"@type":"WebSite","@id":"https:\/\/vinilozona.lt\/#website","url":"https:\/\/vinilozona.lt\/","name":"Vinilo Zona","description":"Nup\u016bsk dulkes ir klausyk LP","potentialAction":[{"@type":"SearchAction","target":{"@type":"EntryPoint","urlTemplate":"https:\/\/vinilozona.lt\/?s={search_term_string}"},"query-input":{"@type":"PropertyValueSpecification","valueRequired":true,"valueName":"search_term_string"}}],"inLanguage":"en-GB"}]}},"_links":{"self":[{"href":"https:\/\/vinilozona.lt\/en\/wp-json\/wp\/v2\/product\/13085"}],"collection":[{"href":"https:\/\/vinilozona.lt\/en\/wp-json\/wp\/v2\/product"}],"about":[{"href":"https:\/\/vinilozona.lt\/en\/wp-json\/wp\/v2\/types\/product"}],"wp:featuredmedia":[{"embeddable":true,"href":"https:\/\/vinilozona.lt\/en\/wp-json\/wp\/v2\/media\/13086"}],"wp:attachment":[{"href":"https:\/\/vinilozona.lt\/en\/wp-json\/wp\/v2\/media?parent=13085"}],"wp:term":[{"taxonomy":"product_cat","embeddable":true,"href":"https:\/\/vinilozona.lt\/en\/wp-json\/wp\/v2\/product_cat?post=13085"},{"taxonomy":"product_tag","embeddable":true,"href":"https:\/\/vinilozona.lt\/en\/wp-json\/wp\/v2\/product_tag?post=13085"}],"curies":[{"name":"wp","href":"https:\/\/api.w.org\/{rel}","templated":true}]}}