{"id":13077,"date":"2024-12-17T12:54:22","date_gmt":"2024-12-17T10:54:22","guid":{"rendered":"https:\/\/vinilozona.lt\/?post_type=product&#038;p=13077"},"modified":"2024-12-19T16:10:29","modified_gmt":"2024-12-19T14:10:29","slug":"tears-for-fears-%e2%80%8e-rule-the-world-2lp","status":"publish","type":"product","link":"https:\/\/vinilozona.lt\/en\/parduotuve\/naujos-lp\/tears-for-fears-%e2%80%8e-rule-the-world-2lp\/","title":{"rendered":"Tears For Fears \u200e\u2013 Rule The World 2LP"},"content":{"rendered":"<p>A1\tTears For Fears\u2013\tEverybody Wants To Rule The World 4:12<br \/>\nA2\tTears For Fears\u2013\tShout 4:46<br \/>\nA3\tTears For Fears\u2013\tI Love You But I\u2019m Lost 4:21<br \/>\nA4\tTears For Fears\u2013\tMad World 3:34<br \/>\nB1\tTears For Fears\u2013\tSowing The Seeds Of Love 6:17<br \/>\nB2\tTears For Fears\u2013\tAdvice For The Young At Heart 4:51<br \/>\nB3\tTears For Fears\u2013\tHead Over Heels 4:16<br \/>\nB4\tTears For Fears &#038; Oleta Adams\u2013\tWoman In Chains 6:30<br \/>\nC1\tTears For Fears\u2013\tChange 3:57<br \/>\nC2\tTears For Fears\u2013\tStay 4:29<br \/>\nC3\tTears For Fears\u2013\tPale Shelter 4:35<br \/>\nC4\tTears For Fears\u2013\tMothers Talk 4:12<br \/>\nD1\tTears For Fears\u2013\tBreak It Down Again 4:32<br \/>\nD2\tTears For Fears\u2013\tI Believe 4:56<br \/>\nD3\tTears For Fears\u2013\tRaoul And The Kings Of Spain 5:17<br \/>\nD4\tTears For Fears\u2013\tClosest Thing To Heaven 3:36<\/p>","protected":false},"excerpt":{"rendered":"<p>00600753802885<\/p>","protected":false},"featured_media":13078,"template":"","meta":[],"product_cat":[23],"product_tag":[55],"yoast_head":"<!-- This site is optimized with the Yoast SEO plugin v23.5 - https:\/\/yoast.com\/wordpress\/plugins\/seo\/ -->\n<title>Tears For Fears \u200e\u2013 Rule The World 2LP Vinilin\u0117 Plok\u0161tel\u0117 | Vinilozona.lt<\/title>\n<meta name=\"robots\" content=\"index, follow, max-snippet:-1, max-image-preview:large, max-video-preview:-1\" \/>\n<link rel=\"canonical\" href=\"https:\/\/vinilozona.lt\/en\/parduotuve\/naujos-lp\/tears-for-fears-\u200e-rule-the-world-2lp\/\" \/>\n<meta property=\"og:locale\" content=\"en_GB\" \/>\n<meta property=\"og:type\" content=\"article\" \/>\n<meta property=\"og:title\" content=\"Tears For Fears \u200e\u2013 Rule The World 2LP Vinilin\u0117 Plok\u0161tel\u0117 | Vinilozona.lt\" \/>\n<meta property=\"og:description\" content=\"00600753802885\" \/>\n<meta property=\"og:url\" content=\"https:\/\/vinilozona.lt\/en\/parduotuve\/naujos-lp\/tears-for-fears-\u200e-rule-the-world-2lp\/\" \/>\n<meta property=\"og:site_name\" content=\"Vinilo Zona\" \/>\n<meta property=\"article:modified_time\" content=\"2024-12-19T14:10:29+00:00\" \/>\n<meta property=\"og:image\" content=\"https:\/\/vinilozona.lt\/wp-content\/uploads\/2020\/12\/R-11224816-1514631879-3588.jpeg.jpg\" \/>\n\t<meta property=\"og:image:width\" content=\"300\" \/>\n\t<meta property=\"og:image:height\" content=\"299\" \/>\n\t<meta property=\"og:image:type\" content=\"image\/jpeg\" \/>\n<meta name=\"twitter:card\" content=\"summary_large_image\" \/>\n<meta name=\"twitter:label1\" content=\"Estimated reading time\" \/>\n\t<meta name=\"twitter:data1\" content=\"1 minute\" \/>\n<script type=\"application\/ld+json\" class=\"yoast-schema-graph\">{\"@context\":\"https:\/\/schema.org\",\"@graph\":[{\"@type\":\"WebPage\",\"@id\":\"https:\/\/vinilozona.lt\/parduotuve\/naujos-lp\/tears-for-fears-%e2%80%8e-rule-the-world-2lp\/\",\"url\":\"https:\/\/vinilozona.lt\/parduotuve\/naujos-lp\/tears-for-fears-%e2%80%8e-rule-the-world-2lp\/\",\"name\":\"Tears For Fears \u200e\u2013 Rule The World 2LP Vinilin\u0117 Plok\u0161tel\u0117 | Vinilozona.lt\",\"isPartOf\":{\"@id\":\"https:\/\/vinilozona.lt\/#website\"},\"primaryImageOfPage\":{\"@id\":\"https:\/\/vinilozona.lt\/parduotuve\/naujos-lp\/tears-for-fears-%e2%80%8e-rule-the-world-2lp\/#primaryimage\"},\"image\":{\"@id\":\"https:\/\/vinilozona.lt\/parduotuve\/naujos-lp\/tears-for-fears-%e2%80%8e-rule-the-world-2lp\/#primaryimage\"},\"thumbnailUrl\":\"https:\/\/vinilozona.lt\/wp-content\/uploads\/2020\/12\/R-11224816-1514631879-3588.jpeg.jpg\",\"datePublished\":\"2024-12-17T10:54:22+00:00\",\"dateModified\":\"2024-12-19T14:10:29+00:00\",\"breadcrumb\":{\"@id\":\"https:\/\/vinilozona.lt\/parduotuve\/naujos-lp\/tears-for-fears-%e2%80%8e-rule-the-world-2lp\/#breadcrumb\"},\"inLanguage\":\"en-GB\",\"potentialAction\":[{\"@type\":\"ReadAction\",\"target\":[\"https:\/\/vinilozona.lt\/parduotuve\/naujos-lp\/tears-for-fears-%e2%80%8e-rule-the-world-2lp\/\"]}]},{\"@type\":\"ImageObject\",\"inLanguage\":\"en-GB\",\"@id\":\"https:\/\/vinilozona.lt\/parduotuve\/naujos-lp\/tears-for-fears-%e2%80%8e-rule-the-world-2lp\/#primaryimage\",\"url\":\"https:\/\/vinilozona.lt\/wp-content\/uploads\/2020\/12\/R-11224816-1514631879-3588.jpeg.jpg\",\"contentUrl\":\"https:\/\/vinilozona.lt\/wp-content\/uploads\/2020\/12\/R-11224816-1514631879-3588.jpeg.jpg\",\"width\":300,\"height\":299},{\"@type\":\"BreadcrumbList\",\"@id\":\"https:\/\/vinilozona.lt\/parduotuve\/naujos-lp\/tears-for-fears-%e2%80%8e-rule-the-world-2lp\/#breadcrumb\",\"itemListElement\":[{\"@type\":\"ListItem\",\"position\":1,\"name\":\"Home\",\"item\":\"https:\/\/vinilozona.lt\/\"},{\"@type\":\"ListItem\",\"position\":2,\"name\":\"Parduotuv\u0117\",\"item\":\"https:\/\/vinilozona.lt\/parduotuve\/\"},{\"@type\":\"ListItem\",\"position\":3,\"name\":\"Tears For Fears \u200e\u2013 Rule The World 2LP\"}]},{\"@type\":\"WebSite\",\"@id\":\"https:\/\/vinilozona.lt\/#website\",\"url\":\"https:\/\/vinilozona.lt\/\",\"name\":\"Vinilo Zona\",\"description\":\"Nup\u016bsk dulkes ir klausyk LP\",\"potentialAction\":[{\"@type\":\"SearchAction\",\"target\":{\"@type\":\"EntryPoint\",\"urlTemplate\":\"https:\/\/vinilozona.lt\/?s={search_term_string}\"},\"query-input\":{\"@type\":\"PropertyValueSpecification\",\"valueRequired\":true,\"valueName\":\"search_term_string\"}}],\"inLanguage\":\"en-GB\"}]}<\/script>\n<!-- \/ Yoast SEO plugin. -->","yoast_head_json":{"title":"Tears For Fears \u200e\u2013 Rule The World 2LP Vinilin\u0117 Plok\u0161tel\u0117 | Vinilozona.lt","robots":{"index":"index","follow":"follow","max-snippet":"max-snippet:-1","max-image-preview":"max-image-preview:large","max-video-preview":"max-video-preview:-1"},"canonical":"https:\/\/vinilozona.lt\/en\/parduotuve\/naujos-lp\/tears-for-fears-\u200e-rule-the-world-2lp\/","og_locale":"en_GB","og_type":"article","og_title":"Tears For Fears \u200e\u2013 Rule The World 2LP Vinilin\u0117 Plok\u0161tel\u0117 | Vinilozona.lt","og_description":"00600753802885","og_url":"https:\/\/vinilozona.lt\/en\/parduotuve\/naujos-lp\/tears-for-fears-\u200e-rule-the-world-2lp\/","og_site_name":"Vinilo Zona","article_modified_time":"2024-12-19T14:10:29+00:00","og_image":[{"width":300,"height":299,"url":"https:\/\/vinilozona.lt\/wp-content\/uploads\/2020\/12\/R-11224816-1514631879-3588.jpeg.jpg","type":"image\/jpeg"}],"twitter_card":"summary_large_image","twitter_misc":{"Estimated reading time":"1 minute"},"schema":{"@context":"https:\/\/schema.org","@graph":[{"@type":"WebPage","@id":"https:\/\/vinilozona.lt\/parduotuve\/naujos-lp\/tears-for-fears-%e2%80%8e-rule-the-world-2lp\/","url":"https:\/\/vinilozona.lt\/parduotuve\/naujos-lp\/tears-for-fears-%e2%80%8e-rule-the-world-2lp\/","name":"Tears For Fears \u200e\u2013 Rule The World 2LP Vinilin\u0117 Plok\u0161tel\u0117 | Vinilozona.lt","isPartOf":{"@id":"https:\/\/vinilozona.lt\/#website"},"primaryImageOfPage":{"@id":"https:\/\/vinilozona.lt\/parduotuve\/naujos-lp\/tears-for-fears-%e2%80%8e-rule-the-world-2lp\/#primaryimage"},"image":{"@id":"https:\/\/vinilozona.lt\/parduotuve\/naujos-lp\/tears-for-fears-%e2%80%8e-rule-the-world-2lp\/#primaryimage"},"thumbnailUrl":"https:\/\/vinilozona.lt\/wp-content\/uploads\/2020\/12\/R-11224816-1514631879-3588.jpeg.jpg","datePublished":"2024-12-17T10:54:22+00:00","dateModified":"2024-12-19T14:10:29+00:00","breadcrumb":{"@id":"https:\/\/vinilozona.lt\/parduotuve\/naujos-lp\/tears-for-fears-%e2%80%8e-rule-the-world-2lp\/#breadcrumb"},"inLanguage":"en-GB","potentialAction":[{"@type":"ReadAction","target":["https:\/\/vinilozona.lt\/parduotuve\/naujos-lp\/tears-for-fears-%e2%80%8e-rule-the-world-2lp\/"]}]},{"@type":"ImageObject","inLanguage":"en-GB","@id":"https:\/\/vinilozona.lt\/parduotuve\/naujos-lp\/tears-for-fears-%e2%80%8e-rule-the-world-2lp\/#primaryimage","url":"https:\/\/vinilozona.lt\/wp-content\/uploads\/2020\/12\/R-11224816-1514631879-3588.jpeg.jpg","contentUrl":"https:\/\/vinilozona.lt\/wp-content\/uploads\/2020\/12\/R-11224816-1514631879-3588.jpeg.jpg","width":300,"height":299},{"@type":"BreadcrumbList","@id":"https:\/\/vinilozona.lt\/parduotuve\/naujos-lp\/tears-for-fears-%e2%80%8e-rule-the-world-2lp\/#breadcrumb","itemListElement":[{"@type":"ListItem","position":1,"name":"Home","item":"https:\/\/vinilozona.lt\/"},{"@type":"ListItem","position":2,"name":"Parduotuv\u0117","item":"https:\/\/vinilozona.lt\/parduotuve\/"},{"@type":"ListItem","position":3,"name":"Tears For Fears \u200e\u2013 Rule The World 2LP"}]},{"@type":"WebSite","@id":"https:\/\/vinilozona.lt\/#website","url":"https:\/\/vinilozona.lt\/","name":"Vinilo Zona","description":"Nup\u016bsk dulkes ir klausyk LP","potentialAction":[{"@type":"SearchAction","target":{"@type":"EntryPoint","urlTemplate":"https:\/\/vinilozona.lt\/?s={search_term_string}"},"query-input":{"@type":"PropertyValueSpecification","valueRequired":true,"valueName":"search_term_string"}}],"inLanguage":"en-GB"}]}},"_links":{"self":[{"href":"https:\/\/vinilozona.lt\/en\/wp-json\/wp\/v2\/product\/13077"}],"collection":[{"href":"https:\/\/vinilozona.lt\/en\/wp-json\/wp\/v2\/product"}],"about":[{"href":"https:\/\/vinilozona.lt\/en\/wp-json\/wp\/v2\/types\/product"}],"wp:featuredmedia":[{"embeddable":true,"href":"https:\/\/vinilozona.lt\/en\/wp-json\/wp\/v2\/media\/13078"}],"wp:attachment":[{"href":"https:\/\/vinilozona.lt\/en\/wp-json\/wp\/v2\/media?parent=13077"}],"wp:term":[{"taxonomy":"product_cat","embeddable":true,"href":"https:\/\/vinilozona.lt\/en\/wp-json\/wp\/v2\/product_cat?post=13077"},{"taxonomy":"product_tag","embeddable":true,"href":"https:\/\/vinilozona.lt\/en\/wp-json\/wp\/v2\/product_tag?post=13077"}],"curies":[{"name":"wp","href":"https:\/\/api.w.org\/{rel}","templated":true}]}}