{"id":13048,"date":"2023-11-20T12:00:49","date_gmt":"2023-11-20T10:00:49","guid":{"rendered":"https:\/\/vinilozona.lt\/?post_type=product&#038;p=13048"},"modified":"2024-03-23T08:02:18","modified_gmt":"2024-03-23T06:02:18","slug":"vytautas-kernagis-%e2%80%8e-teisingos-dainos-70-2lp","status":"publish","type":"product","link":"https:\/\/vinilozona.lt\/en\/parduotuve\/lietuviska\/vytautas-kernagis-%e2%80%8e-teisingos-dainos-70-2lp\/","title":{"rendered":"Vytautas Kernagis \u200e\u2013 &#8222;Teisingos dainos 70&#8221; 2LP"},"content":{"rendered":"<p>Vytauto Kernagio 70-ies met\u0173 jubiliejaus proga Vytauto Kernagio fondas pristato jau ketvirt\u0105j\u0105 dvigub\u0105 Vytauto Kernagio dain\u0173 vinilin\u0119 plok\u0161tel\u0119 \u201eTeisingos dainos 70\u201c.<\/p>\n<p>Vytauto Kernagio k\u016bryba \u2013 spalvinga ir apimanti ne vien\u0105 \u017eanr\u0105. \u0160is albumas apr\u0117pia daugel\u012f j\u0173. Jame skamba tiek gyvo pasirodymo \u012fra\u0161ai (U\u017eupio bluzas), tiek ma\u017eiau gird\u0117ti \u201cDainos teatro\u201d ar kabareto \u201cTarp girn\u0173\u201d k\u016briniai, kuriems Vytautas Kernagis suteik\u0117 be galo daug gyvybi\u0161kumo. Aran\u017euoti akustiniai \u201cI\u0161einu\u201d, \u201cJei \u017einotum tu\u201d ar \u201cPurpurinis vakaras\u201d \u0161iame albume suskamba visai kitaip. O visas \u0161iais dainas apjungia nuostabios balad\u0117s \u201cVakaras\u201d bei \u201cBalad\u0117 apie dvi sraiges\u201d, kurios subalansuoja vis\u0105 album\u0105. Ir tai tik dalis k\u016brini\u0173, kuriuos rasite \u0161iame albume.<br \/>\nTa\u010diau did\u017eiausia dovana Vytauto Kernagio gerb\u0117jams yra niekur neskamb\u0117jusi, niekur ne\u012fra\u0161yta ir tik 2020 met\u0173 ruden\u012f choro \u201c\u0104\u017euoliukas\u201d atlikta daina \u201cTu esi man.. Pasilik\u201d.<br \/>\n\u201eIntuicija diktavo, kad ta daina privalo tur\u0117ti savo gyvenim\u0105, nepasilikti stal\u010diuose arba nat\u0173 knygoje\u201c, \u2013 sako maestro Vytautas Mi\u0161kinis, suk\u016br\u0119s dainos chorin\u0119 aran\u017euot\u0119.<br \/>\nPasak jo, nors para\u0161yta prie\u0161 44-erius metus, daina skamba taip, lyg b\u016bt\u0173 para\u0161yta \u0161iandien. Dainos tekstas \u2013 universalus, ne tiesmukas, galintis suskamb\u0117ti \u012fvairiomis gyvenimi\u0161komis aplinkyb\u0117mis.<br \/>\nAlbumas \u201cTeisingos dainos 70\u201d \u2013 nuo\u0161ird\u017eiausia dovana Vytauto Kernagio k\u016brybos gerb\u0117jams.<\/p>\n<p>Dviguba 12\u201d vinilin\u0117 plok\u0161tel\u0117.<br \/>\nSvoris \u2013 180 g.<br \/>\nPagaminta \u010cekijoje.<\/p>\n<p>DAINOS<\/p>\n<p>I PLOK\u0160TEL\u0116<br \/>\n1 PUS\u0116<br \/>\n1. Mano ab\u0117c\u0117l\u0117<br \/>\n2. U\u017euplio bliuzas<br \/>\n3. Ties\u0105 \u017einoti geriau<br \/>\n4. Gimtadienis\t<\/p>\n<p>I PLOK\u0160TEL\u0116<br \/>\n1 PUS\u0116<br \/>\n1. Tamo\u0161iaus Bekepurio pir\u0161lybos<br \/>\n2. Vandens pardav\u0117jo daina lyjant<br \/>\n3. Rugpj\u016btis<br \/>\n4. Vakaras<\/p>\n<p>II PLOK\u0160TEL\u0116<br \/>\n1 PUS\u0116<br \/>\n1. Balad\u0117 apie dvi sraiges<br \/>\n2. Tik niekam nieko nesakai<br \/>\n3. Naktel\u0117<br \/>\n4. Vievers\u0117lis<br \/>\n5. Purpurinis vakaras<\/p>\n<p>II PLOK\u0160TEL\u0116<br \/>\n2 PUS\u0116<br \/>\n1. Tu esi man&#8230; (Pasilik!..)<br \/>\n2. Mil\u017einai<br \/>\n3. I\u0161einu<br \/>\n4. Jei \u017einotum tu<br \/>\n5. Kaip ma\u017eas pauk\u0161\u010diukas<br \/>\n6. Kad karosas vaik\u0161\u010diot\u0173<\/p>","protected":false},"excerpt":{"rendered":"<p>Atlantic \u200e\u2013 ATL K 50 898 <\/p>","protected":false},"featured_media":13049,"template":"","meta":[],"product_cat":[19,23],"product_tag":[55],"yoast_head":"<!-- This site is optimized with the Yoast SEO plugin v23.5 - https:\/\/yoast.com\/wordpress\/plugins\/seo\/ -->\n<title>Vytautas Kernagis \u200e\u2013 &quot;Teisingos dainos 70&quot; 2LP Vinilin\u0117 Plok\u0161tel\u0117 | Vinilozona.lt<\/title>\n<meta name=\"robots\" content=\"index, follow, max-snippet:-1, max-image-preview:large, max-video-preview:-1\" \/>\n<link rel=\"canonical\" href=\"https:\/\/vinilozona.lt\/en\/parduotuve\/lietuviska\/vytautas-kernagis-\u200e-teisingos-dainos-70-2lp\/\" \/>\n<meta property=\"og:locale\" content=\"en_GB\" \/>\n<meta property=\"og:type\" content=\"article\" \/>\n<meta property=\"og:title\" content=\"Vytautas Kernagis \u200e\u2013 &quot;Teisingos dainos 70&quot; 2LP Vinilin\u0117 Plok\u0161tel\u0117 | Vinilozona.lt\" \/>\n<meta property=\"og:description\" content=\"Atlantic \u200e\u2013 ATL K 50 898\" \/>\n<meta property=\"og:url\" content=\"https:\/\/vinilozona.lt\/en\/parduotuve\/lietuviska\/vytautas-kernagis-\u200e-teisingos-dainos-70-2lp\/\" \/>\n<meta property=\"og:site_name\" content=\"Vinilo Zona\" \/>\n<meta property=\"article:modified_time\" content=\"2024-03-23T06:02:18+00:00\" \/>\n<meta property=\"og:image\" content=\"https:\/\/vinilozona.lt\/wp-content\/uploads\/2020\/12\/LP-Teisingos-dainos-70.png\" \/>\n\t<meta property=\"og:image:width\" content=\"1254\" \/>\n\t<meta property=\"og:image:height\" content=\"1256\" \/>\n\t<meta property=\"og:image:type\" content=\"image\/png\" \/>\n<meta name=\"twitter:card\" content=\"summary_large_image\" \/>\n<meta name=\"twitter:label1\" content=\"Estimated reading time\" \/>\n\t<meta name=\"twitter:data1\" content=\"1 minute\" \/>\n<script type=\"application\/ld+json\" class=\"yoast-schema-graph\">{\"@context\":\"https:\/\/schema.org\",\"@graph\":[{\"@type\":\"WebPage\",\"@id\":\"https:\/\/vinilozona.lt\/parduotuve\/lietuviska\/vytautas-kernagis-%e2%80%8e-teisingos-dainos-70-2lp\/\",\"url\":\"https:\/\/vinilozona.lt\/parduotuve\/lietuviska\/vytautas-kernagis-%e2%80%8e-teisingos-dainos-70-2lp\/\",\"name\":\"Vytautas Kernagis \u200e\u2013 \\\"Teisingos dainos 70\\\" 2LP Vinilin\u0117 Plok\u0161tel\u0117 | Vinilozona.lt\",\"isPartOf\":{\"@id\":\"https:\/\/vinilozona.lt\/#website\"},\"primaryImageOfPage\":{\"@id\":\"https:\/\/vinilozona.lt\/parduotuve\/lietuviska\/vytautas-kernagis-%e2%80%8e-teisingos-dainos-70-2lp\/#primaryimage\"},\"image\":{\"@id\":\"https:\/\/vinilozona.lt\/parduotuve\/lietuviska\/vytautas-kernagis-%e2%80%8e-teisingos-dainos-70-2lp\/#primaryimage\"},\"thumbnailUrl\":\"https:\/\/vinilozona.lt\/wp-content\/uploads\/2020\/12\/LP-Teisingos-dainos-70.png\",\"datePublished\":\"2023-11-20T10:00:49+00:00\",\"dateModified\":\"2024-03-23T06:02:18+00:00\",\"breadcrumb\":{\"@id\":\"https:\/\/vinilozona.lt\/parduotuve\/lietuviska\/vytautas-kernagis-%e2%80%8e-teisingos-dainos-70-2lp\/#breadcrumb\"},\"inLanguage\":\"en-GB\",\"potentialAction\":[{\"@type\":\"ReadAction\",\"target\":[\"https:\/\/vinilozona.lt\/parduotuve\/lietuviska\/vytautas-kernagis-%e2%80%8e-teisingos-dainos-70-2lp\/\"]}]},{\"@type\":\"ImageObject\",\"inLanguage\":\"en-GB\",\"@id\":\"https:\/\/vinilozona.lt\/parduotuve\/lietuviska\/vytautas-kernagis-%e2%80%8e-teisingos-dainos-70-2lp\/#primaryimage\",\"url\":\"https:\/\/vinilozona.lt\/wp-content\/uploads\/2020\/12\/LP-Teisingos-dainos-70.png\",\"contentUrl\":\"https:\/\/vinilozona.lt\/wp-content\/uploads\/2020\/12\/LP-Teisingos-dainos-70.png\",\"width\":1254,\"height\":1256},{\"@type\":\"BreadcrumbList\",\"@id\":\"https:\/\/vinilozona.lt\/parduotuve\/lietuviska\/vytautas-kernagis-%e2%80%8e-teisingos-dainos-70-2lp\/#breadcrumb\",\"itemListElement\":[{\"@type\":\"ListItem\",\"position\":1,\"name\":\"Home\",\"item\":\"https:\/\/vinilozona.lt\/\"},{\"@type\":\"ListItem\",\"position\":2,\"name\":\"Parduotuv\u0117\",\"item\":\"https:\/\/vinilozona.lt\/parduotuve\/\"},{\"@type\":\"ListItem\",\"position\":3,\"name\":\"Vytautas Kernagis \u200e\u2013 &#8220;Teisingos dainos 70&#8221; 2LP\"}]},{\"@type\":\"WebSite\",\"@id\":\"https:\/\/vinilozona.lt\/#website\",\"url\":\"https:\/\/vinilozona.lt\/\",\"name\":\"Vinilo Zona\",\"description\":\"Nup\u016bsk dulkes ir klausyk LP\",\"potentialAction\":[{\"@type\":\"SearchAction\",\"target\":{\"@type\":\"EntryPoint\",\"urlTemplate\":\"https:\/\/vinilozona.lt\/?s={search_term_string}\"},\"query-input\":{\"@type\":\"PropertyValueSpecification\",\"valueRequired\":true,\"valueName\":\"search_term_string\"}}],\"inLanguage\":\"en-GB\"}]}<\/script>\n<!-- \/ Yoast SEO plugin. -->","yoast_head_json":{"title":"Vytautas Kernagis \u200e\u2013 \"Teisingos dainos 70\" 2LP Vinilin\u0117 Plok\u0161tel\u0117 | Vinilozona.lt","robots":{"index":"index","follow":"follow","max-snippet":"max-snippet:-1","max-image-preview":"max-image-preview:large","max-video-preview":"max-video-preview:-1"},"canonical":"https:\/\/vinilozona.lt\/en\/parduotuve\/lietuviska\/vytautas-kernagis-\u200e-teisingos-dainos-70-2lp\/","og_locale":"en_GB","og_type":"article","og_title":"Vytautas Kernagis \u200e\u2013 \"Teisingos dainos 70\" 2LP Vinilin\u0117 Plok\u0161tel\u0117 | Vinilozona.lt","og_description":"Atlantic \u200e\u2013 ATL K 50 898","og_url":"https:\/\/vinilozona.lt\/en\/parduotuve\/lietuviska\/vytautas-kernagis-\u200e-teisingos-dainos-70-2lp\/","og_site_name":"Vinilo Zona","article_modified_time":"2024-03-23T06:02:18+00:00","og_image":[{"width":1254,"height":1256,"url":"https:\/\/vinilozona.lt\/wp-content\/uploads\/2020\/12\/LP-Teisingos-dainos-70.png","type":"image\/png"}],"twitter_card":"summary_large_image","twitter_misc":{"Estimated reading time":"1 minute"},"schema":{"@context":"https:\/\/schema.org","@graph":[{"@type":"WebPage","@id":"https:\/\/vinilozona.lt\/parduotuve\/lietuviska\/vytautas-kernagis-%e2%80%8e-teisingos-dainos-70-2lp\/","url":"https:\/\/vinilozona.lt\/parduotuve\/lietuviska\/vytautas-kernagis-%e2%80%8e-teisingos-dainos-70-2lp\/","name":"Vytautas Kernagis \u200e\u2013 \"Teisingos dainos 70\" 2LP Vinilin\u0117 Plok\u0161tel\u0117 | Vinilozona.lt","isPartOf":{"@id":"https:\/\/vinilozona.lt\/#website"},"primaryImageOfPage":{"@id":"https:\/\/vinilozona.lt\/parduotuve\/lietuviska\/vytautas-kernagis-%e2%80%8e-teisingos-dainos-70-2lp\/#primaryimage"},"image":{"@id":"https:\/\/vinilozona.lt\/parduotuve\/lietuviska\/vytautas-kernagis-%e2%80%8e-teisingos-dainos-70-2lp\/#primaryimage"},"thumbnailUrl":"https:\/\/vinilozona.lt\/wp-content\/uploads\/2020\/12\/LP-Teisingos-dainos-70.png","datePublished":"2023-11-20T10:00:49+00:00","dateModified":"2024-03-23T06:02:18+00:00","breadcrumb":{"@id":"https:\/\/vinilozona.lt\/parduotuve\/lietuviska\/vytautas-kernagis-%e2%80%8e-teisingos-dainos-70-2lp\/#breadcrumb"},"inLanguage":"en-GB","potentialAction":[{"@type":"ReadAction","target":["https:\/\/vinilozona.lt\/parduotuve\/lietuviska\/vytautas-kernagis-%e2%80%8e-teisingos-dainos-70-2lp\/"]}]},{"@type":"ImageObject","inLanguage":"en-GB","@id":"https:\/\/vinilozona.lt\/parduotuve\/lietuviska\/vytautas-kernagis-%e2%80%8e-teisingos-dainos-70-2lp\/#primaryimage","url":"https:\/\/vinilozona.lt\/wp-content\/uploads\/2020\/12\/LP-Teisingos-dainos-70.png","contentUrl":"https:\/\/vinilozona.lt\/wp-content\/uploads\/2020\/12\/LP-Teisingos-dainos-70.png","width":1254,"height":1256},{"@type":"BreadcrumbList","@id":"https:\/\/vinilozona.lt\/parduotuve\/lietuviska\/vytautas-kernagis-%e2%80%8e-teisingos-dainos-70-2lp\/#breadcrumb","itemListElement":[{"@type":"ListItem","position":1,"name":"Home","item":"https:\/\/vinilozona.lt\/"},{"@type":"ListItem","position":2,"name":"Parduotuv\u0117","item":"https:\/\/vinilozona.lt\/parduotuve\/"},{"@type":"ListItem","position":3,"name":"Vytautas Kernagis \u200e\u2013 &#8220;Teisingos dainos 70&#8221; 2LP"}]},{"@type":"WebSite","@id":"https:\/\/vinilozona.lt\/#website","url":"https:\/\/vinilozona.lt\/","name":"Vinilo Zona","description":"Nup\u016bsk dulkes ir klausyk LP","potentialAction":[{"@type":"SearchAction","target":{"@type":"EntryPoint","urlTemplate":"https:\/\/vinilozona.lt\/?s={search_term_string}"},"query-input":{"@type":"PropertyValueSpecification","valueRequired":true,"valueName":"search_term_string"}}],"inLanguage":"en-GB"}]}},"_links":{"self":[{"href":"https:\/\/vinilozona.lt\/en\/wp-json\/wp\/v2\/product\/13048"}],"collection":[{"href":"https:\/\/vinilozona.lt\/en\/wp-json\/wp\/v2\/product"}],"about":[{"href":"https:\/\/vinilozona.lt\/en\/wp-json\/wp\/v2\/types\/product"}],"wp:featuredmedia":[{"embeddable":true,"href":"https:\/\/vinilozona.lt\/en\/wp-json\/wp\/v2\/media\/13049"}],"wp:attachment":[{"href":"https:\/\/vinilozona.lt\/en\/wp-json\/wp\/v2\/media?parent=13048"}],"wp:term":[{"taxonomy":"product_cat","embeddable":true,"href":"https:\/\/vinilozona.lt\/en\/wp-json\/wp\/v2\/product_cat?post=13048"},{"taxonomy":"product_tag","embeddable":true,"href":"https:\/\/vinilozona.lt\/en\/wp-json\/wp\/v2\/product_tag?post=13048"}],"curies":[{"name":"wp","href":"https:\/\/api.w.org\/{rel}","templated":true}]}}