{"id":12982,"date":"2026-01-30T05:00:34","date_gmt":"2026-01-30T03:00:34","guid":{"rendered":"https:\/\/vinilozona.lt\/?post_type=product&#038;p=12982"},"modified":"2026-01-30T07:31:29","modified_gmt":"2026-01-30T05:31:29","slug":"creedence-clearwater-revival-%e2%80%8e-creedence-gold","status":"publish","type":"product","link":"https:\/\/vinilozona.lt\/en\/parduotuve\/rock-pop\/creedence-clearwater-revival-%e2%80%8e-creedence-gold\/","title":{"rendered":"Creedence Clearwater Revival Featuring John Fogerty \u2013 Chronicle (The 20 Greatest Hits)"},"content":{"rendered":"<p>A1\t\tSusie Q\t4:36<br \/>\nA2\t\tI Put A Spell On You\t4:30<br \/>\nA3\t\tProud Mary\t3:07<br \/>\nA4\t\tBad Moon Rising\t2:18<br \/>\nB1\t\tLodi\t3:10<br \/>\nB2\t\tGreen River\t2:32<br \/>\nB3\t\tCommotion\t2:41<br \/>\nB4\t\tDown On The Corner\t2:39<br \/>\nB5\t\tFortunate Son\t2:18<br \/>\nB6\t\tTravelin&#8217; Band\t2:06<br \/>\nC1\t\tWho&#8217;ll Stop The Rain\t2:27<br \/>\nC2\t\tUp Around The Bend\t2:41<br \/>\nC3\t\tRun Through The Jungle\t3:05<br \/>\nC4\t\tLookin&#8217; Out My Back Door\t2:31<br \/>\nC5\t\tLong As I Can See The Light\t3:33<br \/>\nD1\t\tI Heard It Through The Grapevine\t3:52<br \/>\nD2\t\tHave You Ever Seen The Rain?\t2:39<br \/>\nD3\t\tHey Tonight\t2:43<br \/>\nD4\t\tSweet Hitch-Hiker\t2:57<br \/>\nD5\t\tSomeday Never Come\t3:59<\/p>","protected":false},"excerpt":{"rendered":"<p>Disques Festival \u2013 235, Disques Festival \u2013 ALBUM 235, Disques Festival \u2013 ALBUM DOUBLE 235, Disques Festival \u2013 ALBUM DOUBLE FESTIVAL 235<br \/>\nFormat:<br \/>\n2 x Vinyl, LP, Compilation, Repress, Gatefold<br \/>\nCountry:<br \/>\nFrance<\/p>","protected":false},"featured_media":25450,"template":"","meta":[],"product_cat":[15],"product_tag":[44],"yoast_head":"<!-- This site is optimized with the Yoast SEO plugin v23.5 - https:\/\/yoast.com\/wordpress\/plugins\/seo\/ -->\n<title>Creedence Clearwater Revival Featuring John Fogerty \u2013 Chronicle (The 20 Greatest Hits) Vinilin\u0117 Plok\u0161tel\u0117 | Vinilozona.lt<\/title>\n<meta name=\"robots\" content=\"index, follow, max-snippet:-1, max-image-preview:large, max-video-preview:-1\" \/>\n<link rel=\"canonical\" href=\"https:\/\/vinilozona.lt\/en\/parduotuve\/rock-pop\/creedence-clearwater-revival-\u200e-creedence-gold\/\" \/>\n<meta property=\"og:locale\" content=\"en_GB\" \/>\n<meta property=\"og:type\" content=\"article\" \/>\n<meta property=\"og:title\" content=\"Creedence Clearwater Revival Featuring John Fogerty \u2013 Chronicle (The 20 Greatest Hits) Vinilin\u0117 Plok\u0161tel\u0117 | Vinilozona.lt\" \/>\n<meta property=\"og:description\" content=\"Disques Festival \u2013 235, Disques Festival \u2013 ALBUM 235, Disques Festival \u2013 ALBUM DOUBLE 235, Disques Festival \u2013 ALBUM DOUBLE FESTIVAL 235 Format: 2 x Vinyl, LP, Compilation, Repress, Gatefold Country: France\" \/>\n<meta property=\"og:url\" content=\"https:\/\/vinilozona.lt\/en\/parduotuve\/rock-pop\/creedence-clearwater-revival-\u200e-creedence-gold\/\" \/>\n<meta property=\"og:site_name\" content=\"Vinilo Zona\" \/>\n<meta property=\"article:modified_time\" content=\"2026-01-30T05:31:29+00:00\" \/>\n<meta property=\"og:image\" content=\"https:\/\/vinilozona.lt\/wp-content\/uploads\/2020\/12\/R-1825345-1463850788-1841.jpg\" \/>\n\t<meta property=\"og:image:width\" content=\"573\" \/>\n\t<meta property=\"og:image:height\" content=\"600\" \/>\n\t<meta property=\"og:image:type\" content=\"image\/jpeg\" \/>\n<meta name=\"twitter:card\" content=\"summary_large_image\" \/>\n<meta name=\"twitter:label1\" content=\"Estimated reading time\" \/>\n\t<meta name=\"twitter:data1\" content=\"1 minute\" \/>\n<script type=\"application\/ld+json\" class=\"yoast-schema-graph\">{\"@context\":\"https:\/\/schema.org\",\"@graph\":[{\"@type\":\"WebPage\",\"@id\":\"https:\/\/vinilozona.lt\/parduotuve\/rock-pop\/creedence-clearwater-revival-%e2%80%8e-creedence-gold\/\",\"url\":\"https:\/\/vinilozona.lt\/parduotuve\/rock-pop\/creedence-clearwater-revival-%e2%80%8e-creedence-gold\/\",\"name\":\"Creedence Clearwater Revival Featuring John Fogerty \u2013 Chronicle (The 20 Greatest Hits) Vinilin\u0117 Plok\u0161tel\u0117 | Vinilozona.lt\",\"isPartOf\":{\"@id\":\"https:\/\/vinilozona.lt\/#website\"},\"primaryImageOfPage\":{\"@id\":\"https:\/\/vinilozona.lt\/parduotuve\/rock-pop\/creedence-clearwater-revival-%e2%80%8e-creedence-gold\/#primaryimage\"},\"image\":{\"@id\":\"https:\/\/vinilozona.lt\/parduotuve\/rock-pop\/creedence-clearwater-revival-%e2%80%8e-creedence-gold\/#primaryimage\"},\"thumbnailUrl\":\"https:\/\/vinilozona.lt\/wp-content\/uploads\/2020\/12\/R-1825345-1463850788-1841.jpg\",\"datePublished\":\"2026-01-30T03:00:34+00:00\",\"dateModified\":\"2026-01-30T05:31:29+00:00\",\"breadcrumb\":{\"@id\":\"https:\/\/vinilozona.lt\/parduotuve\/rock-pop\/creedence-clearwater-revival-%e2%80%8e-creedence-gold\/#breadcrumb\"},\"inLanguage\":\"en-GB\",\"potentialAction\":[{\"@type\":\"ReadAction\",\"target\":[\"https:\/\/vinilozona.lt\/parduotuve\/rock-pop\/creedence-clearwater-revival-%e2%80%8e-creedence-gold\/\"]}]},{\"@type\":\"ImageObject\",\"inLanguage\":\"en-GB\",\"@id\":\"https:\/\/vinilozona.lt\/parduotuve\/rock-pop\/creedence-clearwater-revival-%e2%80%8e-creedence-gold\/#primaryimage\",\"url\":\"https:\/\/vinilozona.lt\/wp-content\/uploads\/2020\/12\/R-1825345-1463850788-1841.jpg\",\"contentUrl\":\"https:\/\/vinilozona.lt\/wp-content\/uploads\/2020\/12\/R-1825345-1463850788-1841.jpg\",\"width\":573,\"height\":600},{\"@type\":\"BreadcrumbList\",\"@id\":\"https:\/\/vinilozona.lt\/parduotuve\/rock-pop\/creedence-clearwater-revival-%e2%80%8e-creedence-gold\/#breadcrumb\",\"itemListElement\":[{\"@type\":\"ListItem\",\"position\":1,\"name\":\"Home\",\"item\":\"https:\/\/vinilozona.lt\/\"},{\"@type\":\"ListItem\",\"position\":2,\"name\":\"Parduotuv\u0117\",\"item\":\"https:\/\/vinilozona.lt\/parduotuve\/\"},{\"@type\":\"ListItem\",\"position\":3,\"name\":\"Creedence Clearwater Revival Featuring John Fogerty \u2013 Chronicle (The 20 Greatest Hits)\"}]},{\"@type\":\"WebSite\",\"@id\":\"https:\/\/vinilozona.lt\/#website\",\"url\":\"https:\/\/vinilozona.lt\/\",\"name\":\"Vinilo Zona\",\"description\":\"Nup\u016bsk dulkes ir klausyk LP\",\"potentialAction\":[{\"@type\":\"SearchAction\",\"target\":{\"@type\":\"EntryPoint\",\"urlTemplate\":\"https:\/\/vinilozona.lt\/?s={search_term_string}\"},\"query-input\":{\"@type\":\"PropertyValueSpecification\",\"valueRequired\":true,\"valueName\":\"search_term_string\"}}],\"inLanguage\":\"en-GB\"}]}<\/script>\n<!-- \/ Yoast SEO plugin. -->","yoast_head_json":{"title":"Creedence Clearwater Revival Featuring John Fogerty \u2013 Chronicle (The 20 Greatest Hits) Vinilin\u0117 Plok\u0161tel\u0117 | Vinilozona.lt","robots":{"index":"index","follow":"follow","max-snippet":"max-snippet:-1","max-image-preview":"max-image-preview:large","max-video-preview":"max-video-preview:-1"},"canonical":"https:\/\/vinilozona.lt\/en\/parduotuve\/rock-pop\/creedence-clearwater-revival-\u200e-creedence-gold\/","og_locale":"en_GB","og_type":"article","og_title":"Creedence Clearwater Revival Featuring John Fogerty \u2013 Chronicle (The 20 Greatest Hits) Vinilin\u0117 Plok\u0161tel\u0117 | Vinilozona.lt","og_description":"Disques Festival \u2013 235, Disques Festival \u2013 ALBUM 235, Disques Festival \u2013 ALBUM DOUBLE 235, Disques Festival \u2013 ALBUM DOUBLE FESTIVAL 235 Format: 2 x Vinyl, LP, Compilation, Repress, Gatefold Country: France","og_url":"https:\/\/vinilozona.lt\/en\/parduotuve\/rock-pop\/creedence-clearwater-revival-\u200e-creedence-gold\/","og_site_name":"Vinilo Zona","article_modified_time":"2026-01-30T05:31:29+00:00","og_image":[{"width":573,"height":600,"url":"https:\/\/vinilozona.lt\/wp-content\/uploads\/2020\/12\/R-1825345-1463850788-1841.jpg","type":"image\/jpeg"}],"twitter_card":"summary_large_image","twitter_misc":{"Estimated reading time":"1 minute"},"schema":{"@context":"https:\/\/schema.org","@graph":[{"@type":"WebPage","@id":"https:\/\/vinilozona.lt\/parduotuve\/rock-pop\/creedence-clearwater-revival-%e2%80%8e-creedence-gold\/","url":"https:\/\/vinilozona.lt\/parduotuve\/rock-pop\/creedence-clearwater-revival-%e2%80%8e-creedence-gold\/","name":"Creedence Clearwater Revival Featuring John Fogerty \u2013 Chronicle (The 20 Greatest Hits) Vinilin\u0117 Plok\u0161tel\u0117 | Vinilozona.lt","isPartOf":{"@id":"https:\/\/vinilozona.lt\/#website"},"primaryImageOfPage":{"@id":"https:\/\/vinilozona.lt\/parduotuve\/rock-pop\/creedence-clearwater-revival-%e2%80%8e-creedence-gold\/#primaryimage"},"image":{"@id":"https:\/\/vinilozona.lt\/parduotuve\/rock-pop\/creedence-clearwater-revival-%e2%80%8e-creedence-gold\/#primaryimage"},"thumbnailUrl":"https:\/\/vinilozona.lt\/wp-content\/uploads\/2020\/12\/R-1825345-1463850788-1841.jpg","datePublished":"2026-01-30T03:00:34+00:00","dateModified":"2026-01-30T05:31:29+00:00","breadcrumb":{"@id":"https:\/\/vinilozona.lt\/parduotuve\/rock-pop\/creedence-clearwater-revival-%e2%80%8e-creedence-gold\/#breadcrumb"},"inLanguage":"en-GB","potentialAction":[{"@type":"ReadAction","target":["https:\/\/vinilozona.lt\/parduotuve\/rock-pop\/creedence-clearwater-revival-%e2%80%8e-creedence-gold\/"]}]},{"@type":"ImageObject","inLanguage":"en-GB","@id":"https:\/\/vinilozona.lt\/parduotuve\/rock-pop\/creedence-clearwater-revival-%e2%80%8e-creedence-gold\/#primaryimage","url":"https:\/\/vinilozona.lt\/wp-content\/uploads\/2020\/12\/R-1825345-1463850788-1841.jpg","contentUrl":"https:\/\/vinilozona.lt\/wp-content\/uploads\/2020\/12\/R-1825345-1463850788-1841.jpg","width":573,"height":600},{"@type":"BreadcrumbList","@id":"https:\/\/vinilozona.lt\/parduotuve\/rock-pop\/creedence-clearwater-revival-%e2%80%8e-creedence-gold\/#breadcrumb","itemListElement":[{"@type":"ListItem","position":1,"name":"Home","item":"https:\/\/vinilozona.lt\/"},{"@type":"ListItem","position":2,"name":"Parduotuv\u0117","item":"https:\/\/vinilozona.lt\/parduotuve\/"},{"@type":"ListItem","position":3,"name":"Creedence Clearwater Revival Featuring John Fogerty \u2013 Chronicle (The 20 Greatest Hits)"}]},{"@type":"WebSite","@id":"https:\/\/vinilozona.lt\/#website","url":"https:\/\/vinilozona.lt\/","name":"Vinilo Zona","description":"Nup\u016bsk dulkes ir klausyk LP","potentialAction":[{"@type":"SearchAction","target":{"@type":"EntryPoint","urlTemplate":"https:\/\/vinilozona.lt\/?s={search_term_string}"},"query-input":{"@type":"PropertyValueSpecification","valueRequired":true,"valueName":"search_term_string"}}],"inLanguage":"en-GB"}]}},"_links":{"self":[{"href":"https:\/\/vinilozona.lt\/en\/wp-json\/wp\/v2\/product\/12982"}],"collection":[{"href":"https:\/\/vinilozona.lt\/en\/wp-json\/wp\/v2\/product"}],"about":[{"href":"https:\/\/vinilozona.lt\/en\/wp-json\/wp\/v2\/types\/product"}],"wp:featuredmedia":[{"embeddable":true,"href":"https:\/\/vinilozona.lt\/en\/wp-json\/wp\/v2\/media\/25450"}],"wp:attachment":[{"href":"https:\/\/vinilozona.lt\/en\/wp-json\/wp\/v2\/media?parent=12982"}],"wp:term":[{"taxonomy":"product_cat","embeddable":true,"href":"https:\/\/vinilozona.lt\/en\/wp-json\/wp\/v2\/product_cat?post=12982"},{"taxonomy":"product_tag","embeddable":true,"href":"https:\/\/vinilozona.lt\/en\/wp-json\/wp\/v2\/product_tag?post=12982"}],"curies":[{"name":"wp","href":"https:\/\/api.w.org\/{rel}","templated":true}]}}