{"id":1298,"date":"2023-08-02T05:01:51","date_gmt":"2023-08-02T02:01:51","guid":{"rendered":"https:\/\/vinylhome.lt\/?post_type=product&#038;p=1298"},"modified":"2023-07-29T06:29:38","modified_gmt":"2023-07-29T03:29:38","slug":"andy-summers-robert-fripp-%e2%80%8e-i-advance-masked","status":"publish","type":"product","link":"https:\/\/vinilozona.lt\/en\/parduotuve\/rock-pop\/andy-summers-robert-fripp-%e2%80%8e-i-advance-masked\/","title":{"rendered":"Hazel O&#8217;Connor \u2013 Breaking Glass"},"content":{"rendered":"<p>A1\t\tWriting On The Wall\t3:20<br \/>\nA2\t\tMonsters In Disguise\t3:22<br \/>\nA3\t\tCome Into The Air\t3:42<br \/>\nA4\t\tBig Brother\t3:04<br \/>\nA5\t\tWho Needs It\t3:09<br \/>\nA6\t\tWill You\t4:49<br \/>\nB1\t\tEighth Day\t3:11<br \/>\nB2\t\tTop Of The Wheel\t3:15<br \/>\nB3\t\tCalls The Tune\t3:00<br \/>\nB4\t\tBlackman\t3:44<br \/>\nB5\t\tGive Me An Inch\t3:06<br \/>\nB6\t\tIf Only\t4:15<\/p>","protected":false},"excerpt":{"rendered":"<p>A&#038;M Records \u2013 396943-1<br \/>\nFormat:<br \/>\nVinyl, LP, Album, Reissue<br \/>\nCountry:\tGermany<br \/>\n1980<\/p>","protected":false},"featured_media":22626,"template":"","meta":[],"product_cat":[15],"product_tag":[44],"yoast_head":"<!-- This site is optimized with the Yoast SEO plugin v23.5 - https:\/\/yoast.com\/wordpress\/plugins\/seo\/ -->\n<title>Hazel O&#039;Connor \u2013 Breaking Glass Vinilin\u0117 Plok\u0161tel\u0117 | Vinilozona.lt<\/title>\n<meta name=\"robots\" content=\"index, follow, max-snippet:-1, max-image-preview:large, max-video-preview:-1\" \/>\n<link rel=\"canonical\" href=\"https:\/\/vinilozona.lt\/en\/parduotuve\/rock-pop\/andy-summers-robert-fripp-\u200e-i-advance-masked\/\" \/>\n<meta property=\"og:locale\" content=\"en_GB\" \/>\n<meta property=\"og:type\" content=\"article\" \/>\n<meta property=\"og:title\" content=\"Hazel O&#039;Connor \u2013 Breaking Glass Vinilin\u0117 Plok\u0161tel\u0117 | Vinilozona.lt\" \/>\n<meta property=\"og:description\" content=\"A&amp;M Records \u2013 396943-1 Format:  Vinyl, LP, Album, Reissue Country: Germany 1980\" \/>\n<meta property=\"og:url\" content=\"https:\/\/vinilozona.lt\/en\/parduotuve\/rock-pop\/andy-summers-robert-fripp-\u200e-i-advance-masked\/\" \/>\n<meta property=\"og:site_name\" content=\"Vinilo Zona\" \/>\n<meta property=\"article:modified_time\" content=\"2023-07-29T03:29:38+00:00\" \/>\n<meta property=\"og:image\" content=\"https:\/\/vinilozona.lt\/wp-content\/uploads\/2019\/12\/R-1995382-1304876993.jpg\" \/>\n\t<meta property=\"og:image:width\" content=\"600\" \/>\n\t<meta property=\"og:image:height\" content=\"600\" \/>\n\t<meta property=\"og:image:type\" content=\"image\/jpeg\" \/>\n<meta name=\"twitter:card\" content=\"summary_large_image\" \/>\n<script type=\"application\/ld+json\" class=\"yoast-schema-graph\">{\"@context\":\"https:\/\/schema.org\",\"@graph\":[{\"@type\":\"WebPage\",\"@id\":\"https:\/\/vinilozona.lt\/en\/parduotuve\/rock-pop\/andy-summers-robert-fripp-%e2%80%8e-i-advance-masked\/\",\"url\":\"https:\/\/vinilozona.lt\/en\/parduotuve\/rock-pop\/andy-summers-robert-fripp-%e2%80%8e-i-advance-masked\/\",\"name\":\"Hazel O'Connor \u2013 Breaking Glass Vinilin\u0117 Plok\u0161tel\u0117 | Vinilozona.lt\",\"isPartOf\":{\"@id\":\"https:\/\/vinilozona.lt\/#website\"},\"primaryImageOfPage\":{\"@id\":\"https:\/\/vinilozona.lt\/en\/parduotuve\/rock-pop\/andy-summers-robert-fripp-%e2%80%8e-i-advance-masked\/#primaryimage\"},\"image\":{\"@id\":\"https:\/\/vinilozona.lt\/en\/parduotuve\/rock-pop\/andy-summers-robert-fripp-%e2%80%8e-i-advance-masked\/#primaryimage\"},\"thumbnailUrl\":\"https:\/\/vinilozona.lt\/wp-content\/uploads\/2019\/12\/R-1995382-1304876993.jpg\",\"datePublished\":\"2023-08-02T02:01:51+00:00\",\"dateModified\":\"2023-07-29T03:29:38+00:00\",\"breadcrumb\":{\"@id\":\"https:\/\/vinilozona.lt\/en\/parduotuve\/rock-pop\/andy-summers-robert-fripp-%e2%80%8e-i-advance-masked\/#breadcrumb\"},\"inLanguage\":\"en-GB\",\"potentialAction\":[{\"@type\":\"ReadAction\",\"target\":[\"https:\/\/vinilozona.lt\/en\/parduotuve\/rock-pop\/andy-summers-robert-fripp-%e2%80%8e-i-advance-masked\/\"]}]},{\"@type\":\"ImageObject\",\"inLanguage\":\"en-GB\",\"@id\":\"https:\/\/vinilozona.lt\/en\/parduotuve\/rock-pop\/andy-summers-robert-fripp-%e2%80%8e-i-advance-masked\/#primaryimage\",\"url\":\"https:\/\/vinilozona.lt\/wp-content\/uploads\/2019\/12\/R-1995382-1304876993.jpg\",\"contentUrl\":\"https:\/\/vinilozona.lt\/wp-content\/uploads\/2019\/12\/R-1995382-1304876993.jpg\",\"width\":600,\"height\":600},{\"@type\":\"BreadcrumbList\",\"@id\":\"https:\/\/vinilozona.lt\/en\/parduotuve\/rock-pop\/andy-summers-robert-fripp-%e2%80%8e-i-advance-masked\/#breadcrumb\",\"itemListElement\":[{\"@type\":\"ListItem\",\"position\":1,\"name\":\"Home\",\"item\":\"https:\/\/vinilozona.lt\/\"},{\"@type\":\"ListItem\",\"position\":2,\"name\":\"Parduotuv\u0117\",\"item\":\"https:\/\/vinilozona.lt\/parduotuve\/\"},{\"@type\":\"ListItem\",\"position\":3,\"name\":\"Hazel O&#8217;Connor \u2013 Breaking Glass\"}]},{\"@type\":\"WebSite\",\"@id\":\"https:\/\/vinilozona.lt\/#website\",\"url\":\"https:\/\/vinilozona.lt\/\",\"name\":\"Vinilo Zona\",\"description\":\"Nup\u016bsk dulkes ir klausyk LP\",\"potentialAction\":[{\"@type\":\"SearchAction\",\"target\":{\"@type\":\"EntryPoint\",\"urlTemplate\":\"https:\/\/vinilozona.lt\/?s={search_term_string}\"},\"query-input\":{\"@type\":\"PropertyValueSpecification\",\"valueRequired\":true,\"valueName\":\"search_term_string\"}}],\"inLanguage\":\"en-GB\"}]}<\/script>\n<!-- \/ Yoast SEO plugin. -->","yoast_head_json":{"title":"Hazel O'Connor \u2013 Breaking Glass Vinilin\u0117 Plok\u0161tel\u0117 | Vinilozona.lt","robots":{"index":"index","follow":"follow","max-snippet":"max-snippet:-1","max-image-preview":"max-image-preview:large","max-video-preview":"max-video-preview:-1"},"canonical":"https:\/\/vinilozona.lt\/en\/parduotuve\/rock-pop\/andy-summers-robert-fripp-\u200e-i-advance-masked\/","og_locale":"en_GB","og_type":"article","og_title":"Hazel O'Connor \u2013 Breaking Glass Vinilin\u0117 Plok\u0161tel\u0117 | Vinilozona.lt","og_description":"A&M Records \u2013 396943-1 Format:  Vinyl, LP, Album, Reissue Country: Germany 1980","og_url":"https:\/\/vinilozona.lt\/en\/parduotuve\/rock-pop\/andy-summers-robert-fripp-\u200e-i-advance-masked\/","og_site_name":"Vinilo Zona","article_modified_time":"2023-07-29T03:29:38+00:00","og_image":[{"width":600,"height":600,"url":"https:\/\/vinilozona.lt\/wp-content\/uploads\/2019\/12\/R-1995382-1304876993.jpg","type":"image\/jpeg"}],"twitter_card":"summary_large_image","schema":{"@context":"https:\/\/schema.org","@graph":[{"@type":"WebPage","@id":"https:\/\/vinilozona.lt\/en\/parduotuve\/rock-pop\/andy-summers-robert-fripp-%e2%80%8e-i-advance-masked\/","url":"https:\/\/vinilozona.lt\/en\/parduotuve\/rock-pop\/andy-summers-robert-fripp-%e2%80%8e-i-advance-masked\/","name":"Hazel O'Connor \u2013 Breaking Glass Vinilin\u0117 Plok\u0161tel\u0117 | Vinilozona.lt","isPartOf":{"@id":"https:\/\/vinilozona.lt\/#website"},"primaryImageOfPage":{"@id":"https:\/\/vinilozona.lt\/en\/parduotuve\/rock-pop\/andy-summers-robert-fripp-%e2%80%8e-i-advance-masked\/#primaryimage"},"image":{"@id":"https:\/\/vinilozona.lt\/en\/parduotuve\/rock-pop\/andy-summers-robert-fripp-%e2%80%8e-i-advance-masked\/#primaryimage"},"thumbnailUrl":"https:\/\/vinilozona.lt\/wp-content\/uploads\/2019\/12\/R-1995382-1304876993.jpg","datePublished":"2023-08-02T02:01:51+00:00","dateModified":"2023-07-29T03:29:38+00:00","breadcrumb":{"@id":"https:\/\/vinilozona.lt\/en\/parduotuve\/rock-pop\/andy-summers-robert-fripp-%e2%80%8e-i-advance-masked\/#breadcrumb"},"inLanguage":"en-GB","potentialAction":[{"@type":"ReadAction","target":["https:\/\/vinilozona.lt\/en\/parduotuve\/rock-pop\/andy-summers-robert-fripp-%e2%80%8e-i-advance-masked\/"]}]},{"@type":"ImageObject","inLanguage":"en-GB","@id":"https:\/\/vinilozona.lt\/en\/parduotuve\/rock-pop\/andy-summers-robert-fripp-%e2%80%8e-i-advance-masked\/#primaryimage","url":"https:\/\/vinilozona.lt\/wp-content\/uploads\/2019\/12\/R-1995382-1304876993.jpg","contentUrl":"https:\/\/vinilozona.lt\/wp-content\/uploads\/2019\/12\/R-1995382-1304876993.jpg","width":600,"height":600},{"@type":"BreadcrumbList","@id":"https:\/\/vinilozona.lt\/en\/parduotuve\/rock-pop\/andy-summers-robert-fripp-%e2%80%8e-i-advance-masked\/#breadcrumb","itemListElement":[{"@type":"ListItem","position":1,"name":"Home","item":"https:\/\/vinilozona.lt\/"},{"@type":"ListItem","position":2,"name":"Parduotuv\u0117","item":"https:\/\/vinilozona.lt\/parduotuve\/"},{"@type":"ListItem","position":3,"name":"Hazel O&#8217;Connor \u2013 Breaking Glass"}]},{"@type":"WebSite","@id":"https:\/\/vinilozona.lt\/#website","url":"https:\/\/vinilozona.lt\/","name":"Vinilo Zona","description":"Nup\u016bsk dulkes ir klausyk LP","potentialAction":[{"@type":"SearchAction","target":{"@type":"EntryPoint","urlTemplate":"https:\/\/vinilozona.lt\/?s={search_term_string}"},"query-input":{"@type":"PropertyValueSpecification","valueRequired":true,"valueName":"search_term_string"}}],"inLanguage":"en-GB"}]}},"_links":{"self":[{"href":"https:\/\/vinilozona.lt\/en\/wp-json\/wp\/v2\/product\/1298"}],"collection":[{"href":"https:\/\/vinilozona.lt\/en\/wp-json\/wp\/v2\/product"}],"about":[{"href":"https:\/\/vinilozona.lt\/en\/wp-json\/wp\/v2\/types\/product"}],"wp:featuredmedia":[{"embeddable":true,"href":"https:\/\/vinilozona.lt\/en\/wp-json\/wp\/v2\/media\/22626"}],"wp:attachment":[{"href":"https:\/\/vinilozona.lt\/en\/wp-json\/wp\/v2\/media?parent=1298"}],"wp:term":[{"taxonomy":"product_cat","embeddable":true,"href":"https:\/\/vinilozona.lt\/en\/wp-json\/wp\/v2\/product_cat?post=1298"},{"taxonomy":"product_tag","embeddable":true,"href":"https:\/\/vinilozona.lt\/en\/wp-json\/wp\/v2\/product_tag?post=1298"}],"curies":[{"name":"wp","href":"https:\/\/api.w.org\/{rel}","templated":true}]}}