{"id":12776,"date":"2026-02-07T05:04:52","date_gmt":"2026-02-07T03:04:52","guid":{"rendered":"https:\/\/vinilozona.lt\/?post_type=product&#038;p=12776"},"modified":"2026-02-07T07:21:34","modified_gmt":"2026-02-07T05:21:34","slug":"queen-%e2%80%8e-greatest-hits-ii-2lp","status":"publish","type":"product","link":"https:\/\/vinilozona.lt\/en\/parduotuve\/naujos-lp\/queen-%e2%80%8e-greatest-hits-ii-2lp\/","title":{"rendered":"David Bowie, Trevor Jones \u2013 Labyrinth (From The Original Soundtrack Of The Jim Henson Film)"},"content":{"rendered":"<p>A1\tDavid Bowie &#038; Trevor Jones\u2013\tOpening Titles Including Underground  3:21<br \/>\nA2\tTrevor Jones\u2013\tInto The Labyrinth\t2:11<br \/>\nA3\tDavid Bowie\u2013\tMagic Dance (edit)  4:13<br \/>\nA4\tTrevor Jones\u2013\tSarah\t3:11<br \/>\nA5\tDavid Bowie\u2013\tChilly Down   3:45<br \/>\nA6\tTrevor Jones\u2013\tHallucination  3:02<br \/>\nB1\tDavid Bowie\u2013\tAs The World Falls Down  4:51<br \/>\nB2\tTrevor Jones\u2013\tThe Goblin Battle\t3:31<br \/>\nB3\tDavid Bowie\u2013\tWithin You\t3:29<br \/>\nB4\tTrevor Jones\u2013\tThirteen O&#8217;Clock  3:08<br \/>\nB5\tTrevor Jones\u2013\tHome At Last  1:47<br \/>\nB6\tDavid Bowie\u2013\tUnderground  5:57<\/p>","protected":false},"excerpt":{"rendered":"<p>Capitol Records \u2013 B0026220-01, UMe \u2013 B0026220-01, EMI America \u2013 B0026220-01<br \/>\nFormat:<br \/>\nVinyl, LP, Album, Reissue, Remastered<br \/>\nCountry:\tEU<br \/>\nReleased:\tMay 12, 2017<\/p>","protected":false},"featured_media":23668,"template":"","meta":[],"product_cat":[23],"product_tag":[74],"yoast_head":"<!-- This site is optimized with the Yoast SEO plugin v23.5 - https:\/\/yoast.com\/wordpress\/plugins\/seo\/ -->\n<title>David Bowie, Trevor Jones \u2013 Labyrinth (From The Original Soundtrack Of The Jim Henson Film) Vinilin\u0117 Plok\u0161tel\u0117 | Vinilozona.lt<\/title>\n<meta name=\"robots\" content=\"index, follow, max-snippet:-1, max-image-preview:large, max-video-preview:-1\" \/>\n<link rel=\"canonical\" href=\"https:\/\/vinilozona.lt\/en\/parduotuve\/naujos-lp\/queen-\u200e-greatest-hits-ii-2lp\/\" \/>\n<meta property=\"og:locale\" content=\"en_GB\" \/>\n<meta property=\"og:type\" content=\"article\" \/>\n<meta property=\"og:title\" content=\"David Bowie, Trevor Jones \u2013 Labyrinth (From The Original Soundtrack Of The Jim Henson Film) Vinilin\u0117 Plok\u0161tel\u0117 | Vinilozona.lt\" \/>\n<meta property=\"og:description\" content=\"Capitol Records \u2013 B0026220-01, UMe \u2013 B0026220-01, EMI America \u2013 B0026220-01 Format:  Vinyl, LP, Album, Reissue, Remastered Country: EU Released: May 12, 2017\" \/>\n<meta property=\"og:url\" content=\"https:\/\/vinilozona.lt\/en\/parduotuve\/naujos-lp\/queen-\u200e-greatest-hits-ii-2lp\/\" \/>\n<meta property=\"og:site_name\" content=\"Vinilo Zona\" \/>\n<meta property=\"article:modified_time\" content=\"2026-02-07T05:21:34+00:00\" \/>\n<meta property=\"og:image\" content=\"https:\/\/vinilozona.lt\/wp-content\/uploads\/2022\/12\/R-10277419-1495546936-9100.jpg\" \/>\n\t<meta property=\"og:image:width\" content=\"599\" \/>\n\t<meta property=\"og:image:height\" content=\"590\" \/>\n\t<meta property=\"og:image:type\" content=\"image\/jpeg\" \/>\n<meta name=\"twitter:card\" content=\"summary_large_image\" \/>\n<script type=\"application\/ld+json\" class=\"yoast-schema-graph\">{\"@context\":\"https:\/\/schema.org\",\"@graph\":[{\"@type\":\"WebPage\",\"@id\":\"https:\/\/vinilozona.lt\/parduotuve\/naujos-lp\/queen-%e2%80%8e-greatest-hits-ii-2lp\/\",\"url\":\"https:\/\/vinilozona.lt\/parduotuve\/naujos-lp\/queen-%e2%80%8e-greatest-hits-ii-2lp\/\",\"name\":\"David Bowie, Trevor Jones \u2013 Labyrinth (From The Original Soundtrack Of The Jim Henson Film) Vinilin\u0117 Plok\u0161tel\u0117 | Vinilozona.lt\",\"isPartOf\":{\"@id\":\"https:\/\/vinilozona.lt\/#website\"},\"primaryImageOfPage\":{\"@id\":\"https:\/\/vinilozona.lt\/parduotuve\/naujos-lp\/queen-%e2%80%8e-greatest-hits-ii-2lp\/#primaryimage\"},\"image\":{\"@id\":\"https:\/\/vinilozona.lt\/parduotuve\/naujos-lp\/queen-%e2%80%8e-greatest-hits-ii-2lp\/#primaryimage\"},\"thumbnailUrl\":\"https:\/\/vinilozona.lt\/wp-content\/uploads\/2022\/12\/R-10277419-1495546936-9100.jpg\",\"datePublished\":\"2026-02-07T03:04:52+00:00\",\"dateModified\":\"2026-02-07T05:21:34+00:00\",\"breadcrumb\":{\"@id\":\"https:\/\/vinilozona.lt\/parduotuve\/naujos-lp\/queen-%e2%80%8e-greatest-hits-ii-2lp\/#breadcrumb\"},\"inLanguage\":\"en-GB\",\"potentialAction\":[{\"@type\":\"ReadAction\",\"target\":[\"https:\/\/vinilozona.lt\/parduotuve\/naujos-lp\/queen-%e2%80%8e-greatest-hits-ii-2lp\/\"]}]},{\"@type\":\"ImageObject\",\"inLanguage\":\"en-GB\",\"@id\":\"https:\/\/vinilozona.lt\/parduotuve\/naujos-lp\/queen-%e2%80%8e-greatest-hits-ii-2lp\/#primaryimage\",\"url\":\"https:\/\/vinilozona.lt\/wp-content\/uploads\/2022\/12\/R-10277419-1495546936-9100.jpg\",\"contentUrl\":\"https:\/\/vinilozona.lt\/wp-content\/uploads\/2022\/12\/R-10277419-1495546936-9100.jpg\",\"width\":599,\"height\":590},{\"@type\":\"BreadcrumbList\",\"@id\":\"https:\/\/vinilozona.lt\/parduotuve\/naujos-lp\/queen-%e2%80%8e-greatest-hits-ii-2lp\/#breadcrumb\",\"itemListElement\":[{\"@type\":\"ListItem\",\"position\":1,\"name\":\"Home\",\"item\":\"https:\/\/vinilozona.lt\/\"},{\"@type\":\"ListItem\",\"position\":2,\"name\":\"Parduotuv\u0117\",\"item\":\"https:\/\/vinilozona.lt\/parduotuve\/\"},{\"@type\":\"ListItem\",\"position\":3,\"name\":\"David Bowie, Trevor Jones \u2013 Labyrinth (From The Original Soundtrack Of The Jim Henson Film)\"}]},{\"@type\":\"WebSite\",\"@id\":\"https:\/\/vinilozona.lt\/#website\",\"url\":\"https:\/\/vinilozona.lt\/\",\"name\":\"Vinilo Zona\",\"description\":\"Nup\u016bsk dulkes ir klausyk LP\",\"potentialAction\":[{\"@type\":\"SearchAction\",\"target\":{\"@type\":\"EntryPoint\",\"urlTemplate\":\"https:\/\/vinilozona.lt\/?s={search_term_string}\"},\"query-input\":{\"@type\":\"PropertyValueSpecification\",\"valueRequired\":true,\"valueName\":\"search_term_string\"}}],\"inLanguage\":\"en-GB\"}]}<\/script>\n<!-- \/ Yoast SEO plugin. -->","yoast_head_json":{"title":"David Bowie, Trevor Jones \u2013 Labyrinth (From The Original Soundtrack Of The Jim Henson Film) Vinilin\u0117 Plok\u0161tel\u0117 | Vinilozona.lt","robots":{"index":"index","follow":"follow","max-snippet":"max-snippet:-1","max-image-preview":"max-image-preview:large","max-video-preview":"max-video-preview:-1"},"canonical":"https:\/\/vinilozona.lt\/en\/parduotuve\/naujos-lp\/queen-\u200e-greatest-hits-ii-2lp\/","og_locale":"en_GB","og_type":"article","og_title":"David Bowie, Trevor Jones \u2013 Labyrinth (From The Original Soundtrack Of The Jim Henson Film) Vinilin\u0117 Plok\u0161tel\u0117 | Vinilozona.lt","og_description":"Capitol Records \u2013 B0026220-01, UMe \u2013 B0026220-01, EMI America \u2013 B0026220-01 Format:  Vinyl, LP, Album, Reissue, Remastered Country: EU Released: May 12, 2017","og_url":"https:\/\/vinilozona.lt\/en\/parduotuve\/naujos-lp\/queen-\u200e-greatest-hits-ii-2lp\/","og_site_name":"Vinilo Zona","article_modified_time":"2026-02-07T05:21:34+00:00","og_image":[{"width":599,"height":590,"url":"https:\/\/vinilozona.lt\/wp-content\/uploads\/2022\/12\/R-10277419-1495546936-9100.jpg","type":"image\/jpeg"}],"twitter_card":"summary_large_image","schema":{"@context":"https:\/\/schema.org","@graph":[{"@type":"WebPage","@id":"https:\/\/vinilozona.lt\/parduotuve\/naujos-lp\/queen-%e2%80%8e-greatest-hits-ii-2lp\/","url":"https:\/\/vinilozona.lt\/parduotuve\/naujos-lp\/queen-%e2%80%8e-greatest-hits-ii-2lp\/","name":"David Bowie, Trevor Jones \u2013 Labyrinth (From The Original Soundtrack Of The Jim Henson Film) Vinilin\u0117 Plok\u0161tel\u0117 | Vinilozona.lt","isPartOf":{"@id":"https:\/\/vinilozona.lt\/#website"},"primaryImageOfPage":{"@id":"https:\/\/vinilozona.lt\/parduotuve\/naujos-lp\/queen-%e2%80%8e-greatest-hits-ii-2lp\/#primaryimage"},"image":{"@id":"https:\/\/vinilozona.lt\/parduotuve\/naujos-lp\/queen-%e2%80%8e-greatest-hits-ii-2lp\/#primaryimage"},"thumbnailUrl":"https:\/\/vinilozona.lt\/wp-content\/uploads\/2022\/12\/R-10277419-1495546936-9100.jpg","datePublished":"2026-02-07T03:04:52+00:00","dateModified":"2026-02-07T05:21:34+00:00","breadcrumb":{"@id":"https:\/\/vinilozona.lt\/parduotuve\/naujos-lp\/queen-%e2%80%8e-greatest-hits-ii-2lp\/#breadcrumb"},"inLanguage":"en-GB","potentialAction":[{"@type":"ReadAction","target":["https:\/\/vinilozona.lt\/parduotuve\/naujos-lp\/queen-%e2%80%8e-greatest-hits-ii-2lp\/"]}]},{"@type":"ImageObject","inLanguage":"en-GB","@id":"https:\/\/vinilozona.lt\/parduotuve\/naujos-lp\/queen-%e2%80%8e-greatest-hits-ii-2lp\/#primaryimage","url":"https:\/\/vinilozona.lt\/wp-content\/uploads\/2022\/12\/R-10277419-1495546936-9100.jpg","contentUrl":"https:\/\/vinilozona.lt\/wp-content\/uploads\/2022\/12\/R-10277419-1495546936-9100.jpg","width":599,"height":590},{"@type":"BreadcrumbList","@id":"https:\/\/vinilozona.lt\/parduotuve\/naujos-lp\/queen-%e2%80%8e-greatest-hits-ii-2lp\/#breadcrumb","itemListElement":[{"@type":"ListItem","position":1,"name":"Home","item":"https:\/\/vinilozona.lt\/"},{"@type":"ListItem","position":2,"name":"Parduotuv\u0117","item":"https:\/\/vinilozona.lt\/parduotuve\/"},{"@type":"ListItem","position":3,"name":"David Bowie, Trevor Jones \u2013 Labyrinth (From The Original Soundtrack Of The Jim Henson Film)"}]},{"@type":"WebSite","@id":"https:\/\/vinilozona.lt\/#website","url":"https:\/\/vinilozona.lt\/","name":"Vinilo Zona","description":"Nup\u016bsk dulkes ir klausyk LP","potentialAction":[{"@type":"SearchAction","target":{"@type":"EntryPoint","urlTemplate":"https:\/\/vinilozona.lt\/?s={search_term_string}"},"query-input":{"@type":"PropertyValueSpecification","valueRequired":true,"valueName":"search_term_string"}}],"inLanguage":"en-GB"}]}},"_links":{"self":[{"href":"https:\/\/vinilozona.lt\/en\/wp-json\/wp\/v2\/product\/12776"}],"collection":[{"href":"https:\/\/vinilozona.lt\/en\/wp-json\/wp\/v2\/product"}],"about":[{"href":"https:\/\/vinilozona.lt\/en\/wp-json\/wp\/v2\/types\/product"}],"wp:featuredmedia":[{"embeddable":true,"href":"https:\/\/vinilozona.lt\/en\/wp-json\/wp\/v2\/media\/23668"}],"wp:attachment":[{"href":"https:\/\/vinilozona.lt\/en\/wp-json\/wp\/v2\/media?parent=12776"}],"wp:term":[{"taxonomy":"product_cat","embeddable":true,"href":"https:\/\/vinilozona.lt\/en\/wp-json\/wp\/v2\/product_cat?post=12776"},{"taxonomy":"product_tag","embeddable":true,"href":"https:\/\/vinilozona.lt\/en\/wp-json\/wp\/v2\/product_tag?post=12776"}],"curies":[{"name":"wp","href":"https:\/\/api.w.org\/{rel}","templated":true}]}}