{"id":12740,"date":"2023-02-28T13:00:50","date_gmt":"2023-02-28T11:00:50","guid":{"rendered":"https:\/\/vinilozona.lt\/?post_type=product&#038;p=12740"},"modified":"2024-02-23T18:34:08","modified_gmt":"2024-02-23T16:34:08","slug":"eric-clapton-%e2%80%8e-unplugged","status":"publish","type":"product","link":"https:\/\/vinilozona.lt\/en\/parduotuve\/naujos-lp\/eric-clapton-%e2%80%8e-unplugged\/","title":{"rendered":"Eric Clapton \u200e\u2013 Unplugged 2LP"},"content":{"rendered":"<p>A1\t\tSigne 3:13<br \/>\nA2\t\tBefore You Accuse Me 3:44<br \/>\nA3\t\tHey Hey 3:16<br \/>\nA4\t\tTears In Heaven 4:36<br \/>\nB1\t\tLonely Stranger 5:27<br \/>\nB2\t\tNobody Knows You When You&#8217;re Down And Out 3:19<br \/>\nB3\t\tLayla 4:46<br \/>\nB4\t\tRunning On Faith 6:30<br \/>\nC1\t\tWalkin&#8217; Blues 3:37<br \/>\nC2\t\tAlberta 3:42<br \/>\nC3\t\tSan Francisco Bay Blues 3:23<br \/>\nD1\t\tMalted Milk 3:36<br \/>\nD2\t\tOld Love 7:52<br \/>\nD3\t\tRollin&#8217; And Tumblin&#8217; 4:12<\/p>","protected":false},"excerpt":{"rendered":"<p>Label:\tReprise Records \u2013 9362-49869-3, Duck Records (2) \u2013 9362-49869-3<br \/>\nFormat:\t2 x Vinyl, LP, Album, Reissue, Stereo, 180 Gram<br \/>\nCountry:\tEurope<br \/>\nReleased:\t2011<\/p>","protected":false},"featured_media":12741,"template":"","meta":[],"product_cat":[23],"product_tag":[55],"yoast_head":"<!-- This site is optimized with the Yoast SEO plugin v23.5 - https:\/\/yoast.com\/wordpress\/plugins\/seo\/ -->\n<title>Eric Clapton \u200e\u2013 Unplugged 2LP Vinilin\u0117 Plok\u0161tel\u0117 | Vinilozona.lt<\/title>\n<meta name=\"robots\" content=\"index, follow, max-snippet:-1, max-image-preview:large, max-video-preview:-1\" \/>\n<link rel=\"canonical\" href=\"https:\/\/vinilozona.lt\/en\/parduotuve\/naujos-lp\/eric-clapton-\u200e-unplugged\/\" \/>\n<meta property=\"og:locale\" content=\"en_GB\" \/>\n<meta property=\"og:type\" content=\"article\" \/>\n<meta property=\"og:title\" content=\"Eric Clapton \u200e\u2013 Unplugged 2LP Vinilin\u0117 Plok\u0161tel\u0117 | Vinilozona.lt\" \/>\n<meta property=\"og:description\" content=\"Label: Reprise Records \u2013 9362-49869-3, Duck Records (2) \u2013 9362-49869-3 Format: 2 x Vinyl, LP, Album, Reissue, Stereo, 180 Gram Country: Europe Released: 2011\" \/>\n<meta property=\"og:url\" content=\"https:\/\/vinilozona.lt\/en\/parduotuve\/naujos-lp\/eric-clapton-\u200e-unplugged\/\" \/>\n<meta property=\"og:site_name\" content=\"Vinilo Zona\" \/>\n<meta property=\"article:modified_time\" content=\"2024-02-23T16:34:08+00:00\" \/>\n<meta property=\"og:image\" content=\"https:\/\/vinilozona.lt\/wp-content\/uploads\/2020\/11\/R-412522-1183908879.jpeg.jpg\" \/>\n\t<meta property=\"og:image:width\" content=\"300\" \/>\n\t<meta property=\"og:image:height\" content=\"286\" \/>\n\t<meta property=\"og:image:type\" content=\"image\/jpeg\" \/>\n<meta name=\"twitter:card\" content=\"summary_large_image\" \/>\n<script type=\"application\/ld+json\" class=\"yoast-schema-graph\">{\"@context\":\"https:\/\/schema.org\",\"@graph\":[{\"@type\":\"WebPage\",\"@id\":\"https:\/\/vinilozona.lt\/en\/parduotuve\/naujos-lp\/eric-clapton-%e2%80%8e-unplugged\/\",\"url\":\"https:\/\/vinilozona.lt\/en\/parduotuve\/naujos-lp\/eric-clapton-%e2%80%8e-unplugged\/\",\"name\":\"Eric Clapton \u200e\u2013 Unplugged 2LP Vinilin\u0117 Plok\u0161tel\u0117 | Vinilozona.lt\",\"isPartOf\":{\"@id\":\"https:\/\/vinilozona.lt\/#website\"},\"primaryImageOfPage\":{\"@id\":\"https:\/\/vinilozona.lt\/en\/parduotuve\/naujos-lp\/eric-clapton-%e2%80%8e-unplugged\/#primaryimage\"},\"image\":{\"@id\":\"https:\/\/vinilozona.lt\/en\/parduotuve\/naujos-lp\/eric-clapton-%e2%80%8e-unplugged\/#primaryimage\"},\"thumbnailUrl\":\"https:\/\/vinilozona.lt\/wp-content\/uploads\/2020\/11\/R-412522-1183908879.jpeg.jpg\",\"datePublished\":\"2023-02-28T11:00:50+00:00\",\"dateModified\":\"2024-02-23T16:34:08+00:00\",\"breadcrumb\":{\"@id\":\"https:\/\/vinilozona.lt\/en\/parduotuve\/naujos-lp\/eric-clapton-%e2%80%8e-unplugged\/#breadcrumb\"},\"inLanguage\":\"en-GB\",\"potentialAction\":[{\"@type\":\"ReadAction\",\"target\":[\"https:\/\/vinilozona.lt\/en\/parduotuve\/naujos-lp\/eric-clapton-%e2%80%8e-unplugged\/\"]}]},{\"@type\":\"ImageObject\",\"inLanguage\":\"en-GB\",\"@id\":\"https:\/\/vinilozona.lt\/en\/parduotuve\/naujos-lp\/eric-clapton-%e2%80%8e-unplugged\/#primaryimage\",\"url\":\"https:\/\/vinilozona.lt\/wp-content\/uploads\/2020\/11\/R-412522-1183908879.jpeg.jpg\",\"contentUrl\":\"https:\/\/vinilozona.lt\/wp-content\/uploads\/2020\/11\/R-412522-1183908879.jpeg.jpg\",\"width\":300,\"height\":286},{\"@type\":\"BreadcrumbList\",\"@id\":\"https:\/\/vinilozona.lt\/en\/parduotuve\/naujos-lp\/eric-clapton-%e2%80%8e-unplugged\/#breadcrumb\",\"itemListElement\":[{\"@type\":\"ListItem\",\"position\":1,\"name\":\"Home\",\"item\":\"https:\/\/vinilozona.lt\/\"},{\"@type\":\"ListItem\",\"position\":2,\"name\":\"Parduotuv\u0117\",\"item\":\"https:\/\/vinilozona.lt\/parduotuve\/\"},{\"@type\":\"ListItem\",\"position\":3,\"name\":\"Eric Clapton \u200e\u2013 Unplugged 2LP\"}]},{\"@type\":\"WebSite\",\"@id\":\"https:\/\/vinilozona.lt\/#website\",\"url\":\"https:\/\/vinilozona.lt\/\",\"name\":\"Vinilo Zona\",\"description\":\"Nup\u016bsk dulkes ir klausyk LP\",\"potentialAction\":[{\"@type\":\"SearchAction\",\"target\":{\"@type\":\"EntryPoint\",\"urlTemplate\":\"https:\/\/vinilozona.lt\/?s={search_term_string}\"},\"query-input\":{\"@type\":\"PropertyValueSpecification\",\"valueRequired\":true,\"valueName\":\"search_term_string\"}}],\"inLanguage\":\"en-GB\"}]}<\/script>\n<!-- \/ Yoast SEO plugin. -->","yoast_head_json":{"title":"Eric Clapton \u200e\u2013 Unplugged 2LP Vinilin\u0117 Plok\u0161tel\u0117 | Vinilozona.lt","robots":{"index":"index","follow":"follow","max-snippet":"max-snippet:-1","max-image-preview":"max-image-preview:large","max-video-preview":"max-video-preview:-1"},"canonical":"https:\/\/vinilozona.lt\/en\/parduotuve\/naujos-lp\/eric-clapton-\u200e-unplugged\/","og_locale":"en_GB","og_type":"article","og_title":"Eric Clapton \u200e\u2013 Unplugged 2LP Vinilin\u0117 Plok\u0161tel\u0117 | Vinilozona.lt","og_description":"Label: Reprise Records \u2013 9362-49869-3, Duck Records (2) \u2013 9362-49869-3 Format: 2 x Vinyl, LP, Album, Reissue, Stereo, 180 Gram Country: Europe Released: 2011","og_url":"https:\/\/vinilozona.lt\/en\/parduotuve\/naujos-lp\/eric-clapton-\u200e-unplugged\/","og_site_name":"Vinilo Zona","article_modified_time":"2024-02-23T16:34:08+00:00","og_image":[{"width":300,"height":286,"url":"https:\/\/vinilozona.lt\/wp-content\/uploads\/2020\/11\/R-412522-1183908879.jpeg.jpg","type":"image\/jpeg"}],"twitter_card":"summary_large_image","schema":{"@context":"https:\/\/schema.org","@graph":[{"@type":"WebPage","@id":"https:\/\/vinilozona.lt\/en\/parduotuve\/naujos-lp\/eric-clapton-%e2%80%8e-unplugged\/","url":"https:\/\/vinilozona.lt\/en\/parduotuve\/naujos-lp\/eric-clapton-%e2%80%8e-unplugged\/","name":"Eric Clapton \u200e\u2013 Unplugged 2LP Vinilin\u0117 Plok\u0161tel\u0117 | Vinilozona.lt","isPartOf":{"@id":"https:\/\/vinilozona.lt\/#website"},"primaryImageOfPage":{"@id":"https:\/\/vinilozona.lt\/en\/parduotuve\/naujos-lp\/eric-clapton-%e2%80%8e-unplugged\/#primaryimage"},"image":{"@id":"https:\/\/vinilozona.lt\/en\/parduotuve\/naujos-lp\/eric-clapton-%e2%80%8e-unplugged\/#primaryimage"},"thumbnailUrl":"https:\/\/vinilozona.lt\/wp-content\/uploads\/2020\/11\/R-412522-1183908879.jpeg.jpg","datePublished":"2023-02-28T11:00:50+00:00","dateModified":"2024-02-23T16:34:08+00:00","breadcrumb":{"@id":"https:\/\/vinilozona.lt\/en\/parduotuve\/naujos-lp\/eric-clapton-%e2%80%8e-unplugged\/#breadcrumb"},"inLanguage":"en-GB","potentialAction":[{"@type":"ReadAction","target":["https:\/\/vinilozona.lt\/en\/parduotuve\/naujos-lp\/eric-clapton-%e2%80%8e-unplugged\/"]}]},{"@type":"ImageObject","inLanguage":"en-GB","@id":"https:\/\/vinilozona.lt\/en\/parduotuve\/naujos-lp\/eric-clapton-%e2%80%8e-unplugged\/#primaryimage","url":"https:\/\/vinilozona.lt\/wp-content\/uploads\/2020\/11\/R-412522-1183908879.jpeg.jpg","contentUrl":"https:\/\/vinilozona.lt\/wp-content\/uploads\/2020\/11\/R-412522-1183908879.jpeg.jpg","width":300,"height":286},{"@type":"BreadcrumbList","@id":"https:\/\/vinilozona.lt\/en\/parduotuve\/naujos-lp\/eric-clapton-%e2%80%8e-unplugged\/#breadcrumb","itemListElement":[{"@type":"ListItem","position":1,"name":"Home","item":"https:\/\/vinilozona.lt\/"},{"@type":"ListItem","position":2,"name":"Parduotuv\u0117","item":"https:\/\/vinilozona.lt\/parduotuve\/"},{"@type":"ListItem","position":3,"name":"Eric Clapton \u200e\u2013 Unplugged 2LP"}]},{"@type":"WebSite","@id":"https:\/\/vinilozona.lt\/#website","url":"https:\/\/vinilozona.lt\/","name":"Vinilo Zona","description":"Nup\u016bsk dulkes ir klausyk LP","potentialAction":[{"@type":"SearchAction","target":{"@type":"EntryPoint","urlTemplate":"https:\/\/vinilozona.lt\/?s={search_term_string}"},"query-input":{"@type":"PropertyValueSpecification","valueRequired":true,"valueName":"search_term_string"}}],"inLanguage":"en-GB"}]}},"_links":{"self":[{"href":"https:\/\/vinilozona.lt\/en\/wp-json\/wp\/v2\/product\/12740"}],"collection":[{"href":"https:\/\/vinilozona.lt\/en\/wp-json\/wp\/v2\/product"}],"about":[{"href":"https:\/\/vinilozona.lt\/en\/wp-json\/wp\/v2\/types\/product"}],"wp:featuredmedia":[{"embeddable":true,"href":"https:\/\/vinilozona.lt\/en\/wp-json\/wp\/v2\/media\/12741"}],"wp:attachment":[{"href":"https:\/\/vinilozona.lt\/en\/wp-json\/wp\/v2\/media?parent=12740"}],"wp:term":[{"taxonomy":"product_cat","embeddable":true,"href":"https:\/\/vinilozona.lt\/en\/wp-json\/wp\/v2\/product_cat?post=12740"},{"taxonomy":"product_tag","embeddable":true,"href":"https:\/\/vinilozona.lt\/en\/wp-json\/wp\/v2\/product_tag?post=12740"}],"curies":[{"name":"wp","href":"https:\/\/api.w.org\/{rel}","templated":true}]}}