{"id":1270,"date":"2023-12-15T05:08:04","date_gmt":"2023-12-15T03:08:04","guid":{"rendered":"https:\/\/vinylhome.lt\/?post_type=product&#038;p=1270"},"modified":"2023-12-14T10:43:02","modified_gmt":"2023-12-14T08:43:02","slug":"al-stewart-%e2%80%8e-the-early-years","status":"publish","type":"product","link":"https:\/\/vinilozona.lt\/en\/parduotuve\/kita\/al-stewart-%e2%80%8e-the-early-years\/","title":{"rendered":"Various \u2013 Greenpeace &#8211; Breakthrough"},"content":{"rendered":"<p>A1\t\u042e 2*\u2013\t\u0413\u043e\u0440\u0434\u043e\u0441\u0442\u044c (\u0412\u043e \u0418\u043c\u044f \u041b\u044e\u0431\u0432\u0438) = Pride<br \/>\nA2\t\u0411\u0435\u043b\u0438\u043d\u0434\u0430 \u041a\u0430\u0440\u043b\u0430\u0439\u043b*\u2013\t\u0417\u0435\u043c\u043b\u044e \u041e\u0441\u0443\u0448\u0438\u0442\u044c \u041e\u0442 \u0421\u043b\u0435\u0437 = Heaven Is A Place On Earth<br \/>\nA3\t\u0421\u0442\u0438\u043d\u0433*\u2013\t\u041b\u044e\u0431\u043e\u0432\u044c &#8211; \u042d\u0442\u043e \u0421\u0435\u0434\u044c\u043c\u0430\u044f \u0412\u043e\u043b\u043d\u0430 = Love Is The Seventh Wave<br \/>\nA4\t\u0410\u0421\u0412\u0410\u0414*\u2013\t\u041e\u0441\u0432\u043e\u0431\u043e\u0434\u0438\u0442\u0435 \u0418\u0445 = Set Them Free<br \/>\nA5\t\u0423\u043e\u0440\u043b\u0434 \u041f\u0430\u0440\u0442\u0438*\u2013\t\u041a\u043e\u0440\u0430\u0431\u043b\u044c \u0413\u043b\u0443\u043f\u0446\u043e\u0432 = Ship Of Fools<br \/>\nA6\t\u0411\u0440\u0430\u0439\u0430\u043d \u0424\u0435\u0440\u0440\u0438*\u2013\t\u041d\u0435 \u0421\u0442\u043e\u0439, \u0422\u0430\u043d\u0446\u0443\u0439 \u0421\u043e \u041c\u043d\u043e\u0439 = Don&#8217;t Stop The Dance<br \/>\nB1\t\u042e\u0440\u0438\u0442\u043c\u0438\u043a\u0441*\u2013\t\u041a\u043e\u0433\u0434\u0430 \u041d\u0430\u0441\u0442\u0430\u043d\u0435\u0442 \u0417\u0430\u0432\u0442\u0440\u0430 = When Tomorrow Comes<br \/>\nB2\t\u041f\u0440\u0438\u0442\u0435\u043d\u0434\u0435\u0440\u0437*\u2013\t\u0421\u0435\u0440\u0435\u0434\u0438\u043d\u0430 \u041f\u0443\u0442\u0438 = Middle Of The Road<br \/>\nB3\t\u0413\u0440\u0435\u0439\u0442\u0444\u0443\u043b \u0414\u044d\u0434*\u2013\t\u0411\u0440\u043e\u0441\u0430\u044f \u041a\u0430\u043c\u043d\u0438 = Throwing Stones<br \/>\nB4\t\u0418\u041d\u041a\u0421\u0421*\u2013\t\u041d\u0430 \u042d\u0442\u043e\u0442 \u0420\u0430\u0437 = This Time<br \/>\nB5\t\u0422\u043e\u043c\u043f\u0441\u043e\u043d \u0422\u0443\u0438\u043d\u0437*\u2013\t\u041f\u043e\u043b\u043e\u0436\u0438 \u041c\u043d\u0435 \u0420\u0443\u043a\u0443 \u041d\u0430 \u041f\u043b\u0435\u0447\u043e = Lay Your Hands On Me<br \/>\nB6\t\u0422\u043e\u043a\u0438\u043d\u0433 \u0425\u044d\u0434\u0437*\u2013\t\u0413\u043e\u0440\u043e\u0434 \u041c\u0435\u0447\u0442\u044b = City Of Dreams<br \/>\nC1\t\u0421\u0438\u043c\u043f\u043b \u041c\u0430\u0439\u043d\u0434\u0437*\u2013\t\u0412 \u041f\u043e\u0440\u0442\u0443 = Waterfront<br \/>\nC2\t\u0423\u043e\u0442\u0435\u0440\u0431\u043e\u0439\u0437*\u2013\t\u041b\u0443\u043d\u0430 \u0426\u0435\u043b\u0438\u043a\u043e\u043c = The Whole Of The Moon<br \/>\nC3\t\u0420.\u0415.\u041c.*\u2013\t\u041a\u043e\u043d\u0435\u0446 \u0421\u0432\u0435\u0442\u0430 (\u0410 \u041c\u043d\u0435 \u0425\u043e\u0440\u043e\u0448\u043e) = It&#8217;s The End Of The World<br \/>\nC4\t\u0414\u0436\u043e\u043d \u0424\u0430\u0440\u043d\u0435\u043c*\u2013\t\u0422\u044b &#8211; \u0422\u043e\u0442 \u0413\u043e\u043b\u043e\u0441 = You&#8217;re The Voice<br \/>\nC5\t\u0411\u0440\u0430\u0439\u0430\u043d \u042d\u0434\u0430\u043c\u0441*\u2013\t\u041a\u0442\u043e-\u0442\u043e = Somebody<br \/>\nC6\t\u0411\u0430\u0448\u0430*\u2013\t\u0414\u0430\u043b\u0435\u043a\u043e &#8211; \u0414\u0430\u043b\u0435\u043a\u043e = Miles Away<br \/>\nD1\t\u041f\u0438\u0442\u0435\u0440 \u0413\u044d\u0431\u0440\u0438\u044d\u043b*\u2013\t\u041a\u0440\u0430\u0441\u043d\u044b\u0439 \u0414\u043e\u0436\u0434\u044c = Red Rain<br \/>\nD2\t\u0411\u0440\u044e\u0441 \u0425\u043e\u0440\u043d\u0441\u0431\u0438 \u0418 &#8222;\u0420\u044d\u0439\u043d\u0434\u0436&#8221;*\u2013\t\u041f\u043e\u0441\u043c\u043e\u0442\u0440\u0438 \u0418\u0437 \u041b\u044e\u0431\u043e\u0433\u043e \u041e\u043a\u043d\u0430 = Look Out Any Window<br \/>\nD3\t\u0422\u0435\u0440\u0435\u043d\u0441 \u0422\u0440\u0435\u043d\u0442 \u0414&#8217;\u0410\u0440\u0431\u0438*\u2013\t\u0412\u043f\u0435\u0440\u0435\u0434 = Let&#8217;s Go Forward<br \/>\nD4\t\u041c\u0430\u0440\u0442\u0438\u043d \u0421\u0442\u0438\u0432\u0435\u043d\u0441\u043e\u043d \u0418 &#8222;\u0414\u044d\u0439\u043d\u0442\u0438\u0437&#8221;*\u2013\t\u0421\u043e\u0432\u0435\u0440\u0448\u0435\u043d\u043d\u043e \u0421\u043c\u0438\u0440\u0435\u043d\u043d\u043e\u0435 \u0421\u0435\u0440\u0434\u0446\u0435 = Wholly Humble Heart<br \/>\nD5\t\u0428\u0430\u0434\u0435*\u2013\t\u042f \u0411\u0443\u0434\u0443 \u0422\u0432\u043e\u0438\u043c \u0414\u0440\u0443\u0433\u043e\u043c = I Will Be Your Friend<br \/>\nD6\t\u0414\u0436\u043e\u043d \u041a\u0443\u0433\u0430\u0440 \u041c\u0435\u043b\u043b\u0435\u043d\u043a\u0430\u043c\u043f*\u2013\t\u041c\u044b &#8211; \u041d\u0430\u0440\u043e\u0434 = We Are The People<br \/>\nD7\t\u0414\u0430\u0439\u0435\u0440 \u0421\u0442\u0440\u0435\u0439\u0442\u0441*\u2013\t\u0417\u0430\u0447\u0435\u043c \u0412\u043e\u043b\u043d\u043e\u0432\u0430\u0442\u044c\u0441\u044f = Why Worry<\/p>","protected":false},"excerpt":{"rendered":"<p>\u041c\u0435\u043b\u043e\u0434\u0438\u044f \u2013 \u0410 6000439 008, \u041c\u0435\u043b\u043e\u0434\u0438\u044f \u2013 A60 00439 008<br \/>\nFormat:<br \/>\n2 x Vinyl, LP, Compilation, Gatefold<br \/>\nCountry:\tUSSR<br \/>\nReleased:\t1989<br \/>\nTrys pus\u0117s vg+, ketvirta &#8211; vg<\/p>","protected":false},"featured_media":23824,"template":"","meta":[],"product_cat":[906,21],"product_tag":[44],"yoast_head":"<!-- This site is optimized with the Yoast SEO plugin v23.5 - https:\/\/yoast.com\/wordpress\/plugins\/seo\/ -->\n<title>Various \u2013 Greenpeace - Breakthrough Vinilin\u0117 Plok\u0161tel\u0117 | Vinilozona.lt<\/title>\n<meta name=\"robots\" content=\"index, follow, max-snippet:-1, max-image-preview:large, max-video-preview:-1\" \/>\n<link rel=\"canonical\" href=\"https:\/\/vinilozona.lt\/en\/parduotuve\/kita\/al-stewart-\u200e-the-early-years\/\" \/>\n<meta property=\"og:locale\" content=\"en_GB\" \/>\n<meta property=\"og:type\" content=\"article\" \/>\n<meta property=\"og:title\" content=\"Various \u2013 Greenpeace - Breakthrough Vinilin\u0117 Plok\u0161tel\u0117 | Vinilozona.lt\" \/>\n<meta property=\"og:description\" content=\"\u041c\u0435\u043b\u043e\u0434\u0438\u044f \u2013 \u0410 6000439 008, \u041c\u0435\u043b\u043e\u0434\u0438\u044f \u2013 A60 00439 008 Format:  2 x Vinyl, LP, Compilation, Gatefold Country: USSR Released: 1989 Trys pus\u0117s vg+, ketvirta - vg\" \/>\n<meta property=\"og:url\" content=\"https:\/\/vinilozona.lt\/en\/parduotuve\/kita\/al-stewart-\u200e-the-early-years\/\" \/>\n<meta property=\"og:site_name\" content=\"Vinilo Zona\" \/>\n<meta property=\"article:modified_time\" content=\"2023-12-14T08:43:02+00:00\" \/>\n<meta property=\"og:image\" content=\"https:\/\/vinilozona.lt\/wp-content\/uploads\/2019\/12\/R-664368-1424982134-9028.jpg\" \/>\n\t<meta property=\"og:image:width\" content=\"300\" \/>\n\t<meta property=\"og:image:height\" content=\"300\" \/>\n\t<meta property=\"og:image:type\" content=\"image\/jpeg\" \/>\n<meta name=\"twitter:card\" content=\"summary_large_image\" \/>\n<meta name=\"twitter:label1\" content=\"Estimated reading time\" \/>\n\t<meta name=\"twitter:data1\" content=\"1 minute\" \/>\n<script type=\"application\/ld+json\" class=\"yoast-schema-graph\">{\"@context\":\"https:\/\/schema.org\",\"@graph\":[{\"@type\":\"WebPage\",\"@id\":\"https:\/\/vinilozona.lt\/en\/parduotuve\/kita\/al-stewart-%e2%80%8e-the-early-years\/\",\"url\":\"https:\/\/vinilozona.lt\/en\/parduotuve\/kita\/al-stewart-%e2%80%8e-the-early-years\/\",\"name\":\"Various \u2013 Greenpeace - Breakthrough Vinilin\u0117 Plok\u0161tel\u0117 | Vinilozona.lt\",\"isPartOf\":{\"@id\":\"https:\/\/vinilozona.lt\/#website\"},\"primaryImageOfPage\":{\"@id\":\"https:\/\/vinilozona.lt\/en\/parduotuve\/kita\/al-stewart-%e2%80%8e-the-early-years\/#primaryimage\"},\"image\":{\"@id\":\"https:\/\/vinilozona.lt\/en\/parduotuve\/kita\/al-stewart-%e2%80%8e-the-early-years\/#primaryimage\"},\"thumbnailUrl\":\"https:\/\/vinilozona.lt\/wp-content\/uploads\/2019\/12\/R-664368-1424982134-9028.jpg\",\"datePublished\":\"2023-12-15T03:08:04+00:00\",\"dateModified\":\"2023-12-14T08:43:02+00:00\",\"breadcrumb\":{\"@id\":\"https:\/\/vinilozona.lt\/en\/parduotuve\/kita\/al-stewart-%e2%80%8e-the-early-years\/#breadcrumb\"},\"inLanguage\":\"en-GB\",\"potentialAction\":[{\"@type\":\"ReadAction\",\"target\":[\"https:\/\/vinilozona.lt\/en\/parduotuve\/kita\/al-stewart-%e2%80%8e-the-early-years\/\"]}]},{\"@type\":\"ImageObject\",\"inLanguage\":\"en-GB\",\"@id\":\"https:\/\/vinilozona.lt\/en\/parduotuve\/kita\/al-stewart-%e2%80%8e-the-early-years\/#primaryimage\",\"url\":\"https:\/\/vinilozona.lt\/wp-content\/uploads\/2019\/12\/R-664368-1424982134-9028.jpg\",\"contentUrl\":\"https:\/\/vinilozona.lt\/wp-content\/uploads\/2019\/12\/R-664368-1424982134-9028.jpg\",\"width\":300,\"height\":300},{\"@type\":\"BreadcrumbList\",\"@id\":\"https:\/\/vinilozona.lt\/en\/parduotuve\/kita\/al-stewart-%e2%80%8e-the-early-years\/#breadcrumb\",\"itemListElement\":[{\"@type\":\"ListItem\",\"position\":1,\"name\":\"Home\",\"item\":\"https:\/\/vinilozona.lt\/\"},{\"@type\":\"ListItem\",\"position\":2,\"name\":\"Parduotuv\u0117\",\"item\":\"https:\/\/vinilozona.lt\/parduotuve\/\"},{\"@type\":\"ListItem\",\"position\":3,\"name\":\"Various \u2013 Greenpeace &#8211; Breakthrough\"}]},{\"@type\":\"WebSite\",\"@id\":\"https:\/\/vinilozona.lt\/#website\",\"url\":\"https:\/\/vinilozona.lt\/\",\"name\":\"Vinilo Zona\",\"description\":\"Nup\u016bsk dulkes ir klausyk LP\",\"potentialAction\":[{\"@type\":\"SearchAction\",\"target\":{\"@type\":\"EntryPoint\",\"urlTemplate\":\"https:\/\/vinilozona.lt\/?s={search_term_string}\"},\"query-input\":{\"@type\":\"PropertyValueSpecification\",\"valueRequired\":true,\"valueName\":\"search_term_string\"}}],\"inLanguage\":\"en-GB\"}]}<\/script>\n<!-- \/ Yoast SEO plugin. -->","yoast_head_json":{"title":"Various \u2013 Greenpeace - Breakthrough Vinilin\u0117 Plok\u0161tel\u0117 | Vinilozona.lt","robots":{"index":"index","follow":"follow","max-snippet":"max-snippet:-1","max-image-preview":"max-image-preview:large","max-video-preview":"max-video-preview:-1"},"canonical":"https:\/\/vinilozona.lt\/en\/parduotuve\/kita\/al-stewart-\u200e-the-early-years\/","og_locale":"en_GB","og_type":"article","og_title":"Various \u2013 Greenpeace - Breakthrough Vinilin\u0117 Plok\u0161tel\u0117 | Vinilozona.lt","og_description":"\u041c\u0435\u043b\u043e\u0434\u0438\u044f \u2013 \u0410 6000439 008, \u041c\u0435\u043b\u043e\u0434\u0438\u044f \u2013 A60 00439 008 Format:  2 x Vinyl, LP, Compilation, Gatefold Country: USSR Released: 1989 Trys pus\u0117s vg+, ketvirta - vg","og_url":"https:\/\/vinilozona.lt\/en\/parduotuve\/kita\/al-stewart-\u200e-the-early-years\/","og_site_name":"Vinilo Zona","article_modified_time":"2023-12-14T08:43:02+00:00","og_image":[{"width":300,"height":300,"url":"https:\/\/vinilozona.lt\/wp-content\/uploads\/2019\/12\/R-664368-1424982134-9028.jpg","type":"image\/jpeg"}],"twitter_card":"summary_large_image","twitter_misc":{"Estimated reading time":"1 minute"},"schema":{"@context":"https:\/\/schema.org","@graph":[{"@type":"WebPage","@id":"https:\/\/vinilozona.lt\/en\/parduotuve\/kita\/al-stewart-%e2%80%8e-the-early-years\/","url":"https:\/\/vinilozona.lt\/en\/parduotuve\/kita\/al-stewart-%e2%80%8e-the-early-years\/","name":"Various \u2013 Greenpeace - Breakthrough Vinilin\u0117 Plok\u0161tel\u0117 | Vinilozona.lt","isPartOf":{"@id":"https:\/\/vinilozona.lt\/#website"},"primaryImageOfPage":{"@id":"https:\/\/vinilozona.lt\/en\/parduotuve\/kita\/al-stewart-%e2%80%8e-the-early-years\/#primaryimage"},"image":{"@id":"https:\/\/vinilozona.lt\/en\/parduotuve\/kita\/al-stewart-%e2%80%8e-the-early-years\/#primaryimage"},"thumbnailUrl":"https:\/\/vinilozona.lt\/wp-content\/uploads\/2019\/12\/R-664368-1424982134-9028.jpg","datePublished":"2023-12-15T03:08:04+00:00","dateModified":"2023-12-14T08:43:02+00:00","breadcrumb":{"@id":"https:\/\/vinilozona.lt\/en\/parduotuve\/kita\/al-stewart-%e2%80%8e-the-early-years\/#breadcrumb"},"inLanguage":"en-GB","potentialAction":[{"@type":"ReadAction","target":["https:\/\/vinilozona.lt\/en\/parduotuve\/kita\/al-stewart-%e2%80%8e-the-early-years\/"]}]},{"@type":"ImageObject","inLanguage":"en-GB","@id":"https:\/\/vinilozona.lt\/en\/parduotuve\/kita\/al-stewart-%e2%80%8e-the-early-years\/#primaryimage","url":"https:\/\/vinilozona.lt\/wp-content\/uploads\/2019\/12\/R-664368-1424982134-9028.jpg","contentUrl":"https:\/\/vinilozona.lt\/wp-content\/uploads\/2019\/12\/R-664368-1424982134-9028.jpg","width":300,"height":300},{"@type":"BreadcrumbList","@id":"https:\/\/vinilozona.lt\/en\/parduotuve\/kita\/al-stewart-%e2%80%8e-the-early-years\/#breadcrumb","itemListElement":[{"@type":"ListItem","position":1,"name":"Home","item":"https:\/\/vinilozona.lt\/"},{"@type":"ListItem","position":2,"name":"Parduotuv\u0117","item":"https:\/\/vinilozona.lt\/parduotuve\/"},{"@type":"ListItem","position":3,"name":"Various \u2013 Greenpeace &#8211; Breakthrough"}]},{"@type":"WebSite","@id":"https:\/\/vinilozona.lt\/#website","url":"https:\/\/vinilozona.lt\/","name":"Vinilo Zona","description":"Nup\u016bsk dulkes ir klausyk LP","potentialAction":[{"@type":"SearchAction","target":{"@type":"EntryPoint","urlTemplate":"https:\/\/vinilozona.lt\/?s={search_term_string}"},"query-input":{"@type":"PropertyValueSpecification","valueRequired":true,"valueName":"search_term_string"}}],"inLanguage":"en-GB"}]}},"_links":{"self":[{"href":"https:\/\/vinilozona.lt\/en\/wp-json\/wp\/v2\/product\/1270"}],"collection":[{"href":"https:\/\/vinilozona.lt\/en\/wp-json\/wp\/v2\/product"}],"about":[{"href":"https:\/\/vinilozona.lt\/en\/wp-json\/wp\/v2\/types\/product"}],"wp:featuredmedia":[{"embeddable":true,"href":"https:\/\/vinilozona.lt\/en\/wp-json\/wp\/v2\/media\/23824"}],"wp:attachment":[{"href":"https:\/\/vinilozona.lt\/en\/wp-json\/wp\/v2\/media?parent=1270"}],"wp:term":[{"taxonomy":"product_cat","embeddable":true,"href":"https:\/\/vinilozona.lt\/en\/wp-json\/wp\/v2\/product_cat?post=1270"},{"taxonomy":"product_tag","embeddable":true,"href":"https:\/\/vinilozona.lt\/en\/wp-json\/wp\/v2\/product_tag?post=1270"}],"curies":[{"name":"wp","href":"https:\/\/api.w.org\/{rel}","templated":true}]}}