{"id":12689,"date":"2023-01-28T07:00:05","date_gmt":"2023-01-28T05:00:05","guid":{"rendered":"https:\/\/vinilozona.lt\/?post_type=product&#038;p=12689"},"modified":"2023-01-30T20:30:52","modified_gmt":"2023-01-30T18:30:52","slug":"tom-jones-%e2%80%8e-at-this-moment","status":"publish","type":"product","link":"https:\/\/vinilozona.lt\/en\/parduotuve\/rock-pop\/tom-jones-%e2%80%8e-at-this-moment\/","title":{"rendered":"Tom Jones \u200e\u2013 Green Green Grass Of Home"},"content":{"rendered":"<p>A1\t\tIt&#8217;s Not Unusual\t1:58<br \/>\nA2\t\tI&#8217;ll Never Fall In Love Agaian\t4:11<br \/>\nA3\t\tWhat&#8217;s New Pussycat?\t2:10<br \/>\nA4\t\tDelilah\t3:20<br \/>\nA5\t\tGreen, Green Grass Of Home\t3:05<br \/>\nA6\t\tLove Me Tonight\t3:08<br \/>\nB1\t\tDetroit City\t3:30<br \/>\nB2\t\tFunny Familiar Forgotton Feelings\t2:52<br \/>\nB3\t\tI Can&#8217;t Stop Loving You\t3:04<br \/>\nB4\t\tI&#8217;m Coming Home\t3:11<br \/>\nB5\t\tHelp Yourself\t2:53<br \/>\nB6\t\tKeep On Running\t2:47<\/p>","protected":false},"excerpt":{"rendered":"<p>Teldec Musik + Freizeit Service \u2013 6.26095 LF<br \/>\nFormat:<br \/>\nVinyl, LP, Compilation<br \/>\nCountry:\tGermany<br \/>\nReleased:\t1985<\/p>","protected":false},"featured_media":21263,"template":"","meta":[],"product_cat":[15],"product_tag":[44],"yoast_head":"<!-- This site is optimized with the Yoast SEO plugin v23.5 - https:\/\/yoast.com\/wordpress\/plugins\/seo\/ -->\n<title>Tom Jones \u200e\u2013 Green Green Grass Of Home Vinilin\u0117 Plok\u0161tel\u0117 | Vinilozona.lt<\/title>\n<meta name=\"robots\" content=\"index, follow, max-snippet:-1, max-image-preview:large, max-video-preview:-1\" \/>\n<link rel=\"canonical\" href=\"https:\/\/vinilozona.lt\/en\/parduotuve\/rock-pop\/tom-jones-\u200e-at-this-moment\/\" \/>\n<meta property=\"og:locale\" content=\"en_GB\" \/>\n<meta property=\"og:type\" content=\"article\" \/>\n<meta property=\"og:title\" content=\"Tom Jones \u200e\u2013 Green Green Grass Of Home Vinilin\u0117 Plok\u0161tel\u0117 | Vinilozona.lt\" \/>\n<meta property=\"og:description\" content=\"Teldec Musik + Freizeit Service \u2013 6.26095 LF Format:  Vinyl, LP, Compilation Country: Germany Released: 1985\" \/>\n<meta property=\"og:url\" content=\"https:\/\/vinilozona.lt\/en\/parduotuve\/rock-pop\/tom-jones-\u200e-at-this-moment\/\" \/>\n<meta property=\"og:site_name\" content=\"Vinilo Zona\" \/>\n<meta property=\"article:modified_time\" content=\"2023-01-30T18:30:52+00:00\" \/>\n<meta property=\"og:image\" content=\"https:\/\/vinilozona.lt\/wp-content\/uploads\/2020\/11\/R-10577657-1500239788-5248.jpg\" \/>\n\t<meta property=\"og:image:width\" content=\"480\" \/>\n\t<meta property=\"og:image:height\" content=\"473\" \/>\n\t<meta property=\"og:image:type\" content=\"image\/jpeg\" \/>\n<meta name=\"twitter:card\" content=\"summary_large_image\" \/>\n<script type=\"application\/ld+json\" class=\"yoast-schema-graph\">{\"@context\":\"https:\/\/schema.org\",\"@graph\":[{\"@type\":\"WebPage\",\"@id\":\"https:\/\/vinilozona.lt\/parduotuve\/rock-pop\/tom-jones-%e2%80%8e-at-this-moment\/\",\"url\":\"https:\/\/vinilozona.lt\/parduotuve\/rock-pop\/tom-jones-%e2%80%8e-at-this-moment\/\",\"name\":\"Tom Jones \u200e\u2013 Green Green Grass Of Home Vinilin\u0117 Plok\u0161tel\u0117 | Vinilozona.lt\",\"isPartOf\":{\"@id\":\"https:\/\/vinilozona.lt\/#website\"},\"primaryImageOfPage\":{\"@id\":\"https:\/\/vinilozona.lt\/parduotuve\/rock-pop\/tom-jones-%e2%80%8e-at-this-moment\/#primaryimage\"},\"image\":{\"@id\":\"https:\/\/vinilozona.lt\/parduotuve\/rock-pop\/tom-jones-%e2%80%8e-at-this-moment\/#primaryimage\"},\"thumbnailUrl\":\"https:\/\/vinilozona.lt\/wp-content\/uploads\/2020\/11\/R-10577657-1500239788-5248.jpg\",\"datePublished\":\"2023-01-28T05:00:05+00:00\",\"dateModified\":\"2023-01-30T18:30:52+00:00\",\"breadcrumb\":{\"@id\":\"https:\/\/vinilozona.lt\/parduotuve\/rock-pop\/tom-jones-%e2%80%8e-at-this-moment\/#breadcrumb\"},\"inLanguage\":\"en-GB\",\"potentialAction\":[{\"@type\":\"ReadAction\",\"target\":[\"https:\/\/vinilozona.lt\/parduotuve\/rock-pop\/tom-jones-%e2%80%8e-at-this-moment\/\"]}]},{\"@type\":\"ImageObject\",\"inLanguage\":\"en-GB\",\"@id\":\"https:\/\/vinilozona.lt\/parduotuve\/rock-pop\/tom-jones-%e2%80%8e-at-this-moment\/#primaryimage\",\"url\":\"https:\/\/vinilozona.lt\/wp-content\/uploads\/2020\/11\/R-10577657-1500239788-5248.jpg\",\"contentUrl\":\"https:\/\/vinilozona.lt\/wp-content\/uploads\/2020\/11\/R-10577657-1500239788-5248.jpg\",\"width\":480,\"height\":473},{\"@type\":\"BreadcrumbList\",\"@id\":\"https:\/\/vinilozona.lt\/parduotuve\/rock-pop\/tom-jones-%e2%80%8e-at-this-moment\/#breadcrumb\",\"itemListElement\":[{\"@type\":\"ListItem\",\"position\":1,\"name\":\"Home\",\"item\":\"https:\/\/vinilozona.lt\/\"},{\"@type\":\"ListItem\",\"position\":2,\"name\":\"Parduotuv\u0117\",\"item\":\"https:\/\/vinilozona.lt\/parduotuve\/\"},{\"@type\":\"ListItem\",\"position\":3,\"name\":\"Tom Jones \u200e\u2013 Green Green Grass Of Home\"}]},{\"@type\":\"WebSite\",\"@id\":\"https:\/\/vinilozona.lt\/#website\",\"url\":\"https:\/\/vinilozona.lt\/\",\"name\":\"Vinilo Zona\",\"description\":\"Nup\u016bsk dulkes ir klausyk LP\",\"potentialAction\":[{\"@type\":\"SearchAction\",\"target\":{\"@type\":\"EntryPoint\",\"urlTemplate\":\"https:\/\/vinilozona.lt\/?s={search_term_string}\"},\"query-input\":{\"@type\":\"PropertyValueSpecification\",\"valueRequired\":true,\"valueName\":\"search_term_string\"}}],\"inLanguage\":\"en-GB\"}]}<\/script>\n<!-- \/ Yoast SEO plugin. -->","yoast_head_json":{"title":"Tom Jones \u200e\u2013 Green Green Grass Of Home Vinilin\u0117 Plok\u0161tel\u0117 | Vinilozona.lt","robots":{"index":"index","follow":"follow","max-snippet":"max-snippet:-1","max-image-preview":"max-image-preview:large","max-video-preview":"max-video-preview:-1"},"canonical":"https:\/\/vinilozona.lt\/en\/parduotuve\/rock-pop\/tom-jones-\u200e-at-this-moment\/","og_locale":"en_GB","og_type":"article","og_title":"Tom Jones \u200e\u2013 Green Green Grass Of Home Vinilin\u0117 Plok\u0161tel\u0117 | Vinilozona.lt","og_description":"Teldec Musik + Freizeit Service \u2013 6.26095 LF Format:  Vinyl, LP, Compilation Country: Germany Released: 1985","og_url":"https:\/\/vinilozona.lt\/en\/parduotuve\/rock-pop\/tom-jones-\u200e-at-this-moment\/","og_site_name":"Vinilo Zona","article_modified_time":"2023-01-30T18:30:52+00:00","og_image":[{"width":480,"height":473,"url":"https:\/\/vinilozona.lt\/wp-content\/uploads\/2020\/11\/R-10577657-1500239788-5248.jpg","type":"image\/jpeg"}],"twitter_card":"summary_large_image","schema":{"@context":"https:\/\/schema.org","@graph":[{"@type":"WebPage","@id":"https:\/\/vinilozona.lt\/parduotuve\/rock-pop\/tom-jones-%e2%80%8e-at-this-moment\/","url":"https:\/\/vinilozona.lt\/parduotuve\/rock-pop\/tom-jones-%e2%80%8e-at-this-moment\/","name":"Tom Jones \u200e\u2013 Green Green Grass Of Home Vinilin\u0117 Plok\u0161tel\u0117 | Vinilozona.lt","isPartOf":{"@id":"https:\/\/vinilozona.lt\/#website"},"primaryImageOfPage":{"@id":"https:\/\/vinilozona.lt\/parduotuve\/rock-pop\/tom-jones-%e2%80%8e-at-this-moment\/#primaryimage"},"image":{"@id":"https:\/\/vinilozona.lt\/parduotuve\/rock-pop\/tom-jones-%e2%80%8e-at-this-moment\/#primaryimage"},"thumbnailUrl":"https:\/\/vinilozona.lt\/wp-content\/uploads\/2020\/11\/R-10577657-1500239788-5248.jpg","datePublished":"2023-01-28T05:00:05+00:00","dateModified":"2023-01-30T18:30:52+00:00","breadcrumb":{"@id":"https:\/\/vinilozona.lt\/parduotuve\/rock-pop\/tom-jones-%e2%80%8e-at-this-moment\/#breadcrumb"},"inLanguage":"en-GB","potentialAction":[{"@type":"ReadAction","target":["https:\/\/vinilozona.lt\/parduotuve\/rock-pop\/tom-jones-%e2%80%8e-at-this-moment\/"]}]},{"@type":"ImageObject","inLanguage":"en-GB","@id":"https:\/\/vinilozona.lt\/parduotuve\/rock-pop\/tom-jones-%e2%80%8e-at-this-moment\/#primaryimage","url":"https:\/\/vinilozona.lt\/wp-content\/uploads\/2020\/11\/R-10577657-1500239788-5248.jpg","contentUrl":"https:\/\/vinilozona.lt\/wp-content\/uploads\/2020\/11\/R-10577657-1500239788-5248.jpg","width":480,"height":473},{"@type":"BreadcrumbList","@id":"https:\/\/vinilozona.lt\/parduotuve\/rock-pop\/tom-jones-%e2%80%8e-at-this-moment\/#breadcrumb","itemListElement":[{"@type":"ListItem","position":1,"name":"Home","item":"https:\/\/vinilozona.lt\/"},{"@type":"ListItem","position":2,"name":"Parduotuv\u0117","item":"https:\/\/vinilozona.lt\/parduotuve\/"},{"@type":"ListItem","position":3,"name":"Tom Jones \u200e\u2013 Green Green Grass Of Home"}]},{"@type":"WebSite","@id":"https:\/\/vinilozona.lt\/#website","url":"https:\/\/vinilozona.lt\/","name":"Vinilo Zona","description":"Nup\u016bsk dulkes ir klausyk LP","potentialAction":[{"@type":"SearchAction","target":{"@type":"EntryPoint","urlTemplate":"https:\/\/vinilozona.lt\/?s={search_term_string}"},"query-input":{"@type":"PropertyValueSpecification","valueRequired":true,"valueName":"search_term_string"}}],"inLanguage":"en-GB"}]}},"_links":{"self":[{"href":"https:\/\/vinilozona.lt\/en\/wp-json\/wp\/v2\/product\/12689"}],"collection":[{"href":"https:\/\/vinilozona.lt\/en\/wp-json\/wp\/v2\/product"}],"about":[{"href":"https:\/\/vinilozona.lt\/en\/wp-json\/wp\/v2\/types\/product"}],"wp:featuredmedia":[{"embeddable":true,"href":"https:\/\/vinilozona.lt\/en\/wp-json\/wp\/v2\/media\/21263"}],"wp:attachment":[{"href":"https:\/\/vinilozona.lt\/en\/wp-json\/wp\/v2\/media?parent=12689"}],"wp:term":[{"taxonomy":"product_cat","embeddable":true,"href":"https:\/\/vinilozona.lt\/en\/wp-json\/wp\/v2\/product_cat?post=12689"},{"taxonomy":"product_tag","embeddable":true,"href":"https:\/\/vinilozona.lt\/en\/wp-json\/wp\/v2\/product_tag?post=12689"}],"curies":[{"name":"wp","href":"https:\/\/api.w.org\/{rel}","templated":true}]}}