{"id":12638,"date":"2023-11-13T05:12:32","date_gmt":"2023-11-13T03:12:32","guid":{"rendered":"https:\/\/vinilozona.lt\/?post_type=product&#038;p=12638"},"modified":"2025-08-10T17:14:19","modified_gmt":"2025-08-10T14:14:19","slug":"foreigner-with-21st-century-symphony-orchestra-%e2%80%8e-the-hits-orchestral","status":"publish","type":"product","link":"https:\/\/vinilozona.lt\/en\/parduotuve\/rock-pop\/foreigner-with-21st-century-symphony-orchestra-%e2%80%8e-the-hits-orchestral\/","title":{"rendered":"Various \u2013 California Jam 2"},"content":{"rendered":"<p>A1\tSantana\u2013\tJugando  2:04<br \/>\nA2\tSantana\u2013\tDance Sister Dance (Baila Mi Hermana)  7:41<br \/>\nA3\tDave Mason\u2013\tLet It Go, Let It Flow  4:21<br \/>\nA4\tDave Mason\u2013\tWe Just Disagree  3:04<br \/>\nB1\tHeart\u2013\tLove Alive  4:29<br \/>\nB2\tHeart\u2013\tLittle Queen  6:49<br \/>\nB3\tTed Nugent\u2013\tFree-For-All  5:09<br \/>\nB4\tTed Nugent\u2013\tSnakeskin Cowboys  4:35<br \/>\nC1\tAerosmith\u2013\tSame Old Song And Dance  5:09<br \/>\nC2\tAerosmith\u2013\tDraw The Line  4:34<br \/>\nC3\tAerosmith\u2013\tChip Away The Stone  4:06<br \/>\nC4\tJean Michel Jarre*\u2013\tOxygene (Part 5)<br \/>\nD1\tFrank Marino &#038; Mahogany Rush\u2013\tI&#8217;m A King Bee  6:22<br \/>\nD2\tFrank Marino &#038; Mahogany Rush\u2013\tJohnny B. Goode  6:04<br \/>\nD3\tRubicon \u2013\tNever Gonna Leave  3:43<br \/>\nD4\tRubicon \u2013\tToo Hot To Handle  4:06<\/p>","protected":false},"excerpt":{"rendered":"<p>CBS \u2013 CBS 88318, CBS \u2013 88318<br \/>\nFormat:<br \/>\n2 x Vinyl, LP, Album, Stereo, Gatefold<br \/>\nCountry:\tEurope<br \/>\nReleased:\t1978<\/p>","protected":false},"featured_media":23489,"template":"","meta":[],"product_cat":[15],"product_tag":[44],"yoast_head":"<!-- This site is optimized with the Yoast SEO plugin v23.5 - https:\/\/yoast.com\/wordpress\/plugins\/seo\/ -->\n<title>Various \u2013 California Jam 2 Vinilin\u0117 Plok\u0161tel\u0117 | Vinilozona.lt<\/title>\n<meta name=\"robots\" content=\"index, follow, max-snippet:-1, max-image-preview:large, max-video-preview:-1\" \/>\n<link rel=\"canonical\" href=\"https:\/\/vinilozona.lt\/en\/parduotuve\/rock-pop\/foreigner-with-21st-century-symphony-orchestra-\u200e-the-hits-orchestral\/\" \/>\n<meta property=\"og:locale\" content=\"en_GB\" \/>\n<meta property=\"og:type\" content=\"article\" \/>\n<meta property=\"og:title\" content=\"Various \u2013 California Jam 2 Vinilin\u0117 Plok\u0161tel\u0117 | Vinilozona.lt\" \/>\n<meta property=\"og:description\" content=\"CBS \u2013 CBS 88318, CBS \u2013 88318 Format:  2 x Vinyl, LP, Album, Stereo, Gatefold Country: Europe Released: 1978\" \/>\n<meta property=\"og:url\" content=\"https:\/\/vinilozona.lt\/en\/parduotuve\/rock-pop\/foreigner-with-21st-century-symphony-orchestra-\u200e-the-hits-orchestral\/\" \/>\n<meta property=\"og:site_name\" content=\"Vinilo Zona\" \/>\n<meta property=\"article:modified_time\" content=\"2025-08-10T14:14:19+00:00\" \/>\n<meta property=\"og:image\" content=\"https:\/\/vinilozona.lt\/wp-content\/uploads\/2020\/11\/R-1850251-1687693333-8020.jpg\" \/>\n\t<meta property=\"og:image:width\" content=\"600\" \/>\n\t<meta property=\"og:image:height\" content=\"600\" \/>\n\t<meta property=\"og:image:type\" content=\"image\/jpeg\" \/>\n<meta name=\"twitter:card\" content=\"summary_large_image\" \/>\n<script type=\"application\/ld+json\" class=\"yoast-schema-graph\">{\"@context\":\"https:\/\/schema.org\",\"@graph\":[{\"@type\":\"WebPage\",\"@id\":\"https:\/\/vinilozona.lt\/parduotuve\/rock-pop\/foreigner-with-21st-century-symphony-orchestra-%e2%80%8e-the-hits-orchestral\/\",\"url\":\"https:\/\/vinilozona.lt\/parduotuve\/rock-pop\/foreigner-with-21st-century-symphony-orchestra-%e2%80%8e-the-hits-orchestral\/\",\"name\":\"Various \u2013 California Jam 2 Vinilin\u0117 Plok\u0161tel\u0117 | Vinilozona.lt\",\"isPartOf\":{\"@id\":\"https:\/\/vinilozona.lt\/#website\"},\"primaryImageOfPage\":{\"@id\":\"https:\/\/vinilozona.lt\/parduotuve\/rock-pop\/foreigner-with-21st-century-symphony-orchestra-%e2%80%8e-the-hits-orchestral\/#primaryimage\"},\"image\":{\"@id\":\"https:\/\/vinilozona.lt\/parduotuve\/rock-pop\/foreigner-with-21st-century-symphony-orchestra-%e2%80%8e-the-hits-orchestral\/#primaryimage\"},\"thumbnailUrl\":\"https:\/\/vinilozona.lt\/wp-content\/uploads\/2020\/11\/R-1850251-1687693333-8020.jpg\",\"datePublished\":\"2023-11-13T03:12:32+00:00\",\"dateModified\":\"2025-08-10T14:14:19+00:00\",\"breadcrumb\":{\"@id\":\"https:\/\/vinilozona.lt\/parduotuve\/rock-pop\/foreigner-with-21st-century-symphony-orchestra-%e2%80%8e-the-hits-orchestral\/#breadcrumb\"},\"inLanguage\":\"en-GB\",\"potentialAction\":[{\"@type\":\"ReadAction\",\"target\":[\"https:\/\/vinilozona.lt\/parduotuve\/rock-pop\/foreigner-with-21st-century-symphony-orchestra-%e2%80%8e-the-hits-orchestral\/\"]}]},{\"@type\":\"ImageObject\",\"inLanguage\":\"en-GB\",\"@id\":\"https:\/\/vinilozona.lt\/parduotuve\/rock-pop\/foreigner-with-21st-century-symphony-orchestra-%e2%80%8e-the-hits-orchestral\/#primaryimage\",\"url\":\"https:\/\/vinilozona.lt\/wp-content\/uploads\/2020\/11\/R-1850251-1687693333-8020.jpg\",\"contentUrl\":\"https:\/\/vinilozona.lt\/wp-content\/uploads\/2020\/11\/R-1850251-1687693333-8020.jpg\",\"width\":600,\"height\":600},{\"@type\":\"BreadcrumbList\",\"@id\":\"https:\/\/vinilozona.lt\/parduotuve\/rock-pop\/foreigner-with-21st-century-symphony-orchestra-%e2%80%8e-the-hits-orchestral\/#breadcrumb\",\"itemListElement\":[{\"@type\":\"ListItem\",\"position\":1,\"name\":\"Home\",\"item\":\"https:\/\/vinilozona.lt\/\"},{\"@type\":\"ListItem\",\"position\":2,\"name\":\"Parduotuv\u0117\",\"item\":\"https:\/\/vinilozona.lt\/parduotuve\/\"},{\"@type\":\"ListItem\",\"position\":3,\"name\":\"Various \u2013 California Jam 2\"}]},{\"@type\":\"WebSite\",\"@id\":\"https:\/\/vinilozona.lt\/#website\",\"url\":\"https:\/\/vinilozona.lt\/\",\"name\":\"Vinilo Zona\",\"description\":\"Nup\u016bsk dulkes ir klausyk LP\",\"potentialAction\":[{\"@type\":\"SearchAction\",\"target\":{\"@type\":\"EntryPoint\",\"urlTemplate\":\"https:\/\/vinilozona.lt\/?s={search_term_string}\"},\"query-input\":{\"@type\":\"PropertyValueSpecification\",\"valueRequired\":true,\"valueName\":\"search_term_string\"}}],\"inLanguage\":\"en-GB\"}]}<\/script>\n<!-- \/ Yoast SEO plugin. -->","yoast_head_json":{"title":"Various \u2013 California Jam 2 Vinilin\u0117 Plok\u0161tel\u0117 | Vinilozona.lt","robots":{"index":"index","follow":"follow","max-snippet":"max-snippet:-1","max-image-preview":"max-image-preview:large","max-video-preview":"max-video-preview:-1"},"canonical":"https:\/\/vinilozona.lt\/en\/parduotuve\/rock-pop\/foreigner-with-21st-century-symphony-orchestra-\u200e-the-hits-orchestral\/","og_locale":"en_GB","og_type":"article","og_title":"Various \u2013 California Jam 2 Vinilin\u0117 Plok\u0161tel\u0117 | Vinilozona.lt","og_description":"CBS \u2013 CBS 88318, CBS \u2013 88318 Format:  2 x Vinyl, LP, Album, Stereo, Gatefold Country: Europe Released: 1978","og_url":"https:\/\/vinilozona.lt\/en\/parduotuve\/rock-pop\/foreigner-with-21st-century-symphony-orchestra-\u200e-the-hits-orchestral\/","og_site_name":"Vinilo Zona","article_modified_time":"2025-08-10T14:14:19+00:00","og_image":[{"width":600,"height":600,"url":"https:\/\/vinilozona.lt\/wp-content\/uploads\/2020\/11\/R-1850251-1687693333-8020.jpg","type":"image\/jpeg"}],"twitter_card":"summary_large_image","schema":{"@context":"https:\/\/schema.org","@graph":[{"@type":"WebPage","@id":"https:\/\/vinilozona.lt\/parduotuve\/rock-pop\/foreigner-with-21st-century-symphony-orchestra-%e2%80%8e-the-hits-orchestral\/","url":"https:\/\/vinilozona.lt\/parduotuve\/rock-pop\/foreigner-with-21st-century-symphony-orchestra-%e2%80%8e-the-hits-orchestral\/","name":"Various \u2013 California Jam 2 Vinilin\u0117 Plok\u0161tel\u0117 | Vinilozona.lt","isPartOf":{"@id":"https:\/\/vinilozona.lt\/#website"},"primaryImageOfPage":{"@id":"https:\/\/vinilozona.lt\/parduotuve\/rock-pop\/foreigner-with-21st-century-symphony-orchestra-%e2%80%8e-the-hits-orchestral\/#primaryimage"},"image":{"@id":"https:\/\/vinilozona.lt\/parduotuve\/rock-pop\/foreigner-with-21st-century-symphony-orchestra-%e2%80%8e-the-hits-orchestral\/#primaryimage"},"thumbnailUrl":"https:\/\/vinilozona.lt\/wp-content\/uploads\/2020\/11\/R-1850251-1687693333-8020.jpg","datePublished":"2023-11-13T03:12:32+00:00","dateModified":"2025-08-10T14:14:19+00:00","breadcrumb":{"@id":"https:\/\/vinilozona.lt\/parduotuve\/rock-pop\/foreigner-with-21st-century-symphony-orchestra-%e2%80%8e-the-hits-orchestral\/#breadcrumb"},"inLanguage":"en-GB","potentialAction":[{"@type":"ReadAction","target":["https:\/\/vinilozona.lt\/parduotuve\/rock-pop\/foreigner-with-21st-century-symphony-orchestra-%e2%80%8e-the-hits-orchestral\/"]}]},{"@type":"ImageObject","inLanguage":"en-GB","@id":"https:\/\/vinilozona.lt\/parduotuve\/rock-pop\/foreigner-with-21st-century-symphony-orchestra-%e2%80%8e-the-hits-orchestral\/#primaryimage","url":"https:\/\/vinilozona.lt\/wp-content\/uploads\/2020\/11\/R-1850251-1687693333-8020.jpg","contentUrl":"https:\/\/vinilozona.lt\/wp-content\/uploads\/2020\/11\/R-1850251-1687693333-8020.jpg","width":600,"height":600},{"@type":"BreadcrumbList","@id":"https:\/\/vinilozona.lt\/parduotuve\/rock-pop\/foreigner-with-21st-century-symphony-orchestra-%e2%80%8e-the-hits-orchestral\/#breadcrumb","itemListElement":[{"@type":"ListItem","position":1,"name":"Home","item":"https:\/\/vinilozona.lt\/"},{"@type":"ListItem","position":2,"name":"Parduotuv\u0117","item":"https:\/\/vinilozona.lt\/parduotuve\/"},{"@type":"ListItem","position":3,"name":"Various \u2013 California Jam 2"}]},{"@type":"WebSite","@id":"https:\/\/vinilozona.lt\/#website","url":"https:\/\/vinilozona.lt\/","name":"Vinilo Zona","description":"Nup\u016bsk dulkes ir klausyk LP","potentialAction":[{"@type":"SearchAction","target":{"@type":"EntryPoint","urlTemplate":"https:\/\/vinilozona.lt\/?s={search_term_string}"},"query-input":{"@type":"PropertyValueSpecification","valueRequired":true,"valueName":"search_term_string"}}],"inLanguage":"en-GB"}]}},"_links":{"self":[{"href":"https:\/\/vinilozona.lt\/en\/wp-json\/wp\/v2\/product\/12638"}],"collection":[{"href":"https:\/\/vinilozona.lt\/en\/wp-json\/wp\/v2\/product"}],"about":[{"href":"https:\/\/vinilozona.lt\/en\/wp-json\/wp\/v2\/types\/product"}],"wp:featuredmedia":[{"embeddable":true,"href":"https:\/\/vinilozona.lt\/en\/wp-json\/wp\/v2\/media\/23489"}],"wp:attachment":[{"href":"https:\/\/vinilozona.lt\/en\/wp-json\/wp\/v2\/media?parent=12638"}],"wp:term":[{"taxonomy":"product_cat","embeddable":true,"href":"https:\/\/vinilozona.lt\/en\/wp-json\/wp\/v2\/product_cat?post=12638"},{"taxonomy":"product_tag","embeddable":true,"href":"https:\/\/vinilozona.lt\/en\/wp-json\/wp\/v2\/product_tag?post=12638"}],"curies":[{"name":"wp","href":"https:\/\/api.w.org\/{rel}","templated":true}]}}