{"id":12619,"date":"2024-06-12T05:07:13","date_gmt":"2024-06-12T02:07:13","guid":{"rendered":"https:\/\/vinilozona.lt\/?post_type=product&#038;p=12619"},"modified":"2024-06-12T06:17:15","modified_gmt":"2024-06-12T03:17:15","slug":"bob-dylan-%e2%80%8e-infidels","status":"publish","type":"product","link":"https:\/\/vinilozona.lt\/en\/parduotuve\/rock-pop\/bob-dylan-%e2%80%8e-infidels\/","title":{"rendered":"Bob Dylan \u2013 Street-Legal"},"content":{"rendered":"<p>A1\t\tChanging Of The Guards\t6:36<br \/>\nA2\t\tNew Pony\t4:28<br \/>\nA3\t\tNo Time To Think\t8:19<br \/>\nA4\t\tBaby Stop Crying\t5:17<br \/>\nB1\t\tIs Your Love In Vain?  4:30<br \/>\nB2\t\tSe\u00f1or (Tales Of Yankee Power)\t5:42<br \/>\nB3\t\tTrue Love Tends To Forget\t4:14<br \/>\nB4\t\tWe Better Talk This Over\t4:04<br \/>\nB5\t\tWhere Are You Tonight? (Journey Through Dark Heat)\t6:16<\/p>","protected":false},"excerpt":{"rendered":"<p>CBS \u2013 CBS 86067, CBS \u2013 86067, CBS \u2013 JC 35453<br \/>\nFormat:<br \/>\nVinyl, LP, Album, Stereo<br \/>\nCountry:\tEurope<br \/>\nReleased:\t1978<\/p>","protected":false},"featured_media":25105,"template":"","meta":[],"product_cat":[15],"product_tag":[44],"yoast_head":"<!-- This site is optimized with the Yoast SEO plugin v23.5 - https:\/\/yoast.com\/wordpress\/plugins\/seo\/ -->\n<title>Bob Dylan \u2013 Street-Legal Vinilin\u0117 Plok\u0161tel\u0117 | Vinilozona.lt<\/title>\n<meta name=\"robots\" content=\"index, follow, max-snippet:-1, max-image-preview:large, max-video-preview:-1\" \/>\n<link rel=\"canonical\" href=\"https:\/\/vinilozona.lt\/en\/parduotuve\/rock-pop\/bob-dylan-\u200e-infidels\/\" \/>\n<meta property=\"og:locale\" content=\"en_GB\" \/>\n<meta property=\"og:type\" content=\"article\" \/>\n<meta property=\"og:title\" content=\"Bob Dylan \u2013 Street-Legal Vinilin\u0117 Plok\u0161tel\u0117 | Vinilozona.lt\" \/>\n<meta property=\"og:description\" content=\"CBS \u2013 CBS 86067, CBS \u2013 86067, CBS \u2013 JC 35453 Format:  Vinyl, LP, Album, Stereo Country: Europe Released: 1978\" \/>\n<meta property=\"og:url\" content=\"https:\/\/vinilozona.lt\/en\/parduotuve\/rock-pop\/bob-dylan-\u200e-infidels\/\" \/>\n<meta property=\"og:site_name\" content=\"Vinilo Zona\" \/>\n<meta property=\"article:modified_time\" content=\"2024-06-12T03:17:15+00:00\" \/>\n<meta property=\"og:image\" content=\"https:\/\/vinilozona.lt\/wp-content\/uploads\/2020\/11\/R-793081-1319102908.jpg\" \/>\n\t<meta property=\"og:image:width\" content=\"598\" \/>\n\t<meta property=\"og:image:height\" content=\"600\" \/>\n\t<meta property=\"og:image:type\" content=\"image\/jpeg\" \/>\n<meta name=\"twitter:card\" content=\"summary_large_image\" \/>\n<script type=\"application\/ld+json\" class=\"yoast-schema-graph\">{\"@context\":\"https:\/\/schema.org\",\"@graph\":[{\"@type\":\"WebPage\",\"@id\":\"https:\/\/vinilozona.lt\/parduotuve\/rock-pop\/bob-dylan-%e2%80%8e-infidels\/\",\"url\":\"https:\/\/vinilozona.lt\/parduotuve\/rock-pop\/bob-dylan-%e2%80%8e-infidels\/\",\"name\":\"Bob Dylan \u2013 Street-Legal Vinilin\u0117 Plok\u0161tel\u0117 | Vinilozona.lt\",\"isPartOf\":{\"@id\":\"https:\/\/vinilozona.lt\/#website\"},\"primaryImageOfPage\":{\"@id\":\"https:\/\/vinilozona.lt\/parduotuve\/rock-pop\/bob-dylan-%e2%80%8e-infidels\/#primaryimage\"},\"image\":{\"@id\":\"https:\/\/vinilozona.lt\/parduotuve\/rock-pop\/bob-dylan-%e2%80%8e-infidels\/#primaryimage\"},\"thumbnailUrl\":\"https:\/\/vinilozona.lt\/wp-content\/uploads\/2020\/11\/R-793081-1319102908.jpg\",\"datePublished\":\"2024-06-12T02:07:13+00:00\",\"dateModified\":\"2024-06-12T03:17:15+00:00\",\"breadcrumb\":{\"@id\":\"https:\/\/vinilozona.lt\/parduotuve\/rock-pop\/bob-dylan-%e2%80%8e-infidels\/#breadcrumb\"},\"inLanguage\":\"en-GB\",\"potentialAction\":[{\"@type\":\"ReadAction\",\"target\":[\"https:\/\/vinilozona.lt\/parduotuve\/rock-pop\/bob-dylan-%e2%80%8e-infidels\/\"]}]},{\"@type\":\"ImageObject\",\"inLanguage\":\"en-GB\",\"@id\":\"https:\/\/vinilozona.lt\/parduotuve\/rock-pop\/bob-dylan-%e2%80%8e-infidels\/#primaryimage\",\"url\":\"https:\/\/vinilozona.lt\/wp-content\/uploads\/2020\/11\/R-793081-1319102908.jpg\",\"contentUrl\":\"https:\/\/vinilozona.lt\/wp-content\/uploads\/2020\/11\/R-793081-1319102908.jpg\",\"width\":598,\"height\":600},{\"@type\":\"BreadcrumbList\",\"@id\":\"https:\/\/vinilozona.lt\/parduotuve\/rock-pop\/bob-dylan-%e2%80%8e-infidels\/#breadcrumb\",\"itemListElement\":[{\"@type\":\"ListItem\",\"position\":1,\"name\":\"Home\",\"item\":\"https:\/\/vinilozona.lt\/\"},{\"@type\":\"ListItem\",\"position\":2,\"name\":\"Parduotuv\u0117\",\"item\":\"https:\/\/vinilozona.lt\/parduotuve\/\"},{\"@type\":\"ListItem\",\"position\":3,\"name\":\"Bob Dylan \u2013 Street-Legal\"}]},{\"@type\":\"WebSite\",\"@id\":\"https:\/\/vinilozona.lt\/#website\",\"url\":\"https:\/\/vinilozona.lt\/\",\"name\":\"Vinilo Zona\",\"description\":\"Nup\u016bsk dulkes ir klausyk LP\",\"potentialAction\":[{\"@type\":\"SearchAction\",\"target\":{\"@type\":\"EntryPoint\",\"urlTemplate\":\"https:\/\/vinilozona.lt\/?s={search_term_string}\"},\"query-input\":{\"@type\":\"PropertyValueSpecification\",\"valueRequired\":true,\"valueName\":\"search_term_string\"}}],\"inLanguage\":\"en-GB\"}]}<\/script>\n<!-- \/ Yoast SEO plugin. -->","yoast_head_json":{"title":"Bob Dylan \u2013 Street-Legal Vinilin\u0117 Plok\u0161tel\u0117 | Vinilozona.lt","robots":{"index":"index","follow":"follow","max-snippet":"max-snippet:-1","max-image-preview":"max-image-preview:large","max-video-preview":"max-video-preview:-1"},"canonical":"https:\/\/vinilozona.lt\/en\/parduotuve\/rock-pop\/bob-dylan-\u200e-infidels\/","og_locale":"en_GB","og_type":"article","og_title":"Bob Dylan \u2013 Street-Legal Vinilin\u0117 Plok\u0161tel\u0117 | Vinilozona.lt","og_description":"CBS \u2013 CBS 86067, CBS \u2013 86067, CBS \u2013 JC 35453 Format:  Vinyl, LP, Album, Stereo Country: Europe Released: 1978","og_url":"https:\/\/vinilozona.lt\/en\/parduotuve\/rock-pop\/bob-dylan-\u200e-infidels\/","og_site_name":"Vinilo Zona","article_modified_time":"2024-06-12T03:17:15+00:00","og_image":[{"width":598,"height":600,"url":"https:\/\/vinilozona.lt\/wp-content\/uploads\/2020\/11\/R-793081-1319102908.jpg","type":"image\/jpeg"}],"twitter_card":"summary_large_image","schema":{"@context":"https:\/\/schema.org","@graph":[{"@type":"WebPage","@id":"https:\/\/vinilozona.lt\/parduotuve\/rock-pop\/bob-dylan-%e2%80%8e-infidels\/","url":"https:\/\/vinilozona.lt\/parduotuve\/rock-pop\/bob-dylan-%e2%80%8e-infidels\/","name":"Bob Dylan \u2013 Street-Legal Vinilin\u0117 Plok\u0161tel\u0117 | Vinilozona.lt","isPartOf":{"@id":"https:\/\/vinilozona.lt\/#website"},"primaryImageOfPage":{"@id":"https:\/\/vinilozona.lt\/parduotuve\/rock-pop\/bob-dylan-%e2%80%8e-infidels\/#primaryimage"},"image":{"@id":"https:\/\/vinilozona.lt\/parduotuve\/rock-pop\/bob-dylan-%e2%80%8e-infidels\/#primaryimage"},"thumbnailUrl":"https:\/\/vinilozona.lt\/wp-content\/uploads\/2020\/11\/R-793081-1319102908.jpg","datePublished":"2024-06-12T02:07:13+00:00","dateModified":"2024-06-12T03:17:15+00:00","breadcrumb":{"@id":"https:\/\/vinilozona.lt\/parduotuve\/rock-pop\/bob-dylan-%e2%80%8e-infidels\/#breadcrumb"},"inLanguage":"en-GB","potentialAction":[{"@type":"ReadAction","target":["https:\/\/vinilozona.lt\/parduotuve\/rock-pop\/bob-dylan-%e2%80%8e-infidels\/"]}]},{"@type":"ImageObject","inLanguage":"en-GB","@id":"https:\/\/vinilozona.lt\/parduotuve\/rock-pop\/bob-dylan-%e2%80%8e-infidels\/#primaryimage","url":"https:\/\/vinilozona.lt\/wp-content\/uploads\/2020\/11\/R-793081-1319102908.jpg","contentUrl":"https:\/\/vinilozona.lt\/wp-content\/uploads\/2020\/11\/R-793081-1319102908.jpg","width":598,"height":600},{"@type":"BreadcrumbList","@id":"https:\/\/vinilozona.lt\/parduotuve\/rock-pop\/bob-dylan-%e2%80%8e-infidels\/#breadcrumb","itemListElement":[{"@type":"ListItem","position":1,"name":"Home","item":"https:\/\/vinilozona.lt\/"},{"@type":"ListItem","position":2,"name":"Parduotuv\u0117","item":"https:\/\/vinilozona.lt\/parduotuve\/"},{"@type":"ListItem","position":3,"name":"Bob Dylan \u2013 Street-Legal"}]},{"@type":"WebSite","@id":"https:\/\/vinilozona.lt\/#website","url":"https:\/\/vinilozona.lt\/","name":"Vinilo Zona","description":"Nup\u016bsk dulkes ir klausyk LP","potentialAction":[{"@type":"SearchAction","target":{"@type":"EntryPoint","urlTemplate":"https:\/\/vinilozona.lt\/?s={search_term_string}"},"query-input":{"@type":"PropertyValueSpecification","valueRequired":true,"valueName":"search_term_string"}}],"inLanguage":"en-GB"}]}},"_links":{"self":[{"href":"https:\/\/vinilozona.lt\/en\/wp-json\/wp\/v2\/product\/12619"}],"collection":[{"href":"https:\/\/vinilozona.lt\/en\/wp-json\/wp\/v2\/product"}],"about":[{"href":"https:\/\/vinilozona.lt\/en\/wp-json\/wp\/v2\/types\/product"}],"wp:featuredmedia":[{"embeddable":true,"href":"https:\/\/vinilozona.lt\/en\/wp-json\/wp\/v2\/media\/25105"}],"wp:attachment":[{"href":"https:\/\/vinilozona.lt\/en\/wp-json\/wp\/v2\/media?parent=12619"}],"wp:term":[{"taxonomy":"product_cat","embeddable":true,"href":"https:\/\/vinilozona.lt\/en\/wp-json\/wp\/v2\/product_cat?post=12619"},{"taxonomy":"product_tag","embeddable":true,"href":"https:\/\/vinilozona.lt\/en\/wp-json\/wp\/v2\/product_tag?post=12619"}],"curies":[{"name":"wp","href":"https:\/\/api.w.org\/{rel}","templated":true}]}}