{"id":12565,"date":"2020-11-15T13:58:58","date_gmt":"2020-11-15T11:58:58","guid":{"rendered":"https:\/\/vinilozona.lt\/?post_type=product&#038;p=12565"},"modified":"2020-12-12T11:17:08","modified_gmt":"2020-12-12T09:17:08","slug":"john-lee-hooker-%e2%80%8e-thats-my-story-john-lee-hooker-sings-the-blues","status":"publish","type":"product","link":"https:\/\/vinilozona.lt\/en\/parduotuve\/rock-pop\/john-lee-hooker-%e2%80%8e-thats-my-story-john-lee-hooker-sings-the-blues\/","title":{"rendered":"John Lee Hooker \u200e\u2013 That&#8217;s My Story John Lee Hooker Sings The Blues"},"content":{"rendered":"","protected":false},"excerpt":{"rendered":"<p> WaxTime \u200e\u2013 771991<br \/>\nFormat:<br \/>\nVinyl, LP, Album, Reissue, Mono, 180 gram<\/p>","protected":false},"featured_media":12566,"template":"","meta":[],"product_cat":[23,15],"product_tag":[44],"yoast_head":"<!-- This site is optimized with the Yoast SEO plugin v23.5 - https:\/\/yoast.com\/wordpress\/plugins\/seo\/ -->\n<title>John Lee Hooker \u200e\u2013 That&#039;s My Story John Lee Hooker Sings The Blues Vinilin\u0117 Plok\u0161tel\u0117 | Vinilozona.lt<\/title>\n<meta name=\"robots\" content=\"index, follow, max-snippet:-1, max-image-preview:large, max-video-preview:-1\" \/>\n<link rel=\"canonical\" href=\"https:\/\/vinilozona.lt\/en\/parduotuve\/rock-pop\/john-lee-hooker-\u200e-thats-my-story-john-lee-hooker-sings-the-blues\/\" \/>\n<meta property=\"og:locale\" content=\"en_GB\" \/>\n<meta property=\"og:type\" content=\"article\" \/>\n<meta property=\"og:title\" content=\"John Lee Hooker \u200e\u2013 That&#039;s My Story John Lee Hooker Sings The Blues Vinilin\u0117 Plok\u0161tel\u0117 | Vinilozona.lt\" \/>\n<meta property=\"og:description\" content=\"WaxTime \u200e\u2013 771991 Format: Vinyl, LP, Album, Reissue, Mono, 180 gram\" \/>\n<meta property=\"og:url\" content=\"https:\/\/vinilozona.lt\/en\/parduotuve\/rock-pop\/john-lee-hooker-\u200e-thats-my-story-john-lee-hooker-sings-the-blues\/\" \/>\n<meta property=\"og:site_name\" content=\"Vinilo Zona\" \/>\n<meta property=\"article:modified_time\" content=\"2020-12-12T09:17:08+00:00\" \/>\n<meta property=\"og:image\" content=\"https:\/\/vinilozona.lt\/wp-content\/uploads\/2020\/11\/R-7500217-1443780954-3712.jpeg.jpg\" \/>\n\t<meta property=\"og:image:width\" content=\"600\" \/>\n\t<meta property=\"og:image:height\" content=\"600\" \/>\n\t<meta property=\"og:image:type\" content=\"image\/jpeg\" \/>\n<meta name=\"twitter:card\" content=\"summary_large_image\" \/>\n<script type=\"application\/ld+json\" class=\"yoast-schema-graph\">{\"@context\":\"https:\/\/schema.org\",\"@graph\":[{\"@type\":\"WebPage\",\"@id\":\"https:\/\/vinilozona.lt\/parduotuve\/rock-pop\/john-lee-hooker-%e2%80%8e-thats-my-story-john-lee-hooker-sings-the-blues\/\",\"url\":\"https:\/\/vinilozona.lt\/parduotuve\/rock-pop\/john-lee-hooker-%e2%80%8e-thats-my-story-john-lee-hooker-sings-the-blues\/\",\"name\":\"John Lee Hooker \u200e\u2013 That's My Story John Lee Hooker Sings The Blues Vinilin\u0117 Plok\u0161tel\u0117 | Vinilozona.lt\",\"isPartOf\":{\"@id\":\"https:\/\/vinilozona.lt\/#website\"},\"primaryImageOfPage\":{\"@id\":\"https:\/\/vinilozona.lt\/parduotuve\/rock-pop\/john-lee-hooker-%e2%80%8e-thats-my-story-john-lee-hooker-sings-the-blues\/#primaryimage\"},\"image\":{\"@id\":\"https:\/\/vinilozona.lt\/parduotuve\/rock-pop\/john-lee-hooker-%e2%80%8e-thats-my-story-john-lee-hooker-sings-the-blues\/#primaryimage\"},\"thumbnailUrl\":\"https:\/\/vinilozona.lt\/wp-content\/uploads\/2020\/11\/R-7500217-1443780954-3712.jpeg.jpg\",\"datePublished\":\"2020-11-15T11:58:58+00:00\",\"dateModified\":\"2020-12-12T09:17:08+00:00\",\"breadcrumb\":{\"@id\":\"https:\/\/vinilozona.lt\/parduotuve\/rock-pop\/john-lee-hooker-%e2%80%8e-thats-my-story-john-lee-hooker-sings-the-blues\/#breadcrumb\"},\"inLanguage\":\"en-GB\",\"potentialAction\":[{\"@type\":\"ReadAction\",\"target\":[\"https:\/\/vinilozona.lt\/parduotuve\/rock-pop\/john-lee-hooker-%e2%80%8e-thats-my-story-john-lee-hooker-sings-the-blues\/\"]}]},{\"@type\":\"ImageObject\",\"inLanguage\":\"en-GB\",\"@id\":\"https:\/\/vinilozona.lt\/parduotuve\/rock-pop\/john-lee-hooker-%e2%80%8e-thats-my-story-john-lee-hooker-sings-the-blues\/#primaryimage\",\"url\":\"https:\/\/vinilozona.lt\/wp-content\/uploads\/2020\/11\/R-7500217-1443780954-3712.jpeg.jpg\",\"contentUrl\":\"https:\/\/vinilozona.lt\/wp-content\/uploads\/2020\/11\/R-7500217-1443780954-3712.jpeg.jpg\",\"width\":600,\"height\":600},{\"@type\":\"BreadcrumbList\",\"@id\":\"https:\/\/vinilozona.lt\/parduotuve\/rock-pop\/john-lee-hooker-%e2%80%8e-thats-my-story-john-lee-hooker-sings-the-blues\/#breadcrumb\",\"itemListElement\":[{\"@type\":\"ListItem\",\"position\":1,\"name\":\"Home\",\"item\":\"https:\/\/vinilozona.lt\/\"},{\"@type\":\"ListItem\",\"position\":2,\"name\":\"Parduotuv\u0117\",\"item\":\"https:\/\/vinilozona.lt\/parduotuve\/\"},{\"@type\":\"ListItem\",\"position\":3,\"name\":\"John Lee Hooker \u200e\u2013 That&#8217;s My Story John Lee Hooker Sings The Blues\"}]},{\"@type\":\"WebSite\",\"@id\":\"https:\/\/vinilozona.lt\/#website\",\"url\":\"https:\/\/vinilozona.lt\/\",\"name\":\"Vinilo Zona\",\"description\":\"Nup\u016bsk dulkes ir klausyk LP\",\"potentialAction\":[{\"@type\":\"SearchAction\",\"target\":{\"@type\":\"EntryPoint\",\"urlTemplate\":\"https:\/\/vinilozona.lt\/?s={search_term_string}\"},\"query-input\":{\"@type\":\"PropertyValueSpecification\",\"valueRequired\":true,\"valueName\":\"search_term_string\"}}],\"inLanguage\":\"en-GB\"}]}<\/script>\n<!-- \/ Yoast SEO plugin. -->","yoast_head_json":{"title":"John Lee Hooker \u200e\u2013 That's My Story John Lee Hooker Sings The Blues Vinilin\u0117 Plok\u0161tel\u0117 | Vinilozona.lt","robots":{"index":"index","follow":"follow","max-snippet":"max-snippet:-1","max-image-preview":"max-image-preview:large","max-video-preview":"max-video-preview:-1"},"canonical":"https:\/\/vinilozona.lt\/en\/parduotuve\/rock-pop\/john-lee-hooker-\u200e-thats-my-story-john-lee-hooker-sings-the-blues\/","og_locale":"en_GB","og_type":"article","og_title":"John Lee Hooker \u200e\u2013 That's My Story John Lee Hooker Sings The Blues Vinilin\u0117 Plok\u0161tel\u0117 | Vinilozona.lt","og_description":"WaxTime \u200e\u2013 771991 Format: Vinyl, LP, Album, Reissue, Mono, 180 gram","og_url":"https:\/\/vinilozona.lt\/en\/parduotuve\/rock-pop\/john-lee-hooker-\u200e-thats-my-story-john-lee-hooker-sings-the-blues\/","og_site_name":"Vinilo Zona","article_modified_time":"2020-12-12T09:17:08+00:00","og_image":[{"width":600,"height":600,"url":"https:\/\/vinilozona.lt\/wp-content\/uploads\/2020\/11\/R-7500217-1443780954-3712.jpeg.jpg","type":"image\/jpeg"}],"twitter_card":"summary_large_image","schema":{"@context":"https:\/\/schema.org","@graph":[{"@type":"WebPage","@id":"https:\/\/vinilozona.lt\/parduotuve\/rock-pop\/john-lee-hooker-%e2%80%8e-thats-my-story-john-lee-hooker-sings-the-blues\/","url":"https:\/\/vinilozona.lt\/parduotuve\/rock-pop\/john-lee-hooker-%e2%80%8e-thats-my-story-john-lee-hooker-sings-the-blues\/","name":"John Lee Hooker \u200e\u2013 That's My Story John Lee Hooker Sings The Blues Vinilin\u0117 Plok\u0161tel\u0117 | Vinilozona.lt","isPartOf":{"@id":"https:\/\/vinilozona.lt\/#website"},"primaryImageOfPage":{"@id":"https:\/\/vinilozona.lt\/parduotuve\/rock-pop\/john-lee-hooker-%e2%80%8e-thats-my-story-john-lee-hooker-sings-the-blues\/#primaryimage"},"image":{"@id":"https:\/\/vinilozona.lt\/parduotuve\/rock-pop\/john-lee-hooker-%e2%80%8e-thats-my-story-john-lee-hooker-sings-the-blues\/#primaryimage"},"thumbnailUrl":"https:\/\/vinilozona.lt\/wp-content\/uploads\/2020\/11\/R-7500217-1443780954-3712.jpeg.jpg","datePublished":"2020-11-15T11:58:58+00:00","dateModified":"2020-12-12T09:17:08+00:00","breadcrumb":{"@id":"https:\/\/vinilozona.lt\/parduotuve\/rock-pop\/john-lee-hooker-%e2%80%8e-thats-my-story-john-lee-hooker-sings-the-blues\/#breadcrumb"},"inLanguage":"en-GB","potentialAction":[{"@type":"ReadAction","target":["https:\/\/vinilozona.lt\/parduotuve\/rock-pop\/john-lee-hooker-%e2%80%8e-thats-my-story-john-lee-hooker-sings-the-blues\/"]}]},{"@type":"ImageObject","inLanguage":"en-GB","@id":"https:\/\/vinilozona.lt\/parduotuve\/rock-pop\/john-lee-hooker-%e2%80%8e-thats-my-story-john-lee-hooker-sings-the-blues\/#primaryimage","url":"https:\/\/vinilozona.lt\/wp-content\/uploads\/2020\/11\/R-7500217-1443780954-3712.jpeg.jpg","contentUrl":"https:\/\/vinilozona.lt\/wp-content\/uploads\/2020\/11\/R-7500217-1443780954-3712.jpeg.jpg","width":600,"height":600},{"@type":"BreadcrumbList","@id":"https:\/\/vinilozona.lt\/parduotuve\/rock-pop\/john-lee-hooker-%e2%80%8e-thats-my-story-john-lee-hooker-sings-the-blues\/#breadcrumb","itemListElement":[{"@type":"ListItem","position":1,"name":"Home","item":"https:\/\/vinilozona.lt\/"},{"@type":"ListItem","position":2,"name":"Parduotuv\u0117","item":"https:\/\/vinilozona.lt\/parduotuve\/"},{"@type":"ListItem","position":3,"name":"John Lee Hooker \u200e\u2013 That&#8217;s My Story John Lee Hooker Sings The Blues"}]},{"@type":"WebSite","@id":"https:\/\/vinilozona.lt\/#website","url":"https:\/\/vinilozona.lt\/","name":"Vinilo Zona","description":"Nup\u016bsk dulkes ir klausyk LP","potentialAction":[{"@type":"SearchAction","target":{"@type":"EntryPoint","urlTemplate":"https:\/\/vinilozona.lt\/?s={search_term_string}"},"query-input":{"@type":"PropertyValueSpecification","valueRequired":true,"valueName":"search_term_string"}}],"inLanguage":"en-GB"}]}},"_links":{"self":[{"href":"https:\/\/vinilozona.lt\/en\/wp-json\/wp\/v2\/product\/12565"}],"collection":[{"href":"https:\/\/vinilozona.lt\/en\/wp-json\/wp\/v2\/product"}],"about":[{"href":"https:\/\/vinilozona.lt\/en\/wp-json\/wp\/v2\/types\/product"}],"wp:featuredmedia":[{"embeddable":true,"href":"https:\/\/vinilozona.lt\/en\/wp-json\/wp\/v2\/media\/12566"}],"wp:attachment":[{"href":"https:\/\/vinilozona.lt\/en\/wp-json\/wp\/v2\/media?parent=12565"}],"wp:term":[{"taxonomy":"product_cat","embeddable":true,"href":"https:\/\/vinilozona.lt\/en\/wp-json\/wp\/v2\/product_cat?post=12565"},{"taxonomy":"product_tag","embeddable":true,"href":"https:\/\/vinilozona.lt\/en\/wp-json\/wp\/v2\/product_tag?post=12565"}],"curies":[{"name":"wp","href":"https:\/\/api.w.org\/{rel}","templated":true}]}}