{"id":12557,"date":"2022-12-08T05:07:34","date_gmt":"2022-12-08T03:07:34","guid":{"rendered":"https:\/\/vinilozona.lt\/?post_type=product&#038;p=12557"},"modified":"2023-03-17T22:16:01","modified_gmt":"2023-03-17T20:16:01","slug":"sonic-youth-%e2%80%8e-%d0%bd%d0%b0%d1%86%d0%b8%d1%8f-%d0%bc%d0%b5%d1%87%d1%82%d0%b0%d1%82%d0%b5%d0%bb%d0%b5%d0%b9","status":"publish","type":"product","link":"https:\/\/vinilozona.lt\/en\/parduotuve\/kita\/sonic-youth-%e2%80%8e-%d0%bd%d0%b0%d1%86%d0%b8%d1%8f-%d0%bc%d0%b5%d1%87%d1%82%d0%b0%d1%82%d0%b5%d0%bb%d0%b5%d0%b9\/","title":{"rendered":"Sonic Youth \u200e\u2013 \u041d\u0430\u0446\u0438\u044f \u041c\u0435\u0447\u0442\u0430\u0442\u0435\u043b\u0435\u0439"},"content":{"rendered":"<p>Teen Age Riot\t6:56<br \/>\nSilver Rocket\t3:46<br \/>\nThe Sprawl\t7:39<br \/>\n&#8216;Cross The Breeze\t7:00<br \/>\nEric&#8217;s Trip\t3:46<br \/>\nTotal Trash\t7:30<br \/>\nHey Joni\t4:17<br \/>\nProvidence\t2:39<br \/>\nCandle\t4:57<br \/>\nRain King\t4:38<\/p>","protected":false},"excerpt":{"rendered":"<p>AnTrop \u2013 \u041f91 00037<br \/>\nFormat:<br \/>\nVinyl, LP, Album, Reissue, Unofficial Release<br \/>\nCountry:\tUSSR<br \/>\nReleased:\t1991<\/p>","protected":false},"featured_media":12558,"template":"","meta":[],"product_cat":[21],"product_tag":[44],"yoast_head":"<!-- This site is optimized with the Yoast SEO plugin v23.5 - https:\/\/yoast.com\/wordpress\/plugins\/seo\/ -->\n<title>Sonic Youth \u200e\u2013 \u041d\u0430\u0446\u0438\u044f \u041c\u0435\u0447\u0442\u0430\u0442\u0435\u043b\u0435\u0439 Vinilin\u0117 Plok\u0161tel\u0117 | Vinilozona.lt<\/title>\n<meta name=\"robots\" content=\"index, follow, max-snippet:-1, max-image-preview:large, max-video-preview:-1\" \/>\n<link rel=\"canonical\" href=\"https:\/\/vinilozona.lt\/en\/parduotuve\/kita\/sonic-youth-\u200e-\u043d\u0430\u0446\u0438\u044f-\u043c\u0435\u0447\u0442\u0430\u0442\u0435\u043b\u0435\u0439\/\" \/>\n<meta property=\"og:locale\" content=\"en_GB\" \/>\n<meta property=\"og:type\" content=\"article\" \/>\n<meta property=\"og:title\" content=\"Sonic Youth \u200e\u2013 \u041d\u0430\u0446\u0438\u044f \u041c\u0435\u0447\u0442\u0430\u0442\u0435\u043b\u0435\u0439 Vinilin\u0117 Plok\u0161tel\u0117 | Vinilozona.lt\" \/>\n<meta property=\"og:description\" content=\"AnTrop \u2013 \u041f91 00037 Format:  Vinyl, LP, Album, Reissue, Unofficial Release Country: USSR Released: 1991\" \/>\n<meta property=\"og:url\" content=\"https:\/\/vinilozona.lt\/en\/parduotuve\/kita\/sonic-youth-\u200e-\u043d\u0430\u0446\u0438\u044f-\u043c\u0435\u0447\u0442\u0430\u0442\u0435\u043b\u0435\u0439\/\" \/>\n<meta property=\"og:site_name\" content=\"Vinilo Zona\" \/>\n<meta property=\"article:modified_time\" content=\"2023-03-17T20:16:01+00:00\" \/>\n<meta property=\"og:image\" content=\"https:\/\/vinilozona.lt\/wp-content\/uploads\/2020\/11\/R-659435-1144449696.jpeg.jpg\" \/>\n\t<meta property=\"og:image:width\" content=\"300\" \/>\n\t<meta property=\"og:image:height\" content=\"300\" \/>\n\t<meta property=\"og:image:type\" content=\"image\/jpeg\" \/>\n<meta name=\"twitter:card\" content=\"summary_large_image\" \/>\n<script type=\"application\/ld+json\" class=\"yoast-schema-graph\">{\"@context\":\"https:\/\/schema.org\",\"@graph\":[{\"@type\":\"WebPage\",\"@id\":\"https:\/\/vinilozona.lt\/parduotuve\/kita\/sonic-youth-%e2%80%8e-%d0%bd%d0%b0%d1%86%d0%b8%d1%8f-%d0%bc%d0%b5%d1%87%d1%82%d0%b0%d1%82%d0%b5%d0%bb%d0%b5%d0%b9\/\",\"url\":\"https:\/\/vinilozona.lt\/parduotuve\/kita\/sonic-youth-%e2%80%8e-%d0%bd%d0%b0%d1%86%d0%b8%d1%8f-%d0%bc%d0%b5%d1%87%d1%82%d0%b0%d1%82%d0%b5%d0%bb%d0%b5%d0%b9\/\",\"name\":\"Sonic Youth \u200e\u2013 \u041d\u0430\u0446\u0438\u044f \u041c\u0435\u0447\u0442\u0430\u0442\u0435\u043b\u0435\u0439 Vinilin\u0117 Plok\u0161tel\u0117 | Vinilozona.lt\",\"isPartOf\":{\"@id\":\"https:\/\/vinilozona.lt\/#website\"},\"primaryImageOfPage\":{\"@id\":\"https:\/\/vinilozona.lt\/parduotuve\/kita\/sonic-youth-%e2%80%8e-%d0%bd%d0%b0%d1%86%d0%b8%d1%8f-%d0%bc%d0%b5%d1%87%d1%82%d0%b0%d1%82%d0%b5%d0%bb%d0%b5%d0%b9\/#primaryimage\"},\"image\":{\"@id\":\"https:\/\/vinilozona.lt\/parduotuve\/kita\/sonic-youth-%e2%80%8e-%d0%bd%d0%b0%d1%86%d0%b8%d1%8f-%d0%bc%d0%b5%d1%87%d1%82%d0%b0%d1%82%d0%b5%d0%bb%d0%b5%d0%b9\/#primaryimage\"},\"thumbnailUrl\":\"https:\/\/vinilozona.lt\/wp-content\/uploads\/2020\/11\/R-659435-1144449696.jpeg.jpg\",\"datePublished\":\"2022-12-08T03:07:34+00:00\",\"dateModified\":\"2023-03-17T20:16:01+00:00\",\"breadcrumb\":{\"@id\":\"https:\/\/vinilozona.lt\/parduotuve\/kita\/sonic-youth-%e2%80%8e-%d0%bd%d0%b0%d1%86%d0%b8%d1%8f-%d0%bc%d0%b5%d1%87%d1%82%d0%b0%d1%82%d0%b5%d0%bb%d0%b5%d0%b9\/#breadcrumb\"},\"inLanguage\":\"en-GB\",\"potentialAction\":[{\"@type\":\"ReadAction\",\"target\":[\"https:\/\/vinilozona.lt\/parduotuve\/kita\/sonic-youth-%e2%80%8e-%d0%bd%d0%b0%d1%86%d0%b8%d1%8f-%d0%bc%d0%b5%d1%87%d1%82%d0%b0%d1%82%d0%b5%d0%bb%d0%b5%d0%b9\/\"]}]},{\"@type\":\"ImageObject\",\"inLanguage\":\"en-GB\",\"@id\":\"https:\/\/vinilozona.lt\/parduotuve\/kita\/sonic-youth-%e2%80%8e-%d0%bd%d0%b0%d1%86%d0%b8%d1%8f-%d0%bc%d0%b5%d1%87%d1%82%d0%b0%d1%82%d0%b5%d0%bb%d0%b5%d0%b9\/#primaryimage\",\"url\":\"https:\/\/vinilozona.lt\/wp-content\/uploads\/2020\/11\/R-659435-1144449696.jpeg.jpg\",\"contentUrl\":\"https:\/\/vinilozona.lt\/wp-content\/uploads\/2020\/11\/R-659435-1144449696.jpeg.jpg\",\"width\":300,\"height\":300},{\"@type\":\"BreadcrumbList\",\"@id\":\"https:\/\/vinilozona.lt\/parduotuve\/kita\/sonic-youth-%e2%80%8e-%d0%bd%d0%b0%d1%86%d0%b8%d1%8f-%d0%bc%d0%b5%d1%87%d1%82%d0%b0%d1%82%d0%b5%d0%bb%d0%b5%d0%b9\/#breadcrumb\",\"itemListElement\":[{\"@type\":\"ListItem\",\"position\":1,\"name\":\"Home\",\"item\":\"https:\/\/vinilozona.lt\/\"},{\"@type\":\"ListItem\",\"position\":2,\"name\":\"Parduotuv\u0117\",\"item\":\"https:\/\/vinilozona.lt\/parduotuve\/\"},{\"@type\":\"ListItem\",\"position\":3,\"name\":\"Sonic Youth \u200e\u2013 \u041d\u0430\u0446\u0438\u044f \u041c\u0435\u0447\u0442\u0430\u0442\u0435\u043b\u0435\u0439\"}]},{\"@type\":\"WebSite\",\"@id\":\"https:\/\/vinilozona.lt\/#website\",\"url\":\"https:\/\/vinilozona.lt\/\",\"name\":\"Vinilo Zona\",\"description\":\"Nup\u016bsk dulkes ir klausyk LP\",\"potentialAction\":[{\"@type\":\"SearchAction\",\"target\":{\"@type\":\"EntryPoint\",\"urlTemplate\":\"https:\/\/vinilozona.lt\/?s={search_term_string}\"},\"query-input\":{\"@type\":\"PropertyValueSpecification\",\"valueRequired\":true,\"valueName\":\"search_term_string\"}}],\"inLanguage\":\"en-GB\"}]}<\/script>\n<!-- \/ Yoast SEO plugin. -->","yoast_head_json":{"title":"Sonic Youth \u200e\u2013 \u041d\u0430\u0446\u0438\u044f \u041c\u0435\u0447\u0442\u0430\u0442\u0435\u043b\u0435\u0439 Vinilin\u0117 Plok\u0161tel\u0117 | Vinilozona.lt","robots":{"index":"index","follow":"follow","max-snippet":"max-snippet:-1","max-image-preview":"max-image-preview:large","max-video-preview":"max-video-preview:-1"},"canonical":"https:\/\/vinilozona.lt\/en\/parduotuve\/kita\/sonic-youth-\u200e-\u043d\u0430\u0446\u0438\u044f-\u043c\u0435\u0447\u0442\u0430\u0442\u0435\u043b\u0435\u0439\/","og_locale":"en_GB","og_type":"article","og_title":"Sonic Youth \u200e\u2013 \u041d\u0430\u0446\u0438\u044f \u041c\u0435\u0447\u0442\u0430\u0442\u0435\u043b\u0435\u0439 Vinilin\u0117 Plok\u0161tel\u0117 | Vinilozona.lt","og_description":"AnTrop \u2013 \u041f91 00037 Format:  Vinyl, LP, Album, Reissue, Unofficial Release Country: USSR Released: 1991","og_url":"https:\/\/vinilozona.lt\/en\/parduotuve\/kita\/sonic-youth-\u200e-\u043d\u0430\u0446\u0438\u044f-\u043c\u0435\u0447\u0442\u0430\u0442\u0435\u043b\u0435\u0439\/","og_site_name":"Vinilo Zona","article_modified_time":"2023-03-17T20:16:01+00:00","og_image":[{"width":300,"height":300,"url":"https:\/\/vinilozona.lt\/wp-content\/uploads\/2020\/11\/R-659435-1144449696.jpeg.jpg","type":"image\/jpeg"}],"twitter_card":"summary_large_image","schema":{"@context":"https:\/\/schema.org","@graph":[{"@type":"WebPage","@id":"https:\/\/vinilozona.lt\/parduotuve\/kita\/sonic-youth-%e2%80%8e-%d0%bd%d0%b0%d1%86%d0%b8%d1%8f-%d0%bc%d0%b5%d1%87%d1%82%d0%b0%d1%82%d0%b5%d0%bb%d0%b5%d0%b9\/","url":"https:\/\/vinilozona.lt\/parduotuve\/kita\/sonic-youth-%e2%80%8e-%d0%bd%d0%b0%d1%86%d0%b8%d1%8f-%d0%bc%d0%b5%d1%87%d1%82%d0%b0%d1%82%d0%b5%d0%bb%d0%b5%d0%b9\/","name":"Sonic Youth \u200e\u2013 \u041d\u0430\u0446\u0438\u044f \u041c\u0435\u0447\u0442\u0430\u0442\u0435\u043b\u0435\u0439 Vinilin\u0117 Plok\u0161tel\u0117 | Vinilozona.lt","isPartOf":{"@id":"https:\/\/vinilozona.lt\/#website"},"primaryImageOfPage":{"@id":"https:\/\/vinilozona.lt\/parduotuve\/kita\/sonic-youth-%e2%80%8e-%d0%bd%d0%b0%d1%86%d0%b8%d1%8f-%d0%bc%d0%b5%d1%87%d1%82%d0%b0%d1%82%d0%b5%d0%bb%d0%b5%d0%b9\/#primaryimage"},"image":{"@id":"https:\/\/vinilozona.lt\/parduotuve\/kita\/sonic-youth-%e2%80%8e-%d0%bd%d0%b0%d1%86%d0%b8%d1%8f-%d0%bc%d0%b5%d1%87%d1%82%d0%b0%d1%82%d0%b5%d0%bb%d0%b5%d0%b9\/#primaryimage"},"thumbnailUrl":"https:\/\/vinilozona.lt\/wp-content\/uploads\/2020\/11\/R-659435-1144449696.jpeg.jpg","datePublished":"2022-12-08T03:07:34+00:00","dateModified":"2023-03-17T20:16:01+00:00","breadcrumb":{"@id":"https:\/\/vinilozona.lt\/parduotuve\/kita\/sonic-youth-%e2%80%8e-%d0%bd%d0%b0%d1%86%d0%b8%d1%8f-%d0%bc%d0%b5%d1%87%d1%82%d0%b0%d1%82%d0%b5%d0%bb%d0%b5%d0%b9\/#breadcrumb"},"inLanguage":"en-GB","potentialAction":[{"@type":"ReadAction","target":["https:\/\/vinilozona.lt\/parduotuve\/kita\/sonic-youth-%e2%80%8e-%d0%bd%d0%b0%d1%86%d0%b8%d1%8f-%d0%bc%d0%b5%d1%87%d1%82%d0%b0%d1%82%d0%b5%d0%bb%d0%b5%d0%b9\/"]}]},{"@type":"ImageObject","inLanguage":"en-GB","@id":"https:\/\/vinilozona.lt\/parduotuve\/kita\/sonic-youth-%e2%80%8e-%d0%bd%d0%b0%d1%86%d0%b8%d1%8f-%d0%bc%d0%b5%d1%87%d1%82%d0%b0%d1%82%d0%b5%d0%bb%d0%b5%d0%b9\/#primaryimage","url":"https:\/\/vinilozona.lt\/wp-content\/uploads\/2020\/11\/R-659435-1144449696.jpeg.jpg","contentUrl":"https:\/\/vinilozona.lt\/wp-content\/uploads\/2020\/11\/R-659435-1144449696.jpeg.jpg","width":300,"height":300},{"@type":"BreadcrumbList","@id":"https:\/\/vinilozona.lt\/parduotuve\/kita\/sonic-youth-%e2%80%8e-%d0%bd%d0%b0%d1%86%d0%b8%d1%8f-%d0%bc%d0%b5%d1%87%d1%82%d0%b0%d1%82%d0%b5%d0%bb%d0%b5%d0%b9\/#breadcrumb","itemListElement":[{"@type":"ListItem","position":1,"name":"Home","item":"https:\/\/vinilozona.lt\/"},{"@type":"ListItem","position":2,"name":"Parduotuv\u0117","item":"https:\/\/vinilozona.lt\/parduotuve\/"},{"@type":"ListItem","position":3,"name":"Sonic Youth \u200e\u2013 \u041d\u0430\u0446\u0438\u044f \u041c\u0435\u0447\u0442\u0430\u0442\u0435\u043b\u0435\u0439"}]},{"@type":"WebSite","@id":"https:\/\/vinilozona.lt\/#website","url":"https:\/\/vinilozona.lt\/","name":"Vinilo Zona","description":"Nup\u016bsk dulkes ir klausyk LP","potentialAction":[{"@type":"SearchAction","target":{"@type":"EntryPoint","urlTemplate":"https:\/\/vinilozona.lt\/?s={search_term_string}"},"query-input":{"@type":"PropertyValueSpecification","valueRequired":true,"valueName":"search_term_string"}}],"inLanguage":"en-GB"}]}},"_links":{"self":[{"href":"https:\/\/vinilozona.lt\/en\/wp-json\/wp\/v2\/product\/12557"}],"collection":[{"href":"https:\/\/vinilozona.lt\/en\/wp-json\/wp\/v2\/product"}],"about":[{"href":"https:\/\/vinilozona.lt\/en\/wp-json\/wp\/v2\/types\/product"}],"wp:featuredmedia":[{"embeddable":true,"href":"https:\/\/vinilozona.lt\/en\/wp-json\/wp\/v2\/media\/12558"}],"wp:attachment":[{"href":"https:\/\/vinilozona.lt\/en\/wp-json\/wp\/v2\/media?parent=12557"}],"wp:term":[{"taxonomy":"product_cat","embeddable":true,"href":"https:\/\/vinilozona.lt\/en\/wp-json\/wp\/v2\/product_cat?post=12557"},{"taxonomy":"product_tag","embeddable":true,"href":"https:\/\/vinilozona.lt\/en\/wp-json\/wp\/v2\/product_tag?post=12557"}],"curies":[{"name":"wp","href":"https:\/\/api.w.org\/{rel}","templated":true}]}}