{"id":1253,"date":"2024-12-21T05:08:47","date_gmt":"2024-12-21T03:08:47","guid":{"rendered":"https:\/\/vinylhome.lt\/?post_type=product&#038;p=1253"},"modified":"2024-12-21T06:44:26","modified_gmt":"2024-12-21T04:44:26","slug":"ac-dc-%e2%80%8e-fly-on-the-wall","status":"publish","type":"product","link":"https:\/\/vinilozona.lt\/en\/parduotuve\/rock-pop\/ac-dc-%e2%80%8e-fly-on-the-wall\/","title":{"rendered":"AC\/DC \u200e\u2013 Fly On The Wall"},"content":{"rendered":"<p>A1\t\tFly On The Wall\t3:43<br \/>\nA2\t\tShake Your Foundations\t4:08<br \/>\nA3\t\tFirst Blood\t3:40<br \/>\nA4\t\tDanger\t4:22<br \/>\nA5\t\tSink The Pink\t4:14<br \/>\nB1\t\tPlaying With Girls\t3:44<br \/>\nB2\t\tStand Up\t3:53<br \/>\nB3\t\tHell Or High Water\t4:31<br \/>\nB4\t\tBack In Business\t4:22<br \/>\nB5\t\tSend For The Man\t3:26<\/p>","protected":false},"excerpt":{"rendered":"<p>Atlantic \u2013 781 263-1<br \/>\nFormat:<br \/>\nVinyl, LP, Album, Stereo<br \/>\nCountry:\tEurope<br \/>\nReleased:\tJun 28, 1985<br \/>\nvidinis vokas yra<\/p>","protected":false},"featured_media":1254,"template":"","meta":[],"product_cat":[15],"product_tag":[44],"yoast_head":"<!-- This site is optimized with the Yoast SEO plugin v23.5 - https:\/\/yoast.com\/wordpress\/plugins\/seo\/ -->\n<title>AC\/DC \u200e\u2013 Fly On The Wall Vinilin\u0117 Plok\u0161tel\u0117 | Vinilozona.lt<\/title>\n<meta name=\"robots\" content=\"index, follow, max-snippet:-1, max-image-preview:large, max-video-preview:-1\" \/>\n<link rel=\"canonical\" href=\"https:\/\/vinilozona.lt\/en\/parduotuve\/rock-pop\/ac-dc-\u200e-fly-on-the-wall\/\" \/>\n<meta property=\"og:locale\" content=\"en_GB\" \/>\n<meta property=\"og:type\" content=\"article\" \/>\n<meta property=\"og:title\" content=\"AC\/DC \u200e\u2013 Fly On The Wall Vinilin\u0117 Plok\u0161tel\u0117 | Vinilozona.lt\" \/>\n<meta property=\"og:description\" content=\"Atlantic \u2013 781 263-1 Format:  Vinyl, LP, Album, Stereo Country: Europe Released: Jun 28, 1985 vidinis vokas yra\" \/>\n<meta property=\"og:url\" content=\"https:\/\/vinilozona.lt\/en\/parduotuve\/rock-pop\/ac-dc-\u200e-fly-on-the-wall\/\" \/>\n<meta property=\"og:site_name\" content=\"Vinilo Zona\" \/>\n<meta property=\"article:modified_time\" content=\"2024-12-21T04:44:26+00:00\" \/>\n<meta property=\"og:image\" content=\"https:\/\/vinilozona.lt\/wp-content\/uploads\/2019\/12\/acdc-fly-on-the-wall-2-1.jpg\" \/>\n\t<meta property=\"og:image:width\" content=\"797\" \/>\n\t<meta property=\"og:image:height\" content=\"598\" \/>\n\t<meta property=\"og:image:type\" content=\"image\/jpeg\" \/>\n<meta name=\"twitter:card\" content=\"summary_large_image\" \/>\n<meta name=\"twitter:label1\" content=\"Estimated reading time\" \/>\n\t<meta name=\"twitter:data1\" content=\"1 minute\" \/>\n<script type=\"application\/ld+json\" class=\"yoast-schema-graph\">{\"@context\":\"https:\/\/schema.org\",\"@graph\":[{\"@type\":\"WebPage\",\"@id\":\"https:\/\/vinilozona.lt\/parduotuve\/rock-pop\/ac-dc-%e2%80%8e-fly-on-the-wall\/\",\"url\":\"https:\/\/vinilozona.lt\/parduotuve\/rock-pop\/ac-dc-%e2%80%8e-fly-on-the-wall\/\",\"name\":\"AC\/DC \u200e\u2013 Fly On The Wall Vinilin\u0117 Plok\u0161tel\u0117 | Vinilozona.lt\",\"isPartOf\":{\"@id\":\"https:\/\/vinilozona.lt\/#website\"},\"primaryImageOfPage\":{\"@id\":\"https:\/\/vinilozona.lt\/parduotuve\/rock-pop\/ac-dc-%e2%80%8e-fly-on-the-wall\/#primaryimage\"},\"image\":{\"@id\":\"https:\/\/vinilozona.lt\/parduotuve\/rock-pop\/ac-dc-%e2%80%8e-fly-on-the-wall\/#primaryimage\"},\"thumbnailUrl\":\"https:\/\/vinilozona.lt\/wp-content\/uploads\/2019\/12\/acdc-fly-on-the-wall-2-1.jpg\",\"datePublished\":\"2024-12-21T03:08:47+00:00\",\"dateModified\":\"2024-12-21T04:44:26+00:00\",\"breadcrumb\":{\"@id\":\"https:\/\/vinilozona.lt\/parduotuve\/rock-pop\/ac-dc-%e2%80%8e-fly-on-the-wall\/#breadcrumb\"},\"inLanguage\":\"en-GB\",\"potentialAction\":[{\"@type\":\"ReadAction\",\"target\":[\"https:\/\/vinilozona.lt\/parduotuve\/rock-pop\/ac-dc-%e2%80%8e-fly-on-the-wall\/\"]}]},{\"@type\":\"ImageObject\",\"inLanguage\":\"en-GB\",\"@id\":\"https:\/\/vinilozona.lt\/parduotuve\/rock-pop\/ac-dc-%e2%80%8e-fly-on-the-wall\/#primaryimage\",\"url\":\"https:\/\/vinilozona.lt\/wp-content\/uploads\/2019\/12\/acdc-fly-on-the-wall-2-1.jpg\",\"contentUrl\":\"https:\/\/vinilozona.lt\/wp-content\/uploads\/2019\/12\/acdc-fly-on-the-wall-2-1.jpg\",\"width\":797,\"height\":598},{\"@type\":\"BreadcrumbList\",\"@id\":\"https:\/\/vinilozona.lt\/parduotuve\/rock-pop\/ac-dc-%e2%80%8e-fly-on-the-wall\/#breadcrumb\",\"itemListElement\":[{\"@type\":\"ListItem\",\"position\":1,\"name\":\"Home\",\"item\":\"https:\/\/vinilozona.lt\/\"},{\"@type\":\"ListItem\",\"position\":2,\"name\":\"Parduotuv\u0117\",\"item\":\"https:\/\/vinilozona.lt\/parduotuve\/\"},{\"@type\":\"ListItem\",\"position\":3,\"name\":\"AC\/DC \u200e\u2013 Fly On The Wall\"}]},{\"@type\":\"WebSite\",\"@id\":\"https:\/\/vinilozona.lt\/#website\",\"url\":\"https:\/\/vinilozona.lt\/\",\"name\":\"Vinilo Zona\",\"description\":\"Nup\u016bsk dulkes ir klausyk LP\",\"potentialAction\":[{\"@type\":\"SearchAction\",\"target\":{\"@type\":\"EntryPoint\",\"urlTemplate\":\"https:\/\/vinilozona.lt\/?s={search_term_string}\"},\"query-input\":{\"@type\":\"PropertyValueSpecification\",\"valueRequired\":true,\"valueName\":\"search_term_string\"}}],\"inLanguage\":\"en-GB\"}]}<\/script>\n<!-- \/ Yoast SEO plugin. -->","yoast_head_json":{"title":"AC\/DC \u200e\u2013 Fly On The Wall Vinilin\u0117 Plok\u0161tel\u0117 | Vinilozona.lt","robots":{"index":"index","follow":"follow","max-snippet":"max-snippet:-1","max-image-preview":"max-image-preview:large","max-video-preview":"max-video-preview:-1"},"canonical":"https:\/\/vinilozona.lt\/en\/parduotuve\/rock-pop\/ac-dc-\u200e-fly-on-the-wall\/","og_locale":"en_GB","og_type":"article","og_title":"AC\/DC \u200e\u2013 Fly On The Wall Vinilin\u0117 Plok\u0161tel\u0117 | Vinilozona.lt","og_description":"Atlantic \u2013 781 263-1 Format:  Vinyl, LP, Album, Stereo Country: Europe Released: Jun 28, 1985 vidinis vokas yra","og_url":"https:\/\/vinilozona.lt\/en\/parduotuve\/rock-pop\/ac-dc-\u200e-fly-on-the-wall\/","og_site_name":"Vinilo Zona","article_modified_time":"2024-12-21T04:44:26+00:00","og_image":[{"width":797,"height":598,"url":"https:\/\/vinilozona.lt\/wp-content\/uploads\/2019\/12\/acdc-fly-on-the-wall-2-1.jpg","type":"image\/jpeg"}],"twitter_card":"summary_large_image","twitter_misc":{"Estimated reading time":"1 minute"},"schema":{"@context":"https:\/\/schema.org","@graph":[{"@type":"WebPage","@id":"https:\/\/vinilozona.lt\/parduotuve\/rock-pop\/ac-dc-%e2%80%8e-fly-on-the-wall\/","url":"https:\/\/vinilozona.lt\/parduotuve\/rock-pop\/ac-dc-%e2%80%8e-fly-on-the-wall\/","name":"AC\/DC \u200e\u2013 Fly On The Wall Vinilin\u0117 Plok\u0161tel\u0117 | Vinilozona.lt","isPartOf":{"@id":"https:\/\/vinilozona.lt\/#website"},"primaryImageOfPage":{"@id":"https:\/\/vinilozona.lt\/parduotuve\/rock-pop\/ac-dc-%e2%80%8e-fly-on-the-wall\/#primaryimage"},"image":{"@id":"https:\/\/vinilozona.lt\/parduotuve\/rock-pop\/ac-dc-%e2%80%8e-fly-on-the-wall\/#primaryimage"},"thumbnailUrl":"https:\/\/vinilozona.lt\/wp-content\/uploads\/2019\/12\/acdc-fly-on-the-wall-2-1.jpg","datePublished":"2024-12-21T03:08:47+00:00","dateModified":"2024-12-21T04:44:26+00:00","breadcrumb":{"@id":"https:\/\/vinilozona.lt\/parduotuve\/rock-pop\/ac-dc-%e2%80%8e-fly-on-the-wall\/#breadcrumb"},"inLanguage":"en-GB","potentialAction":[{"@type":"ReadAction","target":["https:\/\/vinilozona.lt\/parduotuve\/rock-pop\/ac-dc-%e2%80%8e-fly-on-the-wall\/"]}]},{"@type":"ImageObject","inLanguage":"en-GB","@id":"https:\/\/vinilozona.lt\/parduotuve\/rock-pop\/ac-dc-%e2%80%8e-fly-on-the-wall\/#primaryimage","url":"https:\/\/vinilozona.lt\/wp-content\/uploads\/2019\/12\/acdc-fly-on-the-wall-2-1.jpg","contentUrl":"https:\/\/vinilozona.lt\/wp-content\/uploads\/2019\/12\/acdc-fly-on-the-wall-2-1.jpg","width":797,"height":598},{"@type":"BreadcrumbList","@id":"https:\/\/vinilozona.lt\/parduotuve\/rock-pop\/ac-dc-%e2%80%8e-fly-on-the-wall\/#breadcrumb","itemListElement":[{"@type":"ListItem","position":1,"name":"Home","item":"https:\/\/vinilozona.lt\/"},{"@type":"ListItem","position":2,"name":"Parduotuv\u0117","item":"https:\/\/vinilozona.lt\/parduotuve\/"},{"@type":"ListItem","position":3,"name":"AC\/DC \u200e\u2013 Fly On The Wall"}]},{"@type":"WebSite","@id":"https:\/\/vinilozona.lt\/#website","url":"https:\/\/vinilozona.lt\/","name":"Vinilo Zona","description":"Nup\u016bsk dulkes ir klausyk LP","potentialAction":[{"@type":"SearchAction","target":{"@type":"EntryPoint","urlTemplate":"https:\/\/vinilozona.lt\/?s={search_term_string}"},"query-input":{"@type":"PropertyValueSpecification","valueRequired":true,"valueName":"search_term_string"}}],"inLanguage":"en-GB"}]}},"_links":{"self":[{"href":"https:\/\/vinilozona.lt\/en\/wp-json\/wp\/v2\/product\/1253"}],"collection":[{"href":"https:\/\/vinilozona.lt\/en\/wp-json\/wp\/v2\/product"}],"about":[{"href":"https:\/\/vinilozona.lt\/en\/wp-json\/wp\/v2\/types\/product"}],"wp:featuredmedia":[{"embeddable":true,"href":"https:\/\/vinilozona.lt\/en\/wp-json\/wp\/v2\/media\/1254"}],"wp:attachment":[{"href":"https:\/\/vinilozona.lt\/en\/wp-json\/wp\/v2\/media?parent=1253"}],"wp:term":[{"taxonomy":"product_cat","embeddable":true,"href":"https:\/\/vinilozona.lt\/en\/wp-json\/wp\/v2\/product_cat?post=1253"},{"taxonomy":"product_tag","embeddable":true,"href":"https:\/\/vinilozona.lt\/en\/wp-json\/wp\/v2\/product_tag?post=1253"}],"curies":[{"name":"wp","href":"https:\/\/api.w.org\/{rel}","templated":true}]}}